

{"id":134218,"date":"2025-06-11T15:35:21","date_gmt":"2025-06-11T18:35:21","guid":{"rendered":"https:\/\/goias.gov.br\/controladoria\/?page_id=134218"},"modified":"2025-12-19T12:07:34","modified_gmt":"2025-12-19T15:07:34","slug":"contratos-emergenciais","status":"publish","type":"page","link":"https:\/\/goias.gov.br\/controladoria\/institucional\/contratos-emergenciais\/","title":{"rendered":"Contratos Emergenciais"},"content":{"rendered":"\n<p>Atualizado em: 19 de dezembro de 2025<\/p>\n\n\n\n<p>Com base no princ\u00edpio da transpar\u00eancia p\u00fablica e em conformidade&nbsp;Art. 7\u00ba, VI, 8\u00ba, \u00a71\u00ba, IV, da Lei Federal n\u00b0 12.527\/2011, arts. 72 e 91 da Lei federal n\u00ba 14.133\/2021, e Art. 6\u00ba, \u00a7 1\u00ba, V da Lei Estadual n\u00b0 18.025\/2013, a Controladoria-Geral do Estado de Goi\u00e1s declara que,&nbsp;nos \u00faltimos (5) cinco anos, e at\u00e9 a presente data, n\u00e3o possuiu contratos realizados na modalidade de contrata\u00e7\u00e3o emergencial.<\/p>\n\n\n\n<p><\/p>\n","protected":false},"excerpt":{"rendered":"<p>Atualizado em: 19 de dezembro de 2025 Com base no princ\u00edpio da transpar\u00eancia p\u00fablica e em conformidade&nbsp;Art. 7\u00ba, VI, 8\u00ba, \u00a71\u00ba, IV, da Lei Federal n\u00b0 12.527\/2011, arts. 72 e 91 da Lei federal n\u00ba 14.133\/2021, e Art. 6\u00ba, \u00a7 1\u00ba, V da Lei Estadual n\u00b0 18.025\/2013, a Controladoria-Geral do Estado de Goi\u00e1s declara que,&nbsp;nos [&hellip;]<\/p>\n","protected":false},"author":657,"featured_media":0,"parent":10810,"menu_order":0,"comment_status":"closed","ping_status":"closed","template":"","meta":{"footnotes":""},"class_list":["post-134218","page","type-page","status-publish","hentry"],"rttpg_featured_image_url":null,"rttpg_author":{"display_name":"anamorais","author_link":"https:\/\/goias.gov.br\/controladoria\/author\/anamorais\/"},"rttpg_comment":0,"rttpg_category":null,"rttpg_excerpt":"Atualizado em: 19 de dezembro de 2025 Com base no princ\u00edpio da transpar\u00eancia p\u00fablica e em conformidade&nbsp;Art. 7\u00ba, VI, 8\u00ba, \u00a71\u00ba, IV, da Lei Federal n\u00b0 12.527\/2011, arts. 72 e 91 da Lei federal n\u00ba 14.133\/2021, e Art. 6\u00ba, \u00a7 1\u00ba, V da Lei Estadual n\u00b0 18.025\/2013, a Controladoria-Geral do Estado de Goi\u00e1s declara que,&nbsp;nos&hellip;","_links":{"self":[{"href":"https:\/\/goias.gov.br\/controladoria\/wp-json\/wp\/v2\/pages\/134218","targetHints":{"allow":["GET"]}}],"collection":[{"href":"https:\/\/goias.gov.br\/controladoria\/wp-json\/wp\/v2\/pages"}],"about":[{"href":"https:\/\/goias.gov.br\/controladoria\/wp-json\/wp\/v2\/types\/page"}],"author":[{"embeddable":true,"href":"https:\/\/goias.gov.br\/controladoria\/wp-json\/wp\/v2\/users\/657"}],"replies":[{"embeddable":true,"href":"https:\/\/goias.gov.br\/controladoria\/wp-json\/wp\/v2\/comments?post=134218"}],"version-history":[{"count":2,"href":"https:\/\/goias.gov.br\/controladoria\/wp-json\/wp\/v2\/pages\/134218\/revisions"}],"predecessor-version":[{"id":231166,"href":"https:\/\/goias.gov.br\/controladoria\/wp-json\/wp\/v2\/pages\/134218\/revisions\/231166"}],"up":[{"embeddable":true,"href":"https:\/\/goias.gov.br\/controladoria\/wp-json\/wp\/v2\/pages\/10810"}],"wp:attachment":[{"href":"https:\/\/goias.gov.br\/controladoria\/wp-json\/wp\/v2\/media?parent=134218"}],"curies":[{"name":"wp","href":"https:\/\/api.w.org\/{rel}","templated":true}]}}