

{"id":134119,"date":"2025-06-11T15:02:40","date_gmt":"2025-06-11T18:02:40","guid":{"rendered":"https:\/\/goias.gov.br\/controladoria\/?page_id=134119"},"modified":"2025-12-19T12:08:50","modified_gmt":"2025-12-19T15:08:50","slug":"obras","status":"publish","type":"page","link":"https:\/\/goias.gov.br\/controladoria\/institucional\/obras\/","title":{"rendered":"Obras"},"content":{"rendered":"\n<p>Atualizado em: 19 de dezembro de 2025<\/p>\n\n\n\n<p>Com base no princ\u00edpio da transpar\u00eancia p\u00fablica e em conformidade com o Art. 8\u00ba, \u00a71\u00ba, V, da Lei Federal n\u00ba 12.527\/2011; Art.&nbsp;94, \u00a7 3\u00ba, da Lei Federal n\u00ba 14.133\/2021 e Art. 6\u00ba \u00a7 1\u00ba, II, da Lei&nbsp;Estadual n\u00ba 18.025\/2013, a Controladoria-Geral do Estado de Goi\u00e1s declara que, nos \u00faltimos (3) tr\u00eas anos, e at\u00e9 a presente data, n\u00e3o realizou Obras P\u00fablicas.<\/p>\n","protected":false},"excerpt":{"rendered":"<p>Atualizado em: 19 de dezembro de 2025 Com base no princ\u00edpio da transpar\u00eancia p\u00fablica e em conformidade com o Art. 8\u00ba, \u00a71\u00ba, V, da Lei Federal n\u00ba 12.527\/2011; Art.&nbsp;94, \u00a7 3\u00ba, da Lei Federal n\u00ba 14.133\/2021 e Art. 6\u00ba \u00a7 1\u00ba, II, da Lei&nbsp;Estadual n\u00ba 18.025\/2013, a Controladoria-Geral do Estado de Goi\u00e1s declara que, nos [&hellip;]<\/p>\n","protected":false},"author":657,"featured_media":0,"parent":10810,"menu_order":0,"comment_status":"closed","ping_status":"closed","template":"","meta":{"footnotes":""},"class_list":["post-134119","page","type-page","status-publish","hentry"],"rttpg_featured_image_url":null,"rttpg_author":{"display_name":"anamorais","author_link":"https:\/\/goias.gov.br\/controladoria\/author\/anamorais\/"},"rttpg_comment":0,"rttpg_category":null,"rttpg_excerpt":"Atualizado em: 19 de dezembro de 2025 Com base no princ\u00edpio da transpar\u00eancia p\u00fablica e em conformidade com o Art. 8\u00ba, \u00a71\u00ba, V, da Lei Federal n\u00ba 12.527\/2011; Art.&nbsp;94, \u00a7 3\u00ba, da Lei Federal n\u00ba 14.133\/2021 e Art. 6\u00ba \u00a7 1\u00ba, II, da Lei&nbsp;Estadual n\u00ba 18.025\/2013, a Controladoria-Geral do Estado de Goi\u00e1s declara que, nos&hellip;","_links":{"self":[{"href":"https:\/\/goias.gov.br\/controladoria\/wp-json\/wp\/v2\/pages\/134119","targetHints":{"allow":["GET"]}}],"collection":[{"href":"https:\/\/goias.gov.br\/controladoria\/wp-json\/wp\/v2\/pages"}],"about":[{"href":"https:\/\/goias.gov.br\/controladoria\/wp-json\/wp\/v2\/types\/page"}],"author":[{"embeddable":true,"href":"https:\/\/goias.gov.br\/controladoria\/wp-json\/wp\/v2\/users\/657"}],"replies":[{"embeddable":true,"href":"https:\/\/goias.gov.br\/controladoria\/wp-json\/wp\/v2\/comments?post=134119"}],"version-history":[{"count":2,"href":"https:\/\/goias.gov.br\/controladoria\/wp-json\/wp\/v2\/pages\/134119\/revisions"}],"predecessor-version":[{"id":231177,"href":"https:\/\/goias.gov.br\/controladoria\/wp-json\/wp\/v2\/pages\/134119\/revisions\/231177"}],"up":[{"embeddable":true,"href":"https:\/\/goias.gov.br\/controladoria\/wp-json\/wp\/v2\/pages\/10810"}],"wp:attachment":[{"href":"https:\/\/goias.gov.br\/controladoria\/wp-json\/wp\/v2\/media?parent=134119"}],"curies":[{"name":"wp","href":"https:\/\/api.w.org\/{rel}","templated":true}]}}