

{"id":134040,"date":"2025-06-11T14:45:54","date_gmt":"2025-06-11T17:45:54","guid":{"rendered":"https:\/\/goias.gov.br\/controladoria\/?page_id=134040"},"modified":"2025-12-19T12:09:26","modified_gmt":"2025-12-19T15:09:26","slug":"obras-audiencias-consultas-publicas","status":"publish","type":"page","link":"https:\/\/goias.gov.br\/controladoria\/institucional\/obras-audiencias-consultas-publicas\/","title":{"rendered":"Obras &#8211; Audi\u00eancias\/Consultas P\u00fablicas"},"content":{"rendered":"\n<p>Atualizado em: 19 de dezembro de 2025<\/p>\n\n\n\n<p>Com base no princ\u00edpio da transpar\u00eancia p\u00fablica e em conformidade com o Art. 21 da Lei Federal n\u00b0 14.133\/2021 e Art. 8\u00b0, \u00a71\u00b0, IV da Lei n\u00b0 12.527\/2021, a Controladoria-Geral do Estado de Goi\u00e1s declara que, no ano de 2025, e at\u00e9 a presente data, n\u00e3o realizou audi\u00eancias ou consultas p\u00fablicas para discuss\u00e3o de edital de licita\u00e7\u00e3o de contrata\u00e7\u00e3o de obras p\u00fablicas estaduais.<\/p>\n","protected":false},"excerpt":{"rendered":"<p>Atualizado em: 19 de dezembro de 2025 Com base no princ\u00edpio da transpar\u00eancia p\u00fablica e em conformidade com o Art. 21 da Lei Federal n\u00b0 14.133\/2021 e Art. 8\u00b0, \u00a71\u00b0, IV da Lei n\u00b0 12.527\/2021, a Controladoria-Geral do Estado de Goi\u00e1s declara que, no ano de 2025, e at\u00e9 a presente data, n\u00e3o realizou audi\u00eancias [&hellip;]<\/p>\n","protected":false},"author":657,"featured_media":0,"parent":10810,"menu_order":0,"comment_status":"closed","ping_status":"closed","template":"","meta":{"footnotes":""},"class_list":["post-134040","page","type-page","status-publish","hentry"],"rttpg_featured_image_url":null,"rttpg_author":{"display_name":"anamorais","author_link":"https:\/\/goias.gov.br\/controladoria\/author\/anamorais\/"},"rttpg_comment":0,"rttpg_category":null,"rttpg_excerpt":"Atualizado em: 19 de dezembro de 2025 Com base no princ\u00edpio da transpar\u00eancia p\u00fablica e em conformidade com o Art. 21 da Lei Federal n\u00b0 14.133\/2021 e Art. 8\u00b0, \u00a71\u00b0, IV da Lei n\u00b0 12.527\/2021, a Controladoria-Geral do Estado de Goi\u00e1s declara que, no ano de 2025, e at\u00e9 a presente data, n\u00e3o realizou audi\u00eancias&hellip;","_links":{"self":[{"href":"https:\/\/goias.gov.br\/controladoria\/wp-json\/wp\/v2\/pages\/134040","targetHints":{"allow":["GET"]}}],"collection":[{"href":"https:\/\/goias.gov.br\/controladoria\/wp-json\/wp\/v2\/pages"}],"about":[{"href":"https:\/\/goias.gov.br\/controladoria\/wp-json\/wp\/v2\/types\/page"}],"author":[{"embeddable":true,"href":"https:\/\/goias.gov.br\/controladoria\/wp-json\/wp\/v2\/users\/657"}],"replies":[{"embeddable":true,"href":"https:\/\/goias.gov.br\/controladoria\/wp-json\/wp\/v2\/comments?post=134040"}],"version-history":[{"count":2,"href":"https:\/\/goias.gov.br\/controladoria\/wp-json\/wp\/v2\/pages\/134040\/revisions"}],"predecessor-version":[{"id":231183,"href":"https:\/\/goias.gov.br\/controladoria\/wp-json\/wp\/v2\/pages\/134040\/revisions\/231183"}],"up":[{"embeddable":true,"href":"https:\/\/goias.gov.br\/controladoria\/wp-json\/wp\/v2\/pages\/10810"}],"wp:attachment":[{"href":"https:\/\/goias.gov.br\/controladoria\/wp-json\/wp\/v2\/media?parent=134040"}],"curies":[{"name":"wp","href":"https:\/\/api.w.org\/{rel}","templated":true}]}}