

{"id":133946,"date":"2025-06-11T14:20:31","date_gmt":"2025-06-11T17:20:31","guid":{"rendered":"https:\/\/goias.gov.br\/controladoria\/?page_id=133946"},"modified":"2025-09-01T11:42:48","modified_gmt":"2025-09-01T14:42:48","slug":"bens-imoveis","status":"publish","type":"page","link":"https:\/\/goias.gov.br\/controladoria\/institucional\/bens-imoveis\/","title":{"rendered":"Bens Im\u00f3veis"},"content":{"rendered":"\n<p>Atualizado em: 11 de junho de 2025<\/p>\n\n\n\n<p>Com base no princ\u00edpio da transpar\u00eancia p\u00fablica e em conformidade com o Art. 7\u00ba, VI da Lei Federal n\u00b012.527\/2011; e Decreto Estadual n\u00ba 9.063, a Controladoria-Geral do Estado de Goi\u00e1s declara que, nos \u00faltimos (5) cinco anos, e at\u00e9 a presente data, n\u00e3o possuiu Bens Im\u00f3veis pr\u00f3prios, cedidos ou alugados.<\/p>\n","protected":false},"excerpt":{"rendered":"<p>Atualizado em: 11 de junho de 2025 Com base no princ\u00edpio da transpar\u00eancia p\u00fablica e em conformidade com o Art. 7\u00ba, VI da Lei Federal n\u00b012.527\/2011; e Decreto Estadual n\u00ba 9.063, a Controladoria-Geral do Estado de Goi\u00e1s declara que, nos \u00faltimos (5) cinco anos, e at\u00e9 a presente data, n\u00e3o possuiu Bens Im\u00f3veis pr\u00f3prios, cedidos [&hellip;]<\/p>\n","protected":false},"author":657,"featured_media":0,"parent":10810,"menu_order":0,"comment_status":"closed","ping_status":"closed","template":"","meta":{"footnotes":""},"class_list":["post-133946","page","type-page","status-publish","hentry"],"rttpg_featured_image_url":null,"rttpg_author":{"display_name":"anamorais","author_link":"https:\/\/goias.gov.br\/controladoria\/author\/anamorais\/"},"rttpg_comment":0,"rttpg_category":null,"rttpg_excerpt":"Atualizado em: 11 de junho de 2025 Com base no princ\u00edpio da transpar\u00eancia p\u00fablica e em conformidade com o Art. 7\u00ba, VI da Lei Federal n\u00b012.527\/2011; e Decreto Estadual n\u00ba 9.063, a Controladoria-Geral do Estado de Goi\u00e1s declara que, nos \u00faltimos (5) cinco anos, e at\u00e9 a presente data, n\u00e3o possuiu Bens Im\u00f3veis pr\u00f3prios, cedidos&hellip;","_links":{"self":[{"href":"https:\/\/goias.gov.br\/controladoria\/wp-json\/wp\/v2\/pages\/133946","targetHints":{"allow":["GET"]}}],"collection":[{"href":"https:\/\/goias.gov.br\/controladoria\/wp-json\/wp\/v2\/pages"}],"about":[{"href":"https:\/\/goias.gov.br\/controladoria\/wp-json\/wp\/v2\/types\/page"}],"author":[{"embeddable":true,"href":"https:\/\/goias.gov.br\/controladoria\/wp-json\/wp\/v2\/users\/657"}],"replies":[{"embeddable":true,"href":"https:\/\/goias.gov.br\/controladoria\/wp-json\/wp\/v2\/comments?post=133946"}],"version-history":[{"count":2,"href":"https:\/\/goias.gov.br\/controladoria\/wp-json\/wp\/v2\/pages\/133946\/revisions"}],"predecessor-version":[{"id":164174,"href":"https:\/\/goias.gov.br\/controladoria\/wp-json\/wp\/v2\/pages\/133946\/revisions\/164174"}],"up":[{"embeddable":true,"href":"https:\/\/goias.gov.br\/controladoria\/wp-json\/wp\/v2\/pages\/10810"}],"wp:attachment":[{"href":"https:\/\/goias.gov.br\/controladoria\/wp-json\/wp\/v2\/media?parent=133946"}],"curies":[{"name":"wp","href":"https:\/\/api.w.org\/{rel}","templated":true}]}}