

{"id":132799,"date":"2025-06-11T09:48:54","date_gmt":"2025-06-11T12:48:54","guid":{"rendered":"https:\/\/goias.gov.br\/controladoria\/?page_id=132799"},"modified":"2025-09-01T11:41:20","modified_gmt":"2025-09-01T14:41:20","slug":"audiencias-publicas","status":"publish","type":"page","link":"https:\/\/goias.gov.br\/controladoria\/institucional\/audiencias-publicas\/","title":{"rendered":"Audi\u00eancias P\u00fablicas"},"content":{"rendered":"\n<p>Atualizado em: 11\/06\/2025<\/p>\n\n\n\n<p>Com base no princ\u00edpio da transpar\u00eancia p\u00fablica e em conformidade com o Art. 9\u00ba, II, da Lei Federal n\u00ba 12.527\/2011, a Controladoria-Geral do Estado de Goi\u00e1s, declara que nos \u00faltimos 12 meses, e at\u00e9 a presente data, n\u00e3o realizou audi\u00eancias p\u00fablicas entre o poder p\u00fablico e a popula\u00e7\u00e3o.<\/p>\n","protected":false},"excerpt":{"rendered":"<p>Atualizado em: 11\/06\/2025 Com base no princ\u00edpio da transpar\u00eancia p\u00fablica e em conformidade com o Art. 9\u00ba, II, da Lei Federal n\u00ba 12.527\/2011, a Controladoria-Geral do Estado de Goi\u00e1s, declara que nos \u00faltimos 12 meses, e at\u00e9 a presente data, n\u00e3o realizou audi\u00eancias p\u00fablicas entre o poder p\u00fablico e a popula\u00e7\u00e3o.<\/p>\n","protected":false},"author":657,"featured_media":0,"parent":10810,"menu_order":0,"comment_status":"closed","ping_status":"closed","template":"","meta":{"footnotes":""},"class_list":["post-132799","page","type-page","status-publish","hentry"],"rttpg_featured_image_url":null,"rttpg_author":{"display_name":"anamorais","author_link":"https:\/\/goias.gov.br\/controladoria\/author\/anamorais\/"},"rttpg_comment":0,"rttpg_category":null,"rttpg_excerpt":"Atualizado em: 11\/06\/2025 Com base no princ\u00edpio da transpar\u00eancia p\u00fablica e em conformidade com o Art. 9\u00ba, II, da Lei Federal n\u00ba 12.527\/2011, a Controladoria-Geral do Estado de Goi\u00e1s, declara que nos \u00faltimos 12 meses, e at\u00e9 a presente data, n\u00e3o realizou audi\u00eancias p\u00fablicas entre o poder p\u00fablico e a popula\u00e7\u00e3o.","_links":{"self":[{"href":"https:\/\/goias.gov.br\/controladoria\/wp-json\/wp\/v2\/pages\/132799","targetHints":{"allow":["GET"]}}],"collection":[{"href":"https:\/\/goias.gov.br\/controladoria\/wp-json\/wp\/v2\/pages"}],"about":[{"href":"https:\/\/goias.gov.br\/controladoria\/wp-json\/wp\/v2\/types\/page"}],"author":[{"embeddable":true,"href":"https:\/\/goias.gov.br\/controladoria\/wp-json\/wp\/v2\/users\/657"}],"replies":[{"embeddable":true,"href":"https:\/\/goias.gov.br\/controladoria\/wp-json\/wp\/v2\/comments?post=132799"}],"version-history":[{"count":2,"href":"https:\/\/goias.gov.br\/controladoria\/wp-json\/wp\/v2\/pages\/132799\/revisions"}],"predecessor-version":[{"id":164163,"href":"https:\/\/goias.gov.br\/controladoria\/wp-json\/wp\/v2\/pages\/132799\/revisions\/164163"}],"up":[{"embeddable":true,"href":"https:\/\/goias.gov.br\/controladoria\/wp-json\/wp\/v2\/pages\/10810"}],"wp:attachment":[{"href":"https:\/\/goias.gov.br\/controladoria\/wp-json\/wp\/v2\/media?parent=132799"}],"curies":[{"name":"wp","href":"https:\/\/api.w.org\/{rel}","templated":true}]}}