

{"id":131260,"date":"2025-06-09T16:19:51","date_gmt":"2025-06-09T19:19:51","guid":{"rendered":"https:\/\/goias.gov.br\/controladoria\/?page_id=131260"},"modified":"2025-10-20T15:20:30","modified_gmt":"2025-10-20T18:20:30","slug":"relacao-de-terceirizados","status":"publish","type":"page","link":"https:\/\/goias.gov.br\/controladoria\/institucional\/relacao-de-terceirizados\/","title":{"rendered":"Rela\u00e7\u00e3o de Terceirizados"},"content":{"rendered":"\n<p>\u00daltima atualiza\u00e7\u00e3o em: 20\/10\/2025<\/p>\n\n\n\n<p>Com base no princ\u00edpio da transpar\u00eancia p\u00fablica e em conformidade com o Art. 3\u00ba, I-III, combinado com art. 6\u00ba, I, combinado com Art. 7\u00ba, II e VI, combinado com Art. 8\u00ba, caput e \u00a7 1\u00ba, III e \u00a7 2\u00ba da Lei Federal n\u00ba 12.527\/2011), a Controladoria-Geral do Estado de Goi\u00e1s, declara que, <strong>nos \u00faltimos 3 (tr\u00eas) anos, e at\u00e9 a presente data, n\u00e3o possuiu contratos para presta\u00e7\u00e3o de trabalhadores terceirizados.<\/strong><\/p>\n\n\n\n<p><\/p>\n","protected":false},"excerpt":{"rendered":"<p>\u00daltima atualiza\u00e7\u00e3o em: 20\/10\/2025 Com base no princ\u00edpio da transpar\u00eancia p\u00fablica e em conformidade com o Art. 3\u00ba, I-III, combinado com art. 6\u00ba, I, combinado com Art. 7\u00ba, II e VI, combinado com Art. 8\u00ba, caput e \u00a7 1\u00ba, III e \u00a7 2\u00ba da Lei Federal n\u00ba 12.527\/2011), a Controladoria-Geral do Estado de Goi\u00e1s, declara [&hellip;]<\/p>\n","protected":false},"author":657,"featured_media":0,"parent":10810,"menu_order":0,"comment_status":"closed","ping_status":"closed","template":"","meta":{"footnotes":""},"class_list":["post-131260","page","type-page","status-publish","hentry"],"rttpg_featured_image_url":null,"rttpg_author":{"display_name":"anamorais","author_link":"https:\/\/goias.gov.br\/controladoria\/author\/anamorais\/"},"rttpg_comment":0,"rttpg_category":null,"rttpg_excerpt":"\u00daltima atualiza\u00e7\u00e3o em: 20\/10\/2025 Com base no princ\u00edpio da transpar\u00eancia p\u00fablica e em conformidade com o Art. 3\u00ba, I-III, combinado com art. 6\u00ba, I, combinado com Art. 7\u00ba, II e VI, combinado com Art. 8\u00ba, caput e \u00a7 1\u00ba, III e \u00a7 2\u00ba da Lei Federal n\u00ba 12.527\/2011), a Controladoria-Geral do Estado de Goi\u00e1s, declara&hellip;","_links":{"self":[{"href":"https:\/\/goias.gov.br\/controladoria\/wp-json\/wp\/v2\/pages\/131260","targetHints":{"allow":["GET"]}}],"collection":[{"href":"https:\/\/goias.gov.br\/controladoria\/wp-json\/wp\/v2\/pages"}],"about":[{"href":"https:\/\/goias.gov.br\/controladoria\/wp-json\/wp\/v2\/types\/page"}],"author":[{"embeddable":true,"href":"https:\/\/goias.gov.br\/controladoria\/wp-json\/wp\/v2\/users\/657"}],"replies":[{"embeddable":true,"href":"https:\/\/goias.gov.br\/controladoria\/wp-json\/wp\/v2\/comments?post=131260"}],"version-history":[{"count":2,"href":"https:\/\/goias.gov.br\/controladoria\/wp-json\/wp\/v2\/pages\/131260\/revisions"}],"predecessor-version":[{"id":204297,"href":"https:\/\/goias.gov.br\/controladoria\/wp-json\/wp\/v2\/pages\/131260\/revisions\/204297"}],"up":[{"embeddable":true,"href":"https:\/\/goias.gov.br\/controladoria\/wp-json\/wp\/v2\/pages\/10810"}],"wp:attachment":[{"href":"https:\/\/goias.gov.br\/controladoria\/wp-json\/wp\/v2\/media?parent=131260"}],"curies":[{"name":"wp","href":"https:\/\/api.w.org\/{rel}","templated":true}]}}