

{"id":131150,"date":"2025-06-09T15:44:42","date_gmt":"2025-06-09T18:44:42","guid":{"rendered":"https:\/\/goias.gov.br\/controladoria\/?page_id=131150"},"modified":"2025-12-19T12:05:12","modified_gmt":"2025-12-19T15:05:12","slug":"convenios-recebidos","status":"publish","type":"page","link":"https:\/\/goias.gov.br\/controladoria\/institucional\/convenios-recebidos\/","title":{"rendered":"Conv\u00eanios Recebidos"},"content":{"rendered":"\n<p>\u00a0\u00daltima atualiza\u00e7\u00e3o: 19\/12\/2025 \u00e0s 12:05<\/p>\n\n\n\n<p>Declaramos para os devidos fins, em aten\u00e7\u00e3o ao princ\u00edpio da transpar\u00eancia p\u00fablica e o que consta no art. 8\u00ba,\u00a7 1\u00ba, inciso II, da Lei Federal n\u00ba 12.527\/2011, art.6\u00ba, \u00a71\u00ba, III, da Lei Estadual n\u00ba18.025\/2013 e art. 8\u00ba, inciso I, &#8220;f&#8221; do Decreto Federal n\u00ba10.540\/2020, que a Controladoria-Geral do Estado de Goi\u00e1s,<strong>&nbsp;n\u00e3o recebeu<\/strong>&nbsp;transfer\u00eancias de recursos de natureza volunt\u00e1ria para outro poder\/\u00f3rg\u00e3o\/pessoa f\u00edsica ou jur\u00eddica, decorrente de conv\u00eanios, termos, ajustes e\/ou instrumentos cong\u00eaneres nos \u00faltimos 3 (tr\u00eas) anos, at\u00e9 a presente data.<\/p>\n","protected":false},"excerpt":{"rendered":"<p>\u00a0\u00daltima atualiza\u00e7\u00e3o: 19\/12\/2025 \u00e0s 12:05 Declaramos para os devidos fins, em aten\u00e7\u00e3o ao princ\u00edpio da transpar\u00eancia p\u00fablica e o que consta no art. 8\u00ba,\u00a7 1\u00ba, inciso II, da Lei Federal n\u00ba 12.527\/2011, art.6\u00ba, \u00a71\u00ba, III, da Lei Estadual n\u00ba18.025\/2013 e art. 8\u00ba, inciso I, &#8220;f&#8221; do Decreto Federal n\u00ba10.540\/2020, que a Controladoria-Geral do Estado de [&hellip;]<\/p>\n","protected":false},"author":657,"featured_media":0,"parent":10810,"menu_order":0,"comment_status":"closed","ping_status":"closed","template":"","meta":{"footnotes":""},"class_list":["post-131150","page","type-page","status-publish","hentry"],"rttpg_featured_image_url":null,"rttpg_author":{"display_name":"anamorais","author_link":"https:\/\/goias.gov.br\/controladoria\/author\/anamorais\/"},"rttpg_comment":0,"rttpg_category":null,"rttpg_excerpt":"\u00a0\u00daltima atualiza\u00e7\u00e3o: 19\/12\/2025 \u00e0s 12:05 Declaramos para os devidos fins, em aten\u00e7\u00e3o ao princ\u00edpio da transpar\u00eancia p\u00fablica e o que consta no art. 8\u00ba,\u00a7 1\u00ba, inciso II, da Lei Federal n\u00ba 12.527\/2011, art.6\u00ba, \u00a71\u00ba, III, da Lei Estadual n\u00ba18.025\/2013 e art. 8\u00ba, inciso I, &#8220;f&#8221; do Decreto Federal n\u00ba10.540\/2020, que a Controladoria-Geral do Estado de&hellip;","_links":{"self":[{"href":"https:\/\/goias.gov.br\/controladoria\/wp-json\/wp\/v2\/pages\/131150","targetHints":{"allow":["GET"]}}],"collection":[{"href":"https:\/\/goias.gov.br\/controladoria\/wp-json\/wp\/v2\/pages"}],"about":[{"href":"https:\/\/goias.gov.br\/controladoria\/wp-json\/wp\/v2\/types\/page"}],"author":[{"embeddable":true,"href":"https:\/\/goias.gov.br\/controladoria\/wp-json\/wp\/v2\/users\/657"}],"replies":[{"embeddable":true,"href":"https:\/\/goias.gov.br\/controladoria\/wp-json\/wp\/v2\/comments?post=131150"}],"version-history":[{"count":2,"href":"https:\/\/goias.gov.br\/controladoria\/wp-json\/wp\/v2\/pages\/131150\/revisions"}],"predecessor-version":[{"id":231151,"href":"https:\/\/goias.gov.br\/controladoria\/wp-json\/wp\/v2\/pages\/131150\/revisions\/231151"}],"up":[{"embeddable":true,"href":"https:\/\/goias.gov.br\/controladoria\/wp-json\/wp\/v2\/pages\/10810"}],"wp:attachment":[{"href":"https:\/\/goias.gov.br\/controladoria\/wp-json\/wp\/v2\/media?parent=131150"}],"curies":[{"name":"wp","href":"https:\/\/api.w.org\/{rel}","templated":true}]}}