

{"id":131043,"date":"2025-06-09T15:25:45","date_gmt":"2025-06-09T18:25:45","guid":{"rendered":"https:\/\/goias.gov.br\/controladoria\/?page_id=131043"},"modified":"2025-09-01T11:50:01","modified_gmt":"2025-09-01T14:50:01","slug":"emendas-parlamentares-estaduais","status":"publish","type":"page","link":"https:\/\/goias.gov.br\/controladoria\/institucional\/emendas-parlamentares-estaduais\/","title":{"rendered":"Emendas Parlamentares Estaduais"},"content":{"rendered":"\n<p>&nbsp;&nbsp;\u00daltima atualiza\u00e7\u00e3o: 09\/06\/2025 \u00e0s 15:25<\/p>\n\n\n\n<p>Com base no princ\u00edpio da transpar\u00eancia p\u00fablica e em conformidade com o (Art. 7\u00b0, inciso VII, al\u00ednea \u201ca\u201d e art. 8\u00b0, \u00a71\u00b0, inciso V da Lei Federal n\u00b012.527\/2011, Emenda \u00e0 Constitui\u00e7\u00e3o n\u00ba 105\/2019, Portaria Interministerial ME\/SEGOV n\u00ba 6.411\/2021, Art. 19; Nota Recomendat\u00f3ria Atricon n\u00ba 01\/2022; Ac\u00f3rd\u00e3o n\u00ba 518\/2023 \u2013 TCU-Plen\u00e1rio, Art. 111-A da Constitui\u00e7\u00e3o do Estado de Goi\u00e1s e Decreto Estadual n\u00ba 10.634\/2025), a Controladoria-Geral do Estado de Goi\u00e1s declara que,&nbsp;<strong>nos \u00faltimos (5) cinco anos, e at\u00e9 a presente data, n\u00e3o recebeu recursos via emendas do or\u00e7amento estadual, incluindo recursos repassados via transfer\u00eancias especiais (\u201cemendas pix\u201d).<\/strong><\/p>\n","protected":false},"excerpt":{"rendered":"<p>&nbsp;&nbsp;\u00daltima atualiza\u00e7\u00e3o: 09\/06\/2025 \u00e0s 15:25 Com base no princ\u00edpio da transpar\u00eancia p\u00fablica e em conformidade com o (Art. 7\u00b0, inciso VII, al\u00ednea \u201ca\u201d e art. 8\u00b0, \u00a71\u00b0, inciso V da Lei Federal n\u00b012.527\/2011, Emenda \u00e0 Constitui\u00e7\u00e3o n\u00ba 105\/2019, Portaria Interministerial ME\/SEGOV n\u00ba 6.411\/2021, Art. 19; Nota Recomendat\u00f3ria Atricon n\u00ba 01\/2022; Ac\u00f3rd\u00e3o n\u00ba 518\/2023 \u2013 TCU-Plen\u00e1rio, [&hellip;]<\/p>\n","protected":false},"author":657,"featured_media":0,"parent":10810,"menu_order":0,"comment_status":"closed","ping_status":"closed","template":"","meta":{"footnotes":""},"class_list":["post-131043","page","type-page","status-publish","hentry"],"rttpg_featured_image_url":null,"rttpg_author":{"display_name":"anamorais","author_link":"https:\/\/goias.gov.br\/controladoria\/author\/anamorais\/"},"rttpg_comment":0,"rttpg_category":null,"rttpg_excerpt":"&nbsp;&nbsp;\u00daltima atualiza\u00e7\u00e3o: 09\/06\/2025 \u00e0s 15:25 Com base no princ\u00edpio da transpar\u00eancia p\u00fablica e em conformidade com o (Art. 7\u00b0, inciso VII, al\u00ednea \u201ca\u201d e art. 8\u00b0, \u00a71\u00b0, inciso V da Lei Federal n\u00b012.527\/2011, Emenda \u00e0 Constitui\u00e7\u00e3o n\u00ba 105\/2019, Portaria Interministerial ME\/SEGOV n\u00ba 6.411\/2021, Art. 19; Nota Recomendat\u00f3ria Atricon n\u00ba 01\/2022; Ac\u00f3rd\u00e3o n\u00ba 518\/2023 \u2013 TCU-Plen\u00e1rio,&hellip;","_links":{"self":[{"href":"https:\/\/goias.gov.br\/controladoria\/wp-json\/wp\/v2\/pages\/131043","targetHints":{"allow":["GET"]}}],"collection":[{"href":"https:\/\/goias.gov.br\/controladoria\/wp-json\/wp\/v2\/pages"}],"about":[{"href":"https:\/\/goias.gov.br\/controladoria\/wp-json\/wp\/v2\/types\/page"}],"author":[{"embeddable":true,"href":"https:\/\/goias.gov.br\/controladoria\/wp-json\/wp\/v2\/users\/657"}],"replies":[{"embeddable":true,"href":"https:\/\/goias.gov.br\/controladoria\/wp-json\/wp\/v2\/comments?post=131043"}],"version-history":[{"count":2,"href":"https:\/\/goias.gov.br\/controladoria\/wp-json\/wp\/v2\/pages\/131043\/revisions"}],"predecessor-version":[{"id":164220,"href":"https:\/\/goias.gov.br\/controladoria\/wp-json\/wp\/v2\/pages\/131043\/revisions\/164220"}],"up":[{"embeddable":true,"href":"https:\/\/goias.gov.br\/controladoria\/wp-json\/wp\/v2\/pages\/10810"}],"wp:attachment":[{"href":"https:\/\/goias.gov.br\/controladoria\/wp-json\/wp\/v2\/media?parent=131043"}],"curies":[{"name":"wp","href":"https:\/\/api.w.org\/{rel}","templated":true}]}}