

{"id":130834,"date":"2025-06-09T15:09:08","date_gmt":"2025-06-09T18:09:08","guid":{"rendered":"https:\/\/goias.gov.br\/controladoria\/?page_id=130834"},"modified":"2025-09-01T11:45:59","modified_gmt":"2025-09-01T14:45:59","slug":"doacoes","status":"publish","type":"page","link":"https:\/\/goias.gov.br\/controladoria\/institucional\/doacoes\/","title":{"rendered":"Doa\u00e7\u00f5es"},"content":{"rendered":"\n<p>&nbsp;&nbsp;&nbsp;\u00daltima atualiza\u00e7\u00e3o: 21\/08\/2025 \u00e0s 10:23<\/p>\n\n\n\n<p>Com base no princ\u00edpio da transpar\u00eancia p\u00fablica e em conformidade com o Art. 7\u00b0, inciso VII, al\u00ednea \u201ca\u201d e art. 8\u00b0, \u00a71\u00b0, inciso V e \u00a73\u00b0, da Lei Federal n\u00b0 12.527\/2011 e Decreto estadual n\u00b0 9.485\/2019), a Controladoria-Geral do Estado de Goi\u00e1s declara que,<strong>&nbsp;nos \u00faltimos (5) cinco anos, e at\u00e9 a presente data, n\u00e3o recebeu doa\u00e7\u00f5es<\/strong>&nbsp;em dinheiro, bens im\u00f3veis ou m\u00f3veis e\/ou comodatos recebidos (empr\u00e9stimos sem custo ou doa\u00e7\u00e3o de servi\u00e7o) de nenhum \u00f3rg\u00e3o ou entidade.<\/p>\n","protected":false},"excerpt":{"rendered":"<p>&nbsp;&nbsp;&nbsp;\u00daltima atualiza\u00e7\u00e3o: 21\/08\/2025 \u00e0s 10:23 Com base no princ\u00edpio da transpar\u00eancia p\u00fablica e em conformidade com o Art. 7\u00b0, inciso VII, al\u00ednea \u201ca\u201d e art. 8\u00b0, \u00a71\u00b0, inciso V e \u00a73\u00b0, da Lei Federal n\u00b0 12.527\/2011 e Decreto estadual n\u00b0 9.485\/2019), a Controladoria-Geral do Estado de Goi\u00e1s declara que,&nbsp;nos \u00faltimos (5) cinco anos, e at\u00e9 [&hellip;]<\/p>\n","protected":false},"author":657,"featured_media":0,"parent":10810,"menu_order":0,"comment_status":"closed","ping_status":"closed","template":"","meta":{"footnotes":""},"class_list":["post-130834","page","type-page","status-publish","hentry"],"rttpg_featured_image_url":null,"rttpg_author":{"display_name":"anamorais","author_link":"https:\/\/goias.gov.br\/controladoria\/author\/anamorais\/"},"rttpg_comment":0,"rttpg_category":null,"rttpg_excerpt":"&nbsp;&nbsp;&nbsp;\u00daltima atualiza\u00e7\u00e3o: 21\/08\/2025 \u00e0s 10:23 Com base no princ\u00edpio da transpar\u00eancia p\u00fablica e em conformidade com o Art. 7\u00b0, inciso VII, al\u00ednea \u201ca\u201d e art. 8\u00b0, \u00a71\u00b0, inciso V e \u00a73\u00b0, da Lei Federal n\u00b0 12.527\/2011 e Decreto estadual n\u00b0 9.485\/2019), a Controladoria-Geral do Estado de Goi\u00e1s declara que,&nbsp;nos \u00faltimos (5) cinco anos, e at\u00e9&hellip;","_links":{"self":[{"href":"https:\/\/goias.gov.br\/controladoria\/wp-json\/wp\/v2\/pages\/130834","targetHints":{"allow":["GET"]}}],"collection":[{"href":"https:\/\/goias.gov.br\/controladoria\/wp-json\/wp\/v2\/pages"}],"about":[{"href":"https:\/\/goias.gov.br\/controladoria\/wp-json\/wp\/v2\/types\/page"}],"author":[{"embeddable":true,"href":"https:\/\/goias.gov.br\/controladoria\/wp-json\/wp\/v2\/users\/657"}],"replies":[{"embeddable":true,"href":"https:\/\/goias.gov.br\/controladoria\/wp-json\/wp\/v2\/comments?post=130834"}],"version-history":[{"count":2,"href":"https:\/\/goias.gov.br\/controladoria\/wp-json\/wp\/v2\/pages\/130834\/revisions"}],"predecessor-version":[{"id":164199,"href":"https:\/\/goias.gov.br\/controladoria\/wp-json\/wp\/v2\/pages\/130834\/revisions\/164199"}],"up":[{"embeddable":true,"href":"https:\/\/goias.gov.br\/controladoria\/wp-json\/wp\/v2\/pages\/10810"}],"wp:attachment":[{"href":"https:\/\/goias.gov.br\/controladoria\/wp-json\/wp\/v2\/media?parent=130834"}],"curies":[{"name":"wp","href":"https:\/\/api.w.org\/{rel}","templated":true}]}}