

{"id":130670,"date":"2025-06-09T13:51:24","date_gmt":"2025-06-09T16:51:24","guid":{"rendered":"https:\/\/goias.gov.br\/controladoria\/?page_id=130670"},"modified":"2025-06-09T13:51:24","modified_gmt":"2025-06-09T16:51:24","slug":"subcontroladoria-de-operacoes-especiais-perguntas-e-respostas-frequentes-da-sociedade","status":"publish","type":"page","link":"https:\/\/goias.gov.br\/controladoria\/institucional\/subcontroladoria-de-operacoes-especiais-perguntas-e-respostas-frequentes-da-sociedade\/","title":{"rendered":"Subcontroladoria de Opera\u00e7\u00f5es Especiais \u2013 Perguntas e Respostas Frequentes da Sociedade"},"content":{"rendered":"\n<p>Data de atualiza\u00e7\u00e3o: 09 de junho de 2025<\/p>\n\n\n\n<p><strong>Pergunta 1: <strong>O que \u00e9 a Subcontroladoria de Opera\u00e7\u00f5es Especiais da CGE?<\/strong><\/strong><br><br>Resposta: A Subcontroladoria de Opera\u00e7\u00f5es Especiais (SOE) \u00e9 uma unidade da Controladoria-Geral do Estado de Goi\u00e1s que atua em a\u00e7\u00f5es estrat\u00e9gicas e especializadas de controle. Ela \u00e9 respons\u00e1vel por coordenar inspe\u00e7\u00f5es, cruzamentos de dados, monitoramento de agentes p\u00fablicos e contratos administrativos. A SOE tamb\u00e9m desenvolve parcerias com \u00f3rg\u00e3os como a Pol\u00edcia Civil e \u00f3rg\u00e3os de controle externo com foco na preven\u00e7\u00e3o e no combate \u00e0 corrup\u00e7\u00e3o e ao mau uso dos recursos p\u00fablicos.<br><br><strong>Pergunta 2: <strong>Qual a diferen\u00e7a entre auditoria e inspe\u00e7\u00e3o?<\/strong><\/strong><br><br>Resposta: Enquanto a auditoria normalmente \u00e9 um trabalho sistem\u00e1tico, com foco na avalia\u00e7\u00e3o e consultoria, a inspe\u00e7\u00e3o \u00e9 uma atividade mais pontual e direcionada, que busca verificar situa\u00e7\u00f5es espec\u00edficas, muitas vezes com base em ind\u00edcios de irregularidades. A SOE coordena as inspe\u00e7\u00f5es da CGE, o que inclui, por exemplo, a an\u00e1lise de contratos, conv\u00eanios, pessoal, bens p\u00fablicos e concess\u00f5es.<br><br><strong>Pergunta 3: <strong>O que s\u00e3o a\u00e7\u00f5es de intelig\u00eancia na CGE?<\/strong><\/strong><br><br>Resposta: As a\u00e7\u00f5es de intelig\u00eancia envolvem a coleta, cruzamento e an\u00e1lise de dados para gerar informa\u00e7\u00f5es estrat\u00e9gicas que apoiem o controle da gest\u00e3o p\u00fablica. Isso inclui o uso de trilhas eletr\u00f4nicas, perfis de risco e indicadores que auxiliam na preven\u00e7\u00e3o de fraudes e no direcionamento de inspe\u00e7\u00f5es. A CGE n\u00e3o realiza investiga\u00e7\u00f5es penais, mas suas an\u00e1lises subsidiam outros \u00f3rg\u00e3os e ajudam a evitar preju\u00edzos ao er\u00e1rio.<br><br><strong>Pergunta 4: <strong>A CGE pode investigar servidores p\u00fablicos?<\/strong><\/strong><br><br>Resposta: A CGE n\u00e3o possui poder de pol\u00edcia ou investiga\u00e7\u00e3o criminal, mas, por meio da Ger\u00eancia de Acompanhamento de Agentes P\u00fablicos, realiza an\u00e1lises estrat\u00e9gicas sobre v\u00ednculos, conflitos de interesse, antecedentes e riscos associados a agentes p\u00fablicos. Essas informa\u00e7\u00f5es apoiam decis\u00f5es da administra\u00e7\u00e3o p\u00fablica e podem subsidiar outras inst\u00e2ncias competentes, como corregedorias e \u00f3rg\u00e3os de controle externo.<br><br><strong>Pergunta 5: <strong>Como a CGE atua preventivamente nos contratos p\u00fablicos?<\/strong>\u00a0<\/strong><br><br>Resposta: Por meio da Ger\u00eancia de An\u00e1lise Preventiva, a CGE pode analisar, antes da assinatura, licita\u00e7\u00f5es, contratos, chamamentos p\u00fablicos e outros instrumentos. O objetivo \u00e9 prevenir falhas e irregularidades, garantindo que os atos administrativos estejam em conformidade com a legisla\u00e7\u00e3o e os princ\u00edpios da administra\u00e7\u00e3o p\u00fablica.<\/p>\n\n\n\n<p><strong>Pergunta 6: <strong>O que a CGE faz quando identifica irregularidades?<\/strong><\/strong><br><br>Resposta: Quando s\u00e3o identificadas falhas graves a Subcontroladoria sugere a emiss\u00e3o de Solicita\u00e7\u00e3o de A\u00e7\u00e3o Corretiva\/SAC, com o objetivo de cessar a pr\u00e1tica irregular e buscar uma solu\u00e7\u00e3o administrativa para o problema. Al\u00e9m disso, a CGE pode encaminhar relat\u00f3rios para os \u00f3rg\u00e3os competentes, como corregedorias, Minist\u00e9rio P\u00fablico ou Tribunal de Contas.<\/p>\n","protected":false},"excerpt":{"rendered":"<p>Data de atualiza\u00e7\u00e3o: 09 de junho de 2025 Pergunta 1: O que \u00e9 a Subcontroladoria de Opera\u00e7\u00f5es Especiais da CGE? Resposta: A Subcontroladoria de Opera\u00e7\u00f5es Especiais (SOE) \u00e9 uma unidade da Controladoria-Geral do Estado de Goi\u00e1s que atua em a\u00e7\u00f5es estrat\u00e9gicas e especializadas de controle. Ela \u00e9 respons\u00e1vel por coordenar inspe\u00e7\u00f5es, cruzamentos de dados, monitoramento [&hellip;]<\/p>\n","protected":false},"author":657,"featured_media":0,"parent":10810,"menu_order":0,"comment_status":"closed","ping_status":"closed","template":"","meta":{"footnotes":""},"class_list":["post-130670","page","type-page","status-publish","hentry"],"rttpg_featured_image_url":null,"rttpg_author":{"display_name":"anamorais","author_link":"https:\/\/goias.gov.br\/controladoria\/author\/anamorais\/"},"rttpg_comment":0,"rttpg_category":null,"rttpg_excerpt":"Data de atualiza\u00e7\u00e3o: 09 de junho de 2025 Pergunta 1: O que \u00e9 a Subcontroladoria de Opera\u00e7\u00f5es Especiais da CGE? Resposta: A Subcontroladoria de Opera\u00e7\u00f5es Especiais (SOE) \u00e9 uma unidade da Controladoria-Geral do Estado de Goi\u00e1s que atua em a\u00e7\u00f5es estrat\u00e9gicas e especializadas de controle. Ela \u00e9 respons\u00e1vel por coordenar inspe\u00e7\u00f5es, cruzamentos de dados, monitoramento&hellip;","_links":{"self":[{"href":"https:\/\/goias.gov.br\/controladoria\/wp-json\/wp\/v2\/pages\/130670","targetHints":{"allow":["GET"]}}],"collection":[{"href":"https:\/\/goias.gov.br\/controladoria\/wp-json\/wp\/v2\/pages"}],"about":[{"href":"https:\/\/goias.gov.br\/controladoria\/wp-json\/wp\/v2\/types\/page"}],"author":[{"embeddable":true,"href":"https:\/\/goias.gov.br\/controladoria\/wp-json\/wp\/v2\/users\/657"}],"replies":[{"embeddable":true,"href":"https:\/\/goias.gov.br\/controladoria\/wp-json\/wp\/v2\/comments?post=130670"}],"version-history":[{"count":1,"href":"https:\/\/goias.gov.br\/controladoria\/wp-json\/wp\/v2\/pages\/130670\/revisions"}],"predecessor-version":[{"id":130721,"href":"https:\/\/goias.gov.br\/controladoria\/wp-json\/wp\/v2\/pages\/130670\/revisions\/130721"}],"up":[{"embeddable":true,"href":"https:\/\/goias.gov.br\/controladoria\/wp-json\/wp\/v2\/pages\/10810"}],"wp:attachment":[{"href":"https:\/\/goias.gov.br\/controladoria\/wp-json\/wp\/v2\/media?parent=130670"}],"curies":[{"name":"wp","href":"https:\/\/api.w.org\/{rel}","templated":true}]}}