

{"id":117715,"date":"2025-06-02T12:17:31","date_gmt":"2025-06-02T15:17:31","guid":{"rendered":"https:\/\/goias.gov.br\/controladoria\/?page_id=117715"},"modified":"2025-11-19T14:26:58","modified_gmt":"2025-11-19T17:26:58","slug":"nao-ao-assedio-2025","status":"publish","type":"page","link":"https:\/\/goias.gov.br\/controladoria\/nao-ao-assedio-2025\/","title":{"rendered":"N\u00e3o ao Ass\u00e9dio 2025"},"content":{"rendered":"\t\t<div data-elementor-type=\"wp-page\" data-elementor-id=\"117715\" class=\"elementor elementor-117715\">\n\t\t\t\t<div class=\"elementor-element elementor-element-1f294dc e-flex e-con-boxed e-con e-parent\" data-id=\"1f294dc\" data-element_type=\"container\" data-e-type=\"container\" data-settings=\"{&quot;background_background&quot;:&quot;classic&quot;}\">\n\t\t\t\t\t<div class=\"e-con-inner\">\n\t\t\t\t<div class=\"elementor-element elementor-element-298d06a elementor-widget elementor-widget-text-editor\" data-id=\"298d06a\" data-element_type=\"widget\" data-e-type=\"widget\" data-widget_type=\"text-editor.default\">\n\t\t\t\t\t\t\t\t\t<p style=\"text-align: center;\"><span style=\"font-size: 12pt;\"><strong><span style=\"color: #ffffff;\">17 DE JUNHO DE 2025<\/span><\/strong><\/span><\/p>\t\t\t\t\t\t\t\t<\/div>\n\t\t\t\t<div class=\"elementor-element elementor-element-4df82cf elementor-widget elementor-widget-image\" data-id=\"4df82cf\" data-element_type=\"widget\" data-e-type=\"widget\" data-widget_type=\"image.default\">\n\t\t\t\t\t\t\t\t\t\t\t\t\t\t\t<img decoding=\"async\" src=\"https:\/\/goias.gov.br\/controladoria\/wp-content\/uploads\/sites\/31\/2025\/05\/header-1.png\" title=\"\" alt=\"\" loading=\"lazy\" \/>\t\t\t\t\t\t\t\t\t\t\t\t\t\t\t<\/div>\n\t\t\t\t<div class=\"elementor-element elementor-element-1b165af elementor-widget elementor-widget-image\" data-id=\"1b165af\" data-element_type=\"widget\" data-e-type=\"widget\" data-widget_type=\"image.default\">\n\t\t\t\t\t\t\t\t\t\t\t\t\t\t\t<img decoding=\"async\" src=\"https:\/\/goias.gov.br\/controladoria\/wp-content\/uploads\/sites\/31\/2025\/05\/Titulo-menor.png\" title=\"\" alt=\"\" loading=\"lazy\" \/>\t\t\t\t\t\t\t\t\t\t\t\t\t\t\t<\/div>\n\t\t\t\t<div class=\"elementor-element elementor-element-5437760 elementor-widget elementor-widget-text-editor\" data-id=\"5437760\" data-element_type=\"widget\" data-e-type=\"widget\" data-widget_type=\"text-editor.default\">\n\t\t\t\t\t\t\t\t\t<p style=\"text-align: center;\"><strong><span style=\"color: #ffffff;\"><span style=\"font-size: 14pt;\">Fa\u00e7a j\u00e1 a sua inscri\u00e7\u00e3o:<\/span><\/span><\/strong><\/p>\t\t\t\t\t\t\t\t<\/div>\n\t\t\t\t<div class=\"elementor-element elementor-element-b71793f elementor-align-center elementor-widget elementor-widget-button\" data-id=\"b71793f\" data-element_type=\"widget\" data-e-type=\"widget\" data-widget_type=\"button.default\">\n\t\t\t\t\t\t\t\t\t\t<a class=\"elementor-button elementor-button-link elementor-size-sm\" href=\"https:\/\/app.controladoria.go.gov.br\/corregedoria\/naoaoassedio\/index.php\">\n\t\t\t\t\t\t<span class=\"elementor-button-content-wrapper\">\n\t\t\t\t\t\t\t\t\t<span class=\"elementor-button-text\">INSCREVA-SE AQUI<\/span>\n\t\t\t\t\t<\/span>\n\t\t\t\t\t<\/a>\n\t\t\t\t\t\t\t\t<\/div>\n\t\t\t\t\t<\/div>\n\t\t\t\t<\/div>\n\t\t<div class=\"elementor-element elementor-element-65b8b3b e-flex e-con-boxed e-con e-parent\" data-id=\"65b8b3b\" data-element_type=\"container\" data-e-type=\"container\">\n\t\t\t\t\t<div class=\"e-con-inner\">\n\t\t\t\t<div class=\"elementor-element elementor-element-19b93ee elementor-widget elementor-widget-text-editor\" data-id=\"19b93ee\" data-element_type=\"widget\" data-e-type=\"widget\" data-widget_type=\"text-editor.default\">\n\t\t\t\t\t\t\t\t\t<p style=\"text-align: center;\"><strong>SOBRE O EVENTO<\/strong><\/p><p><span style=\"font-weight: 400;\">A Controladoria-Geral do Estado de Goi\u00e1s (CGE-GO), por meio da Subcontroladoria do Sistema de Correi\u00e7\u00e3o e Contas e do Comit\u00ea Permanente para Quest\u00f5es da Mulher e da Diversidade, convida voc\u00ea para o evento do <strong>Dia Estadual de Preven\u00e7\u00e3o e Combate ao Ass\u00e9dio Moral e Sexual no Ambiente de Trabalho (Lei Estadual n\u00ba 20.470\/2019)<\/strong>.<\/span><\/p><ul><li><span style=\"font-weight: 400;\">Quando | <strong>17 de junho de 2025<\/strong> (ter\u00e7a-feira), <strong>a partir das 8 horas<\/strong><\/span><\/li><li><span style=\"font-weight: 400;\">Onde | <strong>Audit\u00f3rio do Conselho Regional de Contabilidade<\/strong> de Goi\u00e1s (<\/span><span style=\"font-weight: 400;\">Rua 107, n\u00ba 151 &#8211; St. Sul &#8211; Goi\u00e2nia-GO)\u00a0<\/span><\/li><li><span style=\"font-weight: 400;\">Carga hor\u00e1ria: <strong>4 horas<\/strong><\/span><\/li><\/ul><p><span style=\"font-weight: 400;\">Este encontro foi concebido com a miss\u00e3o de aprofundar a discuss\u00e3o e fortalecer as estrat\u00e9gias de preven\u00e7\u00e3o e combate ao ass\u00e9dio moral e sexual no ambiente de trabalho.\u00a0<\/span><\/p><p>Esse\u00a0evento tem como objetivos:<\/p><ul><li style=\"font-weight: 400;\" aria-level=\"1\"><span style=\"font-weight: 400;\">Conscientizar os agentes p\u00fablicos sobre a gravidade do fen\u00f4meno do ass\u00e9dio, destacando seus impactos na sa\u00fade f\u00edsica e mental das v\u00edtimas. Paralelamente, o evento se dedicar\u00e1 a promover a preven\u00e7\u00e3o ativa do ass\u00e9dio no ambiente de trabalho.<\/span><\/li><li style=\"font-weight: 400;\" aria-level=\"1\"><span style=\"font-weight: 400;\">Promover uma cultura organizacional que valorize a preven\u00e7\u00e3o, o combate efetivo e a den\u00fancia, assegurando, para isso, a exist\u00eancia de canais seguros e acess\u00edveis para que as v\u00edtimas se sintam amparadas ao relatar casos de ass\u00e9dio.<\/span><\/li><li style=\"font-weight: 400;\" aria-level=\"1\"><span style=\"font-weight: 400;\">Fomentar ativamente a cria\u00e7\u00e3o e o fortalecimento de redes de apoio e solidariedade entre os servidores, visando construir um sistema de suporte eficaz para as v\u00edtimas de ass\u00e9dio.<\/span><\/li><\/ul><p><span style=\"font-weight: 400;\">Nossa meta \u00e9 capacitar os participantes, oferecendo-lhes ferramentas concretas para que possam identificar e, de forma assertiva, enfrentar as diversas situa\u00e7\u00f5es de ass\u00e9dio que possam surgir em seu cotidiano profissional.\u00a0<\/span><\/p><p><span style=\"font-weight: 400;\">Ao longo do encontro, ser\u00e3o abordados temas centrais para a compreens\u00e3o e o enfrentamento do problema. Daremos destaque especial aos impactos negativos que o ass\u00e9dio imp\u00f5e \u00e0 sa\u00fade f\u00edsica e mental das v\u00edtimas, buscando ilustrar a dimens\u00e3o do sofrimento causado. E, de maneira pr\u00e1tica, ser\u00e3o apresentados <\/span><i><span style=\"font-weight: 400;\">cases <\/span><\/i><span style=\"font-weight: 400;\">de sucesso, com estrat\u00e9gias e ferramentas eficazes para identificar, prevenir e, sobretudo, enfrentar ativamente as situa\u00e7\u00f5es de ass\u00e9dio.<\/span><\/p><p><span style=\"font-weight: 400;\">Este evento \u00e9 direcionado a todos os agentes p\u00fablicos que atuam no Poder Executivo do Estado de Goi\u00e1s. Convidamos todos os colaboradores da administra\u00e7\u00e3o p\u00fablica. Sua presen\u00e7a e participa\u00e7\u00e3o ativa s\u00e3o consideradas n\u00e3o apenas bem-vindas, mas cruciais para que possamos, coletivamente, construir e consolidar um ambiente de trabalho genuinamente digno e respeitoso para todos.<\/span><\/p>\t\t\t\t\t\t\t\t<\/div>\n\t\t\t\t\t<\/div>\n\t\t\t\t<\/div>\n\t\t<div class=\"elementor-element elementor-element-e4f56d2 e-flex e-con-boxed e-con e-parent\" data-id=\"e4f56d2\" data-element_type=\"container\" data-e-type=\"container\" data-settings=\"{&quot;background_background&quot;:&quot;classic&quot;}\">\n\t\t\t\t\t<div class=\"e-con-inner\">\n\t\t\t\t<div class=\"elementor-element elementor-element-546dadb elementor-widget elementor-widget-image\" data-id=\"546dadb\" data-element_type=\"widget\" data-e-type=\"widget\" data-widget_type=\"image.default\">\n\t\t\t\t\t\t\t\t\t\t\t\t\t\t\t<img decoding=\"async\" src=\"https:\/\/goias.gov.br\/controladoria\/wp-content\/uploads\/sites\/31\/2024\/05\/Icone-PALESTRANTES-1.png\" title=\"\" alt=\"\" loading=\"lazy\" \/>\t\t\t\t\t\t\t\t\t\t\t\t\t\t\t<\/div>\n\t\t\t\t<div class=\"elementor-element elementor-element-bb49b01 elementor-widget elementor-widget-text-editor\" data-id=\"bb49b01\" data-element_type=\"widget\" data-e-type=\"widget\" data-widget_type=\"text-editor.default\">\n\t\t\t\t\t\t\t\t\t<p style=\"text-align: center;\"><strong><span style=\"font-size: 14pt; color: #ffffff;\">PALESTRANTES<\/span><\/strong><\/p>\t\t\t\t\t\t\t\t<\/div>\n\t\t<div class=\"elementor-element elementor-element-bf4cf2a e-con-full e-flex e-con e-child\" data-id=\"bf4cf2a\" data-element_type=\"container\" data-e-type=\"container\">\n\t\t<div class=\"elementor-element elementor-element-17dc882 e-con-full e-flex e-con e-child\" data-id=\"17dc882\" data-element_type=\"container\" data-e-type=\"container\">\n\t\t\t\t<div class=\"elementor-element elementor-element-1f57dd6 elementor-position-top elementor-widget elementor-widget-image-box\" data-id=\"1f57dd6\" data-element_type=\"widget\" data-e-type=\"widget\" data-widget_type=\"image-box.default\">\n\t\t\t\t\t<div class=\"elementor-image-box-wrapper\"><figure class=\"elementor-image-box-img\"><img decoding=\"async\" src=\"https:\/\/goias.gov.br\/controladoria\/wp-content\/uploads\/sites\/31\/2025\/05\/Marcos-Tadeu_circulo.png\" title=\"\" alt=\"\" loading=\"lazy\" \/><\/figure><div class=\"elementor-image-box-content\"><h4 class=\"elementor-image-box-title\">Marcos Tadeu de Andrade<\/h4><p class=\"elementor-image-box-description\">Secret\u00e1rio-Chefe da Controladoria-Geral do Estado de Goi\u00e1s (CGE-GO). Auditor de Controle Interno da CGDF. Possui bacharel em Ci\u00eancias Cont\u00e1beis pela Associa\u00e7\u00e3o de Ensino Unificado do Distrito Federal (AEUDF), especialista em Auditoria Interna e Externa pela AEUDF e, em n\u00edvel de MBA, em Auditoria Interna, pela Funda\u00e7\u00e3o Get\u00falio Vargas (FGV). <\/p><\/div><\/div>\t\t\t\t<\/div>\n\t\t\t\t<\/div>\n\t\t<div class=\"elementor-element elementor-element-9f2cd32 e-con-full e-flex e-con e-child\" data-id=\"9f2cd32\" data-element_type=\"container\" data-e-type=\"container\">\n\t\t\t\t<div class=\"elementor-element elementor-element-0a47331 elementor-position-top elementor-widget elementor-widget-image-box\" data-id=\"0a47331\" data-element_type=\"widget\" data-e-type=\"widget\" data-widget_type=\"image-box.default\">\n\t\t\t\t\t<div class=\"elementor-image-box-wrapper\"><figure class=\"elementor-image-box-img\"><img decoding=\"async\" src=\"https:\/\/goias.gov.br\/controladoria\/wp-content\/uploads\/sites\/31\/2024\/05\/foto_Bruno.png\" title=\"\" alt=\"\" loading=\"lazy\" \/><\/figure><div class=\"elementor-image-box-content\"><h4 class=\"elementor-image-box-title\">Bruno Mendes Dias<\/h4><p class=\"elementor-image-box-description\">Subcontrolador do Sistema de Correi\u00e7\u00e3o e Contas da CGE-GO. Gestor de Finanas e Controle no Estado de Goi\u00e1s. Graduado em Direito pela Pontif\u00edcia Universidade Cat\u00f3lica de Goi\u00e1s.<\/p><\/div><\/div>\t\t\t\t<\/div>\n\t\t\t\t<\/div>\n\t\t<div class=\"elementor-element elementor-element-d996109 e-con-full e-flex e-con e-child\" data-id=\"d996109\" data-element_type=\"container\" data-e-type=\"container\">\n\t\t\t\t<div class=\"elementor-element elementor-element-36251bc elementor-position-top elementor-widget elementor-widget-image-box\" data-id=\"36251bc\" data-element_type=\"widget\" data-e-type=\"widget\" data-widget_type=\"image-box.default\">\n\t\t\t\t\t<div class=\"elementor-image-box-wrapper\"><figure class=\"elementor-image-box-img\"><img decoding=\"async\" src=\"https:\/\/goias.gov.br\/controladoria\/wp-content\/uploads\/sites\/31\/2025\/05\/Maria-do-Carmo_circulo.png\" title=\"\" alt=\"\" loading=\"lazy\" \/><\/figure><div class=\"elementor-image-box-content\"><h4 class=\"elementor-image-box-title\">Maria do Carmo Rodrigues P\u00f3voa<\/h4><p class=\"elementor-image-box-description\">Superintendente da Controladoria Especializada em Consultoria da Atividade Correcional e Contas da CGE-GO. Gestora Jur\u00eddica no Estado de Goi\u00e1s. Graduada em Direito pela Pontif\u00edcia Universidade Cat\u00f3lica de Goi\u00e1s. Especialista em Direito P\u00fablico, em Doc\u00eancia do Ensino Superior e em Concess\u00f5es e Parcerias P\u00fablico-Privadas.<\/p><\/div><\/div>\t\t\t\t<\/div>\n\t\t\t\t<\/div>\n\t\t\t\t<\/div>\n\t\t<div class=\"elementor-element elementor-element-121415f e-con-full e-flex e-con e-child\" data-id=\"121415f\" data-element_type=\"container\" data-e-type=\"container\">\n\t\t<div class=\"elementor-element elementor-element-8a9fed5 e-con-full e-flex e-con e-child\" data-id=\"8a9fed5\" data-element_type=\"container\" data-e-type=\"container\">\n\t\t\t\t<div class=\"elementor-element elementor-element-0671213 elementor-position-top elementor-widget elementor-widget-image-box\" data-id=\"0671213\" data-element_type=\"widget\" data-e-type=\"widget\" data-widget_type=\"image-box.default\">\n\t\t\t\t\t<div class=\"elementor-image-box-wrapper\"><figure class=\"elementor-image-box-img\"><img decoding=\"async\" src=\"https:\/\/goias.gov.br\/controladoria\/wp-content\/uploads\/sites\/31\/2025\/05\/Orsini_circulo.png\" title=\"\" alt=\"\" loading=\"lazy\" \/><\/figure><div class=\"elementor-image-box-content\"><h4 class=\"elementor-image-box-title\">Ricardo Orsini<\/h4><p class=\"elementor-image-box-description\">Gerente de Promo\u00e7\u00e3o de Valores na CGE-GO. Gestor de Finan\u00e7as e Controle no Estado de Goi\u00e1s. Licenciado e Mestre em Filosofia pela Universidade Federal de Goi\u00e1s. Graduado em Direito pela Pontif\u00edcia Universidade Cat\u00f3lica de Goi\u00e1s.<\/p><\/div><\/div>\t\t\t\t<\/div>\n\t\t\t\t<\/div>\n\t\t<div class=\"elementor-element elementor-element-1c8dcf2 e-con-full e-flex e-con e-child\" data-id=\"1c8dcf2\" data-element_type=\"container\" data-e-type=\"container\">\n\t\t\t\t<div class=\"elementor-element elementor-element-b3fa535 elementor-position-top elementor-widget elementor-widget-image-box\" data-id=\"b3fa535\" data-element_type=\"widget\" data-e-type=\"widget\" data-widget_type=\"image-box.default\">\n\t\t\t\t\t<div class=\"elementor-image-box-wrapper\"><figure class=\"elementor-image-box-img\"><img decoding=\"async\" src=\"https:\/\/goias.gov.br\/controladoria\/wp-content\/uploads\/sites\/31\/2025\/05\/Rita_circulo.png\" title=\"\" alt=\"\" loading=\"lazy\" \/><\/figure><div class=\"elementor-image-box-content\"><h4 class=\"elementor-image-box-title\">Rita de C\u00e1ssia Ara\u00fajo Alves Mendon\u00e7a<\/h4><p class=\"elementor-image-box-description\">Psic\u00f3loga, Doutora em Ci\u00eancias da Educa\u00e7\u00e3o (UFRN), P\u00f3s-Doutoranda em Educa\u00e7\u00e3o Corporativa (UFRN) e Mestre em Psicologia e Qualidade de Vida (UFRN). Especialista em Seguran\u00e7a Psicol\u00f3gica no Trabalho, Lideran\u00e7a e Gest\u00e3o de Pessoas, com \u00eanfase em Sa\u00fade Mental e no enfrentamento ao ass\u00e9dio no ambiente laboral. Servidora aposentada do Tribunal Regional do Trabalho da 21\u00aa Regi\u00e3o (TRT-RN), onde coordenou a Escola Judicial; e ex-coordenadora do N\u00facleo de Gest\u00e3o de Pessoas da Se\u00e7\u00e3o Judici\u00e1ria do Rio Grande do Norte do TRF5. <\/p><\/div><\/div>\t\t\t\t<\/div>\n\t\t\t\t<\/div>\n\t\t<div class=\"elementor-element elementor-element-52c34df e-con-full e-flex e-con e-child\" data-id=\"52c34df\" data-element_type=\"container\" data-e-type=\"container\">\n\t\t\t\t<div class=\"elementor-element elementor-element-162139e elementor-position-top elementor-widget elementor-widget-image-box\" data-id=\"162139e\" data-element_type=\"widget\" data-e-type=\"widget\" data-widget_type=\"image-box.default\">\n\t\t\t\t\t<div class=\"elementor-image-box-wrapper\"><figure class=\"elementor-image-box-img\"><img decoding=\"async\" src=\"https:\/\/goias.gov.br\/controladoria\/wp-content\/uploads\/sites\/31\/2025\/05\/Vera_circulo.png\" title=\"\" alt=\"\" loading=\"lazy\" \/><\/figure><div class=\"elementor-image-box-content\"><h4 class=\"elementor-image-box-title\">Vera N\u00fabia Zandonadi Gomes<\/h4><p class=\"elementor-image-box-description\">Diretora na Diretoria de Governan\u00e7a, Planejamento e Gest\u00e3o do TCE-GO.\nMestre do Programa de P\u00f3s-Gradua\u00e7\u00e3o em Direito e Pol\u00edticas P\u00fablicas pela Universidade Federal de Goi\u00e1s (2020). MBA em Auditoria e Inova\u00e7\u00e3o no Setor P\u00fablico - USP (2025). P\u00f3s graduada em Direito P\u00fablico - Universidade Anhanguera-Uniderp (2010). Gradua\u00e7\u00e3o em Direito - Uni-Anhanguera (2008) e Administra\u00e7\u00e3o com habilita\u00e7\u00e3o em marketing - Faculdade Cambury (2004).<\/p><\/div><\/div>\t\t\t\t<\/div>\n\t\t\t\t<\/div>\n\t\t\t\t<\/div>\n\t\t\t\t\t<\/div>\n\t\t\t\t<\/div>\n\t\t<div class=\"elementor-element elementor-element-22b5181 e-flex e-con-boxed e-con e-parent\" data-id=\"22b5181\" data-element_type=\"container\" data-e-type=\"container\">\n\t\t\t\t\t<div class=\"e-con-inner\">\n\t\t\t\t<div class=\"elementor-element elementor-element-9f5fd5e elementor-widget__width-initial elementor-widget elementor-widget-text-editor\" data-id=\"9f5fd5e\" data-element_type=\"widget\" data-e-type=\"widget\" data-widget_type=\"text-editor.default\">\n\t\t\t\t\t\t\t\t\t<p style=\"text-align: center;\"><img decoding=\"async\" class=\"aligncenter\" src=\"https:\/\/goias.gov.br\/controladoria\/wp-content\/uploads\/sites\/31\/2024\/05\/icone-relogio-1.png\" \/><strong>PROGRAMA\u00c7\u00c3O<\/strong><\/p><p><strong><span style=\"color: #8705ce;\">8h00<\/span> | Credenciamento<\/strong><\/p><p><strong><span style=\"color: #8705ce;\">8h20<\/span> | Caf\u00e9 da manh\u00e3<\/strong><\/p><p><strong><span style=\"color: #8705ce;\">9h00<\/span> | Abertura<\/strong><\/p><ul><li style=\"font-weight: 400;\" aria-level=\"1\"><span style=\"font-weight: 400;\">Marcos Tadeu de Andrade (Secret\u00e1rio-Chefe da CGE-GO)<\/span><\/li><li style=\"font-weight: 400;\" aria-level=\"1\"><span style=\"font-weight: 400;\">Bruno Mendes Dias (Subcontrolador do Sistema de Correi\u00e7\u00e3o e Contas da CGE-GO)<\/span><\/li><\/ul><p><strong><span style=\"color: #8705ce;\">9h15<\/span> | Palestra:<\/strong><span style=\"font-weight: 400;\">\u00a0<strong>Ass\u00e9dio Moral e Sexual no Ambiente de Trabalho\u00a0<\/strong><\/span><\/p><ul><li><span style=\"font-weight: 400;\">Rita de C\u00e1ssia Ara\u00fajo Alves Mendon\u00e7a (Psic\u00f3loga e Doutora em Ci\u00eancias da Educa\u00e7\u00e3o pela UFRN)<\/span><\/li><\/ul><p><strong><span style=\"color: #8705ce;\">10h00<\/span> | Quiz: Preven\u00e7\u00e3o e Combate ao Ass\u00e9dio no Ambiente de Trabalho<\/strong><\/p><ul><li style=\"font-weight: 400;\" aria-level=\"1\"><span style=\"font-weight: 400;\">Maria do Carmo Rodrigues P\u00f3voa (Superintendente da Controladoria Especializada em Consultoria da Atividade Correcional e Contas da CGE-GO)<\/span><\/li><li style=\"font-weight: 400;\" aria-level=\"1\"><span style=\"font-weight: 400;\">Ricardo Orsini (Gerente de Promo\u00e7\u00e3o de Valores da CGE-GO)<\/span><\/li><\/ul><p><strong><span style=\"color: #8705ce;\">10h40<\/span> | Palestra: Case TCE-GO: preven\u00e7\u00e3o e combate ao ass\u00e9dio e discrimina\u00e7\u00e3o. \u00c9tica, dignidade e respeito s\u00e3o da nossa conta<\/strong><\/p><ul><li><span style=\"font-weight: 400;\">Vera N\u00fabia Zandonadi Gomes (Diretora de Governan\u00e7a, Planejamento e Gest\u00e3o do Tribunal de Contas do Estado de Goi\u00e1s)<\/span><\/li><\/ul><p><strong><span style=\"color: #8705ce;\">12h00<\/span> | Encerramento<\/strong><\/p>\t\t\t\t\t\t\t\t<\/div>\n\t\t\t\t\t<\/div>\n\t\t\t\t<\/div>\n\t\t<div class=\"elementor-element elementor-element-94793fc e-flex e-con-boxed e-con e-parent\" data-id=\"94793fc\" data-element_type=\"container\" data-e-type=\"container\">\n\t\t\t\t\t<div class=\"e-con-inner\">\n\t\t<div class=\"elementor-element elementor-element-ec49db2 e-con-full e-flex e-con e-child\" data-id=\"ec49db2\" data-element_type=\"container\" data-e-type=\"container\">\n\t\t\t\t<div class=\"elementor-element elementor-element-a722d9b elementor-widget elementor-widget-text-editor\" data-id=\"a722d9b\" data-element_type=\"widget\" data-e-type=\"widget\" data-widget_type=\"text-editor.default\">\n\t\t\t\t\t\t\t\t\t<p style=\"text-align: center;\"><strong>Local:<\/strong> Conselho Regional de Contabilidade de Goi\u00e1s<\/p>\t\t\t\t\t\t\t\t<\/div>\n\t\t\t\t<div class=\"elementor-element elementor-element-d874712 elementor-widget elementor-widget-html\" data-id=\"d874712\" data-element_type=\"widget\" data-e-type=\"widget\" data-widget_type=\"html.default\">\n\t\t\t\t\t<iframe src=\"https:\/\/www.google.com\/maps\/embed?pb=!1m18!1m12!1m3!1d3821.7652055203366!2d-49.25489112065426!3d-16.688628799999996!2m3!1f0!2f0!3f0!3m2!1i1024!2i768!4f13.1!3m3!1m2!1s0x935ef172419babc9%3A0x7571381894fae0ab!2sConselho%20Regional%20de%20Contabilidade%20de%20Goi%C3%A1s%20-%20CRC%20GO!5e0!3m2!1spt-BR!2sbr!4v1747682334585!5m2!1spt-BR!2sbr\" width=\"600\" height=\"450\" style=\"border:0;\" allowfullscreen=\"\" loading=\"lazy\" referrerpolicy=\"no-referrer-when-downgrade\"><\/iframe>\t\t\t\t<\/div>\n\t\t\t\t<\/div>\n\t\t<div class=\"elementor-element elementor-element-ed514f2 e-con-full e-flex e-con e-child\" data-id=\"ed514f2\" data-element_type=\"container\" data-e-type=\"container\">\n\t\t\t\t<div class=\"elementor-element elementor-element-ea23e9b elementor-widget elementor-widget-text-editor\" data-id=\"ea23e9b\" data-element_type=\"widget\" data-e-type=\"widget\" data-widget_type=\"text-editor.default\">\n\t\t\t\t\t\t\t\t\t<p style=\"text-align: center;\"><span style=\"font-size: 14pt;\">Garanta j\u00e1 sua inscri\u00e7\u00e3o!<br \/><\/span><span style=\"color: #7f01c5;\">Vagas limitadas<\/span><\/p>\t\t\t\t\t\t\t\t<\/div>\n\t\t\t\t<div class=\"elementor-element elementor-element-b1294b6 elementor-align-center elementor-widget elementor-widget-button\" data-id=\"b1294b6\" data-element_type=\"widget\" data-e-type=\"widget\" data-widget_type=\"button.default\">\n\t\t\t\t\t\t\t\t\t\t<a class=\"elementor-button elementor-button-link elementor-size-sm\" href=\"https:\/\/app.controladoria.go.gov.br\/corregedoria\/naoaoassedio\/index.php\" target=\"_blank\">\n\t\t\t\t\t\t<span class=\"elementor-button-content-wrapper\">\n\t\t\t\t\t\t\t\t\t<span class=\"elementor-button-text\">INSCREVA-SE<\/span>\n\t\t\t\t\t<\/span>\n\t\t\t\t\t<\/a>\n\t\t\t\t\t\t\t\t<\/div>\n\t\t\t\t<\/div>\n\t\t\t\t\t<\/div>\n\t\t\t\t<\/div>\n\t\t<div class=\"elementor-element elementor-element-dac98ff e-flex e-con-boxed e-con e-parent\" data-id=\"dac98ff\" data-element_type=\"container\" data-e-type=\"container\" data-settings=\"{&quot;background_background&quot;:&quot;classic&quot;}\">\n\t\t\t\t\t<div class=\"e-con-inner\">\n\t\t\t\t<div class=\"elementor-element elementor-element-aba603c elementor-widget elementor-widget-image\" data-id=\"aba603c\" data-element_type=\"widget\" data-e-type=\"widget\" data-widget_type=\"image.default\">\n\t\t\t\t\t\t\t\t\t\t\t\t\t\t\t<img decoding=\"async\" src=\"https:\/\/goias.gov.br\/controladoria\/wp-content\/uploads\/sites\/31\/2025\/05\/logos.png\" title=\"\" alt=\"\" loading=\"lazy\" \/>\t\t\t\t\t\t\t\t\t\t\t\t\t\t\t<\/div>\n\t\t\t\t\t<\/div>\n\t\t\t\t<\/div>\n\t\t\t\t<\/div>\n\t\t","protected":false},"excerpt":{"rendered":"<p>17 DE JUNHO DE 2025 Fa\u00e7a j\u00e1 a sua inscri\u00e7\u00e3o: INSCREVA-SE AQUI SOBRE O EVENTO A Controladoria-Geral do Estado de Goi\u00e1s (CGE-GO), por meio da Subcontroladoria do Sistema de Correi\u00e7\u00e3o e Contas e do Comit\u00ea Permanente para Quest\u00f5es da Mulher e da Diversidade, convida voc\u00ea para o evento do Dia Estadual de Preven\u00e7\u00e3o e Combate [&hellip;]<\/p>\n","protected":false},"author":657,"featured_media":0,"parent":0,"menu_order":0,"comment_status":"closed","ping_status":"closed","template":"elementor_header_footer","meta":{"footnotes":""},"class_list":["post-117715","page","type-page","status-publish","hentry"],"rttpg_featured_image_url":null,"rttpg_author":{"display_name":"anamorais","author_link":"https:\/\/goias.gov.br\/controladoria\/author\/anamorais\/"},"rttpg_comment":0,"rttpg_category":null,"rttpg_excerpt":"17 DE JUNHO DE 2025 Fa\u00e7a j\u00e1 a sua inscri\u00e7\u00e3o: INSCREVA-SE AQUI SOBRE O EVENTO A Controladoria-Geral do Estado de Goi\u00e1s (CGE-GO), por meio da Subcontroladoria do Sistema de Correi\u00e7\u00e3o e Contas e do Comit\u00ea Permanente para Quest\u00f5es da Mulher e da Diversidade, convida voc\u00ea para o evento do Dia Estadual de Preven\u00e7\u00e3o e Combate&hellip;","_links":{"self":[{"href":"https:\/\/goias.gov.br\/controladoria\/wp-json\/wp\/v2\/pages\/117715","targetHints":{"allow":["GET"]}}],"collection":[{"href":"https:\/\/goias.gov.br\/controladoria\/wp-json\/wp\/v2\/pages"}],"about":[{"href":"https:\/\/goias.gov.br\/controladoria\/wp-json\/wp\/v2\/types\/page"}],"author":[{"embeddable":true,"href":"https:\/\/goias.gov.br\/controladoria\/wp-json\/wp\/v2\/users\/657"}],"replies":[{"embeddable":true,"href":"https:\/\/goias.gov.br\/controladoria\/wp-json\/wp\/v2\/comments?post=117715"}],"version-history":[{"count":2,"href":"https:\/\/goias.gov.br\/controladoria\/wp-json\/wp\/v2\/pages\/117715\/revisions"}],"predecessor-version":[{"id":219695,"href":"https:\/\/goias.gov.br\/controladoria\/wp-json\/wp\/v2\/pages\/117715\/revisions\/219695"}],"wp:attachment":[{"href":"https:\/\/goias.gov.br\/controladoria\/wp-json\/wp\/v2\/media?parent=117715"}],"curies":[{"name":"wp","href":"https:\/\/api.w.org\/{rel}","templated":true}]}}