

{"id":10896,"date":"2023-11-14T12:32:15","date_gmt":"2023-11-14T15:32:15","guid":{"rendered":"https:\/\/siteshom.goias.gov.br\/controladoria\/?page_id=10896"},"modified":"2025-11-19T11:59:19","modified_gmt":"2025-11-19T14:59:19","slug":"coronavirus-o-que-voce-precisa-saber","status":"publish","type":"page","link":"https:\/\/goias.gov.br\/controladoria\/coronavirus-o-que-voce-precisa-saber\/","title":{"rendered":"Coronav\u00edrus o que voc\u00ea precisa saber"},"content":{"rendered":"\t\t<div data-elementor-type=\"wp-page\" data-elementor-id=\"10896\" class=\"elementor elementor-10896\">\n\t\t\t\t<div class=\"elementor-element elementor-element-bf9d588 e-flex e-con-boxed e-con e-parent\" data-id=\"bf9d588\" data-element_type=\"container\" data-e-type=\"container\">\n\t\t\t\t\t<div class=\"e-con-inner\">\n\t\t<div class=\"elementor-element elementor-element-7865a88 e-con-full e-flex e-con e-child\" data-id=\"7865a88\" data-element_type=\"container\" data-e-type=\"container\">\n\t\t\t\t<div class=\"elementor-element elementor-element-92c97aa elementor-widget elementor-widget-text-editor\" data-id=\"92c97aa\" data-element_type=\"widget\" data-e-type=\"widget\" data-widget_type=\"text-editor.default\">\n\t\t\t\t\t\t\t\t\t<p><a href=\"https:\/\/coronavirus.saude.gov.br\/sobre-a-doenca\" target=\"_blank\" rel=\"noopener noreferrer\">Sobre a doen\u00e7a<\/a><\/p><div><div class=\"left-collumn\"><p><a href=\"http:\/\/www.casacivil.go.gov.br\/noticias\/9033-legisla%C3%A7%C3%A3o-sobre-o-coronav%C3%ADrus-covid-19.html\" target=\"_blank\" rel=\"noopener noreferrer\">Legisla\u00e7\u00e3o<\/a><\/p><p><a href=\"http:\/\/www.cge.go.gov.br\/ouvidoria\/faq_corona.php\" target=\"_blank\" rel=\"noopener noreferrer\">Perguntas Frequentes<\/a><\/p><p><a href=\"https:\/\/www.saude.gov.br\/campanhas\/46452-coronavirus\" target=\"_blank\" rel=\"noopener noreferrer\">Compartilhe sa\u00fade<\/a><\/p><p><a href=\"https:\/\/www.saude.gov.br\/fakenews\" target=\"_blank\" rel=\"noopener noreferrer\">Combate \u00e0 desinforma\u00e7\u00e3o (&#8220;fake News&#8221;)<\/a><\/p><p><a href=\"https:\/\/www.youtube.com\/user\/CanalTBC\/search?query=coronav%C3%ADrus\" target=\"_blank\" rel=\"noopener noreferrer\">Not\u00edcias da TBC<\/a><\/p><p><a href=\"https:\/\/www.goias.gov.br\/\" target=\"_blank\" rel=\"noopener noreferrer\">Portal Goi\u00e1s<\/a><\/p><p><a href=\"http:\/\/www.cge.go.gov.br\/ouvidoria\/\" target=\"_blank\" rel=\"noopener noreferrer\">Ouvidoria<\/a><\/p><\/div><\/div>\t\t\t\t\t\t\t\t<\/div>\n\t\t\t\t<\/div>\n\t\t<div class=\"elementor-element elementor-element-7066e53 e-con-full e-flex e-con e-child\" data-id=\"7066e53\" data-element_type=\"container\" data-e-type=\"container\">\n\t\t\t\t<div class=\"elementor-element elementor-element-c9d0ec5 elementor-widget elementor-widget-image\" data-id=\"c9d0ec5\" data-element_type=\"widget\" data-e-type=\"widget\" data-widget_type=\"image.default\">\n\t\t\t\t\t\t\t\t\t\t\t\t\t\t\t<img decoding=\"async\" src=\"https:\/\/goias.gov.br\/controladoria\/wp-content\/uploads\/sites\/31\/2021\/05\/capa_embaixadores_2021-50d.png\" title=\"\" alt=\"\" loading=\"lazy\" \/>\t\t\t\t\t\t\t\t\t\t\t\t\t\t\t<\/div>\n\t\t\t\t<div class=\"elementor-element elementor-element-8dd0ea6 elementor-widget elementor-widget-text-editor\" data-id=\"8dd0ea6\" data-element_type=\"widget\" data-e-type=\"widget\" data-widget_type=\"text-editor.default\">\n\t\t\t\t\t\t\t\t\t<p><a class=\"btn btn-primary btn-lg active\" href=\"index.php?option=com_content&amp;view=article&amp;layout=edit&amp;id=6359\">Cidad\u00e3o<\/a> <a class=\"btn btn-primary btn-lg active\" href=\"index.php?option=com_content&amp;view=article&amp;layout=edit&amp;id=6360\">Profissional de Sa\u00fade<\/a> <a class=\"btn btn-primary btn-lg active\" href=\"index.php?option=com_content&amp;view=article&amp;layout=edit&amp;id=6361\">Imprensa<\/a><\/p><div id=\"gtx-trans\" style=\"position: absolute; left: -15px; top: 26px;\">\u00a0<\/div>\t\t\t\t\t\t\t\t<\/div>\n\t\t\t\t<\/div>\n\t\t\t\t\t<\/div>\n\t\t\t\t<\/div>\n\t\t<div class=\"elementor-element elementor-element-40bc327 e-flex e-con-boxed e-con e-parent\" data-id=\"40bc327\" data-element_type=\"container\" data-e-type=\"container\">\n\t\t\t\t\t<div class=\"e-con-inner\">\n\t\t<div class=\"elementor-element elementor-element-c095eae e-con-full e-flex e-con e-child\" data-id=\"c095eae\" data-element_type=\"container\" data-e-type=\"container\">\n\t\t\t\t<div class=\"elementor-element elementor-element-b297ac6 elementor-widget elementor-widget-text-editor\" data-id=\"b297ac6\" data-element_type=\"widget\" data-e-type=\"widget\" data-widget_type=\"text-editor.default\">\n\t\t\t\t\t\t\t\t\t<p><a href=\"https:\/\/apps.apple.com\/br\/app\/coronav%C3%ADrus-sus\/id1408008382\" target=\"_blank\" rel=\"noopener noreferrer\"><img decoding=\"async\" src=\"http:\/\/www.controladoria.go.gov.br\/cge\/images\/logos\/logo-coronavirus-app.png\" alt=\"Smiley face\" width=\"40\" height=\"40\" \/>APP Coronav\u00edrus iOS<\/a><\/p><p><a href=\"https:\/\/play.google.com\/store\/apps\/details?id=br.gov.datasus.guardioes&amp;hl=pt_BR\" target=\"_blank\" rel=\"noopener noreferrer\"><img decoding=\"async\" src=\"http:\/\/www.controladoria.go.gov.br\/cge\/images\/logos\/logo-coronavirus-app.png\" alt=\"Smiley face\" width=\"37\" height=\"37\" \/>APP Coronav\u00edrus Android<\/a><\/p><p><a href=\"https:\/\/coronavirus-app.saude.gov.br\/\" target=\"_blank\" rel=\"noopener noreferrer\"><img decoding=\"async\" src=\"http:\/\/www.controladoria.go.gov.br\/cge\/images\/logos\/logo-coronavirus-app.png\" alt=\"App Coronav\u00edrus\" width=\"40\" height=\"40\" \/>APP Coronav\u00edrus Web<\/a><\/p><div id=\"gtx-trans\" style=\"position: absolute; left: -89px; top: -14px;\">\u00a0<\/div>\t\t\t\t\t\t\t\t<\/div>\n\t\t\t\t<\/div>\n\t\t<div class=\"elementor-element elementor-element-c562976 e-con-full e-flex e-con e-child\" data-id=\"c562976\" data-element_type=\"container\" data-e-type=\"container\">\n\t\t\t\t<\/div>\n\t\t<div class=\"elementor-element elementor-element-a163f1e e-con-full e-flex e-con e-child\" data-id=\"a163f1e\" data-element_type=\"container\" data-e-type=\"container\">\n\t\t\t\t<\/div>\n\t\t\t\t\t<\/div>\n\t\t\t\t<\/div>\n\t\t\t\t<\/div>\n\t\t","protected":false},"excerpt":{"rendered":"<p>Sobre a doen\u00e7a Legisla\u00e7\u00e3o Perguntas Frequentes Compartilhe sa\u00fade Combate \u00e0 desinforma\u00e7\u00e3o (&#8220;fake News&#8221;) Not\u00edcias da TBC Portal Goi\u00e1s Ouvidoria Cidad\u00e3o Profissional de Sa\u00fade Imprensa \u00a0 APP Coronav\u00edrus iOS APP Coronav\u00edrus Android APP Coronav\u00edrus Web \u00a0<\/p>\n","protected":false},"author":7,"featured_media":0,"parent":0,"menu_order":0,"comment_status":"closed","ping_status":"closed","template":"wppb_theme_template","meta":{"footnotes":""},"class_list":["post-10896","page","type-page","status-publish","hentry"],"rttpg_featured_image_url":null,"rttpg_author":{"display_name":"gustavogoncalves","author_link":"https:\/\/goias.gov.br\/controladoria\/author\/gustavogoncalves\/"},"rttpg_comment":0,"rttpg_category":null,"rttpg_excerpt":"Sobre a doen\u00e7a Legisla\u00e7\u00e3o Perguntas Frequentes Compartilhe sa\u00fade Combate \u00e0 desinforma\u00e7\u00e3o (&#8220;fake News&#8221;) Not\u00edcias da TBC Portal Goi\u00e1s Ouvidoria Cidad\u00e3o Profissional de Sa\u00fade Imprensa \u00a0 APP Coronav\u00edrus iOS APP Coronav\u00edrus Android APP Coronav\u00edrus Web \u00a0","_links":{"self":[{"href":"https:\/\/goias.gov.br\/controladoria\/wp-json\/wp\/v2\/pages\/10896","targetHints":{"allow":["GET"]}}],"collection":[{"href":"https:\/\/goias.gov.br\/controladoria\/wp-json\/wp\/v2\/pages"}],"about":[{"href":"https:\/\/goias.gov.br\/controladoria\/wp-json\/wp\/v2\/types\/page"}],"author":[{"embeddable":true,"href":"https:\/\/goias.gov.br\/controladoria\/wp-json\/wp\/v2\/users\/7"}],"replies":[{"embeddable":true,"href":"https:\/\/goias.gov.br\/controladoria\/wp-json\/wp\/v2\/comments?post=10896"}],"version-history":[{"count":2,"href":"https:\/\/goias.gov.br\/controladoria\/wp-json\/wp\/v2\/pages\/10896\/revisions"}],"predecessor-version":[{"id":218845,"href":"https:\/\/goias.gov.br\/controladoria\/wp-json\/wp\/v2\/pages\/10896\/revisions\/218845"}],"wp:attachment":[{"href":"https:\/\/goias.gov.br\/controladoria\/wp-json\/wp\/v2\/media?parent=10896"}],"curies":[{"name":"wp","href":"https:\/\/api.w.org\/{rel}","templated":true}]}}