

{"id":10810,"date":"2023-11-13T15:04:29","date_gmt":"2023-11-13T18:04:29","guid":{"rendered":"https:\/\/siteshom.goias.gov.br\/controladoria\/?page_id=10810"},"modified":"2026-04-06T13:30:46","modified_gmt":"2026-04-06T16:30:46","slug":"institucional","status":"publish","type":"page","link":"https:\/\/goias.gov.br\/controladoria\/institucional\/","title":{"rendered":"Institucional"},"content":{"rendered":"\t\t<div data-elementor-type=\"wp-page\" data-elementor-id=\"10810\" class=\"elementor elementor-10810\">\n\t\t\t\t<div class=\"elementor-element elementor-element-ee73bb2 e-flex e-con-boxed e-con e-parent\" data-id=\"ee73bb2\" data-element_type=\"container\" data-e-type=\"container\">\n\t\t\t\t\t<div class=\"e-con-inner\">\n\t\t\t\t<div class=\"elementor-element elementor-element-48f7076 elementor-widget elementor-widget-shortcode\" data-id=\"48f7076\" data-element_type=\"widget\" data-e-type=\"widget\" data-widget_type=\"shortcode.default\">\n\t\t\t\t\t\t\t<div class=\"elementor-shortcode\"><div data-post-id=\"7\" class=\"insert-page insert-page-7 \"><h1 class='insert-page-title'>A Secretaria<\/h1><p>A Controladoria-Geral do Estado de Goi\u00e1s (CGE-GO) \u00e9 o \u00f3rg\u00e3o central dos sistemas de controle interno, correi\u00e7\u00e3o, transpar\u00eancia e ouvidoria, integrante da Administra\u00e7\u00e3o Direta do Poder Executivo do Estado de Goi\u00e1s, na forma da <a href=\"https:\/\/legisla.casacivil.go.gov.br\/pesquisa_legislacao\/106749\/lei-21792\">Lei n\u00ba 21.792, de 16 de fevereiro de 2023.<\/a> A CGE \u00e9 dirigida pelo secret\u00e1rio de Estado-Chefe da Controladoria-Geral e<span class=\"ui-provider bun buo axg bup buq bur bus but buu buv buw bux buy buz bva bvb bvc bvd bve bvf bvg bvh bvi bvj bvk bvl bvm bvn bvo bvp bvq bvr bvs bvt bvu\" dir=\"ltr\"> regulamentada pelo <a href=\"https:\/\/legisla.casacivil.go.gov.br\/pesquisa_legislacao\/108402\/decreto-10391\">Decreto 10.391\/2024<\/a>.<\/span><\/p>\n<p>No \u00e2mbito da administra\u00e7\u00e3o p\u00fablica estadual, cabe \u00e0 CGE a ado\u00e7\u00e3o das provid\u00eancias necess\u00e1rias \u00e0 defesa do patrim\u00f4nio p\u00fablico; ao controle interno; \u00e0 auditoria p\u00fablica; \u00e0 correi\u00e7\u00e3o; \u00e0 preven\u00e7\u00e3o e ao combate \u00e0 corrup\u00e7\u00e3o; \u00e0s atividades de ouvidoria e ao incremento da transpar\u00eancia da gest\u00e3o. Suas atribui\u00e7\u00f5es est\u00e3o detalhas na <a href=\"https:\/\/legisla.casacivil.go.gov.br\/api\/v2\/pesquisa\/legislacoes\/103930\/pdf\">Lei Org\u00e2nica <\/a><span class=\"ui-provider bun buo axg bup buq bur bus but buu buv buw bux buy buz bva bvb bvc bvd bve bvf bvg bvh bvi bvj bvk bvl bvm bvn bvo bvp bvq bvr bvs bvt bvu\" dir=\"ltr\"><a href=\"https:\/\/legisla.casacivil.go.gov.br\/api\/v2\/pesquisa\/legislacoes\/103930\/pdf\">20.986\/2021<\/a>.<\/span><\/p>\n<p>A CGE foi criada pela Lei 17.257\/2011, de forma a atender ao requisito constitucional do artigo 29 da Constitui\u00e7\u00e3o do Estado de Goi\u00e1s, que determina a manuten\u00e7\u00e3o de um sistema de controle interno cujas atribui\u00e7\u00f5es previstas s\u00e3o desempenhadas pela Controladoria.<\/p>\n\n\n<p><\/p>\n<ul class='post-meta'>\n<li><span class='post-meta-key'>author_alias:<\/span> Joomla<\/li>\n<li><span class='post-meta-key'>tpg-post-view-count:<\/span> 282<\/li>\n<li><span class='post-meta-key'>rank_math_internal_links_processed:<\/span> 1<\/li>\n<li><span class='post-meta-key'>footnotes:<\/span> <\/li>\n<\/ul>\n<\/div><\/div>\n\t\t\t\t\t\t<\/div>\n\t\t\t\t<div class=\"elementor-element elementor-element-f7d9b8b elementor-widget elementor-widget-text-editor\" data-id=\"f7d9b8b\" data-element_type=\"widget\" data-e-type=\"widget\" data-widget_type=\"text-editor.default\">\n\t\t\t\t\t\t\t\t\t<p>Confira aqui o <a href=\"https:\/\/goias.gov.br\/controladoria\/gestao-estrategica\/\">Planejamento Estrat\u00e9gico 2024-2027, a Miss\u00e3o, Vis\u00e3o e Valores da CGE<\/a>.<\/p>\t\t\t\t\t\t\t\t<\/div>\n\t\t\t\t\t<\/div>\n\t\t\t\t<\/div>\n\t\t<div class=\"elementor-element elementor-element-4d06aa2 e-flex e-con-boxed e-con e-parent\" data-id=\"4d06aa2\" data-element_type=\"container\" data-e-type=\"container\">\n\t\t\t\t\t<div class=\"e-con-inner\">\n\t\t<div class=\"elementor-element elementor-element-92d71d9 e-con-full e-flex e-con e-child\" data-id=\"92d71d9\" data-element_type=\"container\" data-e-type=\"container\">\n\t\t\t\t<div class=\"elementor-element elementor-element-35c23dd elementor-widget elementor-widget-shortcode\" data-id=\"35c23dd\" data-element_type=\"widget\" data-e-type=\"widget\" data-widget_type=\"shortcode.default\">\n\t\t\t\t\t\t\t<div class=\"elementor-shortcode\"><div data-post-id=\"36\" class=\"insert-page insert-page-36 \"><h1 class='insert-page-title'>Compet\u00eancias<\/h1><p>De acordo com a Lei n&ordm; <a href=\"http:\/\/legisla.casacivil.go.gov.br\/pesquisa_legislacao\/106749\/lei-21792\">21.792, de 16 de fevereiro de 2023<\/a>, que estabelece a organiza&ccedil;&atilde;o administrativa b&aacute;sica do Poder Executivo do Estado de Goi&aacute;s e d&aacute; outras provid&ecirc;ncias:<\/p>\n<p>Art. 10. &Agrave; Controladoria-Geral do Estado competem:<\/p>\n<p>I &ndash; a ado&ccedil;&atilde;o das provid&ecirc;ncias necess&aacute;rias &agrave; defesa do patrim&ocirc;nio p&uacute;blico, ao controle interno, &agrave; auditoria p&uacute;blica, &agrave; correi&ccedil;&atilde;o, &agrave; preven&ccedil;&atilde;o e ao combate &agrave; corrup&ccedil;&atilde;o, &agrave;s atividades de ouvidoria e ao incremento da transpar&ecirc;ncia da gest&atilde;o no &acirc;mbito do Poder Executivo;<\/p>\n<p>II &ndash; a decis&atilde;o preliminar acerca de representa&ccedil;&otilde;es ou den&uacute;ncias fundamentadas que receber, com indica&ccedil;&atilde;o das provid&ecirc;ncias cab&iacute;veis;<\/p>\n<p>III &ndash; a instaura&ccedil;&atilde;o de procedimentos e processos administrativos a seu cargo, com a constitui&ccedil;&atilde;o de comiss&otilde;es, e a requisi&ccedil;&atilde;o da instaura&ccedil;&atilde;o dos que forem injustificadamente retardados pela autoridade respons&aacute;vel;<\/p>\n<p>IV &ndash; o acompanhamento de procedimentos e processos administrativos em curso cujo objeto esteja entre os mencionados no inciso I deste artigo em &oacute;rg&atilde;os ou entidades da administra&ccedil;&atilde;o p&uacute;blica estadual;<\/p>\n<p>V &ndash; a realiza&ccedil;&atilde;o de inspe&ccedil;&otilde;es e avoca&ccedil;&atilde;o de procedimentos e processos em curso na administra&ccedil;&atilde;o p&uacute;blica estadual, para exame de sua regularidade, bem como a proposi&ccedil;&atilde;o de provid&ecirc;ncias ou corre&ccedil;&atilde;o de falhas; e<\/p>\n<p>VI &ndash; a orienta&ccedil;&atilde;o, o apoio e o acompanhamento dos &oacute;rg&atilde;os e das entidades na implementa&ccedil;&atilde;o do Programa de Compliance P&uacute;blico.<\/p>\n<ul class='post-meta'>\n<li><span class='post-meta-key'>tpg-post-view-count:<\/span> 199<\/li>\n<li><span class='post-meta-key'>rank_math_internal_links_processed:<\/span> 1<\/li>\n<\/ul>\n<\/div><\/div>\n\t\t\t\t\t\t<\/div>\n\t\t\t\t<div class=\"elementor-element elementor-element-e779528 elementor-widget elementor-widget-shortcode\" data-id=\"e779528\" data-element_type=\"widget\" data-e-type=\"widget\" data-widget_type=\"shortcode.default\">\n\t\t\t\t\t\t\t<div class=\"elementor-shortcode\"><div data-post-id=\"26\" class=\"insert-page insert-page-26 \"><h1 class='insert-page-title'>Canais de Atendimento<\/h1><p class=\"nomargintop\" style=\"text-align: justify;\"><strong>Atendimento presencial<\/strong><\/p>\n<ul>\n<li>Endere\u00e7o: Rua 82 n\u00ba 400, Pal\u00e1cio Pedro Ludovico Teixeira, 3\u00ba Andar, Setor Sul, Goi\u00e2nia\/GO\u00a0<\/li>\n<li>Telefone: (62) 3201-5354<\/li>\n<li>Email:\u00a0<a href=\"mailto:controladoria@goias.gov.br\">controladoria@goias.gov.br<\/a><\/li>\n<li>Atendimento: das\u00a0<strong>08h \u00e0s 12h<\/strong>\u00a0e\u00a0<strong>14h \u00e0s 18h\u00a0<\/strong>(segunda-feira a sexta-feira).<\/li>\n<\/ul>\n<p><span id=\"more-26\"><\/span><\/p>\n<hr \/>\n<p><strong>Atendimento da Ouvidoria<\/strong><\/p>\n<ul>\n<li>Para o registro de manifesta\u00e7\u00f5es de Elogios, Sugest\u00f5es, Solicita\u00e7\u00f5es, Reclama\u00e7\u00f5es, Den\u00fancias e Pedidos de Acesso \u00e0 Informa\u00e7\u00e3o &#8211; (Lei de Acesso a Informa\u00e7\u00e3o) o usu\u00e1rio pode clicar em <a href=\"https:\/\/www.go.gov.br\/servicos-digitais\/cge\/nova-ouvidoria\">Realizar manifesta\u00e7\u00e3o de ouvidoria | Portal Expresso (www.go.gov.br)<\/a><\/li>\n<li>E-mail: <a href=\"mailto:ouvidoria@goias.gov.br\" target=\"_blank\" rel=\"noopener\">ouvidoria@goias.gov.br<\/a><\/li>\n<li>Telefone: <strong>162\u200b<\/strong><\/li>\n<\/ul>\n\n\n<p><\/p>\n<ul class='post-meta'>\n<li><span class='post-meta-key'>rank_math_internal_links_processed:<\/span> 1<\/li>\n<li><span class='post-meta-key'>footnotes:<\/span> <\/li>\n<li><span class='post-meta-key'>tpg-post-view-count:<\/span> 256<\/li>\n<\/ul>\n<\/div><\/div>\n\t\t\t\t\t\t<\/div>\n\t\t\t\t<\/div>\n\t\t<div class=\"elementor-element elementor-element-831e64a e-con-full e-flex e-con e-child\" data-id=\"831e64a\" data-element_type=\"container\" data-e-type=\"container\">\n\t\t\t\t<div class=\"elementor-element elementor-element-c692c74 elementor-widget elementor-widget-image\" data-id=\"c692c74\" data-element_type=\"widget\" data-e-type=\"widget\" data-widget_type=\"image.default\">\n\t\t\t\t\t\t\t\t\t\t\t\t\t\t\t<img fetchpriority=\"high\" decoding=\"async\" width=\"819\" height=\"1024\" src=\"https:\/\/goias.gov.br\/controladoria\/wp-content\/uploads\/sites\/31\/2026\/04\/WhatsApp-Image-2026-04-06-at-11.21.26-819x1024.jpeg\" class=\"attachment-large size-large wp-image-270386\" alt=\"\" srcset=\"https:\/\/goias.gov.br\/controladoria\/wp-content\/uploads\/sites\/31\/2026\/04\/WhatsApp-Image-2026-04-06-at-11.21.26-819x1024.jpeg 819w, https:\/\/goias.gov.br\/controladoria\/wp-content\/uploads\/sites\/31\/2026\/04\/WhatsApp-Image-2026-04-06-at-11.21.26-240x300.jpeg 240w, https:\/\/goias.gov.br\/controladoria\/wp-content\/uploads\/sites\/31\/2026\/04\/WhatsApp-Image-2026-04-06-at-11.21.26-768x960.jpeg 768w, https:\/\/goias.gov.br\/controladoria\/wp-content\/uploads\/sites\/31\/2026\/04\/WhatsApp-Image-2026-04-06-at-11.21.26-1228x1536.jpeg 1228w, https:\/\/goias.gov.br\/controladoria\/wp-content\/uploads\/sites\/31\/2026\/04\/WhatsApp-Image-2026-04-06-at-11.21.26-1638x2048.jpeg 1638w, https:\/\/goias.gov.br\/controladoria\/wp-content\/uploads\/sites\/31\/2026\/04\/WhatsApp-Image-2026-04-06-at-11.21.26.jpeg 2047w\" sizes=\"(max-width: 819px) 100vw, 819px\" \/>\t\t\t\t\t\t\t\t\t\t\t\t\t\t\t<\/div>\n\t\t\t\t<div class=\"elementor-element elementor-element-62b5bc4 elementor-widget elementor-widget-text-editor\" data-id=\"62b5bc4\" data-element_type=\"widget\" data-e-type=\"widget\" data-widget_type=\"text-editor.default\">\n\t\t\t\t\t\t\t\t\t<p style=\"text-align: left;\"><span style=\"color: #339966; font-size: 18pt;\"><strong>Ant\u00f4nio Fl\u00e1vio de Oliveira<\/strong><\/span><\/p><p style=\"text-align: left;\"><span style=\"font-size: 14pt; color: #808080;\">Secret\u00e1rio-chefe da Controladoria-Geral do Estado de Goi\u00e1s<\/span><\/p><p>Nascido em Mineiros (GO), o Procurador do Estado de Goi\u00e1s e professor universit\u00e1rio de Direito Constitucional, Administrativo e Financeiro assumiu o cargo de secret\u00e1rio-chefe da CGE-GO em 6 de abril de 2026.\u00a0<\/p><p>Bacharel em Direito pela Faculdade de Direito da UFG; Mestre em Direito e Pol\u00edticas P\u00fablicas (UFG) especialista em Processo Civil (CESUT) e Direito Constitucional (UFG), ele tamb\u00e9m \u00e9 \u2060Membro do Instituto de Direito Administrativo do Estado de Goi\u00e1s &#8211; IDAG.<\/p><p>\u00c9 autor de obras como\u00a0 &#8220;Servidor P\u00fablico. A Averba\u00e7\u00e3o do Tempo de Servi\u00e7o&#8221; e &#8220;Servidor P\u00fablico. Remo\u00e7\u00e3o, Cess\u00e3o, Enquadramento e Redistribui\u00e7\u00e3o.&#8221;<\/p><p>Foi chefe do Centro de Estudos Jur\u00eddicos &#8211; CEJUR &#8211; da Procuradoria-Geral do Estado de Goi\u00e1s; Corregedor-Geral da Procuradoria-Geral do Estado de Goi\u00e1s (2020 a 2021); Procurador-Geral do Munic\u00edpio de Goi\u00e2nia-GO (2021); ex-Procurador-Chefe da Procuradoria Setorial da Secretaria da Retomada e da Sa\u00fade de Goi\u00e1s.<\/p><p>\u00c9 professor universit\u00e1rio na Universidade Salgado de Oliveira (Goi\u00e2nia) desde 2002.<\/p>\t\t\t\t\t\t\t\t<\/div>\n\t\t\t\t<\/div>\n\t\t\t\t\t<\/div>\n\t\t\t\t<\/div>\n\t\t<div class=\"elementor-element elementor-element-dbccc9e e-flex e-con-boxed e-con e-parent\" data-id=\"dbccc9e\" data-element_type=\"container\" data-e-type=\"container\">\n\t\t\t\t\t<div class=\"e-con-inner\">\n\t\t\t\t<div class=\"elementor-element elementor-element-22b1d9c elementor-widget elementor-widget-text-editor\" data-id=\"22b1d9c\" data-element_type=\"widget\" data-e-type=\"widget\" data-widget_type=\"text-editor.default\">\n\t\t\t\t\t\t\t\t\t<h1 class=\"insert-page-title\">Estrutura Organizacional<\/h1><p>A CGE \u00e9 dividida em quatro subcontroladorias, cinco controladorias especializadas e seis auditorias internas especializadas, respons\u00e1veis por atender ao cidad\u00e3o por meio de suas atividades.<\/p><div><ul><li><strong>Subcontroladoria de Governo Aberto e Ouvidoria Geral<\/strong><\/li><\/ul><\/div><div><ul><li>Controladoria Especializada em Transpar\u00eancia<\/li><li>Controladoria Especializada em Participa\u00e7\u00e3o Cidad\u00e3<\/li><\/ul><\/div><div><ul><li><strong>Subcontroladoria do Sistema de Correi\u00e7\u00e3o e Contas<\/strong><\/li><\/ul><\/div><div><ul><li>Controladoria Especializada em Avalia\u00e7\u00e3o da Atividade Correcional e Contas<\/li><\/ul><\/div><div><ul><li><strong>Subcontroladoria de Auditoria Interna e Controle<\/strong><\/li><\/ul><\/div><div><ul><li>Auditoria Interna de Desenvolvimento Sustent\u00e1vel<\/li><li>Auditoria Interna de Pol\u00edticas Sociais e Inova\u00e7\u00e3o<\/li><li>Auditoria Interna\u00a0de Pol\u00edticas Econ\u00f4micas e de Gest\u00e3o<\/li><li>Auditoria Interna de Mobilidade e Regula\u00e7\u00e3o<\/li><li>Auditoria Interna de Seguran\u00e7a P\u00fablica<br \/><br \/><\/li><li><strong>Subcontroladoria de Opera\u00e7\u00f5es Especiais<br \/><br \/><\/strong><\/li><li>Controladoria Especializada em A\u00e7\u00f5es Especiais e Intelig\u00eancia<\/li><li>Controladoria Especializada em Inspe\u00e7\u00f5es<\/li><\/ul><\/div><ul><li><a href=\"https:\/\/goias.gov.br\/administracao\/wp-content\/uploads\/sites\/27\/2019\/02\/CGE-1.pdf\">Conhe\u00e7a tamb\u00e9m nosso organograma<\/a><\/li><li><a href=\"https:\/\/legisla.casacivil.go.gov.br\/pesquisa_legislacao\/108402\/decreto-10391\">O regulamento da CGE (Decreto 10.391\/2024)<\/a><\/li><li><a href=\"https:\/\/goias.gov.br\/controladoria\/cargos-e-seus-ocupantes\/\">Saiba quem \u00e9 quem em\u00a0Cargos e seus Ocupantes<\/a><\/li><\/ul><p>Conhe\u00e7a tamb\u00e9m outras entidades que est\u00e3o jurisdicionadas a CGE:<\/p><ul><li><a href=\"https:\/\/transparencia.go.gov.br\/conselho-de-transparencia-publica-e-combate-a-corrupcao\/\" target=\"_blank\" rel=\"noopener\">Conselho de\u00a0Transpar\u00eancia P\u00fablica e Combate \u00e0 Corrup\u00e7\u00e3o<\/a><\/li><\/ul>\t\t\t\t\t\t\t\t<\/div>\n\t\t\t\t\t<\/div>\n\t\t\t\t<\/div>\n\t\t\t\t<\/div>\n\t\t","protected":false},"excerpt":{"rendered":"<p>Confira aqui o Planejamento Estrat\u00e9gico 2024-2027, a Miss\u00e3o, Vis\u00e3o e Valores da CGE. Ant\u00f4nio Fl\u00e1vio de Oliveira Secret\u00e1rio-chefe da Controladoria-Geral do Estado de Goi\u00e1s Nascido em Mineiros (GO), o Procurador do Estado de Goi\u00e1s e professor universit\u00e1rio de Direito Constitucional, Administrativo e Financeiro assumiu o cargo de secret\u00e1rio-chefe da CGE-GO em 6 de abril de [&hellip;]<\/p>\n","protected":false},"author":7,"featured_media":0,"parent":0,"menu_order":0,"comment_status":"closed","ping_status":"closed","template":"elementor_header_footer","meta":{"footnotes":""},"class_list":["post-10810","page","type-page","status-publish","hentry"],"rttpg_featured_image_url":null,"rttpg_author":{"display_name":"gustavogoncalves","author_link":"https:\/\/goias.gov.br\/controladoria\/author\/gustavogoncalves\/"},"rttpg_comment":0,"rttpg_category":"","rttpg_excerpt":"Confira aqui o Planejamento Estrat\u00e9gico 2024-2027, a Miss\u00e3o, Vis\u00e3o e Valores da CGE. Ant\u00f4nio Fl\u00e1vio de Oliveira Secret\u00e1rio-chefe da Controladoria-Geral do Estado de Goi\u00e1s Nascido em Mineiros (GO), o Procurador do Estado de Goi\u00e1s e professor universit\u00e1rio de Direito Constitucional, Administrativo e Financeiro assumiu o cargo de secret\u00e1rio-chefe da CGE-GO em 6 de abril de&hellip;","_links":{"self":[{"href":"https:\/\/goias.gov.br\/controladoria\/wp-json\/wp\/v2\/pages\/10810","targetHints":{"allow":["GET"]}}],"collection":[{"href":"https:\/\/goias.gov.br\/controladoria\/wp-json\/wp\/v2\/pages"}],"about":[{"href":"https:\/\/goias.gov.br\/controladoria\/wp-json\/wp\/v2\/types\/page"}],"author":[{"embeddable":true,"href":"https:\/\/goias.gov.br\/controladoria\/wp-json\/wp\/v2\/users\/7"}],"replies":[{"embeddable":true,"href":"https:\/\/goias.gov.br\/controladoria\/wp-json\/wp\/v2\/comments?post=10810"}],"version-history":[{"count":2,"href":"https:\/\/goias.gov.br\/controladoria\/wp-json\/wp\/v2\/pages\/10810\/revisions"}],"predecessor-version":[{"id":270886,"href":"https:\/\/goias.gov.br\/controladoria\/wp-json\/wp\/v2\/pages\/10810\/revisions\/270886"}],"wp:attachment":[{"href":"https:\/\/goias.gov.br\/controladoria\/wp-json\/wp\/v2\/media?parent=10810"}],"curies":[{"name":"wp","href":"https:\/\/api.w.org\/{rel}","templated":true}]}}