

{"id":10806,"date":"2023-11-13T14:46:31","date_gmt":"2023-11-13T17:46:31","guid":{"rendered":"https:\/\/siteshom.goias.gov.br\/controladoria\/?page_id=10806"},"modified":"2024-07-08T22:09:14","modified_gmt":"2024-07-09T01:09:14","slug":"mapa-do-site","status":"publish","type":"page","link":"https:\/\/goias.gov.br\/controladoria\/mapa-do-site\/","title":{"rendered":"Mapa do Site"},"content":{"rendered":"<div id=\"custom-sitemap\" class=\"sitemap-container\"><div class='sitemap-group'><h3>A<\/h3><ul><li><a href='\/controladoria\/auditoria-interna-e-controle\/' target='_blank'>AUDITORIA<\/a><\/li><li><a href='https:\/\/goias.gov.br\/controladoria\/acesso-a-informacao\/' target='_blank'>ACESSO \u00c0 INFORMA\u00c7\u00c3O<\/a><\/li><li><a href='https:\/\/goias.gov.br\/controladoria\/assedio-no-ambiente-de-trabalho\/' target='_blank'>ASS\u00c9DIO NO AMBIENTE DE TRABALHO<\/a><\/li><li><a href='https:\/\/goias.gov.br\/controladoria\/a-tomada-de-contas-especial-tce\/' target='_blank'>A TOMADA DE CONTAS ESPECIAL \u2013 TCE<\/a><\/li><li><a href='https:\/\/goias.gov.br\/controladoria\/acordo-de-leniencia\/' target='_blank'>ACORDO DE LENI\u00caNCIA<\/a><\/li><li><a href='https:\/\/goias.gov.br\/controladoria\/agenda-de-autoridades\/' target='_blank'>AGENDA DE AUTORIDADES<\/a><\/li><li><a href='https:\/\/portal.al.go.leg.br\/' target='_blank'>ASSEMBLEIA LEGISLATIVA DO ESTADO DE GOI\u00c1S<\/a><\/li><li><a href='https:\/\/goias.gov.br\/controladoria\/75986-2\/' target='_blank'>ACORDOS SEM TRANSFER\u00caNCIA DE RECURSOS<\/a><\/li><li><a href='https:\/\/goias.gov.br\/controladoria\/autoridade-de-monitoramento-da-aplicacao-da-lai\/' target='_blank'>AUTORIDADE DE MONITORAMENTO DE APLICA\u00c7\u00c3O DA LAI<\/a><\/li><li><a href='https:\/\/goias.gov.br\/controladoria\/institucional\/audiencias-publicas\/' target='_blank'>AUDI\u00caNCIAS P\u00daBLICAS<\/a><\/li><\/ul><\/div><div class='sitemap-group'><h3>B<\/h3><ul><li><a href='https:\/\/goias.gov.br\/controladoria\/conhecimento-corregedoria\/' target='_blank'>BIBLIOTECA<\/a><\/li><li><a href='https:\/\/goias.gov.br\/controladoria\/boas-praticas-corregedoria\/' target='_blank'>BOAS PR\u00c1TICAS<\/a><\/li><li><a href='https:\/\/goias.gov.br\/controladoria\/wp-content\/uploads\/sites\/31\/2025\/10\/Bens-Moveis-CGE.pdf' target='_blank'>BENS M\u00d3VEIS<\/a><\/li><li><a href='https:\/\/goias.gov.br\/controladoria\/institucional\/bens-imoveis\/' target='_blank'>BENS IM\u00d3VEIS<\/a><\/li><li><a href='https:\/\/goias.gov.br\/economia\/prestacao-de-contas-de-governo\/' target='_blank'>BALAN\u00c7O GERAL DO ESTADO<\/a><\/li><\/ul><\/div><div class='sitemap-group'><h3>C<\/h3><ul><li><a href='https:\/\/www.go.gov.br\/servicos\/todos-os-servicos' target='_blank'>CARTA DE SERVI\u00c7OS<\/a><\/li><li><a href='\/controladoria\/portal-das-corregedorias\/' target='_blank'>CORREI\u00c7\u00c3O<\/a><\/li><li><a href='https:\/\/legisla.casacivil.go.gov.br\/pesquisa_legislacao\/103904\/decreto-9837' target='_blank'>C\u00d3DIGO DE \u00c9TICA<\/a><\/li><li><a href='https:\/\/goias.gov.br\/controladoria\/?p=8018' target='_blank'>CAPACITA\u00c7\u00c3O<\/a><\/li><li><a href='https:\/\/goias.gov.br\/controladoria\/celebrando-o-termo-de-ajustamento-de-conduta-tac-proposto-pelo-servidor-interessado\/' target='_blank'>CELEBRANDO O TERMO DE AJUSTAMENTO DE CONDUTA \u2013 TAC (PROPOSTO PELO SERVIDOR INTERESSADO)<\/a><\/li><li><a href='https:\/\/goias.gov.br\/controladoria\/celebrando-o-termo-de-ajustamento-de-conduta-tac-proposto-pela-administracao\/' target='_blank'>CELEBRANDO O TERMO DE AJUSTAMENTO DE CONDUTA \u2013 TAC (PROPOSTO PELA ADMINISTRA\u00c7\u00c3O)<\/a><\/li><li><a href='https:\/\/goias.gov.br\/controladoria\/cadastro-nacional-de-empresas-inidoneas-e-supensas-ceis-e-cadastro-nacional-de-empresas-punidas-cnep\/' target='_blank'>CADASTRO NACIONAL DE EMPRESAS INID\u00d4NEAS E SUPENSAS \u2013 CEIS E CADASTRO NACIONAL DE EMPRESAS PUNIDAS \u2013 CNEP<\/a><\/li><li><a href='https:\/\/goias.gov.br\/controladoria\/corregedorias\/' target='_blank'>CORREGEDORIAS<\/a><\/li><li><a href='https:\/\/goias.gov.br\/controladoria\/ceis-cadastro-nacional-de-empresas-inidoneas-e-suspensas\/' target='_blank'>CEIS \u2013 CADASTRO NACIONAL DE EMPRESAS INID\u00d4NEAS E SUSPENSAS<\/a><\/li><li><a href='https:\/\/goias.gov.br\/controladoria\/cnep-cadastro-nacional-de-empresas-punidas\/' target='_blank'>CNEP \u2013 CADASTRO NACIONAL DE EMPRESAS PUNIDAS<\/a><\/li><li><a href='https:\/\/goias.gov.br\/governo\/cadastro-de-autoridade\/' target='_blank'>CADASTRO DE AUTORIDADES<\/a><\/li><li><a href='https:\/\/goias.gov.br\/controladoria' target='_blank'>CONTROLADORIA-GERAL DO ESTADO DE GOI\u00c1S<\/a><\/li><li><a href='https:\/\/goias.gov.br\/controladoria\/institucional\/' target='_blank'>COMPET\u00caNCIAS<\/a><\/li><li><a href='https:\/\/goias.gov.br\/controladoria\/cargos-e-seus-ocupantes\/' target='_blank'>CARGOS E SEUS OCUPANTES<\/a><\/li><li><a href='https:\/\/transparencia.go.gov.br\/conselho-de-transparencia-publica-e-combate-a-corrupcao-controladoria\/' target='_blank'>CONSELHOS<\/a><\/li><li><a href='https:\/\/www.transparencia.go.gov.br\/lai.php?painel=receitas_estaduais&orgao=cge' target='_blank'>CGE<\/a><\/li><li><a href='https:\/\/goias.gov.br\/controladoria\/institucional\/convenios-recebidos\/' target='_blank'>CONV\u00caNIOS RECEBIDOS<\/a><\/li><li><a href='https:\/\/goias.gov.br\/controladoria\/convenios-concedidos-2024\/' target='_blank'>CONV\u00caNIOS CONCEDIDOS<\/a><\/li><li><a href='https:\/\/www.comprasnet.go.gov.br\/' target='_blank'>COMPRASNET<\/a><\/li><li><a href='https:\/\/www.transparencia.go.gov.br\/lai.php?painel=contratos_detalhamento&orgao=cge' target='_blank'>CONTRATOS<\/a><\/li><li><a href='https:\/\/goias.gov.br\/controladoria\/institucional\/contratos-emergenciais\/' target='_blank'>CONTRATOS EMERGENCIAIS<\/a><\/li><li><a href='https:\/\/goias.gov.br\/controladoria\/institucional\/contratos-de-locacao-de-imoveis\/' target='_blank'>CONTRATOS DE LOCA\u00c7\u00c3O DE IMO\u0301VEIS<\/a><\/li><li><a href='https:\/\/goias.gov.br\/controladoria\/classificacao-das-informacoes-sigilosas\/' target='_blank'>CLASSIFICA\u00c7\u00c3O DAS INFORMA\u00c7\u00d5ES SIGILOSAS<\/a><\/li><li><a href='https:\/\/goias.gov.br\/controladoria\/governo-aberto\/consulta-publica-governo-aberto\/' target='_blank'>CONSULTAS P\u00daBLICAS<\/a><\/li><\/ul><\/div><div class='sitemap-group'><h3>D<\/h3><ul><li><a href='https:\/\/dadosabertos.go.gov.br\/' target='_blank'>DADOS ABERTOS<\/a><\/li><li><a href='https:\/\/www.go.gov.br\/servicos-digitais\/cge\/nova-ouvidoria\/nova-manifestacao\/tela-negativo?orgao=8' target='_blank'>DEN\u00daNCIAS CONTRA CORRUP\u00c7\u00c3O<\/a><\/li><li><a href='https:\/\/dadosabertos.go.gov.br\/' target='_blank'>DADOS ABERTOS GOI\u00c1S<\/a><\/li><li><a href='http:\/\/diariooficial.abc.go.gov.br\/' target='_blank'>DI\u00c1RIO OFICIAL<\/a><\/li><li><a href='https:\/\/goias.gov.br\/controladoria\/institucional\/doacoes\/' target='_blank'>DOA\u00c7\u00d5ES<\/a><\/li><li><a href='https:\/\/www.transparencia.go.gov.br\/lai.php?painel=diarias&orgao=cge' target='_blank'>DI\u00c1RIAS<\/a><\/li><\/ul><\/div><div class='sitemap-group'><h3>E<\/h3><ul><li><a href='https:\/\/www.go.gov.br\/servicos-digitais\/cge\/nova-ouvidoria\/pedido-informacao-publica?orgao=8&tipo_manifestacao=7' target='_blank'>E-SIC<\/a><\/li><li><a href='https:\/\/www.go.gov.br\/servicos-digitais\/cge\/nova-ouvidoria\/pedido-informacao-publica?orgao=8&tipo_manifestacao=7' target='_blank'>E-SIC - SERVI\u00c7O ELETR\u00d4NICO DE INFORMA\u00c7\u00c3O AO CIDAD\u00c3O<\/a><\/li><li><a href='\/controladoria\/categoria\/portal-das-corregedorias\/' target='_blank'>EMPRESAS<\/a><\/li><li><a href='https:\/\/www.go.gov.br\/' target='_blank'>EXPRESSO GOI\u00c1S<\/a><\/li><li><a href='https:\/\/portal.go.gov.br\/' target='_blank'>EXPRESSO APLICA\u00c7\u00d5ES<\/a><\/li><li><a href='https:\/\/www.go.gov.br\/' target='_blank'>EXPRESSO SERVIDOR<\/a><\/li><li><a href='https:\/\/goias.gov.br\/escoladegoverno\/' target='_blank'>ESCOLA DE GOVERNO<\/a><\/li><li><a href='https:\/\/goias.gov.br\/administracao\/cge-dados-gerais\/' target='_blank'>ESTRUTURA ORGANIZACIONAL<\/a><\/li><li><a href='https:\/\/goias.gov.br\/controladoria\/telefones\/' target='_blank'>ENDERE\u00c7OS, TELEFONES, E-MAILS E HOR\u00c1RIOS DE ATENDIMENTO<\/a><\/li><li><a href='https:\/\/goias.gov.br\/controladoria\/institucional\/emendas-parlamentares-estaduais\/' target='_blank'>EMENDAS PARLAMENTARES ESTADUAIS<\/a><\/li><li><a href='https:\/\/goias.gov.br\/controladoria\/institucional\/emendas-parlamentares-federais\/' target='_blank'>EMENDAS PARLAMENTARES FEDERAIS<\/a><\/li><li><a href='https:\/\/www.go.gov.br\/servicos-digitais\/cge\/nova-ouvidoria\/nova-manifestacao?orgao=8' target='_blank'>E-SIC ELETR\u00d4NICO<\/a><\/li><li><a href='https:\/\/goias.gov.br\/controladoria\/encarregado-pelo-tratamento-de-dados-pessoais-cge-go\/' target='_blank'>ENCARREGADO PELO TRATAMENTO DE DADOS PESSOAIS<\/a><\/li><\/ul><\/div><div class='sitemap-group'><h3>F<\/h3><ul><li><a href='https:\/\/goias.gov.br\/focco\/' target='_blank'>FOCCO-GO<\/a><\/li><li><a href='https:\/\/goias.gov.br\/controladoria\/fale-conosco\/' target='_blank'>FALE CONOSCO<\/a><\/li><li><a href='https:\/\/goias.gov.br\/controladoria\/fundo-especial-de-fomento-a-transparencia-e-combate-a-corrupcao\/' target='_blank'>FUNDO ESPECIAL DE FOMENTO \u00c0 TRANSPAR\u00caNCIA E COMBATE \u00c0 CORRUP\u00c7\u00c3O<\/a><\/li><li><a href='https:\/\/www.facebook.com\/cgegoias\/' target='_blank'>FACEBOOK<\/a><\/li><li><a href='https:\/\/www.transparencia.go.gov.br\/lai.php?painel=folha_de_pagamento_salarios_de_servidores_ativos&orgao=cge' target='_blank'>FOLHA DE PAGAMENTO<\/a><\/li><\/ul><\/div><div class='sitemap-group'><h3>G<\/h3><ul><li><a href='https:\/\/goias.gov.br\/controladoria\/governo-aberto\/' target='_blank'>GOVERNO ABERTO<\/a><\/li><li><a href='https:\/\/transparencia.go.gov.br\/6a-edicao-do-premio-goias-mais-transparente\/' target='_blank'>GOI\u00c1S + TRANSPARENTE<\/a><\/li><li><a href='https:\/\/goias.gov.br\/controladoria\/gestao-estrategica\/' target='_blank'>GEST\u00c3O ESTRAT\u00c9GICA<\/a><\/li><li><a href='https:\/\/transparencia.go.gov.br\/' target='_blank'>GOI\u00c1S TRANSPAR\u00caNCIA<\/a><\/li><li><a href='https:\/\/www.gov.br\/' target='_blank'>GOVERNO FEDERAL<\/a><\/li><\/ul><\/div><div class='sitemap-group'><h3>I<\/h3><ul><li><a href='https:\/\/goias.gov.br\/controladoria\/institucional\/' target='_blank'>INSTITUCIONAL<\/a><\/li><li><a href='\/controladoria\/inspecao\/' target='_blank'>INSPE\u00c7\u00c3O<\/a><\/li><li><a href='https:\/\/goias.gov.br\/controladoria\/instrucao-normativa-no-04-2020\/' target='_blank'>IN-04 SISCOR\/GO<\/a><\/li><li><a href='https:\/\/goias.gov.br\/controladoria\/infograficos\/' target='_blank'>INFOGR\u00c1FICOS<\/a><\/li><li><a href='https:\/\/goias.gov.br\/controladoria\/instrucao-normativa-n-03-2021-cge\/' target='_blank'>INSTRU\u00c7\u00c3O NORMATIVA N\u00b0 03\/2021-CGE<\/a><\/li><li><a href='https:\/\/www.instagram.com\/cgegoias\/' target='_blank'>INSTAGRAM<\/a><\/li><li><a href='https:\/\/www.transparencia.go.gov.br\/wp-content\/uploads\/sites\/2\/painel\/lai.php?painel=pda&orgao=cge' target='_blank'>INVENT\u00c1RIO DE DADOS<\/a><\/li><\/ul><\/div><div class='sitemap-group'><h3>J<\/h3><ul><li><a href='https:\/\/goias.gov.br\/controladoria\/julgamento-das-contas-pelo-tce-go\/' target='_blank'>JULGAMENTO DAS CONTAS PELO TCE-GO<\/a><\/li><\/ul><\/div><div class='sitemap-group'><h3>L<\/h3><ul><li><a href='https:\/\/goias.gov.br\/controladoria\/legislacao-federal\/' target='_blank'>LEGISLA\u00c7\u00c3O FEDERAL<\/a><\/li><li><a href='https:\/\/goias.gov.br\/controladoria\/legislacao-estadual\/' target='_blank'>LEGISLA\u00c7\u00c3O ESTADUAL<\/a><\/li><li><a href='\/controladoria\/licitacoes\/' target='_blank'>LICITA\u00c7\u00d5ES E CONV\u00caNIOS<\/a><\/li><li><a href='https:\/\/goias.gov.br\/controladoria\/licitacoes\/' target='_blank'>LICITA\u00c7\u00d5ES<\/a><\/li><li><a href='https:\/\/goias.gov.br\/controladoria\/encarregado-pelo-tratamento-de-dados-pessoais-cge-go\/' target='_blank'>LGPD<\/a><\/li><li><a href='\/controladoria\/legislacao-aplicavel\/' target='_blank'>LEGISLA\u00c7\u00c3O APLIC\u00c1VEL<\/a><\/li><li><a href='https:\/\/www.transparencia.go.gov.br\/wp-content\/uploads\/sites\/2\/painel\/lai.php?painel=folha_de_pagamento_salarios_de_estagiarios_ativos&orgao=cge' target='_blank'>LISTA DE ESTAGI\u00c1RIOS<\/a><\/li><li><a href='https:\/\/www.transparencia.go.gov.br\/lai.php?painel=licitacoes_licitacoes_concluidas&orgao=cge' target='_blank'>LICITA\u00c7\u00d5ES - COMPRASNET<\/a><\/li><li><a href='https:\/\/www.transparencia.go.gov.br\/wp-content\/uploads\/sites\/2\/painel\/lai.php?painel=licitacoes_concluidas_sislog&orgao=cge' target='_blank'>LICITA\u00c7\u00d5ES - SISLOG<\/a><\/li><li><a href='https:\/\/transparencia.go.gov.br\/fornecedores-impedidos\/' target='_blank'>LICITANTES SANCIONADOS ADMINISTRATIVAMENTE\u00a0<\/a><\/li><li><a href='https:\/\/transparencia.go.gov.br\/orcamento-e-planejamento-pecas\/' target='_blank'>LDO\/LOA<\/a><\/li><li><a href='https:\/\/legisla.casacivil.go.gov.br\/pesquisa_legislacao\/90142\/lei-18025' target='_blank'>LEI DE ACESSO \u00c0 INFORMA\u00c7\u00c3O ESTADUAL<\/a><\/li><\/ul><\/div><div class='sitemap-group'><h3>M<\/h3><ul><li><a href='https:\/\/goias.gov.br\/controladoria\/auditoria-interna-e-controle\/modelo-iacm\/' target='_blank'>MODELO DE CAPACIDADE DE AUDITORIA INTERNA (IA-CM)<\/a><\/li><li><a href='https:\/\/goias.gov.br\/controladoria\/manuais-cartilhas-cge\/' target='_blank'>MANUAIS\/CARTILHAS CGE<\/a><\/li><li><a href='https:\/\/goias.gov.br\/controladoria\/modelos-de-documentos\/' target='_blank'>MODELOS DE DOCUMENTOS<\/a><\/li><li><a href='https:\/\/www.mpgo.mp.br\/portal\/' target='_blank'>MINIST\u00c9RIO P\u00daBLICO DO ESTADO DE GOI\u00c1S<\/a><\/li><li><a href='https:\/\/goias.gov.br\/controladoria\/wp-content\/uploads\/sites\/31\/2025\/07\/Versao-RESUMIDa-Relatorio-Gestao-Estrategica-2024.pdf' target='_blank'>MONITORAMENTO DE PROGRAMAS, PROJETOS, A\u00c7\u00d5ES E ATIVIDADES<\/a><\/li><\/ul><\/div><div class='sitemap-group'><h3>N<\/h3><ul><li><a href='https:\/\/goias.gov.br\/controladoria\/legislacao-aplicavel\/' target='_blank'>NORMAS DA CGE<\/a><\/li><li><a href='https:\/\/goias.gov.br\/controladoria\/normas-constitucionais\/' target='_blank'>NORMAS CONSTITUCIONAIS<\/a><\/li><\/ul><\/div><div class='sitemap-group'><h3>O<\/h3><ul><li><a href='https:\/\/goias.gov.br\/controladoria\/outras-normas\/' target='_blank'>OUTRAS NORMAS<\/a><\/li><li><a href='https:\/\/www.go.gov.br\/servicos-digitais\/cge\/nova-ouvidoria?orgao=8' target='_blank'>OUVIDORIA<\/a><\/li><li><a href='https:\/\/www.go.gov.br\/servicos-digitais\/cge\/nova-ouvidoria?orgao=8' target='_blank'>OUVIDORIA SETORIAL (EXPRESSO)<\/a><\/li><li><a href='https:\/\/goias.gov.br\/controladoria\/ouvidoria-setorial\/' target='_blank'>OUVIDORIA SETORIAL (PRESENCIAL)<\/a><\/li><li><a href='https:\/\/goias.gov.br\/controladoria\/cge-realiza-evento-ouvideia-para-comemorar-o-dia-do-ouvidor\/' target='_blank'>OUVIDEIA<\/a><\/li><li><a href='https:\/\/www.transparencia.go.gov.br\/wp-content\/uploads\/sites\/2\/painel\/lai.php?painel=ordem_cronologica_despesas&orgao=cge' target='_blank'>ORDEM CRONOL\u00d3GICA DE PAGAMENTOS<\/a><\/li><li><a href='https:\/\/goias.gov.br\/controladoria\/institucional\/obras\/' target='_blank'>OBRAS<\/a><\/li><li><a href='https:\/\/goias.gov.br\/controladoria\/institucional\/obras-paralisadas\/' target='_blank'>OBRAS PARALISADAS<\/a><\/li><li><a href='https:\/\/goias.gov.br\/controladoria\/institucional\/obras-audiencias-consultas-publicas\/' target='_blank'>OBRAS - AUDI\u00caNCIAS\/CONSULTAS P\u00daBLICAS<\/a><\/li><li><a href='https:\/\/goias.gov.br\/controladoria\/atendimento-presencial-ouvidoria-2\/' target='_blank'>OUVIDORIA - ATENDIMENTO PRESENCIAL<\/a><\/li><\/ul><\/div><div class='sitemap-group'><h3>P<\/h3><ul><li><a href='https:\/\/goias.gov.br\/controladoria\/programa-de-compliance-publico-do-governo-de-goias\/' target='_blank'>PROGRAMA DE COMPLIANCE P\u00daBLICO DO GOVERNO DE GOI\u00c1S<\/a><\/li><li><a href='https:\/\/goias.gov.br\/controladoria\/pcp2026\/' target='_blank'>PR\u00caMIOS DO PCP 2026<\/a><\/li><li><a href='https:\/\/goias.gov.br\/controladoria\/pcm\/' target='_blank'>PROGRAMA DE COMPLIANCE P\u00daBLICO MUNICIPAL<\/a><\/li><li><a href='https:\/\/goias.gov.br\/controladoria\/auditoria-interna-e-controle\/plano-anual-das-acoes-de-controle-paac\/' target='_blank'>PLANO ANUAL DAS A\u00c7\u00d5ES DE CONTROLE - PAAC<\/a><\/li><li><a href='https:\/\/goias.gov.br\/controladoria\/paq-controle\/' target='_blank'>PAQ-CONTROLE<\/a><\/li><li><a href='https:\/\/goias.gov.br\/controladoria\/prestacoes-de-contas-da-cge-ao-tribunal-de-contas-do-estado-tce-e-a-sociedade\/' target='_blank'>PRESTA\u00c7\u00d5ES DE CONTAS DA CGE AO TRIBUNAL DE CONTAS DO ESTADO-TCE E \u00c0 SOCIEDADE<\/a><\/li><li><a href='https:\/\/transparencia.go.gov.br\/' target='_blank'>PORTAL DA TRANSPAR\u00caNCIA<\/a><\/li><li><a href='https:\/\/goias.gov.br\/controladoria\/programa-de-compliance-publico-do-governo-de-goias\/' target='_blank'>PCP<\/a><\/li><li><a href='https:\/\/goias.gov.br\/controladoria\/categoria\/portal-corregedoria\/capacitacao\/videos\/pilulas-de-conhecimento-tac\/' target='_blank'>P\u00cdLULAS DE CONHECIMENTO - TAC<\/a><\/li><li><a href='https:\/\/goias.gov.br\/controladoria\/processo-administrativo-diciplinar-pad\/' target='_blank'>PROCESSO ADMINISTRATIVO DICIPLINAR \u2013 PAD<\/a><\/li><li><a href='https:\/\/goias.gov.br\/controladoria\/procedimento-preliminar-investigatorio-ppi\/' target='_blank'>PROCEDIMENTO PRELIMINAR INVESTIGAT\u00d3RIO \u2013 PPI<\/a><\/li><li><a href='https:\/\/goias.gov.br\/controladoria\/processo-administrativo-de-responsabilizacao-de-pessoa-juridica-par\/' target='_blank'>PROCESSO ADMINISTRATIVO DE RESPONSABILIZA\u00c7\u00c3O DE PESSOA JUR\u00cdDICA \u2013 PAR<\/a><\/li><li><a href='https:\/\/goias.gov.br\/controladoria\/processo-administrativo-de-responsabilizacao-de-fornecedor-pessoa-fisica-ou-juridica-paf\/' target='_blank'>PROCESSO ADMINISTRATIVO DE RESPONSABILIZA\u00c7\u00c3O DE FORNECEDOR, PESSOA F\u00cdSICA OU JUR\u00cdDICA \u2013 PAF<\/a><\/li><li><a href='https:\/\/goias.gov.br\/controladoria\/processo-administrativo-disciplinar\/' target='_blank'>PROCESSO ADMINISTRATIVO DISCIPLINAR<\/a><\/li><li><a href='https:\/\/goias.gov.br\/controladoria\/procedimento-preliminar-investigatorio-ppi-saiba-mais\/' target='_blank'>PROCEDIMENTO PRELIMINAR INVESTIGAT\u00d3RIO \u2013 PPI \u2013 SAIBA MAIS<\/a><\/li><li><a href='https:\/\/goias.gov.br\/controladoria\/procedimento-preliminar-investigatorio-ppi-e-processo-administrativo-de-responsabilizacao-par\/' target='_blank'>PROCEDIMENTO PRELIMINAR INVESTIGAT\u00d3RIO \u2013 PPI E PROCESSO ADMINISTRATIVO DE RESPONSABILIZA\u00c7\u00c3O \u2013 PAR<\/a><\/li><li><a href='https:\/\/goias.gov.br\/controladoria\/processo-administrativo-de-responsabilizacao-par\/' target='_blank'>PROCESSO ADMINISTRATIVO DE RESPONSABILIZA\u00c7\u00c3O \u2013 PAR<\/a><\/li><li><a href='https:\/\/goias.gov.br\/controladoria\/processo-administrativo-de-responsabilizacao-de-fornecedores-paf\/' target='_blank'>PROCESSO ADMINISTRATIVO DE RESPONSABILIZA\u00c7\u00c3O DE FORNECEDORES \u2013 PAF<\/a><\/li><li><a href='https:\/\/goias.gov.br\/procuradoria\/' target='_blank'>PROCURADORIA-GERAL DO ESTADO DE GOI\u00c1S<\/a><\/li><li><a href='https:\/\/goias.gov.br\/controladoria\/escritorio-de-compliance-cge\/' target='_blank'>PROGRAMA DE COMPLIANCE P\u00daBLICO - PCP<\/a><\/li><li><a href='https:\/\/sislog.go.gov.br\/Pca' target='_blank'>PCA \u2013 PLANO DE CONTRATA\u00c7\u00d5ES ANUAL<\/a><\/li><li><a href='https:\/\/www.gov.br\/pncp\/pt-br\/acesso-a-informacao\/painel-pncp-em-numeros' target='_blank'>PNCP<\/a><\/li><li><a href='https:\/\/goias.gov.br\/controladoria\/institucional\/parceria-com-oscs\/' target='_blank'>PARCERIAS COM OSCS<\/a><\/li><li><a href='https:\/\/goias.gov.br\/controladoria\/wp-content\/uploads\/sites\/31\/2025\/09\/PE-CGE-COMPILADO-SES-E-SEINFRA-Portal-da-Transparencia.pdf' target='_blank'>PLANO ESTRAT\u00c9GICO INSTITUCIONAL<\/a><\/li><li><a href='https:\/\/ppa.go.gov.br\/' target='_blank'>PPA<\/a><\/li><li><a href='https:\/\/goias.gov.br\/controladoria\/wp-content\/uploads\/sites\/31\/2025\/04\/SEI_202511867000255-2.pdf' target='_blank'>POL\u00cdTICA DE PRIVACIDADE E PROTE\u00c7\u00c3O DE DADOS<\/a><\/li><li><a href='https:\/\/app.powerbi.com\/view?r=eyJrIjoiNmRhN2MzZmYtMWZkMi00ODdmLWJhNGQtYTJkODcwNDJlMTU4IiwidCI6IjY3ZmQ0MzFjLWIyYWQtNDg2Ny04MWJjLWQ3NTYyMjBiNTZkNCJ9' target='_blank'>PESQUISA DE SATISFA\u00c7\u00c3O<\/a><\/li><li><a href='https:\/\/transparencia.go.gov.br\/' target='_blank'>PORTAL GOI\u00c1S TRANSPARENTE<\/a><\/li><li><a href='https:\/\/goias.gov.br\/controladoria\/governo-aberto\/participacao-social-e-educacao-cidada\/' target='_blank'>PROJETOS DE PARTICIPA\u00c7\u00c3O SOCIAL<\/a><\/li><li><a href='https:\/\/goias.gov.br\/controladoria\/inovacaoaberta\/' target='_blank'>PROJETOS DE INOVA\u00c7\u00c3O NO SERVI\u00c7O P\u00daBLICO<\/a><\/li><\/ul><\/div><div class='sitemap-group'><h3>R<\/h3><ul><li><a href='https:\/\/radardatransparencia.atricon.org.br\/' target='_blank'>RADAR DA TRANSPAR\u00caNCIA<\/a><\/li><li><a href='https:\/\/goias.gov.br\/controladoria\/responsabilizacao-judicial\/' target='_blank'>RESPONSABILIZA\u00c7\u00c3O JUDICIAL<\/a><\/li><li><a href='https:\/\/goias.gov.br\/controladoria\/institucional\/relacao-de-terceirizados\/' target='_blank'>RELA\u00c7\u00c3O DE TERCEIRIZADOS<\/a><\/li><li><a href='https:\/\/www.transparencia.go.gov.br\/wp-content\/uploads\/sites\/2\/painel\/lai.php?painel=contratos_fiscais_e_gestores&orgao=cge' target='_blank'>RELA\u00c7\u00c3O DOS FISCAIS DOS CONTRATOS<\/a><\/li><li><a href='https:\/\/goias.gov.br\/controladoria\/cge-veiculos\/' target='_blank'>RELA\u00c7\u00c3O DE VE\u00cdCULOS<\/a><\/li><li><a href='https:\/\/goias.gov.br\/controladoria\/prestacoes-de-contas-da-cge-ao-tribunal-de-contas-do-estado-tce-e-a-sociedade\/' target='_blank'>RELAT\u00d3RIO DE GEST\u00c3O OU ATIVIDADES<\/a><\/li><li><a href='https:\/\/transparencia.go.gov.br\/gestao-fiscal-e-governamental-rgf\/' target='_blank'>RGF<\/a><\/li><li><a href='https:\/\/transparencia.go.gov.br\/rreo\/' target='_blank'>RREO<\/a><\/li><li><a href='https:\/\/www.ouvidoriageral.go.gov.br\/api\/relatorio_gestao.php?tipo=7&orgao=8' target='_blank'>RELAT\u00d3RIO DE PEDIDOS DE ACESSO \u00c0 INFORMA\u00c7\u00c3O<\/a><\/li><li><a href='https:\/\/goias.gov.br\/controladoria\/relatorios-de-gestao-nova-ouvidoria\/' target='_blank'>RELAT\u00d3RIO DE GEST\u00c3O DE OUVIDORIA<\/a><\/li><\/ul><\/div><div class='sitemap-group'><h3>S<\/h3><ul><li><a href='https:\/\/goias.gov.br\/administracao\/siga-eng\/' target='_blank'>SIGA<\/a><\/li><li><a href='https:\/\/www.go.gov.br\/unidadesvaptvupt' target='_blank'>SIC - SERVI\u00c7O DE INFORMA\u00c7\u00c3O AO CIDAD\u00c3O<\/a><\/li><li><a href='https:\/\/goias.gov.br\/controladoria\/sindicancia\/' target='_blank'>SINDIC\u00c2NCIA<\/a><\/li><li><a href='https:\/\/goias.gov.br\/controladoria\/saiba-mais-sobre-a-atividade-correcional\/' target='_blank'>SAIBA MAIS SOBRE A ATIVIDADE CORRECIONAL<\/a><\/li><li><a href='https:\/\/goias.gov.br\/controladoria\/sindicancia-patrimonial\/' target='_blank'>SINDIC\u00c2NCIA PATRIMONIAL<\/a><\/li><li><a href='https:\/\/goias.gov.br\/controladoria\/sindicancia-preliminar\/' target='_blank'>SINDIC\u00c2NCIA PRELIMINAR<\/a><\/li><li><a href='https:\/\/goias.gov.br\/controladoria\/sistema-de-correicao-do-poder-executivo-do-estado-de-goias-2\/' target='_blank'>SISTEMA DE CORREI\u00c7\u00c3O DO PODER EXECUTIVO DO ESTADO DE GOI\u00c1S<\/a><\/li><li><a href='https:\/\/goias.gov.br\/controladoria\/sistemas-e-servicos-corregedoria\/' target='_blank'>SISTEMAS E SERVI\u00c7OS<\/a><\/li><li><a href='https:\/\/goias.gov.br\/controladoria\/sistema-de-correicao-do-poder-executivo-do-estado-de-goias\/' target='_blank'>SISTEMA DE CORREI\u00c7\u00c3O DO PODER EXECUTIVO DO ESTADO<\/a><\/li><li><a href='https:\/\/sei.go.gov.br\/sei\/modulos\/goias\/login-sei\/MdGoiasLoginSEI.php?acao=md_goias_login_SEI&sigla_orgao_sistema=GOVERNADORIA&sigla_sistema=SEI&infra_url=L3NlaS8=' target='_blank'>SEI GOVERNADORIA<\/a><\/li><li><a href='https:\/\/goias.gov.br\/controladoria\/institucional\/subcontroladoria-de-governo-aberto-e-ouvidoria-geral-perguntas-e-respostas-frequentes-da-sociedade\/' target='_blank'>SUBCONTROLADORIA DE GOVERNO ABERTO E OUVIDORIA GERAL<\/a><\/li><li><a href='https:\/\/goias.gov.br\/controladoria\/institucional\/subcontroladoria-do-sistema-de-correicao-e-contas-perguntas-e-respostas-frequentes-da-sociedade\/' target='_blank'>SUBCONTROLADORIA DO SISTEMA DE CORREI\u00c7\u00c3O E CONTAS<\/a><\/li><li><a href='https:\/\/goias.gov.br\/controladoria\/institucional\/subcontroladoria-de-auditoria-interna-e-controle-perguntas-e-respostas-frequentes-da-sociedade\/' target='_blank'>SUBCONTROLADORIA DE AUDITORIA INTERNA E CONTROLE<\/a><\/li><li><a href='https:\/\/goias.gov.br\/controladoria\/institucional\/subcontroladoria-de-operacoes-especiais-perguntas-e-respostas-frequentes-da-sociedade\/' target='_blank'>SUBCONTROLADORIA DE OPERA\u00c7\u00d5ES ESPECIAIS<\/a><\/li><li><a href='https:\/\/sislog.go.gov.br\/' target='_blank'>SISLOG<\/a><\/li><li><a href='https:\/\/www.go.gov.br\/servicos\/servico\/consultar-unidades-do-vapt-vupt' target='_blank'>SIC F\u00cdSICO - UNIDADES DO VAPT VUPT<\/a><\/li><\/ul><\/div><div class='sitemap-group'><h3>T<\/h3><ul><li><a href='https:\/\/goias.gov.br\/controladoria\/tabela-de-valores-e-limites\/' target='_blank'>TABELA DE VALORES E LIMITES<\/a><\/li><li><a href='https:\/\/goias.gov.br\/controladoria\/tribunal-de-contas-do-estado-de-goias\/' target='_blank'>TRIBUNAL DE CONTAS DO ESTADO DE GOI\u00c1S<\/a><\/li><li><a href='https:\/\/goias.gov.br\/controladoria\/tomada-de-contas-especial-infografico\/' target='_blank'>TOMADA DE CONTAS ESPECIAL<\/a><\/li><li><a href='https:\/\/goias.gov.br\/controladoria\/termo-de-ajustamento-de-conduta-saiba-mais\/' target='_blank'>TERMO DE AJUSTAMENTO DE CONDUTA<\/a><\/li><li><a href='https:\/\/www.tjgo.jus.br\/' target='_blank'>TRIBUNAL DE JUSTI\u00c7A DO ESTADO DE GOI\u00c1S<\/a><\/li><\/ul><\/div><div class='sitemap-group'><h3>Y<\/h3><ul><li><a href='https:\/\/www.youtube.com\/cgegoias' target='_blank'>YOUTUBE<\/a><\/li><\/ul><\/div><\/div>\n","protected":false},"excerpt":{"rendered":"","protected":false},"author":7,"featured_media":0,"parent":0,"menu_order":0,"comment_status":"closed","ping_status":"closed","template":"","meta":{"footnotes":""},"class_list":["post-10806","page","type-page","status-publish","hentry"],"rttpg_featured_image_url":null,"rttpg_author":{"display_name":"gustavogoncalves","author_link":"https:\/\/goias.gov.br\/controladoria\/author\/gustavogoncalves\/"},"rttpg_comment":0,"rttpg_category":null,"rttpg_excerpt":null,"_links":{"self":[{"href":"https:\/\/goias.gov.br\/controladoria\/wp-json\/wp\/v2\/pages\/10806","targetHints":{"allow":["GET"]}}],"collection":[{"href":"https:\/\/goias.gov.br\/controladoria\/wp-json\/wp\/v2\/pages"}],"about":[{"href":"https:\/\/goias.gov.br\/controladoria\/wp-json\/wp\/v2\/types\/page"}],"author":[{"embeddable":true,"href":"https:\/\/goias.gov.br\/controladoria\/wp-json\/wp\/v2\/users\/7"}],"replies":[{"embeddable":true,"href":"https:\/\/goias.gov.br\/controladoria\/wp-json\/wp\/v2\/comments?post=10806"}],"version-history":[{"count":2,"href":"https:\/\/goias.gov.br\/controladoria\/wp-json\/wp\/v2\/pages\/10806\/revisions"}],"predecessor-version":[{"id":20343,"href":"https:\/\/goias.gov.br\/controladoria\/wp-json\/wp\/v2\/pages\/10806\/revisions\/20343"}],"wp:attachment":[{"href":"https:\/\/goias.gov.br\/controladoria\/wp-json\/wp\/v2\/media?parent=10806"}],"curies":[{"name":"wp","href":"https:\/\/api.w.org\/{rel}","templated":true}]}}