

{"id":660,"date":"2023-07-11T12:01:41","date_gmt":"2023-07-11T15:01:41","guid":{"rendered":"https:\/\/siteshom.goias.gov.br\/comunicacao\/?page_id=660"},"modified":"2026-02-20T15:14:44","modified_gmt":"2026-02-20T18:14:44","slug":"institucional","status":"publish","type":"page","link":"https:\/\/goias.gov.br\/comunicacao\/institucional\/","title":{"rendered":"Institucional"},"content":{"rendered":"\t\t<div data-elementor-type=\"wp-page\" data-elementor-id=\"660\" class=\"elementor elementor-660\">\n\t\t\t\t<div class=\"elementor-element elementor-element-b8ef621 e-flex e-con-boxed e-con e-parent\" data-id=\"b8ef621\" data-element_type=\"container\" data-e-type=\"container\">\n\t\t\t\t\t<div class=\"e-con-inner\">\n\t\t<div class=\"elementor-element elementor-element-ea84594 e-con-full e-flex e-con e-child\" data-id=\"ea84594\" data-element_type=\"container\" data-e-type=\"container\">\n\t\t\t\t<div class=\"elementor-element elementor-element-4554de1 elementor-widget elementor-widget-shortcode\" data-id=\"4554de1\" data-element_type=\"widget\" data-e-type=\"widget\" data-widget_type=\"shortcode.default\">\n\t\t\t\t\t\t\t<div class=\"elementor-shortcode\"><div data-post-id=\"18\" class=\"insert-page insert-page-18 \"><h1 class='insert-page-title'>Compet\u00eancias<\/h1><p>Segundo a\u00a0<a href=\"https:\/\/legisla.casacivil.go.gov.br\/pesquisa_legislacao\/106749\/lei-21792\" target=\"_blank\" rel=\"noopener\">Lei n\u00ba 21.792, de fevereiro de 2023<\/a>,\u00a0publicada no Di\u00e1rio Oficial do Estado n\u00ba 23.984, de 16 de fevereiro de 2023:<\/p>\n<h4><span style=\"color: #008000;\">Art. 20. \u00c0 SECOM competem:<\/span><\/h4>\n<p>I \u2013 a coordena\u00e7\u00e3o das a\u00e7\u00f5es de comunica\u00e7\u00e3o social, propaganda, publicidade e divulga\u00e7\u00e3o dos atos e das atividades do Poder Executivo estadual nas imprensas local, regional e nacional, bem como a gest\u00e3o das redes e das m\u00eddias sociais dele; e<\/p>\n<p>II \u2013 o assessoramento ao Governador do Estado e a coordena\u00e7\u00e3o do assessoramento aos Secret\u00e1rios de Estado e seus equivalentes hier\u00e1rquicos, bem como aos dirigentes superiores de autarquias e funda\u00e7\u00f5es, no relacionamento com a imprensa e outros meios de comunica\u00e7\u00e3o.<\/p>\n<h4><span style=\"color: #008000;\">Art. 52. As entidades da administra\u00e7\u00e3o indireta s\u00e3o jurisdicionadas \u00e0s seguintes Secretarias de Estado:<\/span><\/h4>\n<p>II \u2013 \u00e0 SECOM, a Ag\u00eancia Brasil Central (ABC).<\/p>\n<h4 class=\"paragrafo\"><span style=\"color: #008000;\">Confira a legisla\u00e7\u00e3o complementar da Secom:<\/span><\/h4>\n<ul>\n<li><a href=\"https:\/\/legisla.casacivil.go.gov.br\/api\/v2\/pesquisa\/legislacoes\/108103\/pdf\">Decreto n\u00ba 10.345, de 20 de Novembro de 2023<\/a><br \/>\nAprova o Regulamento da Secretaria de Estado de Comunica\u00e7\u00e3o \u2013 SECOM.<\/li>\n<\/ul>\n<ul class='post-meta'>\n<li><span class='post-meta-key'>tpg-post-view-count:<\/span> 1088<\/li>\n<li><span class='post-meta-key'>ao_post_optimize:<\/span> a:6:{s:16:\"ao_post_optimize\";s:2:\"on\";s:19:\"ao_post_js_optimize\";s:2:\"on\";s:20:\"ao_post_css_optimize\";s:2:\"on\";s:12:\"ao_post_ccss\";s:2:\"on\";s:16:\"ao_post_lazyload\";s:2:\"on\";s:15:\"ao_post_preload\";s:0:\"\";}<\/li>\n<li><span class='post-meta-key'>rank_math_internal_links_processed:<\/span> 1<\/li>\n<li><span class='post-meta-key'>footnotes:<\/span> <\/li>\n<li><span class='post-meta-key'>rank_math_seo_score:<\/span> 12<\/li>\n<li><span class='post-meta-key'>rank_math_primary_category:<\/span> 2<\/li>\n<\/ul>\n<\/div><\/div>\n\t\t\t\t\t\t<\/div>\n\t\t\t\t<div class=\"elementor-element elementor-element-1ba2358 elementor-widget elementor-widget-shortcode\" data-id=\"1ba2358\" data-element_type=\"widget\" data-e-type=\"widget\" data-widget_type=\"shortcode.default\">\n\t\t\t\t\t\t\t<div class=\"elementor-shortcode\"><div data-post-id=\"11\" class=\"insert-page insert-page-11 \"><h1 class='insert-page-title'>Endere\u00e7os, Telefones, e-mails e Hor\u00e1rios de Atendimento<\/h1><p class=\"nomargintop\">Rua 82, n\u00ba 400 Ed. Pal\u00e1cio Pedro Ludovico Teixeira, 9\u00ba andar, ala oeste,<br \/>\nSetor Central, Goi\u00e2nia\/GO \u2013 CEP: 74.015-908<br \/>\nAtendimento: 08h \u00e0s 12h e 14h \u00e0s 18h<\/p>\n<p><strong>Atendimento sobre servi\u00e7os de comunica\u00e7\u00e3o e imprensa<\/strong><br \/>\nE-mail: <a href=\"mailto:secretariageral.comunicacao@goias.gov.br\">secretariageral.comunicacao@goias.gov.br<\/a><br \/>\nTelefone: (62) 3201-5986<\/p>\n<p><strong>Superintend\u00eancia de Imprensa<\/strong><br \/>\nE-mail: <a href=\"mailto:imprensa.secom@goias.gov.br\">imprensa.secom@goias.gov.br<\/a><br \/>\nTelefone: (62) 3201-5979<\/p>\n<p><strong>Superintend\u00eancia de M\u00eddias Digitais<\/strong><br \/>\nE-mail: <a href=\"mailto:smdp.secom@goias.gov.br\">smdp.secom@goias.gov.br<\/a><br \/>\nTelefone: (62) 3201-5944<\/p>\n<p><strong>Superintend\u00eancia de Publicidade<\/strong><br \/>\nE-mail: <a href=\"superintendenciadepublicidade@goias.gov.br\">superintendenciadepublicidade@goias.gov.br<\/a><br \/>\nTelefone: (62) 3201-5938<\/p>\n<p><strong>Superintend\u00eancia de Gest\u00e3o Integrada<\/strong><br \/>\nE-mail: <a href=\"sgi.comunicacao@goias.gov.br\">sgi.comunicacao@goias.gov.br<\/a><br \/>\nTelefone: (62) 3201-5930<\/p>\n<p><b>Gabinete do Secret\u00e1rio<\/b><br \/>\nE-mail: <a href=\"mailto:leidina.santos@goias.gov.br\">gean.carvalho@goias.gov.br<\/a><br \/>\nTelefone: (62) 3201-5997<\/p>\n<p><b>Subsecret\u00e1rio de Comunica\u00e7\u00e3o<\/b><br \/>\nE-mail: <a href=\"mailto:leidina.santos@goias.gov.br\">bruno.lima@goias.gov.br<\/a><br \/>\nTelefone: (62) 3201-5997<\/p>\n<p><b>Chefia de Gabinete<\/b><br \/>\nE-mail: <a href=\"mailto:leidina.santos@goias.gov.br\">cristina.gomes@goias.gov.br<\/a><br \/>\nTelefone: (62) 3201-5986<\/p>\n<p><b>Procuradoria Setorial<\/b><br \/>\nE-mail: <a href=\"mailto:leidina.santos@goias.gov.br\">kelly.souza@goias.gov.br<\/a><br \/>\nTelefone: (62) 3201-5916<\/p>\n<ul class='post-meta'>\n<li><span class='post-meta-key'>tpg-post-view-count:<\/span> 761<\/li>\n<li><span class='post-meta-key'>footnotes:<\/span> <\/li>\n<li><span class='post-meta-key'>ao_post_optimize:<\/span> a:6:{s:16:\"ao_post_optimize\";s:2:\"on\";s:19:\"ao_post_js_optimize\";s:2:\"on\";s:20:\"ao_post_css_optimize\";s:2:\"on\";s:12:\"ao_post_ccss\";s:2:\"on\";s:16:\"ao_post_lazyload\";s:2:\"on\";s:15:\"ao_post_preload\";s:0:\"\";}<\/li>\n<li><span class='post-meta-key'>rank_math_internal_links_processed:<\/span> 1<\/li>\n<li><span class='post-meta-key'>rank_math_seo_score:<\/span> 11<\/li>\n<li><span class='post-meta-key'>rank_math_primary_category:<\/span> 2<\/li>\n<\/ul>\n<\/div>\n\n<\/div>\n\t\t\t\t\t\t<\/div>\n\t\t\t\t<\/div>\n\t\t<div class=\"elementor-element elementor-element-c50ae3d e-con-full e-flex e-con e-child\" data-id=\"c50ae3d\" data-element_type=\"container\" data-e-type=\"container\">\n\t\t\t\t<div class=\"elementor-element elementor-element-30ed88f elementor-widget elementor-widget-shortcode\" data-id=\"30ed88f\" data-element_type=\"widget\" data-e-type=\"widget\" data-widget_type=\"shortcode.default\">\n\t\t\t\t\t\t\t<div class=\"elementor-shortcode\"><div data-post-id=\"15\" class=\"insert-page insert-page-15 \"><h1 class='insert-page-title'>Secret\u00e1rio<\/h1><h3><strong><span style=\"color: #808080;\"><span style=\"color: #008000;\">Bruno Carvalho da Rocha Lima<br \/><\/span><\/span><\/strong><span style=\"font-weight: 400; color: #808080;\">Secret\u00e1rio de Estado de Comunica\u00e7\u00e3o<\/span><\/h3>\n<p style=\"text-align: justify;\">Formado em Jornalismo pela Universidade Federal de Goi\u00e1s, possui Master em Jornalismo e Gest\u00e3o de Marcas pelo Instituto Internacional de Ci\u00eancias Sociais (IICS) e MBA em Marketing. J\u00e1 atuou como rep\u00f3rter, editor, como assessor na C\u00e2mara dos Deputados e como secret\u00e1rio de Comunica\u00e7\u00e3o na Prefeitura de Goi\u00e2nia.\u00a0<\/p>\n\n\n<figure class=\"wp-block-image size-full\"><img fetchpriority=\"high\" fetchpriority=\"high\" decoding=\"async\" width=\"522\" height=\"699\" src=\"https:\/\/goias.gov.br\/comunicacao\/wp-content\/uploads\/sites\/10\/2018\/07\/Bruno-Rocha.jpg\" alt=\"\" class=\"wp-image-36842\" srcset=\"https:\/\/goias.gov.br\/comunicacao\/wp-content\/uploads\/sites\/10\/2018\/07\/Bruno-Rocha.jpg 522w, https:\/\/goias.gov.br\/comunicacao\/wp-content\/uploads\/sites\/10\/2018\/07\/Bruno-Rocha-224x300.jpg 224w\" sizes=\"(max-width: 522px) 100vw, 522px\" \/><\/figure>\n<ul class='post-meta'>\n<li><span class='post-meta-key'>tpg-post-view-count:<\/span> 264<\/li>\n<li><span class='post-meta-key'>footnotes:<\/span> <\/li>\n<li><span class='post-meta-key'>ao_post_optimize:<\/span> a:6:{s:16:\"ao_post_optimize\";s:2:\"on\";s:19:\"ao_post_js_optimize\";s:2:\"on\";s:20:\"ao_post_css_optimize\";s:2:\"on\";s:12:\"ao_post_ccss\";s:2:\"on\";s:16:\"ao_post_lazyload\";s:2:\"on\";s:15:\"ao_post_preload\";s:0:\"\";}<\/li>\n<li><span class='post-meta-key'>rank_math_og_content_image:<\/span> a:2:{s:5:\"check\";s:32:\"cecb8fedb423952aff6bc3e9215c3cf2\";s:6:\"images\";a:1:{i:0;i:2248;}}<\/li>\n<li><span class='post-meta-key'>rank_math_internal_links_processed:<\/span> 1<\/li>\n<li><span class='post-meta-key'>rank_math_primary_category:<\/span> 2<\/li>\n<li><span class='post-meta-key'>rank_math_seo_score:<\/span> 9<\/li>\n<\/ul>\n<\/div><\/div>\n\t\t\t\t\t\t<\/div>\n\t\t\t\t<div class=\"elementor-element elementor-element-044e0f1 elementor-widget elementor-widget-shortcode\" data-id=\"044e0f1\" data-element_type=\"widget\" data-e-type=\"widget\" data-widget_type=\"shortcode.default\">\n\t\t\t\t\t\t\t<div class=\"elementor-shortcode\"><div data-post-id=\"19\" class=\"insert-page insert-page-19 \"><h1 class='insert-page-title'>Estrutura Organizacional<\/h1>\n<figure class=\"wp-block-image size-full\"><a href=\"https:\/\/goias.gov.br\/administracao\/wp-content\/uploads\/sites\/27\/2019\/01\/SECOM-3f0.pdf\"><img decoding=\"async\" width=\"2339\" height=\"1654\" src=\"https:\/\/goias.gov.br\/comunicacao\/wp-content\/uploads\/sites\/10\/2018\/07\/SECOM-3f0-1.png\" alt=\"\" class=\"wp-image-2241\"\/><\/a><\/figure>\n\n\n<p>Fonte: \u00a0<a href=\"https:\/\/legisla.casacivil.go.gov.br\/pesquisa_legislacao\/106749\/lei-21792\" target=\"_blank\" rel=\"noopener\">Lei n\u00ba 21.792, de 16 de fevereiro de 2023<\/a><\/p>\n<p>Saiba quem s\u00e3o nossos servidores e as fun\u00e7\u00f5es que exercem:<\/p>\n<ul>\n<li><a href=\"https:\/\/goias.gov.br\/comunicacao\/cargos-e-seus-ocupantes\/\">Cargos e seus ocupantes<\/a><\/li>\n<li><a href=\"https:\/\/legisla.casacivil.go.gov.br\/pesquisa_legislacao\/108103\/decreto-10345\">Regulamento Secom<\/a><\/li>\n<li><a href=\"https:\/\/goiasgovbr-my.sharepoint.com\/:b:\/g\/personal\/leidina_santos_goias_gov_br\/EeUuIpE1NfhJpgmclWFKGn4Bky33pnEPhpZV3ao7kRII8Q?e=tXeL3G\">Planejamento Estrat\u00e9gico<\/a><\/li>\n<\/ul>\n<h4 class=\"nomarginbottom\"><span style=\"color: #008000;\">Conhe\u00e7a tamb\u00e9m outras entidades que est\u00e3o jurisdicionadas a Secom:<\/span><\/h4>\n<ul>\n<li><a href=\"http:\/\/www.goias.gov.br\/abc\">Ag\u00eancia Brasil Central<\/a><\/li>\n<\/ul>\n<div class=\"links\">\u00a0<\/div><ul class='post-meta'>\n<li><span class='post-meta-key'>tpg-post-view-count:<\/span> 861<\/li>\n<li><span class='post-meta-key'>footnotes:<\/span> <\/li>\n<li><span class='post-meta-key'>ao_post_optimize:<\/span> a:6:{s:16:\"ao_post_optimize\";s:2:\"on\";s:19:\"ao_post_js_optimize\";s:2:\"on\";s:20:\"ao_post_css_optimize\";s:2:\"on\";s:12:\"ao_post_ccss\";s:2:\"on\";s:16:\"ao_post_lazyload\";s:2:\"on\";s:15:\"ao_post_preload\";s:0:\"\";}<\/li>\n<li><span class='post-meta-key'>rank_math_internal_links_processed:<\/span> 1<\/li>\n<li><span class='post-meta-key'>rank_math_seo_score:<\/span> 18<\/li>\n<li><span class='post-meta-key'>rank_math_primary_category:<\/span> 2<\/li>\n<li><span class='post-meta-key'>rank_math_og_content_image:<\/span> a:2:{s:5:\"check\";s:32:\"53334ea1281931c847611d04bfd2b257\";s:6:\"images\";a:1:{i:0;i:2241;}}<\/li>\n<\/ul>\n<\/div>\n\n<\/div>\n\t\t\t\t\t\t<\/div>\n\t\t\t\t<\/div>\n\t\t\t\t\t<\/div>\n\t\t\t\t<\/div>\n\t\t\t\t<\/div>\n\t\t","protected":false},"excerpt":{"rendered":"","protected":false},"author":1,"featured_media":0,"parent":0,"menu_order":0,"comment_status":"closed","ping_status":"closed","template":"","meta":{"footnotes":""},"class_list":["post-660","page","type-page","status-publish","hentry"],"rttpg_featured_image_url":null,"rttpg_author":{"display_name":"wagner.viana","author_link":"https:\/\/goias.gov.br\/comunicacao\/author\/wagner-viana\/"},"rttpg_comment":0,"rttpg_category":"","rttpg_excerpt":null,"_links":{"self":[{"href":"https:\/\/goias.gov.br\/comunicacao\/wp-json\/wp\/v2\/pages\/660","targetHints":{"allow":["GET"]}}],"collection":[{"href":"https:\/\/goias.gov.br\/comunicacao\/wp-json\/wp\/v2\/pages"}],"about":[{"href":"https:\/\/goias.gov.br\/comunicacao\/wp-json\/wp\/v2\/types\/page"}],"author":[{"embeddable":true,"href":"https:\/\/goias.gov.br\/comunicacao\/wp-json\/wp\/v2\/users\/1"}],"replies":[{"embeddable":true,"href":"https:\/\/goias.gov.br\/comunicacao\/wp-json\/wp\/v2\/comments?post=660"}],"version-history":[{"count":2,"href":"https:\/\/goias.gov.br\/comunicacao\/wp-json\/wp\/v2\/pages\/660\/revisions"}],"predecessor-version":[{"id":32657,"href":"https:\/\/goias.gov.br\/comunicacao\/wp-json\/wp\/v2\/pages\/660\/revisions\/32657"}],"wp:attachment":[{"href":"https:\/\/goias.gov.br\/comunicacao\/wp-json\/wp\/v2\/media?parent=660"}],"curies":[{"name":"wp","href":"https:\/\/api.w.org\/{rel}","templated":true}]}}