

{"id":658,"date":"2023-07-11T12:01:21","date_gmt":"2023-07-11T15:01:21","guid":{"rendered":"https:\/\/siteshom.goias.gov.br\/comunicacao\/?page_id=658"},"modified":"2024-07-08T17:16:00","modified_gmt":"2024-07-08T20:16:00","slug":"mapa-do-site","status":"publish","type":"page","link":"https:\/\/goias.gov.br\/comunicacao\/mapa-do-site\/","title":{"rendered":"Mapa do Site"},"content":{"rendered":"<div id=\"custom-sitemap\" class=\"sitemap-container\"><div class='sitemap-group'><h3>A<\/h3><ul><li><a href='https:\/\/goias.gov.br\/comunicacao\/acesso-a-informacao\/' target='_blank'>ACESSO \u00c0 INFORMA\u00c7\u00c3O<\/a><\/li><li><a href='https:\/\/portal.al.go.leg.br\/' target='_blank'>ASSEMBLEIA LEGISLATIVA DO ESTADO DE GOI\u00c1S<\/a><\/li><li><a href='https:\/\/goias.gov.br\/comunicacao\/agenda-de-autoridades\/' target='_blank'>AGENDA DE AUTORIDADES<\/a><\/li><li><a href='https:\/\/goias.gov.br\/comunicacao\/acordos-sem-transferencia-de-recursos\/' target='_blank'>ACORDOS SEM TRANSFER\u00caNCIA DE RECURSOS<\/a><\/li><li><a href='https:\/\/goias.gov.br\/comunicacao\/autoridade-de-monitoramento-da-aplicacao-da-lei\/' target='_blank'>AUTORIDADE DE MONITORAMENTO DA APLICA\u00c7\u00c3O DA LAI<\/a><\/li><li><a href='https:\/\/goias.gov.br\/comunicacao\/audiencias-publicas\/' target='_blank'>AUDI\u00caNCIAS P\u00daBLICAS<\/a><\/li><\/ul><\/div><div class='sitemap-group'><h3>B<\/h3><ul><li><a href='https:\/\/goias.gov.br\/comunicacao\/wp-content\/uploads\/sites\/10\/2026\/04\/Bens-Moveis.pdf' target='_blank'>BENS M\u00d3VEIS<\/a><\/li><li><a href='https:\/\/goias.gov.br\/comunicacao\/bens-imoveis\/' target='_blank'>BENS IM\u00d3VEIS<\/a><\/li><li><a href='https:\/\/goias.gov.br\/economia\/prestacao-de-contas-de-governo\/' target='_blank'>BALAN\u00c7O GERAL DO ESTADO<\/a><\/li><\/ul><\/div><div class='sitemap-group'><h3>C<\/h3><ul><li><a href='https:\/\/www.go.gov.br\/servicos\/servicos-por-orgao\/secretaria-de-estado-da-comunicacao' target='_blank'>CARTA DE SERVI\u00c7OS<\/a><\/li><li><a href='https:\/\/goias.gov.br\/comunicacao\/Competencias\/' target='_blank'>COMPET\u00caNCIAS<\/a><\/li><li><a href='https:\/\/goias.gov.br\/comunicacao\/cargos-e-seus-ocupantes\/' target='_blank'>CARGOS E SEUS OCUPANTES<\/a><\/li><li><a href='https:\/\/goias.gov.br\/comunicacao\/cadastro-de-fornecedores\/' target='_blank'>CADASTRO DE FORNECEDORES<\/a><\/li><li><a href='https:\/\/legisla.casacivil.go.gov.br\/pesquisa_legislacao\/103904\/decreto-9837' target='_blank'>C\u00d3DIGO DE \u00c9TICA<\/a><\/li><li><a href='https:\/\/goias.gov.br\/controladoria' target='_blank'>CONTROLADORIA-GERAL DO ESTADO DE GOI\u00c1S<\/a><\/li><li><a href='https:\/\/goias.gov.br\/governo\/cadastro-de-autoridade\/' target='_blank'>CADASTRO DE AUTORIDADES<\/a><\/li><li><a href='https:\/\/goias.gov.br\/comunicacao\/cargos-e-seus-ocupantes\/' target='_blank'>CARGOS E SEUS OCUPANTES<\/a><\/li><li><a href='https:\/\/goias.gov.br\/comunicacao\/conselhos\/' target='_blank'>CONSELHOS<\/a><\/li><li><a href='https:\/\/goias.gov.br\/comunicacao\/cadastro-de-fornecedores\/' target='_blank'>CADASTRO \/ CONSULTA DE FORNECEDORES DE M\u00cdDIA E SERVI\u00c7OS DE PUBLICIDADE<\/a><\/li><li><a href='https:\/\/goias.gov.br\/comunicacao\/convenios-recebidos\/' target='_blank'>CONV\u00caNIOS RECEBIDOS<\/a><\/li><li><a href='https:\/\/goias.gov.br\/comunicacao\/convenios-concedidos\/' target='_blank'>CONV\u00caNIOS CONCEDIDOS<\/a><\/li><li><a href='https:\/\/www.comprasnet.go.gov.br\/' target='_blank'>COMPRASNET<\/a><\/li><li><a href='https:\/\/goias.gov.br\/comunicacao\/concorrencia-publica\/' target='_blank'>CONCORR\u00caNCIA LICITA\u00c7\u00c3O<\/a><\/li><li><a href='https:\/\/www.transparencia.go.gov.br\/lai.php?painel=contratos_detalhamento&orgao=secom' target='_blank'>CONTRATOS<\/a><\/li><li><a href='https:\/\/goias.gov.br\/comunicacao\/contratos-emergenciais\/' target='_blank'>CONTRATOS EMERGENCIAIS<\/a><\/li><li><a href='https:\/\/goias.gov.br\/comunicacao\/contrato-de-locacao-de-imoveis\/' target='_blank'>CONTRATO DE LOCA\u00c7\u00c3O DE IM\u00d3VEIS<\/a><\/li><li><a href='https:\/\/goias.gov.br\/comunicacao\/classificacao-de-informacoes-sigilosas-2\/' target='_blank'>CLASSIFICA\u00c7\u00c3O DE INFORMA\u00c7\u00d5ES SIGILOSAS<\/a><\/li><li><a href='https:\/\/goias.gov.br\/comunicacao\/consultas-publicas\/' target='_blank'>CONSULTAS P\u00daBLICAS<\/a><\/li><\/ul><\/div><div class='sitemap-group'><h3>D<\/h3><ul><li><a href='https:\/\/dadosabertos.go.gov.br\/' target='_blank'>DADOS ABERTOS<\/a><\/li><li><a href='https:\/\/www.go.gov.br\/servicos-digitais\/cge\/nova-ouvidoria\/nova-manifestacao\/tela-negativo?orgao=34' target='_blank'>DEN\u00daNCIAS CONTRA CORRUP\u00c7\u00c3O<\/a><\/li><li><a href='http:\/\/diariooficial.abc.go.gov.br\/' target='_blank'>DI\u00c1RIO OFICIAL<\/a><\/li><li><a href='https:\/\/dadosabertos.go.gov.br\/' target='_blank'>DADOS ABERTOS GOI\u00c1S<\/a><\/li><li><a href='https:\/\/goias.gov.br\/comunicacao\/doacoes\/' target='_blank'>DOA\u00c7\u00d5ES<\/a><\/li><li><a href='https:\/\/www.transparencia.go.gov.br\/lai.php?painel=diarias&orgao=secom' target='_blank'>DI\u00c1RIAS<\/a><\/li><\/ul><\/div><div class='sitemap-group'><h3>E<\/h3><ul><li><a href='https:\/\/goias.gov.br\/comunicacao\/estrutura-organizacional\/' target='_blank'>ESTRUTURA ORGANIZACIONAL<\/a><\/li><li><a href='https:\/\/www.go.gov.br\/servicos-digitais\/cge\/nova-ouvidoria\/pedido-informacao-publica?orgao=31&tipo_manifestacao=7' target='_blank'>E-SIC<\/a><\/li><li><a href='https:\/\/www.go.gov.br\/servicos-digitais\/cge\/nova-ouvidoria\/pedido-informacao-publica?orgao=34&tipo_manifestacao=7' target='_blank'>E-SIC - SERVI\u00c7O ELETR\u00d4NICO DE INFORMA\u00c7\u00c3O AO CIDAD\u00c3O<\/a><\/li><li><a href='https:\/\/www.go.gov.br\/' target='_blank'>EXPRESSO GOI\u00c1S<\/a><\/li><li><a href='https:\/\/portal.go.gov.br\/' target='_blank'>EXPRESSO APLICA\u00c7\u00d5ES<\/a><\/li><li><a href='https:\/\/www.go.gov.br\/' target='_blank'>EXPRESSO SERVIDOR<\/a><\/li><li><a href='https:\/\/goias.gov.br\/escoladegoverno\/' target='_blank'>ESCOLA DE GOVERNO<\/a><\/li><li><a href='https:\/\/goias.gov.br\/comunicacao\/canais-de-atendimento\/' target='_blank'>ENDERE\u00c7OS, TELEFONES, E-MAILS E HOR\u00c1RIOS DE ATENDIMENTO<\/a><\/li><li><a href='https:\/\/www.transparencia.go.gov.br\/wp-content\/uploads\/sites\/2\/painel\/lai.php?painel=empenhos&orgao=secom' target='_blank'>EMPENHOS E PAGAMENTOS:\nSECOM<\/a><\/li><li><a href='https:\/\/www.transparencia.go.gov.br\/wp-content\/uploads\/sites\/2\/painel\/lai.php?painel=execucao_orcamentaria_visao_geral&orgao=secom' target='_blank'>EXECU\u00c7\u00c3O OR\u00c7AMENT\u00c1RIA:\nSECOM<\/a><\/li><li><a href='https:\/\/goias.gov.br\/comunicacao\/emendas-parlamentares-estaduais\/' target='_blank'>EMENDAS PARLAMENTARES ESTADUAIS<\/a><\/li><li><a href='https:\/\/goias.gov.br\/comunicacao\/emendas-parlamentares-federais\/' target='_blank'>EMENDAS PARLAMENTARES FEDERAIS<\/a><\/li><li><a href='https:\/\/www.go.gov.br\/servicos-digitais\/cge\/nova-ouvidoria\/nova-manifestacao?orgao=34' target='_blank'>E-SIC ELETR\u00d4NICO<\/a><\/li><li><a href='https:\/\/goias.gov.br\/comunicacao\/tratamento-dos-dados-pessoais\/' target='_blank'>ENCARREGADO PELO TRATAMENTO DE DADOS PESSOAIS<\/a><\/li><\/ul><\/div><div class='sitemap-group'><h3>F<\/h3><ul><li><a href='https:\/\/goias.gov.br\/comunicacao\/institucional\/fale-conosco\/' target='_blank'>FALE CONOSCO<\/a><\/li><li><a href='https:\/\/www.facebook.com\/governogoias' target='_blank'>FACEBOOK<\/a><\/li><li><a href='https:\/\/www.transparencia.go.gov.br\/lai.php?painel=folha_de_pagamento_salarios_de_servidores_ativos&orgao=secom' target='_blank'>FOLHA DE PAGAMENTO<\/a><\/li><\/ul><\/div><div class='sitemap-group'><h3>G<\/h3><ul><li><a href='http:\/\/www.brasil.gov.br\/' target='_blank'>GOVERNO FEDERAL<\/a><\/li><li><a href='https:\/\/transparencia.go.gov.br\/' target='_blank'>GOI\u00c1S TRANSPAR\u00caNCIA<\/a><\/li><li><a href='https:\/\/www.transparencia.go.gov.br\/wp-content\/uploads\/sites\/2\/painel\/lai.php?painel=gastos_governamentais&orgao=secom' target='_blank'>GASTOS GOVERNAMENTAIS:\nSECOM<\/a><\/li><li><a href='https:\/\/www.transparencia.go.gov.br\/wp-content\/uploads\/sites\/2\/painel\/lai.php?painel=publicidade_propaganda&orgao=secom' target='_blank'>GASTOS COM PUBLICIDADE E PROPAGANDA:\nSECOM<\/a><\/li><\/ul><\/div><div class='sitemap-group'><h3>I<\/h3><ul><li><a href='https:\/\/goias.gov.br\/comunicacao\/institucional\/' target='_blank'>INSTITUCIONAL<\/a><\/li><li><a href='https:\/\/goias.gov.br\/comunicacao\/sobre-a-imprensa\/' target='_blank'>IMPRENSA<\/a><\/li><li><a href='https:\/\/www.instagram.com\/governogoias\/' target='_blank'>INSTAGRAM<\/a><\/li><li><a href='https:\/\/www.transparencia.go.gov.br\/wp-content\/uploads\/sites\/2\/painel\/lai.php?painel=pda&orgao=secom' target='_blank'>INVENT\u00c1RIO DE DADOS<\/a><\/li><\/ul><\/div><div class='sitemap-group'><h3>J<\/h3><ul><li><a href='https:\/\/goias.gov.br\/comunicacao\/julgamento-de-contas-pelo-tce-go\/' target='_blank'>JULGAMENTO DE CONTAS PELO TCE-GO<\/a><\/li><\/ul><\/div><div class='sitemap-group'><h3>L<\/h3><ul><li><a href='https:\/\/goias.gov.br\/comunicacao\/lei-geral-de-protecao-de-dados\/' target='_blank'>LGPD<\/a><\/li><li><a href='https:\/\/linkedin.com\/company\/governogoias\/mycompany\/verification\/?viewAsMember=true' target='_blank'>LINKEDLN<\/a><\/li><li><a href='https:\/\/goias.gov.br\/comunicacao\/legislacao-aplicavel\/' target='_blank'>LEGISLA\u00c7\u00c3O APLIC\u00c1VEL<\/a><\/li><li><a href='https:\/\/www.transparencia.go.gov.br\/wp-content\/uploads\/sites\/2\/painel\/lai.php?painel=folha_de_pagamento_salarios_de_estagiarios_ativos&orgao=secom' target='_blank'>LISTA DE ESTAGI\u00c1RIOS<\/a><\/li><li><a href='https:\/\/www.transparencia.go.gov.br\/lai.php?painel=licitacoes_licitacoes_concluidas&orgao=secom' target='_blank'>LICITA\u00c7\u00d5ES - COMPRASNET<\/a><\/li><li><a href='https:\/\/www.transparencia.go.gov.br\/wp-content\/uploads\/sites\/2\/painel\/lai.php?painel=licitacoes_concluidas_sislog&orgao=secom' target='_blank'>LICITA\u00c7\u00d5ES - SISLOG<\/a><\/li><li><a href='https:\/\/transparencia.go.gov.br\/fornecedores-impedidos\/' target='_blank'>LICITANTES SANCIONADOS ADMINISTRATIVAMENTE<\/a><\/li><li><a href='https:\/\/transparencia.go.gov.br\/orcamento-e-planejamento-pecas\/' target='_blank'>LDO\/LOA<\/a><\/li><li><a href='https:\/\/legisla.casacivil.go.gov.br\/pesquisa_legislacao\/90142\/lei-18025' target='_blank'>LEI\u00a0DE ACESSO \u00c0 INFORMA\u00c7\u00c3O ESTADUAL<\/a><\/li><\/ul><\/div><div class='sitemap-group'><h3>M<\/h3><ul><li><a href='https:\/\/www.mpgo.mp.br\/portal\/' target='_blank'>MINIST\u00c9RIO P\u00daBLICO DO ESTADO DE GOI\u00c1S<\/a><\/li><li><a href='https:\/\/goias.gov.br\/comunicacao\/monitoramento-de-programas-projetos-acoes-e-atividades\/' target='_blank'>MONITORAMENTO DE PROGRAMAS, PROJETOS, A\u00c7\u00d5ES E ATIVIDADES<\/a><\/li><\/ul><\/div><div class='sitemap-group'><h3>O<\/h3><ul><li><a href='https:\/\/www.go.gov.br\/servicos-digitais\/cge\/nova-ouvidoria?orgao=34' target='_blank'>OUVIDORIA<\/a><\/li><li><a href='https:\/\/www.go.gov.br\/servicos-digitais\/cge\/nova-ouvidoria?orgao=34' target='_blank'>OUVIDORIA SETORIAL (EXPRESSO)<\/a><\/li><li><a href='https:\/\/goias.gov.br\/comunicacao\/ouvidoria-setorial\/' target='_blank'>OUVIDORIA SETORIAL (PRESENCIAL)<\/a><\/li><li><a href='https:\/\/www.transparencia.go.gov.br\/wp-content\/uploads\/sites\/2\/painel\/lai.php?painel=ordem_cronologica_despesas&orgao=secom' target='_blank'>ORDEM CRONOL\u00d3GICA DE PAGAMENTOS:\nSECOM<\/a><\/li><li><a href='https:\/\/goias.gov.br\/comunicacao\/obras\/' target='_blank'>OBRAS<\/a><\/li><li><a href='https:\/\/goias.gov.br\/comunicacao\/relacao-de-obras-paralisadas\/' target='_blank'>OBRAS PARALISADAS<\/a><\/li><li><a href='https:\/\/goias.gov.br\/comunicacao\/obras-audiencias-consultas-publicas\/' target='_blank'>OBRAS - AUDI\u00caNCIAS\/CONSULTAS P\u00daBLICAS<\/a><\/li><li><a href='https:\/\/goias.gov.br\/comunicacao\/ouvidoria-setorial\/' target='_blank'>OUVIDORIA - ATENDIMENTO PRESENCIAL<\/a><\/li><\/ul><\/div><div class='sitemap-group'><h3>P<\/h3><ul><li><a href='https:\/\/recicla.goias.gov.br\/' target='_blank'>PORTAL RECICLA GOI\u00c1S<\/a><\/li><li><a href='https:\/\/transparencia.go.gov.br\/' target='_blank'>PORTAL DA TRANSPAR\u00caNCIA<\/a><\/li><li><a href='https:\/\/goias.gov.br\/controladoria\/programa-de-compliance-publico-do-governo-de-goias\/' target='_blank'>PCP<\/a><\/li><li><a href='https:\/\/goias.gov.br\/procuradoria\/' target='_blank'>PROCURADORIA-GERAL DO ESTADO DE GOI\u00c1S<\/a><\/li><li><a href='https:\/\/goias.gov.br\/comunicacao\/programa-de-compliance-publico-pcp\/' target='_blank'>PROGRAMA DE COMPLIANCE P\u00daBLICO -PCP<\/a><\/li><li><a href='https:\/\/goias.gov.br\/comunicacao\/pagamento-contratos\/' target='_blank'>PAGAMENTO DE AG\u00caNCIAS E VE\u00cdCULOS<\/a><\/li><li><a href='https:\/\/sislog.go.gov.br\/Pca' target='_blank'>PCA-PLANO DE CONTRATA\u00c7\u00d5ES ANUAL<\/a><\/li><li><a href='https:\/\/www.gov.br\/pncp\/pt-br\/acesso-a-informacao\/painel-pncp-em-numeros\/pncp-em-numeros-contratacoes\/pncp-em-numeros-municipio' target='_blank'>PNCP<\/a><\/li><li><a href='https:\/\/goias.gov.br\/comunicacao\/parceria-com-oscs\/' target='_blank'>PARCERIA COM OSCS<\/a><\/li><li><a href='https:\/\/goias.gov.br\/comunicacao\/planejamento-estrategico\/' target='_blank'>PLANO ESTRAT\u00c9GICO INSTITUCIONAL<\/a><\/li><li><a href='https:\/\/ppa.go.gov.br\/' target='_blank'>PPA<\/a><\/li><li><a href='http:\/\/www.planalto.gov.br\/ccivil_03\/_ato2015-2018\/2018\/lei\/l13709.htm' target='_blank'>POL\u00cdTICA DE PRIVACIDADE E PROTE\u00c7\u00c3O DE DADOS<\/a><\/li><li><a href='https:\/\/app.powerbi.com\/view?r=eyJrIjoiNmRhN2MzZmYtMWZkMi00ODdmLWJhNGQtYTJkODcwNDJlMTU4IiwidCI6IjY3ZmQ0MzFjLWIyYWQtNDg2Ny04MWJjLWQ3NTYyMjBiNTZkNCJ9' target='_blank'>PESQUISA DE SATISFA\u00c7\u00c3O<\/a><\/li><li><a href='https:\/\/transparencia.go.gov.br\/' target='_blank'>PORTAL GOI\u00c1S TRANSPARENTE<\/a><\/li><li><a href='https:\/\/goias.gov.br\/comunicacao\/projetos-de-participacao-social\/' target='_blank'>PROJETOS DE PARTICIPA\u00c7\u00c3O SOCIAL<\/a><\/li><li><a href='https:\/\/goias.gov.br\/comunicacao\/projetos-de-inovacao-no-servico-publico\/' target='_blank'>PROJETOS DE INOVA\u00c7\u00c3O NO SERVI\u00c7O P\u00daBLICO<\/a><\/li><\/ul><\/div><div class='sitemap-group'><h3>R<\/h3><ul><li><a href='https:\/\/radardatransparencia.atricon.org.br\/' target='_blank'>RADAR DA TRANSPAR\u00caNCIA<\/a><\/li><li><a href='https:\/\/www.transparencia.go.gov.br\/wp-content\/uploads\/sites\/2\/painel\/lai.php?painel=receitas_estaduais&orgao=secom' target='_blank'>RECEITA ESTADUAL:\nSECOM<\/a><\/li><li><a href='https:\/\/goias.gov.br\/comunicacao\/institucional\/relacao-de-terceirizados\/' target='_blank'>RELA\u00c7\u00c3O DE TERCEIRIZADOS<\/a><\/li><li><a href='https:\/\/www.transparencia.go.gov.br\/wp-content\/uploads\/sites\/2\/painel\/lai.php?painel=contratos_fiscais_e_gestores&orgao=secom' target='_blank'>RELA\u00c7\u00c3O DOS FISCAIS DOS CONTRATOS<\/a><\/li><li><a href='https:\/\/goias.gov.br\/comunicacao\/relacao-de-veiculos\/' target='_blank'>RELA\u00c7\u00c3O DE VE\u00cdCULOS<\/a><\/li><li><a href='https:\/\/goias.gov.br\/comunicacao\/relatorio-de-gestao-ou-atividades\/' target='_blank'>RELAT\u00d3RIO DE GEST\u00c3O OU ATIVIDADES<\/a><\/li><li><a href='https:\/\/transparencia.go.gov.br\/gestao-fiscal-e-governamental-rgf\/' target='_blank'>RGF<\/a><\/li><li><a href='https:\/\/transparencia.go.gov.br\/rreo\/' target='_blank'>RREO<\/a><\/li><li><a href='https:\/\/www.ouvidoriageral.go.gov.br\/api\/relatorio_gestao.php?tipo=7&orgao=34' target='_blank'>RELAT\u00d3RIO DE PEDIDOS DE ACESSO \u00c0 INFORMA\u00c7\u00c3O<\/a><\/li><li><a href='https:\/\/goias.gov.br\/comunicacao\/relatorio-de-ouvidoria\/' target='_blank'>RELAT\u00d3RIO DE GEST\u00c3O DE OUVIDORIA<\/a><\/li><\/ul><\/div><div class='sitemap-group'><h3>S<\/h3><ul><li><a href='https:\/\/goias.gov.br\/administracao\/siga-eng\/' target='_blank'>SIGA<\/a><\/li><li><a href='https:\/\/www.go.gov.br\/unidadesvaptvupt' target='_blank'>SIC - SERVI\u00c7O DE INFORMA\u00c7\u00c3O AO CIDAD\u00c3O<\/a><\/li><li><a href='https:\/\/www.instagram.com\/stories\/highlights\/18123853996123655\/' target='_blank'>SECOM GOI\u00c1S<\/a><\/li><li><a href='https:\/\/sei.go.gov.br\/sei\/modulos\/goias\/login-sei\/MdGoiasLoginSEI.php?acao=md_goias_login_SEI&sigla_orgao_sistema=GOVERNADORIA&sigla_sistema=SEI&infra_url=L3NlaS8=' target='_blank'>SEI GOVERNADORIA<\/a><\/li><li><a href='https:\/\/goias.gov.br\/comunicacao\/sobre-a-secretaria\/' target='_blank'>SOBRE A SECOM<\/a><\/li><li><a href='https:\/\/goias.gov.br\/comunicacao\/sobre-a-imprensa\/' target='_blank'>SOBRE A IMPRENSA<\/a><\/li><li><a href='https:\/\/goias.gov.br\/comunicacao\/sobre-a-publicidade\/' target='_blank'>SOBRE A PUBLICIDADE<\/a><\/li><li><a href='https:\/\/goias.gov.br\/comunicacao\/sobre-a-ouvidoria\/' target='_blank'>SOBRE A OUVIDORIA<\/a><\/li><li><a href='https:\/\/goias.gov.br\/comunicacao\/sobre-as-redes-sociais-da-secom\/' target='_blank'>SOBRE AS REDES SOCIAIS DA SECOM<\/a><\/li><li><a href='https:\/\/goias.gov.br\/comunicacao\/publicacoes-oficiais\/' target='_blank'>SOBRE PUBLICA\u00c7\u00d5ES OFICIAIS DO GOVERNO DE GOI\u00c1S<\/a><\/li><li><a href='https:\/\/sislog.go.gov.br\/' target='_blank'>SISLOG<\/a><\/li><li><a href='https:\/\/www.go.gov.br\/servicos-digitais\/vapt-vupt\/unidades-e-filas\/unidades' target='_blank'>SIC F\u00cdSICO - UNIDADES DO VAPT VUPT<\/a><\/li><\/ul><\/div><div class='sitemap-group'><h3>T<\/h3><ul><li><a href='https:\/\/www.tjgo.jus.br\/' target='_blank'>TRIBUNAL DE JUSTI\u00c7A DO ESTADO DE GOI\u00c1S<\/a><\/li><li><a href='https:\/\/twitter.com\/governogoias' target='_blank'>TWITTER<\/a><\/li><li><a href='https:\/\/www.tiktok.com\/@governodegoias' target='_blank'>TIKTOK<\/a><\/li><\/ul><\/div><div class='sitemap-group'><h3>W<\/h3><ul><li><a href='https:\/\/www.whatsapp.com\/channel\/0029VaBwUMG5a24BRPwtcR3k' target='_blank'>WHATSAPP<\/a><\/li><\/ul><\/div><div class='sitemap-group'><h3>Y<\/h3><ul><li><a href='https:\/\/www.youtube.com\/channel\/UCviBJwxZoTEWydYw2JLLAlQ' target='_blank'>YOUTUBE<\/a><\/li><\/ul><\/div><\/div>\n","protected":false},"excerpt":{"rendered":"","protected":false},"author":1,"featured_media":0,"parent":0,"menu_order":0,"comment_status":"closed","ping_status":"closed","template":"","meta":{"footnotes":""},"class_list":["post-658","page","type-page","status-publish","hentry"],"rttpg_featured_image_url":null,"rttpg_author":{"display_name":"wagner.viana","author_link":"https:\/\/goias.gov.br\/comunicacao\/author\/wagner-viana\/"},"rttpg_comment":0,"rttpg_category":null,"rttpg_excerpt":null,"_links":{"self":[{"href":"https:\/\/goias.gov.br\/comunicacao\/wp-json\/wp\/v2\/pages\/658","targetHints":{"allow":["GET"]}}],"collection":[{"href":"https:\/\/goias.gov.br\/comunicacao\/wp-json\/wp\/v2\/pages"}],"about":[{"href":"https:\/\/goias.gov.br\/comunicacao\/wp-json\/wp\/v2\/types\/page"}],"author":[{"embeddable":true,"href":"https:\/\/goias.gov.br\/comunicacao\/wp-json\/wp\/v2\/users\/1"}],"replies":[{"embeddable":true,"href":"https:\/\/goias.gov.br\/comunicacao\/wp-json\/wp\/v2\/comments?post=658"}],"version-history":[{"count":2,"href":"https:\/\/goias.gov.br\/comunicacao\/wp-json\/wp\/v2\/pages\/658\/revisions"}],"predecessor-version":[{"id":3166,"href":"https:\/\/goias.gov.br\/comunicacao\/wp-json\/wp\/v2\/pages\/658\/revisions\/3166"}],"wp:attachment":[{"href":"https:\/\/goias.gov.br\/comunicacao\/wp-json\/wp\/v2\/media?parent=658"}],"curies":[{"name":"wp","href":"https:\/\/api.w.org\/{rel}","templated":true}]}}