

{"id":651,"date":"2023-07-11T11:54:06","date_gmt":"2023-07-11T14:54:06","guid":{"rendered":"https:\/\/siteshom.goias.gov.br\/comunicacao\/?page_id=651"},"modified":"2026-02-20T13:53:19","modified_gmt":"2026-02-20T16:53:19","slug":"fale-conosco","status":"publish","type":"page","link":"https:\/\/goias.gov.br\/comunicacao\/institucional\/fale-conosco\/","title":{"rendered":"Fale Conosco"},"content":{"rendered":"\t\t<div data-elementor-type=\"wp-page\" data-elementor-id=\"651\" class=\"elementor elementor-651\">\n\t\t\t\t<div class=\"elementor-element elementor-element-0adcef4 e-con-full e-flex e-con e-parent\" data-id=\"0adcef4\" data-element_type=\"container\" data-e-type=\"container\">\n\t\t<div class=\"elementor-element elementor-element-b5393b4 e-con-full e-flex e-con e-child\" data-id=\"b5393b4\" data-element_type=\"container\" data-e-type=\"container\">\n\t\t\t\t<div class=\"elementor-element elementor-element-31fd86e elementor-widget elementor-widget-shortcode\" data-id=\"31fd86e\" data-element_type=\"widget\" data-e-type=\"widget\" data-widget_type=\"shortcode.default\">\n\t\t\t\t\t\t\t<div class=\"elementor-shortcode\">\n<div class=\"wpcf7 no-js\" id=\"wpcf7-f653-o1\" lang=\"pt-BR\" dir=\"ltr\" data-wpcf7-id=\"653\">\n<div class=\"screen-reader-response\"><p role=\"status\" aria-live=\"polite\" aria-atomic=\"true\"><\/p> <ul><\/ul><\/div>\n<form action=\"\/comunicacao\/wp-json\/wp\/v2\/pages\/651#wpcf7-f653-o1\" method=\"post\" class=\"wpcf7-form init\" aria-label=\"Formul\u00e1rios de contato\" novalidate=\"novalidate\" data-status=\"init\">\n<fieldset class=\"hidden-fields-container\"><input type=\"hidden\" name=\"_wpcf7\" value=\"653\" \/><input type=\"hidden\" name=\"_wpcf7_version\" value=\"6.1.5\" \/><input type=\"hidden\" name=\"_wpcf7_locale\" value=\"pt_BR\" \/><input type=\"hidden\" name=\"_wpcf7_unit_tag\" value=\"wpcf7-f653-o1\" \/><input type=\"hidden\" name=\"_wpcf7_container_post\" value=\"0\" \/><input type=\"hidden\" name=\"_wpcf7_posted_data_hash\" value=\"\" \/>\n<\/fieldset>\n<p><label> Nome *<br \/>\n<span class=\"wpcf7-form-control-wrap\" data-name=\"your-name\"><input size=\"40\" maxlength=\"400\" class=\"wpcf7-form-control wpcf7-text wpcf7-validates-as-required\" autocomplete=\"name\" aria-required=\"true\" aria-invalid=\"false\" value=\"\" type=\"text\" name=\"your-name\" \/><\/span> <\/label>\n<\/p>\n<p><label> E-mail *<br \/>\n<span class=\"wpcf7-form-control-wrap\" data-name=\"your-email\"><input size=\"40\" maxlength=\"400\" class=\"wpcf7-form-control wpcf7-email wpcf7-validates-as-required wpcf7-text wpcf7-validates-as-email\" autocomplete=\"email\" aria-required=\"true\" aria-invalid=\"false\" value=\"\" type=\"email\" name=\"your-email\" \/><\/span> <\/label>\n<\/p>\n<p><label> Assunto *<br \/>\n<span class=\"wpcf7-form-control-wrap\" data-name=\"your-subject\"><input size=\"40\" maxlength=\"400\" class=\"wpcf7-form-control wpcf7-text wpcf7-validates-as-required\" aria-required=\"true\" aria-invalid=\"false\" value=\"\" type=\"text\" name=\"your-subject\" \/><\/span> <\/label>\n<\/p>\n<p><label> Mensagem *<br \/>\n<span class=\"wpcf7-form-control-wrap\" data-name=\"your-message\"><textarea cols=\"40\" rows=\"10\" maxlength=\"2000\" class=\"wpcf7-form-control wpcf7-textarea\" aria-invalid=\"false\" name=\"your-message\"><\/textarea><\/span> <\/label>\n<\/p>\n<p><input class=\"wpcf7-form-control wpcf7-submit has-spinner\" type=\"submit\" value=\"Enviar\" \/>\n<\/p><div class=\"wpcf7-response-output\" aria-hidden=\"true\"><\/div>\n<\/form>\n<\/div>\n<\/div>\n\t\t\t\t\t\t<\/div>\n\t\t\t\t<\/div>\n\t\t<div class=\"elementor-element elementor-element-f1b51ed e-con-full e-flex e-con e-child\" data-id=\"f1b51ed\" data-element_type=\"container\" data-e-type=\"container\">\n\t\t\t\t<div class=\"elementor-element elementor-element-5d96d6c elementor-widget elementor-widget-shortcode\" data-id=\"5d96d6c\" data-element_type=\"widget\" data-e-type=\"widget\" data-widget_type=\"shortcode.default\">\n\t\t\t\t\t\t\t<div class=\"elementor-shortcode\"><div data-post-id=\"11\" class=\"insert-page insert-page-11 \"><p class=\"nomargintop\">Rua 82, n\u00ba 400 Ed. Pal\u00e1cio Pedro Ludovico Teixeira, 9\u00ba andar, ala oeste,<br \/>\nSetor Central, Goi\u00e2nia\/GO \u2013 CEP: 74.015-908<br \/>\nAtendimento: 08h \u00e0s 12h e 14h \u00e0s 18h<\/p>\n<p><strong>Atendimento sobre servi\u00e7os de comunica\u00e7\u00e3o e imprensa<\/strong><br \/>\nE-mail: <a href=\"mailto:secretariageral.comunicacao@goias.gov.br\">secretariageral.comunicacao@goias.gov.br<\/a><br \/>\nTelefone: (62) 3201-5986<\/p>\n<p><strong>Superintend\u00eancia de Imprensa<\/strong><br \/>\nE-mail: <a href=\"mailto:imprensa.secom@goias.gov.br\">imprensa.secom@goias.gov.br<\/a><br \/>\nTelefone: (62) 3201-5979<\/p>\n<p><strong>Superintend\u00eancia de M\u00eddias Digitais<\/strong><br \/>\nE-mail: <a href=\"mailto:smdp.secom@goias.gov.br\">smdp.secom@goias.gov.br<\/a><br \/>\nTelefone: (62) 3201-5944<\/p>\n<p><strong>Superintend\u00eancia de Publicidade<\/strong><br \/>\nE-mail: <a href=\"superintendenciadepublicidade@goias.gov.br\">superintendenciadepublicidade@goias.gov.br<\/a><br \/>\nTelefone: (62) 3201-5938<\/p>\n<p><strong>Superintend\u00eancia de Gest\u00e3o Integrada<\/strong><br \/>\nE-mail: <a href=\"sgi.comunicacao@goias.gov.br\">sgi.comunicacao@goias.gov.br<\/a><br \/>\nTelefone: (62) 3201-5930<\/p>\n<p><b>Gabinete do Secret\u00e1rio<\/b><br \/>\nE-mail: <a href=\"mailto:leidina.santos@goias.gov.br\">gean.carvalho@goias.gov.br<\/a><br \/>\nTelefone: (62) 3201-5997<\/p>\n<p><b>Subsecret\u00e1rio de Comunica\u00e7\u00e3o<\/b><br \/>\nE-mail: <a href=\"mailto:leidina.santos@goias.gov.br\">bruno.lima@goias.gov.br<\/a><br \/>\nTelefone: (62) 3201-5997<\/p>\n<p><b>Chefia de Gabinete<\/b><br \/>\nE-mail: <a href=\"mailto:leidina.santos@goias.gov.br\">cristina.gomes@goias.gov.br<\/a><br \/>\nTelefone: (62) 3201-5986<\/p>\n<p><b>Procuradoria Setorial<\/b><br \/>\nE-mail: <a href=\"mailto:leidina.santos@goias.gov.br\">kelly.souza@goias.gov.br<\/a><br \/>\nTelefone: (62) 3201-5916<\/p>\n<\/div><\/div>\n\t\t\t\t\t\t<\/div>\n\t\t\t\t<\/div>\n\t\t\t\t<\/div>\n\t\t\t\t<\/div>\n\t\t","protected":false},"excerpt":{"rendered":"","protected":false},"author":1,"featured_media":0,"parent":660,"menu_order":0,"comment_status":"closed","ping_status":"closed","template":"","meta":{"footnotes":""},"class_list":["post-651","page","type-page","status-publish","hentry"],"rttpg_featured_image_url":null,"rttpg_author":{"display_name":"wagner.viana","author_link":"https:\/\/goias.gov.br\/comunicacao\/author\/wagner-viana\/"},"rttpg_comment":0,"rttpg_category":"","rttpg_excerpt":null,"_links":{"self":[{"href":"https:\/\/goias.gov.br\/comunicacao\/wp-json\/wp\/v2\/pages\/651","targetHints":{"allow":["GET"]}}],"collection":[{"href":"https:\/\/goias.gov.br\/comunicacao\/wp-json\/wp\/v2\/pages"}],"about":[{"href":"https:\/\/goias.gov.br\/comunicacao\/wp-json\/wp\/v2\/types\/page"}],"author":[{"embeddable":true,"href":"https:\/\/goias.gov.br\/comunicacao\/wp-json\/wp\/v2\/users\/1"}],"replies":[{"embeddable":true,"href":"https:\/\/goias.gov.br\/comunicacao\/wp-json\/wp\/v2\/comments?post=651"}],"version-history":[{"count":2,"href":"https:\/\/goias.gov.br\/comunicacao\/wp-json\/wp\/v2\/pages\/651\/revisions"}],"predecessor-version":[{"id":32334,"href":"https:\/\/goias.gov.br\/comunicacao\/wp-json\/wp\/v2\/pages\/651\/revisions\/32334"}],"up":[{"embeddable":true,"href":"https:\/\/goias.gov.br\/comunicacao\/wp-json\/wp\/v2\/pages\/660"}],"wp:attachment":[{"href":"https:\/\/goias.gov.br\/comunicacao\/wp-json\/wp\/v2\/media?parent=651"}],"curies":[{"name":"wp","href":"https:\/\/api.w.org\/{rel}","templated":true}]}}