

{"id":2384,"date":"2024-06-17T15:52:17","date_gmt":"2024-06-17T18:52:17","guid":{"rendered":"https:\/\/goias.gov.br\/comunicacao\/?page_id=2384"},"modified":"2024-06-19T18:01:20","modified_gmt":"2024-06-19T21:01:20","slug":"imprensa","status":"publish","type":"page","link":"https:\/\/goias.gov.br\/comunicacao\/imprensa\/","title":{"rendered":"Imprensa"},"content":{"rendered":"\n<h4><span style=\"color: #0000ff;\">Contatos:<\/span><br \/><br \/><span style=\"color: #008000;\">Secretaria de Estado de Comunica\u00e7\u00e3o<\/span><\/h4>\n<ul>\n<li><a href=\"https:\/\/goias.gov.br\/comunicacao\/cargos-e-seus-ocupantes\/\">Cargos e seus ocupantes<\/a><\/li>\n<\/ul>\n<h4><span style=\"color: #008000;\">Comunica\u00e7\u00e3o Setorial<\/span><\/h4>\n<ul>\n<li><a href=\"https:\/\/goias.gov.br\/comunicacao\/imprensa\/comunicacaosetorial\/\">Cargos e seus ocupantes<\/a><\/li>\n<\/ul>\n","protected":false},"excerpt":{"rendered":"<p>Contatos: Secretaria de Estado de Comunica\u00e7\u00e3o Cargos e seus ocupantes Comunica\u00e7\u00e3o Setorial Cargos e seus ocupantes<\/p>\n","protected":false},"author":62,"featured_media":0,"parent":0,"menu_order":0,"comment_status":"closed","ping_status":"closed","template":"","meta":{"footnotes":""},"class_list":["post-2384","page","type-page","status-publish","hentry"],"rttpg_featured_image_url":null,"rttpg_author":{"display_name":"italoreis","author_link":"https:\/\/goias.gov.br\/comunicacao\/author\/italoreis\/"},"rttpg_comment":0,"rttpg_category":null,"rttpg_excerpt":"Contatos: Secretaria de Estado de Comunica\u00e7\u00e3o Cargos e seus ocupantes Comunica\u00e7\u00e3o Setorial Cargos e seus ocupantes","_links":{"self":[{"href":"https:\/\/goias.gov.br\/comunicacao\/wp-json\/wp\/v2\/pages\/2384","targetHints":{"allow":["GET"]}}],"collection":[{"href":"https:\/\/goias.gov.br\/comunicacao\/wp-json\/wp\/v2\/pages"}],"about":[{"href":"https:\/\/goias.gov.br\/comunicacao\/wp-json\/wp\/v2\/types\/page"}],"author":[{"embeddable":true,"href":"https:\/\/goias.gov.br\/comunicacao\/wp-json\/wp\/v2\/users\/62"}],"replies":[{"embeddable":true,"href":"https:\/\/goias.gov.br\/comunicacao\/wp-json\/wp\/v2\/comments?post=2384"}],"version-history":[{"count":2,"href":"https:\/\/goias.gov.br\/comunicacao\/wp-json\/wp\/v2\/pages\/2384\/revisions"}],"predecessor-version":[{"id":2402,"href":"https:\/\/goias.gov.br\/comunicacao\/wp-json\/wp\/v2\/pages\/2384\/revisions\/2402"}],"wp:attachment":[{"href":"https:\/\/goias.gov.br\/comunicacao\/wp-json\/wp\/v2\/media?parent=2384"}],"curies":[{"name":"wp","href":"https:\/\/api.w.org\/{rel}","templated":true}]}}