

{"id":2341,"date":"2024-06-07T18:02:22","date_gmt":"2024-06-07T21:02:22","guid":{"rendered":"https:\/\/goias.gov.br\/comunicacao\/?page_id=2341"},"modified":"2025-12-18T11:59:00","modified_gmt":"2025-12-18T14:59:00","slug":"canais-de-atendimento","status":"publish","type":"page","link":"https:\/\/goias.gov.br\/comunicacao\/institucional\/canais-de-atendimento\/","title":{"rendered":"Endere\u00e7os, Telefones, E-mails e Hor\u00e1rios de Atendimento"},"content":{"rendered":"\n<p class=\"nomargintop\">Rua 82, n\u00ba 400 Ed. Pal\u00e1cio Pedro Ludovico Teixeira, 9\u00ba andar<br \/>Setor Central, Goi\u00e2nia\/GO \u2013 CEP: 74.015-908<br \/>Atendimento: 08h \u00e0s 12h e 14h \u00e0s 18h<\/p>\n<p><strong>Atendimento ao Cidad\u00e3o &#8211; Sobre Comunica\u00e7\u00e3o Institucional<\/strong><br \/>E-mail: <a href=\"mailto:secretariageral.comunicacao@goias.gov.br\">secretariageral.comunicacao@goias.gov.br<\/a><br \/>Telefone: (62) 3201-5997<\/p>\n<p><b>Gabinete do Secret\u00e1rio<br \/><\/b>Telefone: (62) 3201-5997<\/p>\n<p><strong><b>Gabinete do Subsecret\u00e1rio<br \/><\/b><\/strong>Telefone: (62) 3201-5986<\/p>\n<p><strong><b>Chefia de Gabinete<br \/><\/b><\/strong>Telefone: (62) 3201-5986<\/p>\n<p><strong><b>Procuradoria Setorial<br \/><\/b><\/strong>Telefone: (62) 3201-5916<\/p>\n<p><strong>Superintend\u00eancia de Imprensa<\/strong><br \/>E-mail: <a href=\"mailto:imprensa.secom@goias.gov.br\">imprensa.secom@goias.gov.br<\/a><br \/>Telefone: (62) 3201-5979<\/p>\n<p><strong>Superintend\u00eancia de M\u00eddias Digitais<\/strong><br \/>E-mail: <a href=\"mailto:smdp.secom@goias.gov.br\">smdp.secom@goias.gov.br<\/a><br \/>Telefone: (62) 3201-5944<\/p>\n<p><strong>Superintend\u00eancia de Publicidade<\/strong><br \/>E-mail: <a href=\"superintendenciadepublicidade@goias.gov.br\">superintendenciadepublicidade@goias.gov.br<\/a><br \/>Telefone: (62) 3201-5938<\/p>\n<p><strong>Superintend\u00eancia de Gest\u00e3o Integrada<\/strong><br \/>E-mail: <a href=\"sgi.comunicacao@goias.gov.br\">sgi.comunicacao@goias.gov.br<\/a><br \/>Telefone: (62) 3201-5907<\/p>\n<p><strong>Ouvidoria Setorial<\/strong><br \/>E-mail: <a href=\"mailto:ouvidoria.secom@goias.gov.br\">ouvidoria.secom@goias.gov.br<\/a><br \/>Telefone: (62) 3201-5986<\/p>\n<p>\u00a0<\/p>\n<p>\u00a0<\/p>\n","protected":false},"excerpt":{"rendered":"<p>Rua 82, n\u00ba 400 Ed. Pal\u00e1cio Pedro Ludovico Teixeira, 9\u00ba andarSetor Central, Goi\u00e2nia\/GO \u2013 CEP: 74.015-908Atendimento: 08h \u00e0s 12h e 14h \u00e0s 18h Atendimento ao Cidad\u00e3o &#8211; Sobre Comunica\u00e7\u00e3o InstitucionalE-mail: secretariageral.comunicacao@goias.gov.brTelefone: (62) 3201-5997 Gabinete do Secret\u00e1rioTelefone: (62) 3201-5997 Gabinete do Subsecret\u00e1rioTelefone: (62) 3201-5986 Chefia de GabineteTelefone: (62) 3201-5986 Procuradoria SetorialTelefone: (62) 3201-5916 Superintend\u00eancia de ImprensaE-mail: [&hellip;]<\/p>\n","protected":false},"author":62,"featured_media":0,"parent":660,"menu_order":0,"comment_status":"closed","ping_status":"closed","template":"","meta":{"footnotes":""},"class_list":["post-2341","page","type-page","status-publish","hentry"],"rttpg_featured_image_url":null,"rttpg_author":{"display_name":"italoreis","author_link":"https:\/\/goias.gov.br\/comunicacao\/author\/italoreis\/"},"rttpg_comment":0,"rttpg_category":null,"rttpg_excerpt":"Rua 82, n\u00ba 400 Ed. Pal\u00e1cio Pedro Ludovico Teixeira, 9\u00ba andarSetor Central, Goi\u00e2nia\/GO \u2013 CEP: 74.015-908Atendimento: 08h \u00e0s 12h e 14h \u00e0s 18h Atendimento ao Cidad\u00e3o &#8211; Sobre Comunica\u00e7\u00e3o InstitucionalE-mail: secretariageral.comunicacao@goias.gov.brTelefone: (62) 3201-5997 Gabinete do Secret\u00e1rioTelefone: (62) 3201-5997 Gabinete do Subsecret\u00e1rioTelefone: (62) 3201-5986 Chefia de GabineteTelefone: (62) 3201-5986 Procuradoria SetorialTelefone: (62) 3201-5916 Superintend\u00eancia de ImprensaE-mail:&hellip;","_links":{"self":[{"href":"https:\/\/goias.gov.br\/comunicacao\/wp-json\/wp\/v2\/pages\/2341","targetHints":{"allow":["GET"]}}],"collection":[{"href":"https:\/\/goias.gov.br\/comunicacao\/wp-json\/wp\/v2\/pages"}],"about":[{"href":"https:\/\/goias.gov.br\/comunicacao\/wp-json\/wp\/v2\/types\/page"}],"author":[{"embeddable":true,"href":"https:\/\/goias.gov.br\/comunicacao\/wp-json\/wp\/v2\/users\/62"}],"replies":[{"embeddable":true,"href":"https:\/\/goias.gov.br\/comunicacao\/wp-json\/wp\/v2\/comments?post=2341"}],"version-history":[{"count":2,"href":"https:\/\/goias.gov.br\/comunicacao\/wp-json\/wp\/v2\/pages\/2341\/revisions"}],"predecessor-version":[{"id":28786,"href":"https:\/\/goias.gov.br\/comunicacao\/wp-json\/wp\/v2\/pages\/2341\/revisions\/28786"}],"up":[{"embeddable":true,"href":"https:\/\/goias.gov.br\/comunicacao\/wp-json\/wp\/v2\/pages\/660"}],"wp:attachment":[{"href":"https:\/\/goias.gov.br\/comunicacao\/wp-json\/wp\/v2\/media?parent=2341"}],"curies":[{"name":"wp","href":"https:\/\/api.w.org\/{rel}","templated":true}]}}