

{"id":2329,"date":"2024-06-07T17:52:48","date_gmt":"2024-06-07T20:52:48","guid":{"rendered":"https:\/\/goias.gov.br\/comunicacao\/?page_id=2329"},"modified":"2025-02-07T10:13:09","modified_gmt":"2025-02-07T13:13:09","slug":"secretario","status":"publish","type":"page","link":"https:\/\/goias.gov.br\/comunicacao\/secretario\/","title":{"rendered":"Secret\u00e1rio"},"content":{"rendered":"\n<figure class=\"wp-block-image size-full\"><img fetchpriority=\"high\" decoding=\"async\" width=\"683\" height=\"1024\" src=\"https:\/\/goias.gov.br\/comunicacao\/wp-content\/uploads\/sites\/10\/2025\/02\/Gean-683x1024-1.jpg\" alt=\"\" class=\"wp-image-13795\" srcset=\"https:\/\/goias.gov.br\/comunicacao\/wp-content\/uploads\/sites\/10\/2025\/02\/Gean-683x1024-1.jpg 683w, https:\/\/goias.gov.br\/comunicacao\/wp-content\/uploads\/sites\/10\/2025\/02\/Gean-683x1024-1-200x300.jpg 200w\" sizes=\"(max-width: 683px) 100vw, 683px\" \/><\/figure>\n\n\n\n<h3><span style=\"color: #008000;\">Gean Carlo Carvalho<br \/><\/span><span style=\"color: #999999;\">Secret\u00e1rio de Estado de Comunica\u00e7\u00e3o<\/span><\/h3>\n<p>\u00c9 formado em Comunica\u00e7\u00e3o Social pela Universidade Federal de Goi\u00e1s (UFG), com especializa\u00e7\u00e3o em Pesquisa de Opini\u00e3o P\u00fablica pela (PUC Rio). Foi Secret\u00e1rio de Comunica\u00e7\u00e3o Social de Goi\u00e1s entre 1995 e 1998, na administra\u00e7\u00e3o do ex-governador Maguito Vilela, cargo que ocupa novamente desde fevereiro de 2022 na gest\u00e3o do governador Ronaldo Caiado (UB).<\/p>\n","protected":false},"excerpt":{"rendered":"<p>Gean Carlo CarvalhoSecret\u00e1rio de Estado de Comunica\u00e7\u00e3o \u00c9 formado em Comunica\u00e7\u00e3o Social pela Universidade Federal de Goi\u00e1s (UFG), com especializa\u00e7\u00e3o em Pesquisa de Opini\u00e3o P\u00fablica pela (PUC Rio). Foi Secret\u00e1rio de Comunica\u00e7\u00e3o Social de Goi\u00e1s entre 1995 e 1998, na administra\u00e7\u00e3o do ex-governador Maguito Vilela, cargo que ocupa novamente desde fevereiro de 2022 na gest\u00e3o [&hellip;]<\/p>\n","protected":false},"author":62,"featured_media":0,"parent":0,"menu_order":0,"comment_status":"closed","ping_status":"closed","template":"","meta":{"footnotes":""},"class_list":["post-2329","page","type-page","status-publish","hentry"],"rttpg_featured_image_url":null,"rttpg_author":{"display_name":"italoreis","author_link":"https:\/\/goias.gov.br\/comunicacao\/author\/italoreis\/"},"rttpg_comment":0,"rttpg_category":null,"rttpg_excerpt":"Gean Carlo CarvalhoSecret\u00e1rio de Estado de Comunica\u00e7\u00e3o \u00c9 formado em Comunica\u00e7\u00e3o Social pela Universidade Federal de Goi\u00e1s (UFG), com especializa\u00e7\u00e3o em Pesquisa de Opini\u00e3o P\u00fablica pela (PUC Rio). Foi Secret\u00e1rio de Comunica\u00e7\u00e3o Social de Goi\u00e1s entre 1995 e 1998, na administra\u00e7\u00e3o do ex-governador Maguito Vilela, cargo que ocupa novamente desde fevereiro de 2022 na gest\u00e3o&hellip;","_links":{"self":[{"href":"https:\/\/goias.gov.br\/comunicacao\/wp-json\/wp\/v2\/pages\/2329","targetHints":{"allow":["GET"]}}],"collection":[{"href":"https:\/\/goias.gov.br\/comunicacao\/wp-json\/wp\/v2\/pages"}],"about":[{"href":"https:\/\/goias.gov.br\/comunicacao\/wp-json\/wp\/v2\/types\/page"}],"author":[{"embeddable":true,"href":"https:\/\/goias.gov.br\/comunicacao\/wp-json\/wp\/v2\/users\/62"}],"replies":[{"embeddable":true,"href":"https:\/\/goias.gov.br\/comunicacao\/wp-json\/wp\/v2\/comments?post=2329"}],"version-history":[{"count":2,"href":"https:\/\/goias.gov.br\/comunicacao\/wp-json\/wp\/v2\/pages\/2329\/revisions"}],"predecessor-version":[{"id":13796,"href":"https:\/\/goias.gov.br\/comunicacao\/wp-json\/wp\/v2\/pages\/2329\/revisions\/13796"}],"wp:attachment":[{"href":"https:\/\/goias.gov.br\/comunicacao\/wp-json\/wp\/v2\/media?parent=2329"}],"curies":[{"name":"wp","href":"https:\/\/api.w.org\/{rel}","templated":true}]}}