
{"id":697,"date":"2023-08-25T12:04:00","date_gmt":"2023-08-25T15:04:00","guid":{"rendered":"https:\/\/wwwdesenv.joomlamultidesenv.go.gov.br\/cetran\/?page_id=697"},"modified":"2025-10-29T15:42:01","modified_gmt":"2025-10-29T18:42:01","slug":"legislacao","status":"publish","type":"page","link":"https:\/\/goias.gov.br\/cetran\/legislacao\/","title":{"rendered":"Legisla\u00e7\u00e3o"},"content":{"rendered":"\t\t<div data-elementor-type=\"wp-page\" data-elementor-id=\"697\" class=\"elementor elementor-697\">\n\t\t\t\t<div class=\"elementor-element elementor-element-7b0100c e-flex e-con-boxed e-con e-parent\" data-id=\"7b0100c\" data-element_type=\"container\" data-e-type=\"container\">\n\t\t\t\t\t<div class=\"e-con-inner\">\n\t\t<div class=\"elementor-element elementor-element-091f03e e-con-full e-flex e-con e-child\" data-id=\"091f03e\" data-element_type=\"container\" data-e-type=\"container\">\n\t\t\t\t<div class=\"elementor-element elementor-element-827299e elementor-widget elementor-widget-heading\" data-id=\"827299e\" data-element_type=\"widget\" data-e-type=\"widget\" data-widget_type=\"heading.default\">\n\t\t\t\t<div class=\"elementor-widget-container\">\n\t\t\t\t\t<h2 class=\"elementor-heading-title elementor-size-default\">Legisla\u00e7\u00e3o<\/h2>\t\t\t\t<\/div>\n\t\t\t\t<\/div>\n\t\t\t\t<div class=\"elementor-element elementor-element-b078bc7 elementor-widget elementor-widget-text-editor\" data-id=\"b078bc7\" data-element_type=\"widget\" data-e-type=\"widget\" data-widget_type=\"text-editor.default\">\n\t\t\t\t<div class=\"elementor-widget-container\">\n\t\t\t\t\t\t\t\t\t<div>Descri\u00e7\u00e3o.<\/div><p class=\"botaoAcesso\"><a class=\"btn btn-block btn-primary\" href=\"leis.html\">Conhe\u00e7a as Leis que regulam o Cetran-GO<\/a><\/p>\t\t\t\t\t\t\t\t<\/div>\n\t\t\t\t<\/div>\n\t\t\t\t<\/div>\n\t\t<div class=\"elementor-element elementor-element-400504e e-con-full e-flex e-con e-child\" data-id=\"400504e\" data-element_type=\"container\" data-e-type=\"container\">\n\t\t\t\t<div class=\"elementor-element elementor-element-a320d4a elementor-widget elementor-widget-heading\" data-id=\"a320d4a\" data-element_type=\"widget\" data-e-type=\"widget\" data-widget_type=\"heading.default\">\n\t\t\t\t<div class=\"elementor-widget-container\">\n\t\t\t\t\t<h2 class=\"elementor-heading-title elementor-size-default\">Decretos<\/h2>\t\t\t\t<\/div>\n\t\t\t\t<\/div>\n\t\t\t\t<div class=\"elementor-element elementor-element-6243690 elementor-widget elementor-widget-text-editor\" data-id=\"6243690\" data-element_type=\"widget\" data-e-type=\"widget\" data-widget_type=\"text-editor.default\">\n\t\t\t\t<div class=\"elementor-widget-container\">\n\t\t\t\t\t\t\t\t\t<div>Descri\u00e7\u00e3o.<\/div><p class=\"botaoAcesso\"><a class=\"btn btn-block btn-primary\" href=\"decretos.html\">Conhe\u00e7a os Decretos que regulam o Cetran-GO<\/a><\/p>\t\t\t\t\t\t\t\t<\/div>\n\t\t\t\t<\/div>\n\t\t\t\t<\/div>\n\t\t\t\t\t<\/div>\n\t\t\t\t<\/div>\n\t\t\t\t<\/div>\n\t\t","protected":false},"excerpt":{"rendered":"<p>Legisla\u00e7\u00e3o Descri\u00e7\u00e3o. Conhe\u00e7a as Leis que regulam o Cetran-GO Decretos Descri\u00e7\u00e3o. Conhe\u00e7a os Decretos que regulam o Cetran-GO<\/p>\n","protected":false},"author":12,"featured_media":0,"parent":0,"menu_order":0,"comment_status":"closed","ping_status":"closed","template":"wppb_theme_template","meta":{"footnotes":""},"class_list":["post-697","page","type-page","status-publish","hentry"],"rttpg_featured_image_url":null,"rttpg_author":{"display_name":"jackelinebastos","author_link":"https:\/\/goias.gov.br\/cetran\/author\/jackelinebastos\/"},"rttpg_comment":0,"rttpg_category":null,"rttpg_excerpt":"Legisla\u00e7\u00e3o Descri\u00e7\u00e3o. Conhe\u00e7a as Leis que regulam o Cetran-GO Decretos Descri\u00e7\u00e3o. Conhe\u00e7a os Decretos que regulam o Cetran-GO","_links":{"self":[{"href":"https:\/\/goias.gov.br\/cetran\/wp-json\/wp\/v2\/pages\/697","targetHints":{"allow":["GET"]}}],"collection":[{"href":"https:\/\/goias.gov.br\/cetran\/wp-json\/wp\/v2\/pages"}],"about":[{"href":"https:\/\/goias.gov.br\/cetran\/wp-json\/wp\/v2\/types\/page"}],"author":[{"embeddable":true,"href":"https:\/\/goias.gov.br\/cetran\/wp-json\/wp\/v2\/users\/12"}],"replies":[{"embeddable":true,"href":"https:\/\/goias.gov.br\/cetran\/wp-json\/wp\/v2\/comments?post=697"}],"version-history":[{"count":2,"href":"https:\/\/goias.gov.br\/cetran\/wp-json\/wp\/v2\/pages\/697\/revisions"}],"predecessor-version":[{"id":3827,"href":"https:\/\/goias.gov.br\/cetran\/wp-json\/wp\/v2\/pages\/697\/revisions\/3827"}],"wp:attachment":[{"href":"https:\/\/goias.gov.br\/cetran\/wp-json\/wp\/v2\/media?parent=697"}],"curies":[{"name":"wp","href":"https:\/\/api.w.org\/{rel}","templated":true}]}}