
{"id":693,"date":"2023-08-25T12:02:43","date_gmt":"2023-08-25T15:02:43","guid":{"rendered":"https:\/\/wwwdesenv.joomlamultidesenv.go.gov.br\/cetran\/?page_id=693"},"modified":"2025-10-29T15:35:54","modified_gmt":"2025-10-29T18:35:54","slug":"institucional","status":"publish","type":"page","link":"https:\/\/goias.gov.br\/cetran\/institucional\/","title":{"rendered":"Institucional"},"content":{"rendered":"\t\t<div data-elementor-type=\"wp-page\" data-elementor-id=\"693\" class=\"elementor elementor-693\">\n\t\t\t\t<div class=\"elementor-element elementor-element-3274d2d e-flex e-con-boxed e-con e-parent\" data-id=\"3274d2d\" data-element_type=\"container\" data-e-type=\"container\">\n\t\t\t\t\t<div class=\"e-con-inner\">\n\t\t\t\t<div class=\"elementor-element elementor-element-1d9dcb8 elementor-widget elementor-widget-shortcode\" data-id=\"1d9dcb8\" data-element_type=\"widget\" data-e-type=\"widget\" data-widget_type=\"shortcode.default\">\n\t\t\t\t<div class=\"elementor-widget-container\">\n\t\t\t\t\t\t\t<div class=\"elementor-shortcode\"><div data-post-id=\"702\" class=\"insert-page insert-page-702 \"><h1 class='insert-page-title'>O Conselho<\/h1>\n\n\n<p>Instalado em 1957 aos 08 dias do m\u00eas de junho denominado CONSELHO REGIONAL DE TR\u00c2NSITO, nos termos do C\u00f3digo Nacional de Tr\u00e2nsito \u2013 <a href=\"http:\/\/www.planalto.gov.br\/ccivil_03\/decreto-lei\/1937-1946\/Del3651.htm\" target=\"_blank\" rel=\"noreferrer noopener\">Decreto-Lei N\u00ba 3.651, de 25 de setembro de 1941<\/a>.<\/p>\n\n\n\n<p><a href=\"https:\/\/goias.gov.br\/cetran\/historico-2\/\">Saiba mais sobre a hist\u00f3ria do Cetran-GO<\/a><\/p>\n<ul class='post-meta'>\n<li><span class='post-meta-key'>author_alias:<\/span> Joomla<\/li>\n<li><span class='post-meta-key'>tpg-post-view-count:<\/span> 325<\/li>\n<li><span class='post-meta-key'>footnotes:<\/span> <\/li>\n<li><span class='post-meta-key'>rank_math_internal_links_processed:<\/span> 1<\/li>\n<\/ul>\n<\/div><\/div>\n\t\t\t\t\t\t<\/div>\n\t\t\t\t<\/div>\n\t\t\t\t\t<\/div>\n\t\t\t\t<\/div>\n\t\t<div class=\"elementor-element elementor-element-e2a2556 e-flex e-con-boxed e-con e-parent\" data-id=\"e2a2556\" data-element_type=\"container\" data-e-type=\"container\">\n\t\t\t\t\t<div class=\"e-con-inner\">\n\t\t<div class=\"elementor-element elementor-element-6896238 e-con-full e-flex e-con e-child\" data-id=\"6896238\" data-element_type=\"container\" data-e-type=\"container\">\n\t\t\t\t<div class=\"elementor-element elementor-element-db89daa elementor-widget elementor-widget-shortcode\" data-id=\"db89daa\" data-element_type=\"widget\" data-e-type=\"widget\" data-widget_type=\"shortcode.default\">\n\t\t\t\t<div class=\"elementor-widget-container\">\n\t\t\t\t\t\t\t<div class=\"elementor-shortcode\"><div data-post-id=\"713\" class=\"insert-page insert-page-713 \"><h1 class='insert-page-title'>Compet\u00eancias<\/h1><p>Art. 4<sup>o<\/sup> &#8211; Compete ao Conselho Estadual de Tr\u00e2nsito do Estado de Goi\u00e1s &#8211; CETRAN-GO:<\/p>\n<p>I &#8211; cumprir e fazer cumprir a legisla\u00e7\u00e3o e as normas de tr\u00e2nsito;<br \/>\nII &#8211; elaborar normas de tr\u00e2nsito, no \u00e2mbito de sua compet\u00eancia;<br \/>\nIII &#8211; responder \u00e0s consultas relativas \u00e0 aplica\u00e7\u00e3o da legisla\u00e7\u00e3o e dos procedimentos normativos de tr\u00e2nsito;<br \/>\nIV &#8211; estimular e orientar a execu\u00e7\u00e3o de campanhas educativas de tr\u00e2nsito;<br \/>\nV &#8211; julgar recursos interpostos contra decis\u00f5es:<\/p>\n<p>a) das juntas Administrativas de Recursos de Infra\u00e7\u00f5es;<\/p>\n<p>b) do \u00f3rg\u00e3o executivo estadual, nos casos de inaptid\u00e3o permanente constatados nos exames de aptid\u00e3o f\u00edsica, mental ou psicol\u00f3gica;<\/p>\n<p>VI &#8211; indicar um representante para compor a comiss\u00e3o examinadora de candidatos, portadores de defici\u00eancia f\u00edsica, \u00e0 habilita\u00e7\u00e3o par conduzir ve\u00edculos automotores;<br \/>\nVII &#8211; acompanhar e coordenar as atividades de administra\u00e7\u00e3o, educa\u00e7\u00e3o, engenharia, fiscaliza\u00e7\u00e3o, policiamento ostensivo de tr\u00e2nsito, forma\u00e7\u00e3o de condutores, registro e licenciamento de ve\u00edculos, articulando os \u00f3rg\u00e3os do Sistema no Estado, reportando-se ao CONTRAN;<br \/>\nVIII &#8211; dirimir conflitos sobre circunscri\u00e7\u00e3o e compet\u00eancia de tr\u00e2nsito no \u00e2mbito dos munic\u00edpios;<br \/>\nIX &#8211; informar ao CONTRAN sobre o cumprimento das exig\u00eancias definidas na legisla\u00e7\u00e3o em vigor;<br \/>\nX &#8211; designar, em caso de recursos deferidos e na hip\u00f3tese de reavalia\u00e7\u00e3o dos exames, junta especial para examinar os candidatos \u00e0 habilita\u00e7\u00e3o para conduzir ve\u00edculos automotores.<\/p>\n<p><a href=\"https:\/\/legisla.casacivil.go.gov.br\/pesquisa_legislacao\/62040\/decreto-5118\" target=\"_blank\" rel=\"noopener\">Decreto n\u00ba 5.118, de 17 de setembro de 1999<\/a><\/p>\n<p><a href=\"http:\/\/www.planalto.gov.br\/ccivil_03\/leis\/l9503.htm\" target=\"_blank\" rel=\"noopener\">Acesse o C\u00f3digo de Tr\u00e2nsito Brasileiro<\/a><\/p>\n<p><a href=\"https:\/\/goias.gov.br\/cetran\/legislacao\">Acesse a Legisla\u00e7\u00e3o e Decretos que regem o Cetran-GO<\/a><\/p>\n<ul class='post-meta'>\n<li><span class='post-meta-key'>tpg-post-view-count:<\/span> 334<\/li>\n<li><span class='post-meta-key'>footnotes:<\/span> <\/li>\n<li><span class='post-meta-key'>rank_math_internal_links_processed:<\/span> 1<\/li>\n<\/ul>\n<\/div><\/div>\n\t\t\t\t\t\t<\/div>\n\t\t\t\t<\/div>\n\t\t\t\t<\/div>\n\t\t<div class=\"elementor-element elementor-element-9093e84 e-con-full e-flex e-con e-child\" data-id=\"9093e84\" data-element_type=\"container\" data-e-type=\"container\">\n\t\t\t\t<div class=\"elementor-element elementor-element-0981188 elementor-widget elementor-widget-shortcode\" data-id=\"0981188\" data-element_type=\"widget\" data-e-type=\"widget\" data-widget_type=\"shortcode.default\">\n\t\t\t\t<div class=\"elementor-widget-container\">\n\t\t\t\t\t\t\t<div class=\"elementor-shortcode\"><div data-post-id=\"710\" class=\"insert-page insert-page-710 \"><h1 class='insert-page-title'>Presidente<\/h1><p><img fetchpriority=\"high\" fetchpriority=\"high\" decoding=\"async\" class=\" size-full wp-image-709\" alt=\"Nayara Barros Coimbra\" height=\"558\" id=\"\" src=\"https:\/\/goias.gov.br\/cetran\/wp-content\/uploads\/sites\/17\/2018\/07\/WhatsAppImage2023-03-23at12.10.07-7ad.jpeg\" title=\"\" width=\"413\" srcset=\"https:\/\/goias.gov.br\/cetran\/wp-content\/uploads\/sites\/17\/2018\/07\/WhatsAppImage2023-03-23at12.10.07-7ad.jpeg 948w, https:\/\/goias.gov.br\/cetran\/wp-content\/uploads\/sites\/17\/2018\/07\/WhatsAppImage2023-03-23at12.10.07-7ad-222x300.jpeg 222w, https:\/\/goias.gov.br\/cetran\/wp-content\/uploads\/sites\/17\/2018\/07\/WhatsAppImage2023-03-23at12.10.07-7ad-758x1024.jpeg 758w, https:\/\/goias.gov.br\/cetran\/wp-content\/uploads\/sites\/17\/2018\/07\/WhatsAppImage2023-03-23at12.10.07-7ad-768x1037.jpeg 768w\" sizes=\"(max-width: 413px) 100vw, 413px\" \/><\/p>\n<p><strong><span class=\"application-controller__transition-container\">Nayara Barros Coimbra<\/span><\/strong><br \/>\nFormada&nbsp;em Direito e&nbsp;P&oacute;s-Graduada em&nbsp;Direito Eleitoral, Direito Penal&nbsp;e Direito P&uacute;blico.<\/p>\n<ul class='post-meta'>\n<li><span class='post-meta-key'>tpg-post-view-count:<\/span> 550<\/li>\n<li><span class='post-meta-key'>footnotes:<\/span> <\/li>\n<li><span class='post-meta-key'>rank_math_internal_links_processed:<\/span> 1<\/li>\n<\/ul>\n<\/div><\/div>\n\t\t\t\t\t\t<\/div>\n\t\t\t\t<\/div>\n\t\t\t\t<\/div>\n\t\t\t\t\t<\/div>\n\t\t\t\t<\/div>\n\t\t<div class=\"elementor-element elementor-element-25d9ab6 e-flex e-con-boxed e-con e-parent\" data-id=\"25d9ab6\" data-element_type=\"container\" data-e-type=\"container\">\n\t\t\t\t\t<div class=\"e-con-inner\">\n\t\t<div class=\"elementor-element elementor-element-6e51bfa e-con-full e-flex e-con e-child\" data-id=\"6e51bfa\" data-element_type=\"container\" data-e-type=\"container\">\n\t\t\t\t<div class=\"elementor-element elementor-element-aa5073c elementor-widget elementor-widget-shortcode\" data-id=\"aa5073c\" data-element_type=\"widget\" data-e-type=\"widget\" data-widget_type=\"shortcode.default\">\n\t\t\t\t<div class=\"elementor-widget-container\">\n\t\t\t\t\t\t\t<div class=\"elementor-shortcode\"><div data-post-id=\"714\" class=\"insert-page insert-page-714 \"><h1 class='insert-page-title'>Estrutura Organizacional<\/h1><p>O Cetran-GO \u00e9 composto pelo presidente (nomeado pelo Governador do Estado) e os representantes:<\/p>\n<ul class=\"list-unidades\">\n<li>Do Detran-GO<\/li>\n<li>Da GoInfra<\/li>\n<li>Da PM-GO<\/li>\n<li>Da Capital do Estado<\/li>\n<li>Do munic\u00edpio com popula\u00e7\u00e3o\u00a0 entre 300 mil e 500 mil habitantes<\/li>\n<li>Do munic\u00edpio com popula\u00e7\u00e3o entre 100 mil e 300 mil habitantes<\/li>\n<li>Da\u00a0OAB\/GO<\/li>\n<li>Do sindicato da categoria dos trabalhadores ligados \u00e0 \u00e1rea de tr\u00e2nsito<\/li>\n<li>Da organiza\u00e7\u00e3o n\u00e3o-governamental-ONG ligada \u00e0 \u00e1rea de tr\u00e2nsito<\/li>\n<li>De institui\u00e7\u00e3o de Ensino Superior, PUC, ou UEG, ou UFG<\/li>\n<li>Do\u00a0CREA\/GO<\/li>\n<li>De especialista com not\u00f3rio saber na \u00e1rea de tr\u00e2nsito<\/li>\n<li>Da PRF<\/li>\n<\/ul>\n<ul>\n<li><a href=\"https:\/\/goias.gov.br\/cetran\/composicao-do-cetran-go\/\">Composi\u00e7\u00e3o do Cetran-GO<\/a><\/li>\n<li><a href=\"index.php?Itemid=268\">Saiba quem \u00e9 quem em\u00a0Cargos e seus Ocupantes<\/a><\/li>\n<\/ul>\n<ul class='post-meta'>\n<li><span class='post-meta-key'>tpg-post-view-count:<\/span> 470<\/li>\n<li><span class='post-meta-key'>footnotes:<\/span> <\/li>\n<li><span class='post-meta-key'>rank_math_internal_links_processed:<\/span> 1<\/li>\n<\/ul>\n<\/div><\/div>\n\t\t\t\t\t\t<\/div>\n\t\t\t\t<\/div>\n\t\t\t\t<\/div>\n\t\t<div class=\"elementor-element elementor-element-7ee4717 e-con-full e-flex e-con e-child\" data-id=\"7ee4717\" data-element_type=\"container\" data-e-type=\"container\">\n\t\t\t\t<div class=\"elementor-element elementor-element-efd7c1a elementor-widget elementor-widget-shortcode\" data-id=\"efd7c1a\" data-element_type=\"widget\" data-e-type=\"widget\" data-widget_type=\"shortcode.default\">\n\t\t\t\t<div class=\"elementor-widget-container\">\n\t\t\t\t\t\t\t<div class=\"elementor-shortcode\"><div data-post-id=\"704\" class=\"insert-page insert-page-704 \"><h1 class='insert-page-title'>Canais de Atendimento do CETRAN<\/h1><p>O atendimento presencial no <strong>CETRAN: 08h \u00e0s 12h<\/strong> e <strong>13h \u00e0s 17h<\/strong>.<\/p>\n<p>Localiza\u00e7\u00e3o do <strong>CETRAN: <\/strong>Rodovia GO-020, Km 04, Parque Lozandes, Aut\u00f3dromo de Goi\u00e2nia &#8211; CEP 74.899-899 &#8211; Goi\u00e2nia-GO<\/p>\n<p>Telefone do <strong>CETRAN:<\/strong> (62)\u00a0 3282-3908<\/p>\n<p>Email do <strong>CETRAN<\/strong>: cetran@detran.go.gov.br<\/p>\n<p>Fale com Detran (\u00f3rg\u00e3o executivo): <a href=\"https:\/\/goias.gov.br\/detran\/fale-conosco\/\">https:\/\/goias.gov.br\/detran\/fale-conosco\/<\/a><\/p>\n<ul class='post-meta'>\n<li><span class='post-meta-key'>footnotes:<\/span> <\/li>\n<li><span class='post-meta-key'>tpg-post-view-count:<\/span> 404<\/li>\n<li><span class='post-meta-key'>rank_math_internal_links_processed:<\/span> 1<\/li>\n<\/ul>\n<\/div><\/div>\n\t\t\t\t\t\t<\/div>\n\t\t\t\t<\/div>\n\t\t\t\t<div class=\"elementor-element elementor-element-9134819 elementor-widget elementor-widget-text-editor\" data-id=\"9134819\" data-element_type=\"widget\" data-e-type=\"widget\" data-widget_type=\"text-editor.default\">\n\t\t\t\t<div class=\"elementor-widget-container\">\n\t\t\t\t\t\t\t\t\t<hr \/><p><a href=\"\/cetran\/telefones-enderecos-e-horarios-de-atendimento\">Saiba mais informa\u00e7\u00f5es sobre telefones, endere\u00e7os e hor\u00e1rios de atendimentos das\u00a0unidades<\/a>.<\/p>\t\t\t\t\t\t\t\t<\/div>\n\t\t\t\t<\/div>\n\t\t\t\t<\/div>\n\t\t\t\t\t<\/div>\n\t\t\t\t<\/div>\n\t\t\t\t<\/div>\n\t\t","protected":false},"excerpt":{"rendered":"<p>Saiba mais informa\u00e7\u00f5es sobre telefones, endere\u00e7os e hor\u00e1rios de atendimentos das\u00a0unidades.<\/p>\n","protected":false},"author":12,"featured_media":0,"parent":0,"menu_order":0,"comment_status":"closed","ping_status":"closed","template":"wppb_theme_template","meta":{"footnotes":""},"class_list":["post-693","page","type-page","status-publish","hentry"],"rttpg_featured_image_url":null,"rttpg_author":{"display_name":"jackelinebastos","author_link":"https:\/\/goias.gov.br\/cetran\/author\/jackelinebastos\/"},"rttpg_comment":0,"rttpg_category":"","rttpg_excerpt":"Saiba mais informa\u00e7\u00f5es sobre telefones, endere\u00e7os e hor\u00e1rios de atendimentos das\u00a0unidades.","_links":{"self":[{"href":"https:\/\/goias.gov.br\/cetran\/wp-json\/wp\/v2\/pages\/693","targetHints":{"allow":["GET"]}}],"collection":[{"href":"https:\/\/goias.gov.br\/cetran\/wp-json\/wp\/v2\/pages"}],"about":[{"href":"https:\/\/goias.gov.br\/cetran\/wp-json\/wp\/v2\/types\/page"}],"author":[{"embeddable":true,"href":"https:\/\/goias.gov.br\/cetran\/wp-json\/wp\/v2\/users\/12"}],"replies":[{"embeddable":true,"href":"https:\/\/goias.gov.br\/cetran\/wp-json\/wp\/v2\/comments?post=693"}],"version-history":[{"count":2,"href":"https:\/\/goias.gov.br\/cetran\/wp-json\/wp\/v2\/pages\/693\/revisions"}],"predecessor-version":[{"id":3821,"href":"https:\/\/goias.gov.br\/cetran\/wp-json\/wp\/v2\/pages\/693\/revisions\/3821"}],"wp:attachment":[{"href":"https:\/\/goias.gov.br\/cetran\/wp-json\/wp\/v2\/media?parent=693"}],"curies":[{"name":"wp","href":"https:\/\/api.w.org\/{rel}","templated":true}]}}