
{"id":1879,"date":"2023-08-31T16:40:14","date_gmt":"2023-08-31T19:40:14","guid":{"rendered":"https:\/\/siteshom.goias.gov.br\/cetran\/?page_id=1879"},"modified":"2024-07-08T21:26:50","modified_gmt":"2024-07-09T00:26:50","slug":"mapa-do-site","status":"publish","type":"page","link":"https:\/\/goias.gov.br\/cetran\/mapa-do-site\/","title":{"rendered":"Mapa do Site"},"content":{"rendered":"<div id=\"custom-sitemap\" class=\"sitemap-container\"><div class='sitemap-group'><h3>A<\/h3><ul><li><a href='https:\/\/sei.go.gov.br\/sei\/modulos\/pesquisa\/md_pesq_processo_pesquisar.php?acao_externa=protocolo_pesquisar&acao_origem_externa=protocolo_pesquisar&id_orgao_acesso_externo=1' target='_blank'>ACESSO EXTERNO AO SEI<\/a><\/li><li><a href='http:\/\/vaptvupt.goias.gov.br\/vvv\/servico\/servicoInformativoView.xhtml?id=1754' target='_blank'>ATENDIMENTO PRESENCIAL - DISPON\u00cdVEL UNIDADES DO VAPT VUPT<\/a><\/li><li><a href='http:\/\/www.cge.go.gov.br\/ouvidoria\/frm_manifestacao.php?orgao=12&tipo_manifestacao=7' target='_blank'>ATENDIMENTO ELETR\u00d4NICO - FA\u00c7A SEU PEDIDO DE ACESSO \u00c0 INFORMA\u00c7\u00c3O<\/a><\/li><li><a href='http:\/\/aplicacao.sefaz.go.gov.br\/index.php\/post\/ver\/202572\/autoridade-de-monitoramento-de-pedidos-de-acesso-a-informacao' target='_blank'>AUTORIDADE DE MONITORAMENTO DE PEDIDOS DE ACESSO \u00c0 INFORMA\u00c7\u00c3O<\/a><\/li><li><a href='http:\/\/www.transparencia.go.gov.br\/lai.php?painel=ppa&orgao=sefaz' target='_blank'>ACOMPANHAMENTO DOS PROGRAMAS E A\u00c7\u00d5ES SOB RESPONSABILIDADE DA SEFAZ NO PPA<\/a><\/li><li><a href='http:\/\/www.transparencia.go.gov.br\/portaldatransparencia\/demonstrativos-fiscais\/audiencias-publicas' target='_blank'>AUDI\u00caNCIAS P\u00daBLICAS<\/a><\/li><\/ul><\/div><div class='sitemap-group'><h3>B<\/h3><ul><li><a href='http:\/\/www.transparencia.go.gov.br\/lai.php?painel=patrimonio&orgao=sefaz' target='_blank'>BENS M\u00d3VEIS<\/a><\/li><li><a href='http:\/\/www.transparencia.go.gov.br\/externo.php?pagina=http:\/\/aplicacao.sefaz.go.gov.br\/post\/ver\/142156\/balanco-geral-do-estado' target='_blank'>BALAN\u00c7OS CONT\u00c1BEIS<\/a><\/li><\/ul><\/div><div class='sitemap-group'><h3>C<\/h3><ul><li><a href='https:\/\/www.go.gov.br\/servicos-digitais\/detran\/consulta-de-processos\/dados-processo' target='_blank'>CONSULTA DE PROCESSOS\/RECURSOS<\/a><\/li><li><a href='http:\/\/aplicacao.sefaz.go.gov.br\/index.php\/post\/ver\/219752' target='_blank'>COMPET\u00caNCIAS<\/a><\/li><li><a href='http:\/\/aplicacao.sefaz.go.gov.br\/index.php\/pagina\/ver\/11985\/quem-e-quem' target='_blank'>CARGOS E SEUS OCUPANTES (AGENDA)<\/a><\/li><li><a href='http:\/\/aplicacao.sefaz.go.gov.br\/post\/ver\/142184\/corregedoria-fiscal' target='_blank'>CORREGEDORIA FISCAL<\/a><\/li><li><a href='http:\/\/www.transparencia.go.gov.br\/lai.php?painel=contratos_detalhamento&orgao=sefaz' target='_blank'>CONTRATOS<\/a><\/li><li><a href='http:\/\/www.comprasnet.go.gov.br' target='_blank'>COMPRASNET<\/a><\/li><li><a href='http:\/\/aplicacao.sefaz.go.gov.br\/index.php\/pagina\/ver\/9427\/convenios' target='_blank'>CONV\u00caNIOS<\/a><\/li><\/ul><\/div><div class='sitemap-group'><h3>D<\/h3><ul><li><a href='https:\/\/goias.gov.br\/cetran\/documentos\/' target='_blank'>DOCUMENTOS<\/a><\/li><li><a href='http:\/\/www.dnit.gov.br\/' target='_blank'>DNIT<\/a><\/li><li><a href='http:\/\/www.transparencia.go.gov.br\/lai.php?painel=gastos_governamentais&orgao=sefaz' target='_blank'>DESPESAS: \r\n\t\t\t\t\t\t SEFAZ<\/a><\/li><li><a href='http:\/\/www.transparencia.go.gov.br\/lai.php?painel=gastos_governamentais&orgao=sefaz_protegegoias' target='_blank'>DESPESAS: \r\n\t\t\t\t\t\t PROTEGEGOIAS<\/a><\/li><li><a href='http:\/\/www.transparencia.go.gov.br\/lai.php?painel=gastos_governamentais&orgao=sefaz_fundaf' target='_blank'>DESPESAS: \r\n\t\t\t\t\t\t FUNDAF<\/a><\/li><li><a href='http:\/\/www.transparencia.go.gov.br\/lai.php?painel=gastos_governamentais&orgao=sefaz_funac' target='_blank'>DESPESAS: \r\n\t\t\t\t\t\t FUNAC<\/a><\/li><li><a href='http:\/\/aplicacao.sefaz.go.gov.br\/post\/ver\/140936' target='_blank'>DOWNLOAD DE ARQUIVOS - AQUISI\u00c7\u00d5ES PROFISCO\/BID<\/a><\/li><li><a href='http:\/\/www.transparencia.go.gov.br\/lai.php?painel=diarias&orgao=sefaz' target='_blank'>DI\u00c1RIAS<\/a><\/li><li><a href='http:\/\/www.transparencia.go.gov.br\/portaldatransparencia\/institucional\/dados-abertos' target='_blank'>DADOS ABERTOS<\/a><\/li><\/ul><\/div><div class='sitemap-group'><h3>E<\/h3><ul><li><a href='https:\/\/www.go.gov.br\/servicos-digitais\/cge\/nova-ouvidoria\/nova-manifestacao?orgao=16&tipo_manifestacao=7' target='_blank'>E-SIC - SERVI\u00c7O ELETR\u00d4NICO DE INFORMA\u00c7\u00c3O AO CIDAD\u00c3O<\/a><\/li><li><a href='http:\/\/www.sgc.goias.gov.br\/upload\/arquivos\/2017-01\/sefaz---r5---06-01-2017.pdf' target='_blank'>ESTRUTURA ORGANIZACIONAL<\/a><\/li><li><a href='http:\/\/www.transparencia.go.gov.br\/lai.php?painel=execucao_orcamentaria_visao_geral&orgao=sefaz' target='_blank'>EXECU\u00c7\u00c3O OR\u00c7AMENT\u00c1RIA:  \r\n\t\t\t\t\t\t SEFAZ<\/a><\/li><li><a href='http:\/\/www.transparencia.go.gov.br\/lai.php?painel=execucao_orcamentaria_visao_geral&orgao=sefaz_protegegoias' target='_blank'>EXECU\u00c7\u00c3O OR\u00c7AMENT\u00c1RIA:  \r\n\t\t\t\t\t\t PROTEGEGOIAS<\/a><\/li><li><a href='http:\/\/www.transparencia.go.gov.br\/lai.php?painel=execucao_orcamentaria_visao_geral&orgao=sefaz_fundaf' target='_blank'>EXECU\u00c7\u00c3O OR\u00c7AMENT\u00c1RIA:  \r\n\t\t\t\t\t\t FUNDAF<\/a><\/li><li><a href='http:\/\/www.transparencia.go.gov.br\/lai.php?painel=execucao_orcamentaria_visao_geral&orgao=sefaz_funac' target='_blank'>EXECU\u00c7\u00c3O OR\u00c7AMENT\u00c1RIA:  \r\n\t\t\t\t\t\t FUNAC<\/a><\/li><li><a href='http:\/\/www.transparencia.go.gov.br\/lai.php?painel=empenhos&orgao=sefaz' target='_blank'>EMPENHOS: \r\n\t\t\t\t\t\t SEFAZ<\/a><\/li><li><a href='http:\/\/www.transparencia.go.gov.br\/lai.php?painel=empenhos&orgao=sefaz_protegegoias' target='_blank'>EMPENHOS: \r\n\t\t\t\t\t\t PROTEGEGOIAS<\/a><\/li><li><a href='http:\/\/www.transparencia.go.gov.br\/lai.php?painel=empenhos&orgao=sefaz_fundaf' target='_blank'>EMPENHOS: \r\n\t\t\t\t\t\t FUNDAF<\/a><\/li><li><a href='http:\/\/www.transparencia.go.gov.br\/lai.php?painel=empenhos&orgao=sefaz_funac' target='_blank'>EMPENHOS: \r\n\t\t\t\t\t\t FUNAC<\/a><\/li><\/ul><\/div><div class='sitemap-group'><h3>F<\/h3><ul><li><a href='https:\/\/goias.gov.br\/cetran\/fale-conosco\/' target='_blank'>FALE CONOSCO<\/a><\/li><li><a href='https:\/\/goias.gov.br\/cetran\/formularios\/' target='_blank'>FORMUL\u00c1RIOS<\/a><\/li><li><a href='http:\/\/www.transparencia.go.gov.br\/lai.php?painel=execucao_orcamentaria_visao_geral&orgao=sefaz_fundaf' target='_blank'>FUNDAF<\/a><\/li><li><a href='http:\/\/www.transparencia.go.gov.br\/lai.php?painel=execucao_orcamentaria_visao_geral&orgao=sefaz_funac' target='_blank'>FUNAC<\/a><\/li><li><a href='http:\/\/www.segplan.go.gov.br\/index.php?option=com_content&view=article&id=13098' target='_blank'>2351 - FUNDO DE MODERNIZA\u00c7\u00c3O DA ADMINISTRA\u00c7\u00c3O FAZEND\u00c1RIA - FUNDAF<\/a><\/li><li><a href='http:\/\/www.segplan.go.gov.br\/index.php?option=com_content&view=article&id=19814' target='_blank'>2350 - FUNDO DE PROTE\u00c7\u00c3O SOCIAL DO ESTADO DE GOI\u00c1S - PROTEGE GOI\u00c1S<\/a><\/li><li><a href='http:\/\/www.segplan.go.gov.br\/index.php?option=com_content&view=article&id=20501' target='_blank'>2352 - FUNDO DE APORTE \u00c0 CELG DISTRIBUI\u00c7\u00c3O S.A - FUNAC<\/a><\/li><\/ul><\/div><div class='sitemap-group'><h3>G<\/h3><ul><li><a href='http:\/\/www.transparencia.go.gov.br\/portaldatransparencia\/' target='_blank'>GOI\u00c1S TRANSPAR\u00caNCIA<\/a><\/li><\/ul><\/div><div class='sitemap-group'><h3>L<\/h3><ul><li><a href='http:\/\/www.segplan.go.gov.br\/index.php?option=com_content&view=article&id=18276' target='_blank'>LEGISLA\u00c7\u00c3O ESPEC\u00cdFICA<\/a><\/li><li><a href='http:\/\/www.gabinetecivil.go.gov.br\/pagina_leis.php?id=21278' target='_blank'>LEI DIRETRIZES OR\u00c7AMENT\u00c1RIAS (LDO)<\/a><\/li><li><a href='http:\/\/www.gabinetecivil.go.gov.br\/leis_ordinarias\/2017\/lei_19588.htm' target='_blank'>LEI OR\u00c7AMENT\u00c1RIA ANUAL (LOA)<\/a><\/li><li><a href='http:\/\/www.transparencia.go.gov.br\/lai.php?painel=licitacoes_licitacoes_em_andamento&orgao=sefaz' target='_blank'>LICITA\u00c7\u00d5ES EM ANDAMENTO<\/a><\/li><li><a href='http:\/\/www.transparencia.go.gov.br\/lai.php?painel=licitacoes_licitacoes_concluidas&orgao=sefaz' target='_blank'>LICITA\u00c7\u00d5ES CONCLU\u00cdDAS<\/a><\/li><li><a href='http:\/\/www.transparencia.go.gov.br\/portaldatransparencia\/demonstrativos-fiscais\/gestao-fiscal\/354-relatorios-da-lei-de-responsabilidade-fiscal' target='_blank'>LEI DE RESPONSABILIDADE FISCAL (LRF) - RELAT\u00d3RIOS<\/a><\/li><\/ul><\/div><div class='sitemap-group'><h3>M<\/h3><ul><li><a href='http:\/\/www.transparencia.go.gov.br\/admin\/uploaded\/MATRICULAS%20DOS%20IMOVEIS%20DO%20ESTADO%20DE%20GOIAS.pdf' target='_blank'>MATR\u00cdCULA DE IM\u00d3VEIS RECENTES<\/a><\/li><\/ul><\/div><div class='sitemap-group'><h3>N<\/h3><ul><li><a href='\/cetran\/categoria\/noticias\/' target='_blank'>NOT\u00cdCIAS<\/a><\/li><li><a href='https:\/\/nfgoiana.sefaz.go.gov.br\/site\/faq\/ajuda' target='_blank'>NOTA FISCAL GOIANA<\/a><\/li><\/ul><\/div><div class='sitemap-group'><h3>O<\/h3><ul><li><a href='https:\/\/goias.gov.br\/cetran\/institucional\/' target='_blank'>O CONSELHO<\/a><\/li><li><a href='https:\/\/www.go.gov.br\/servicos-digitais\/cge\/nova-ouvidoria?orgao=16' target='_blank'>OUVIDORIA SETORIAL<\/a><\/li><li><a href='http:\/\/aplicacao.sefaz.go.gov.br\/post\/ver\/223167\/ouvidoria-fazendaria---perguntas-e-respostas' target='_blank'>OUVIDORIA FAZEND\u00c1RIA<\/a><\/li><li><a href='http:\/\/www.transparencia.go.gov.br\/portaldatransparencia\/planejamento-e-orcamento\/pecas-do-orcamento' target='_blank'>OR\u00c7AMENTO GERAL DO ESTADO<\/a><\/li><\/ul><\/div><div class='sitemap-group'><h3>P<\/h3><ul><li><a href='https:\/\/goias.gov.br\/policiamilitar' target='_blank'>PM-GO<\/a><\/li><li><a href='https:\/\/www.gov.br\/prf\/pt-br' target='_blank'>PRF<\/a><\/li><li><a href='http:\/\/www.transparencia.go.gov.br\/lai.php?painel=execucao_orcamentaria_visao_geral&orgao=sefaz_protegegoias' target='_blank'>PROTEGEGOIAS<\/a><\/li><li><a href='http:\/\/www.segplan.go.gov.br\/index.php?option=com_content&view=article&id=18096&Itemid=658' target='_blank'>PLANO PLURIANUAL (PPA)<\/a><\/li><li><a href='http:\/\/www.transparencia.go.gov.br\/lai.php?painel=receitas_estaduais&orgao=sefaz' target='_blank'>PREVISTA\/REALIZADA: \r\n\t\t\t\t\t\t SEFAZ<\/a><\/li><li><a href='http:\/\/www.transparencia.go.gov.br\/lai.php?painel=receitas_estaduais&orgao=sefaz_protegegoias' target='_blank'>PREVISTA\/REALIZADA: \r\n\t\t\t\t\t\t PROTEGEGOIAS<\/a><\/li><li><a href='http:\/\/www.transparencia.go.gov.br\/lai.php?painel=receitas_estaduais&orgao=sefaz_fundaf' target='_blank'>PREVISTA\/REALIZADA: \r\n\t\t\t\t\t\t FUNDAF<\/a><\/li><li><a href='http:\/\/www.transparencia.go.gov.br\/lai.php?painel=receitas_estaduais&orgao=sefaz_funac' target='_blank'>PREVISTA\/REALIZADA: \r\n\t\t\t\t\t\t FUNAC<\/a><\/li><li><a href='http:\/\/www.transparencia.go.gov.br\/lai.php?painel=folha_de_pagamento_salarios_de_servidores_inativos&orgao=sefaz' target='_blank'>PENSIONISTAS\/APOSENTADOS<\/a><\/li><li><a href='http:\/\/www.transparencia.go.gov.br\/portaldatransparencia\/' target='_blank'>PORTAL DA TRANSPAR\u00caNCIA<\/a><\/li><\/ul><\/div><div class='sitemap-group'><h3>Q<\/h3><ul><li><a href='http:\/\/www.transparencia.go.gov.br\/lai.php?painel=folha_de_pagamento_cargos_por_orgaos&orgao=sefaz' target='_blank'>QUANTITATIVO DE CARGOS<\/a><\/li><\/ul><\/div><div class='sitemap-group'><h3>R<\/h3><ul><li><a href='http:\/\/aplicacao.sefaz.go.gov.br\/perguntaresposta\/problemas_pesquisa_internet.php?cod_grupo=53&criterio=&op1=&op2=&st=' target='_blank'>RECEITA ESTADUAL<\/a><\/li><li><a href='http:\/\/www.transparencia.go.gov.br\/lai.php?painel=execucao_orcamentaria_restos_a_pagar&orgao=sefaz' target='_blank'>RESTOS \u00c0 PAGAR: \r\n\t\t\t\t\t\t SEFAZ<\/a><\/li><li><a href='http:\/\/www.transparencia.go.gov.br\/lai.php?painel=execucao_orcamentaria_restos_a_pagar&orgao=sefaz_protegegoias' target='_blank'>RESTOS \u00c0 PAGAR: \r\n\t\t\t\t\t\t PROTEGEGOIAS<\/a><\/li><li><a href='http:\/\/www.transparencia.go.gov.br\/lai.php?painel=execucao_orcamentaria_restos_a_pagar&orgao=sefaz_fundaf' target='_blank'>RESTOS \u00c0 PAGAR: \r\n\t\t\t\t\t\t FUNDAF<\/a><\/li><li><a href='http:\/\/www.transparencia.go.gov.br\/lai.php?painel=execucao_orcamentaria_restos_a_pagar&orgao=sefaz_funac' target='_blank'>RESTOS \u00c0 PAGAR: \r\n\t\t\t\t\t\t FUNAC<\/a><\/li><li><a href='http:\/\/www.transparencia.go.gov.br\/portaldatransparencia\/demonstrativos-fiscais\/acoes-e-programas-dos-orgaos-e-entidades' target='_blank'>RELAT\u00d3RIO DE GEST\u00c3O<\/a><\/li><\/ul><\/div><div class='sitemap-group'><h3>S<\/h3><ul><li><a href='https:\/\/goias.gov.br\/cetran\/formularios\/' target='_blank'>SERVI\u00c7OS<\/a><\/li><li><a href='https:\/\/goias.gov.br\/seguranca\/' target='_blank'>SSP<\/a><\/li><li><a href='https:\/\/www.go.gov.br\/unidadesvaptvupt' target='_blank'>SIC - SERVI\u00c7O DE INFORMA\u00c7\u00c3O AO CIDAD\u00c3O<\/a><\/li><li><a href='http:\/\/www.transparencia.go.gov.br\/lai.php?painel=execucao_orcamentaria_visao_geral&orgao=sefaz' target='_blank'>SEFAZ<\/a><\/li><li><a href='http:\/\/www.transparencia.go.gov.br\/lai.php?painel=folha_de_pagamento_salarios_de_servidores_ativos&orgao=sefaz' target='_blank'>SERVIDORES ATIVOS<\/a><\/li><li><a href='http:\/\/www.segplan.go.gov.br\/post\/ver\/109019\/sefaz-1' target='_blank'>2300 - SECRETARIA DE ESTADO DA FAZENDA - SEFAZ<\/a><\/li><\/ul><\/div><div class='sitemap-group'><h3>T<\/h3><ul><li><a href='http:\/\/aplicacao.sefaz.go.gov.br\/post\/ver\/140862\/telefones-enderecos-e-horarios-de-atendimento' target='_blank'>TELEFONES, ENDERE\u00c7OS E HOR\u00c1RIOS DE ATENDIMENTO<\/a><\/li><li><a href='http:\/\/aplicacao.sefaz.go.gov.br\/post\/ver\/223173\/tesouro-estadual' target='_blank'>TESOURO ESTADUAL<\/a><\/li><\/ul><\/div><div class='sitemap-group'><h3>V<\/h3><ul><li><a href='http:\/\/www.transparencia.go.gov.br\/lai.php?painel=licitacoes_visao_geral&orgao=sefaz' target='_blank'>VIS\u00c3O GERAL<\/a><\/li><\/ul><\/div><\/div>\n","protected":false},"excerpt":{"rendered":"","protected":false},"author":7,"featured_media":0,"parent":0,"menu_order":0,"comment_status":"closed","ping_status":"closed","template":"","meta":{"footnotes":""},"class_list":["post-1879","page","type-page","status-publish","hentry"],"rttpg_featured_image_url":null,"rttpg_author":{"display_name":"gustavogoncalves","author_link":"https:\/\/goias.gov.br\/cetran\/author\/gustavogoncalves\/"},"rttpg_comment":0,"rttpg_category":null,"rttpg_excerpt":null,"_links":{"self":[{"href":"https:\/\/goias.gov.br\/cetran\/wp-json\/wp\/v2\/pages\/1879","targetHints":{"allow":["GET"]}}],"collection":[{"href":"https:\/\/goias.gov.br\/cetran\/wp-json\/wp\/v2\/pages"}],"about":[{"href":"https:\/\/goias.gov.br\/cetran\/wp-json\/wp\/v2\/types\/page"}],"author":[{"embeddable":true,"href":"https:\/\/goias.gov.br\/cetran\/wp-json\/wp\/v2\/users\/7"}],"replies":[{"embeddable":true,"href":"https:\/\/goias.gov.br\/cetran\/wp-json\/wp\/v2\/comments?post=1879"}],"version-history":[{"count":2,"href":"https:\/\/goias.gov.br\/cetran\/wp-json\/wp\/v2\/pages\/1879\/revisions"}],"predecessor-version":[{"id":2958,"href":"https:\/\/goias.gov.br\/cetran\/wp-json\/wp\/v2\/pages\/1879\/revisions\/2958"}],"wp:attachment":[{"href":"https:\/\/goias.gov.br\/cetran\/wp-json\/wp\/v2\/media?parent=1879"}],"curies":[{"name":"wp","href":"https:\/\/api.w.org\/{rel}","templated":true}]}}