

{"id":7962,"date":"2023-11-01T09:11:58","date_gmt":"2023-11-01T12:11:58","guid":{"rendered":"https:\/\/goias.gov.br\/cee\/?page_id=7962"},"modified":"2026-01-20T11:50:56","modified_gmt":"2026-01-20T14:50:56","slug":"servicos","status":"publish","type":"page","link":"https:\/\/goias.gov.br\/cee\/servicos\/","title":{"rendered":"Servi\u00e7os"},"content":{"rendered":"\t\t<div data-elementor-type=\"wp-page\" data-elementor-id=\"7962\" class=\"elementor elementor-7962\">\n\t\t\t\t<div class=\"elementor-element elementor-element-aa94209 e-flex e-con-boxed e-con e-parent\" data-id=\"aa94209\" data-element_type=\"container\" data-e-type=\"container\">\n\t\t\t\t\t<div class=\"e-con-inner\">\n\t\t<div class=\"elementor-element elementor-element-3c7d94c e-con-full e-flex e-con e-child\" data-id=\"3c7d94c\" data-element_type=\"container\" data-e-type=\"container\">\n\t\t\t\t<div class=\"elementor-element elementor-element-fb514ad elementor-widget elementor-widget-text-editor\" data-id=\"fb514ad\" data-element_type=\"widget\" data-e-type=\"widget\" data-widget_type=\"text-editor.default\">\n\t\t\t\t\t\t\t\t\t<h3><a href=\"https:\/\/www.go.gov.br\/servicos\/servico\/denunciar-instituicao-de-ensino\">Denunciar Institui\u00e7\u00e3o de Ensino<\/a><\/h3>\t\t\t\t\t\t\t\t<\/div>\n\t\t\t\t<\/div>\n\t\t<div class=\"elementor-element elementor-element-1adfc5b e-con-full e-flex e-con e-child\" data-id=\"1adfc5b\" data-element_type=\"container\" data-e-type=\"container\">\n\t\t\t\t<div class=\"elementor-element elementor-element-be6322b elementor-widget elementor-widget-text-editor\" data-id=\"be6322b\" data-element_type=\"widget\" data-e-type=\"widget\" data-widget_type=\"text-editor.default\">\n\t\t\t\t\t\t\t\t\t<h3><a href=\"https:\/\/www.go.gov.br\/servicos\/servico\/solicitar-a-autorizacao-para-o-aproveitamento-de-estudos-de-nivel-superior-para-nivel-tecnico\">Solicitar a autoriza\u00e7\u00e3o para o aproveitamento de estudos de N\u00edvel Superior para N\u00edvel T\u00e9cnico<\/a><\/h3>\t\t\t\t\t\t\t\t<\/div>\n\t\t\t\t<\/div>\n\t\t\t\t\t<\/div>\n\t\t\t\t<\/div>\n\t\t<div class=\"elementor-element elementor-element-e3f22eb e-flex e-con-boxed e-con e-parent\" data-id=\"e3f22eb\" data-element_type=\"container\" data-e-type=\"container\">\n\t\t\t\t\t<div class=\"e-con-inner\">\n\t\t<div class=\"elementor-element elementor-element-925876e e-con-full e-flex e-con e-child\" data-id=\"925876e\" data-element_type=\"container\" data-e-type=\"container\">\n\t\t\t\t<div class=\"elementor-element elementor-element-266cfea elementor-widget elementor-widget-text-editor\" data-id=\"266cfea\" data-element_type=\"widget\" data-e-type=\"widget\" data-widget_type=\"text-editor.default\">\n\t\t\t\t\t\t\t\t\t<h3><a href=\"https:\/\/www.go.gov.br\/servicos\/servico\/solicitar-a-matricula-de-aluno-menor-na-educacao-de-jovens-e-adultos\" target=\"_blank\" rel=\"noopener\">Solicitar a matr\u00edcula de aluno menor na Educa\u00e7\u00e3o de Jovens e Adultos<\/a><\/h3>\t\t\t\t\t\t\t\t<\/div>\n\t\t\t\t<\/div>\n\t\t<div class=\"elementor-element elementor-element-ff76c49 e-con-full e-flex e-con e-child\" data-id=\"ff76c49\" data-element_type=\"container\" data-e-type=\"container\">\n\t\t\t\t<div class=\"elementor-element elementor-element-ccf5242 elementor-widget elementor-widget-text-editor\" data-id=\"ccf5242\" data-element_type=\"widget\" data-e-type=\"widget\" data-widget_type=\"text-editor.default\">\n\t\t\t\t\t\t\t\t\t<h3><a href=\"https:\/\/www.go.gov.br\/servicos\/servico\/solicitar-a-regularizacao-eou-validacao-de-estudos-realizados-em-instituicao-de-ensino-do-sistema-educativo-do-estado-de-goias\" target=\"_blank\" rel=\"noopener\">Solicitar a regulariza\u00e7\u00e3o e\/ou valida\u00e7\u00e3o de estudos realizados em institui\u00e7\u00e3o de Ensino do Sistema Educativo do Estado de Goi\u00e1s<\/a><\/h3>\t\t\t\t\t\t\t\t<\/div>\n\t\t\t\t<\/div>\n\t\t\t\t\t<\/div>\n\t\t\t\t<\/div>\n\t\t<div class=\"elementor-element elementor-element-3d816dc e-flex e-con-boxed e-con e-parent\" data-id=\"3d816dc\" data-element_type=\"container\" data-e-type=\"container\">\n\t\t\t\t\t<div class=\"e-con-inner\">\n\t\t<div class=\"elementor-element elementor-element-a85bb50 e-con-full e-flex e-con e-child\" data-id=\"a85bb50\" data-element_type=\"container\" data-e-type=\"container\">\n\t\t\t\t<div class=\"elementor-element elementor-element-ca834eb elementor-widget elementor-widget-text-editor\" data-id=\"ca834eb\" data-element_type=\"widget\" data-e-type=\"widget\" data-widget_type=\"text-editor.default\">\n\t\t\t\t\t\t\t\t\t<h3><a href=\"https:\/\/www.go.gov.br\/servicos\/servico\/solicitar-a-revalidacao-dos-estudos-da-educacao-basica-realizados-no-exterior\">Solicitar a revalida\u00e7\u00e3o dos estudos da Educa\u00e7\u00e3o B\u00e1sica realizados no exterior<\/a><\/h3>\t\t\t\t\t\t\t\t<\/div>\n\t\t\t\t<\/div>\n\t\t<div class=\"elementor-element elementor-element-fc39613 e-con-full e-flex e-con e-child\" data-id=\"fc39613\" data-element_type=\"container\" data-e-type=\"container\">\n\t\t\t\t<div class=\"elementor-element elementor-element-ca3957f elementor-widget elementor-widget-text-editor\" data-id=\"ca3957f\" data-element_type=\"widget\" data-e-type=\"widget\" data-widget_type=\"text-editor.default\">\n\t\t\t\t\t\t\t\t\t<h3><a href=\"https:\/\/www.go.gov.br\/servicos\/servico\/solicitar-aprovacao-do-calendario-escolar-anual-de-instituicao-de-ensino-jurisdicionada-ao-conselho-estadual-de-educacao-de-goias\">Solicitar aprova\u00e7\u00e3o do calend\u00e1rio escolar anual de institui\u00e7\u00e3o de ensino jurisdicionada ao Conselho Estadual de Educa\u00e7\u00e3o de Goi\u00e1s<\/a><\/h3>\t\t\t\t\t\t\t\t<\/div>\n\t\t\t\t<\/div>\n\t\t\t\t\t<\/div>\n\t\t\t\t<\/div>\n\t\t<div class=\"elementor-element elementor-element-71ca389 e-flex e-con-boxed e-con e-parent\" data-id=\"71ca389\" data-element_type=\"container\" data-e-type=\"container\">\n\t\t\t\t\t<div class=\"e-con-inner\">\n\t\t<div class=\"elementor-element elementor-element-dab6b5d e-con-full e-flex e-con e-child\" data-id=\"dab6b5d\" data-element_type=\"container\" data-e-type=\"container\">\n\t\t\t\t<div class=\"elementor-element elementor-element-be8e262 elementor-widget elementor-widget-text-editor\" data-id=\"be8e262\" data-element_type=\"widget\" data-e-type=\"widget\" data-widget_type=\"text-editor.default\">\n\t\t\t\t\t\t\t\t\t<h3><a href=\"https:\/\/www.go.gov.br\/servicos\/servico\/solicitar-aprovacao-do-calendario-escolar-anual-de-instituicao-de-ensino-jurisdicionada-ao-conselho-estadual-de-educacao-de-goias\">Solicitar aprova\u00e7\u00e3o do calend\u00e1rio escolar anual de institui\u00e7\u00e3o de ensino jurisdicionada ao Conselho Estadual de Educa\u00e7\u00e3o de Goi\u00e1s<\/a><\/h3>\t\t\t\t\t\t\t\t<\/div>\n\t\t\t\t<\/div>\n\t\t<div class=\"elementor-element elementor-element-f454772 e-con-full e-flex e-con e-child\" data-id=\"f454772\" data-element_type=\"container\" data-e-type=\"container\">\n\t\t\t\t<div class=\"elementor-element elementor-element-74bf447 elementor-widget elementor-widget-text-editor\" data-id=\"74bf447\" data-element_type=\"widget\" data-e-type=\"widget\" data-widget_type=\"text-editor.default\">\n\t\t\t\t\t\t\t\t\t<h3><a href=\"https:\/\/www.go.gov.br\/servicos\/servico\/solicitar-autorizacao-para-ofertar-cursos-de-nivel-superior-em-instituicao-jurisdicionada-ao-conselho-estadual-de-educacao\">Solicitar autoriza\u00e7\u00e3o para ofertar cursos de n\u00edvel superior em institui\u00e7\u00e3o jurisdicionada ao Conselho Estadual de Educa\u00e7\u00e3o<\/a><\/h3>\t\t\t\t\t\t\t\t<\/div>\n\t\t\t\t<\/div>\n\t\t\t\t\t<\/div>\n\t\t\t\t<\/div>\n\t\t<div class=\"elementor-element elementor-element-335665d e-flex e-con-boxed e-con e-parent\" data-id=\"335665d\" data-element_type=\"container\" data-e-type=\"container\">\n\t\t\t\t\t<div class=\"e-con-inner\">\n\t\t<div class=\"elementor-element elementor-element-f8e43ec e-con-full e-flex e-con e-child\" data-id=\"f8e43ec\" data-element_type=\"container\" data-e-type=\"container\">\n\t\t\t\t<div class=\"elementor-element elementor-element-1c0f1fa elementor-widget elementor-widget-text-editor\" data-id=\"1c0f1fa\" data-element_type=\"widget\" data-e-type=\"widget\" data-widget_type=\"text-editor.default\">\n\t\t\t\t\t\t\t\t\t<h3><a href=\"https:\/\/www.go.gov.br\/servicos\/servico\/solicitar-autorizacao-para-avaliacao-para-obter-o-certificado-do-ensino-fundamental-eou-ensino-medio\">Solicitar autoriza\u00e7\u00e3o para avalia\u00e7\u00e3o para obter o certificado do Ensino Fundamental e\/ou Ensino M\u00e9dio<\/a><\/h3>\t\t\t\t\t\t\t\t<\/div>\n\t\t\t\t<\/div>\n\t\t<div class=\"elementor-element elementor-element-1ae7b1f e-con-full e-flex e-con e-child\" data-id=\"1ae7b1f\" data-element_type=\"container\" data-e-type=\"container\">\n\t\t\t\t<div class=\"elementor-element elementor-element-61b590c elementor-widget elementor-widget-text-editor\" data-id=\"61b590c\" data-element_type=\"widget\" data-e-type=\"widget\" data-widget_type=\"text-editor.default\">\n\t\t\t\t\t\t\t\t\t<h3><a href=\"https:\/\/www.go.gov.br\/servicos\/servico\/solicitar-autorizacao-para-ofertar-cursos-de-nivel-superior-em-instituicao-jurisdicionada-ao-conselho-estadual-de-educacao\">Solicitar autoriza\u00e7\u00e3o para ofertar cursos de n\u00edvel superior em institui\u00e7\u00e3o jurisdicionada ao Conselho Estadual de Educa\u00e7\u00e3o<\/a><\/h3>\t\t\t\t\t\t\t\t<\/div>\n\t\t\t\t<\/div>\n\t\t\t\t\t<\/div>\n\t\t\t\t<\/div>\n\t\t<div class=\"elementor-element elementor-element-177e5b7 e-flex e-con-boxed e-con e-parent\" data-id=\"177e5b7\" data-element_type=\"container\" data-e-type=\"container\">\n\t\t\t\t\t<div class=\"e-con-inner\">\n\t\t<div class=\"elementor-element elementor-element-7b90c94 e-con-full e-flex e-con e-child\" data-id=\"7b90c94\" data-element_type=\"container\" data-e-type=\"container\">\n\t\t\t\t<div class=\"elementor-element elementor-element-03d708d elementor-widget elementor-widget-text-editor\" data-id=\"03d708d\" data-element_type=\"widget\" data-e-type=\"widget\" data-widget_type=\"text-editor.default\">\n\t\t\t\t\t\t\t\t\t<h3><a href=\"https:\/\/www.go.gov.br\/servicos\/servico\/solicitar-o-credenciamento-da-instituicao-de-ensino-e-autorizacao-de-cursos-da-educacao-basica\">Solicitar o credenciamento da institui\u00e7\u00e3o de ensino e autoriza\u00e7\u00e3o de cursos da Educa\u00e7\u00e3o B\u00e1sica<\/a><\/h3>\t\t\t\t\t\t\t\t<\/div>\n\t\t\t\t<\/div>\n\t\t<div class=\"elementor-element elementor-element-8e9731e e-con-full e-flex e-con e-child\" data-id=\"8e9731e\" data-element_type=\"container\" data-e-type=\"container\">\n\t\t\t\t<div class=\"elementor-element elementor-element-2f80554 elementor-widget elementor-widget-text-editor\" data-id=\"2f80554\" data-element_type=\"widget\" data-e-type=\"widget\" data-widget_type=\"text-editor.default\">\n\t\t\t\t\t\t\t\t\t<h3><a href=\"https:\/\/www.go.gov.br\/servicos\/servico\/solicitar-o-credenciamento-de-instituicao-de-ensino-e-autorizacao-de-curso-tecnico-ou-curso-tecnologo\">Solicitar o credenciamento de institui\u00e7\u00e3o de ensino e autoriza\u00e7\u00e3o de Curso T\u00e9cnico ou Curso Tecn\u00f3logo<\/a><\/h3>\t\t\t\t\t\t\t\t<\/div>\n\t\t\t\t<\/div>\n\t\t\t\t\t<\/div>\n\t\t\t\t<\/div>\n\t\t<div class=\"elementor-element elementor-element-5e7ea79 e-flex e-con-boxed e-con e-parent\" data-id=\"5e7ea79\" data-element_type=\"container\" data-e-type=\"container\">\n\t\t\t\t\t<div class=\"e-con-inner\">\n\t\t<div class=\"elementor-element elementor-element-b6183ea e-con-full e-flex e-con e-child\" data-id=\"b6183ea\" data-element_type=\"container\" data-e-type=\"container\">\n\t\t\t\t<div class=\"elementor-element elementor-element-b94a72a elementor-widget elementor-widget-text-editor\" data-id=\"b94a72a\" data-element_type=\"widget\" data-e-type=\"widget\" data-widget_type=\"text-editor.default\">\n\t\t\t\t\t\t\t\t\t<h3><a href=\"https:\/\/www.go.gov.br\/servicos\/servico\/solicitar-o-credenciamento-e-o-recredenciamento-de-universidades-faculdades-centro-universitarios-e-campus-universitarios\">Solicitar o credenciamento e o recredenciamento de universidades, faculdades, centro universit\u00e1rios e campus universit\u00e1rios<\/a><\/h3>\t\t\t\t\t\t\t\t<\/div>\n\t\t\t\t<\/div>\n\t\t<div class=\"elementor-element elementor-element-88c9030 e-con-full e-flex e-con e-child\" data-id=\"88c9030\" data-element_type=\"container\" data-e-type=\"container\">\n\t\t\t\t<div class=\"elementor-element elementor-element-fd978d9 elementor-widget elementor-widget-text-editor\" data-id=\"fd978d9\" data-element_type=\"widget\" data-e-type=\"widget\" data-widget_type=\"text-editor.default\">\n\t\t\t\t\t\t\t\t\t<h3><a href=\"https:\/\/www.go.gov.br\/servicos\/servico\/solicitar-o-credenciamentorecredenciamento-da-instituicao-e-a-autorizacaorenovacao-de-autorizacao-de-projetos-de-cursos-de-formacao-inicial-e-continuada--fic\">Solicitar o credenciamento\/recredenciamento da institui\u00e7\u00e3o e a autoriza\u00e7\u00e3o\/renova\u00e7\u00e3o de autoriza\u00e7\u00e3o de projetos de cursos de Forma\u00e7\u00e3o Inicial e Continuada \u2013 FIC<\/a><\/h3>\t\t\t\t\t\t\t\t<\/div>\n\t\t\t\t<\/div>\n\t\t\t\t\t<\/div>\n\t\t\t\t<\/div>\n\t\t<div class=\"elementor-element elementor-element-2d20976 e-flex e-con-boxed e-con e-parent\" data-id=\"2d20976\" data-element_type=\"container\" data-e-type=\"container\">\n\t\t\t\t\t<div class=\"e-con-inner\">\n\t\t<div class=\"elementor-element elementor-element-077f369 e-con-full e-flex e-con e-child\" data-id=\"077f369\" data-element_type=\"container\" data-e-type=\"container\">\n\t\t\t\t<div class=\"elementor-element elementor-element-f700f7b elementor-widget elementor-widget-text-editor\" data-id=\"f700f7b\" data-element_type=\"widget\" data-e-type=\"widget\" data-widget_type=\"text-editor.default\">\n\t\t\t\t\t\t\t\t\t<h3><a href=\"https:\/\/www.go.gov.br\/servicos\/servico\/solicitar-o-reconhecimento-ou-renovacao-do-reconhecimento-do-curso-de-nivel-superior\">Solicitar o reconhecimento ou renova\u00e7\u00e3o do reconhecimento do curso de N\u00edvel Superior<\/a><\/h3>\t\t\t\t\t\t\t\t<\/div>\n\t\t\t\t<\/div>\n\t\t<div class=\"elementor-element elementor-element-8cf5c0f e-con-full e-flex e-con e-child\" data-id=\"8cf5c0f\" data-element_type=\"container\" data-e-type=\"container\">\n\t\t\t\t<div class=\"elementor-element elementor-element-20586eb elementor-widget elementor-widget-text-editor\" data-id=\"20586eb\" data-element_type=\"widget\" data-e-type=\"widget\" data-widget_type=\"text-editor.default\">\n\t\t\t\t\t\t\t\t\t<h3><a href=\"https:\/\/www.go.gov.br\/servicos\/servico\/solicitar-o-recredenciamento-da-instituicao-de-ensino-e-a-renovacao-da-autorizacao-para-continuar-a-ofertar-curso-tecnico-ou-curso-tecnologo\">Solicitar o recredenciamento da institui\u00e7\u00e3o de ensino e a renova\u00e7\u00e3o da autoriza\u00e7\u00e3o para continuar a ofertar curso t\u00e9cnico ou curso tecn\u00f3logo<\/a><\/h3>\t\t\t\t\t\t\t\t<\/div>\n\t\t\t\t<\/div>\n\t\t\t\t\t<\/div>\n\t\t\t\t<\/div>\n\t\t<div class=\"elementor-element elementor-element-57d299a e-flex e-con-boxed e-con e-parent\" data-id=\"57d299a\" data-element_type=\"container\" data-e-type=\"container\">\n\t\t\t\t\t<div class=\"e-con-inner\">\n\t\t<div class=\"elementor-element elementor-element-b1a80c8 e-con-full e-flex e-con e-child\" data-id=\"b1a80c8\" data-element_type=\"container\" data-e-type=\"container\">\n\t\t\t\t<div class=\"elementor-element elementor-element-8f00f2d elementor-widget elementor-widget-text-editor\" data-id=\"8f00f2d\" data-element_type=\"widget\" data-e-type=\"widget\" data-widget_type=\"text-editor.default\">\n\t\t\t\t\t\t\t\t\t<h3><a href=\"https:\/\/www.go.gov.br\/servicos\/servico\/solicitar-o-recredenciamento-da-instituicao-de-ensino-e-a-renovacao-de-autorizacao-para-continuar-a-ofertar-cursos-da-educacao-basica\">Solicitar o recredenciamento da institui\u00e7\u00e3o de ensino e a renova\u00e7\u00e3o de autoriza\u00e7\u00e3o para continuar a ofertar cursos da educa\u00e7\u00e3o b\u00e1sica<\/a><\/h3>\t\t\t\t\t\t\t\t<\/div>\n\t\t\t\t<\/div>\n\t\t<div class=\"elementor-element elementor-element-a26de33 e-con-full e-flex e-con e-child\" data-id=\"a26de33\" data-element_type=\"container\" data-e-type=\"container\">\n\t\t\t\t<div class=\"elementor-element elementor-element-76e230b elementor-widget elementor-widget-text-editor\" data-id=\"76e230b\" data-element_type=\"widget\" data-e-type=\"widget\" data-widget_type=\"text-editor.default\">\n\t\t\t\t\t\t\t\t\t<h3><a href=\"https:\/\/www.go.gov.br\/servicos\/servico\/verificar-a-veracidade-e-autenticidade-de-certificado-eou-diploma-emitido-por-instituicoes-jurisdicionadas-ao-sistema-educativo-do-estado-de-goias\">Verificar a veracidade e autenticidade de certificado e\/ou diploma emitido por institui\u00e7\u00f5es jurisdicionadas ao sistema educativo do Estado de Goi\u00e1s<\/a><\/h3>\t\t\t\t\t\t\t\t<\/div>\n\t\t\t\t<\/div>\n\t\t\t\t\t<\/div>\n\t\t\t\t<\/div>\n\t\t\t\t<\/div>\n\t\t","protected":false},"excerpt":{"rendered":"<p>Denunciar Institui\u00e7\u00e3o de Ensino Solicitar a autoriza\u00e7\u00e3o para o aproveitamento de estudos de N\u00edvel Superior para N\u00edvel T\u00e9cnico Solicitar a matr\u00edcula de aluno menor na Educa\u00e7\u00e3o de Jovens e Adultos Solicitar a regulariza\u00e7\u00e3o e\/ou valida\u00e7\u00e3o de estudos realizados em institui\u00e7\u00e3o de Ensino do Sistema Educativo do Estado de Goi\u00e1s Solicitar a revalida\u00e7\u00e3o dos estudos da [&hellip;]<\/p>\n","protected":false},"author":82,"featured_media":0,"parent":0,"menu_order":0,"comment_status":"closed","ping_status":"closed","template":"","meta":{"footnotes":""},"class_list":["post-7962","page","type-page","status-publish","hentry"],"rttpg_featured_image_url":null,"rttpg_author":{"display_name":"andredutton","author_link":"https:\/\/goias.gov.br\/cee\/author\/andre-duttonfornecedores-goias-gov-br\/"},"rttpg_comment":0,"rttpg_category":null,"rttpg_excerpt":"Denunciar Institui\u00e7\u00e3o de Ensino Solicitar a autoriza\u00e7\u00e3o para o aproveitamento de estudos de N\u00edvel Superior para N\u00edvel T\u00e9cnico Solicitar a matr\u00edcula de aluno menor na Educa\u00e7\u00e3o de Jovens e Adultos Solicitar a regulariza\u00e7\u00e3o e\/ou valida\u00e7\u00e3o de estudos realizados em institui\u00e7\u00e3o de Ensino do Sistema Educativo do Estado de Goi\u00e1s Solicitar a revalida\u00e7\u00e3o dos estudos da&hellip;","_links":{"self":[{"href":"https:\/\/goias.gov.br\/cee\/wp-json\/wp\/v2\/pages\/7962","targetHints":{"allow":["GET"]}}],"collection":[{"href":"https:\/\/goias.gov.br\/cee\/wp-json\/wp\/v2\/pages"}],"about":[{"href":"https:\/\/goias.gov.br\/cee\/wp-json\/wp\/v2\/types\/page"}],"author":[{"embeddable":true,"href":"https:\/\/goias.gov.br\/cee\/wp-json\/wp\/v2\/users\/82"}],"replies":[{"embeddable":true,"href":"https:\/\/goias.gov.br\/cee\/wp-json\/wp\/v2\/comments?post=7962"}],"version-history":[{"count":2,"href":"https:\/\/goias.gov.br\/cee\/wp-json\/wp\/v2\/pages\/7962\/revisions"}],"predecessor-version":[{"id":18828,"href":"https:\/\/goias.gov.br\/cee\/wp-json\/wp\/v2\/pages\/7962\/revisions\/18828"}],"wp:attachment":[{"href":"https:\/\/goias.gov.br\/cee\/wp-json\/wp\/v2\/media?parent=7962"}],"curies":[{"name":"wp","href":"https:\/\/api.w.org\/{rel}","templated":true}]}}