

{"id":220,"date":"2023-09-05T09:10:20","date_gmt":"2023-09-05T12:10:20","guid":{"rendered":"https:\/\/siteshom.goias.gov.br\/cee\/?page_id=220"},"modified":"2026-01-20T14:23:18","modified_gmt":"2026-01-20T17:23:18","slug":"fale-conosco","status":"publish","type":"page","link":"https:\/\/goias.gov.br\/cee\/fale-conosco\/","title":{"rendered":"Fale Conosco"},"content":{"rendered":"\t\t<div data-elementor-type=\"wp-page\" data-elementor-id=\"220\" class=\"elementor elementor-220\">\n\t\t\t\t<div class=\"elementor-element elementor-element-cf3c25f e-flex e-con-boxed e-con e-parent\" data-id=\"cf3c25f\" data-element_type=\"container\" data-e-type=\"container\">\n\t\t\t\t\t<div class=\"e-con-inner\">\n\t\t<div class=\"elementor-element elementor-element-5526a11 e-con-full e-flex e-con e-child\" data-id=\"5526a11\" data-element_type=\"container\" data-e-type=\"container\">\n\t\t\t\t<div class=\"elementor-element elementor-element-1b51150 elementor-widget elementor-widget-text-editor\" data-id=\"1b51150\" data-element_type=\"widget\" data-e-type=\"widget\" data-widget_type=\"text-editor.default\">\n\t\t\t\t\t\t\t\t\t<p>\n<div class=\"wpcf7 no-js\" id=\"wpcf7-f222-o1\" lang=\"pt-BR\" dir=\"ltr\" data-wpcf7-id=\"222\">\n<div class=\"screen-reader-response\"><p role=\"status\" aria-live=\"polite\" aria-atomic=\"true\"><\/p> <ul><\/ul><\/div>\n<form action=\"\/cee\/wp-json\/wp\/v2\/pages\/220#wpcf7-f222-o1\" method=\"post\" class=\"wpcf7-form init\" aria-label=\"Formul\u00e1rios de contato\" novalidate=\"novalidate\" data-status=\"init\">\n<fieldset class=\"hidden-fields-container\"><input type=\"hidden\" name=\"_wpcf7\" value=\"222\" \/><input type=\"hidden\" name=\"_wpcf7_version\" value=\"6.1.5\" \/><input type=\"hidden\" name=\"_wpcf7_locale\" value=\"pt_BR\" \/><input type=\"hidden\" name=\"_wpcf7_unit_tag\" value=\"wpcf7-f222-o1\" \/><input type=\"hidden\" name=\"_wpcf7_container_post\" value=\"0\" \/><input type=\"hidden\" name=\"_wpcf7_posted_data_hash\" value=\"\" \/>\n<\/fieldset>\n<p><label> Nome<br \/>\n<span class=\"wpcf7-form-control-wrap\" data-name=\"your-name\"><input size=\"40\" maxlength=\"400\" class=\"wpcf7-form-control wpcf7-text wpcf7-validates-as-required\" autocomplete=\"name\" aria-required=\"true\" aria-invalid=\"false\" value=\"\" type=\"text\" name=\"your-name\" \/><\/span> <\/label>\n<\/p>\n<p><label> E-mail<br \/>\n<span class=\"wpcf7-form-control-wrap\" data-name=\"your-email\"><input size=\"40\" maxlength=\"400\" class=\"wpcf7-form-control wpcf7-email wpcf7-validates-as-required wpcf7-text wpcf7-validates-as-email\" autocomplete=\"email\" aria-required=\"true\" aria-invalid=\"false\" value=\"\" type=\"email\" name=\"your-email\" \/><\/span> <\/label>\n<\/p>\n<p><label> Assunto<br \/>\n<span class=\"wpcf7-form-control-wrap\" data-name=\"your-subject\"><input size=\"40\" maxlength=\"400\" class=\"wpcf7-form-control wpcf7-text wpcf7-validates-as-required\" aria-required=\"true\" aria-invalid=\"false\" value=\"\" type=\"text\" name=\"your-subject\" \/><\/span> <\/label>\n<\/p>\n<p><label> Mensagem<br \/>\n<span class=\"wpcf7-form-control-wrap\" data-name=\"your-message\"><textarea cols=\"40\" rows=\"10\" maxlength=\"2000\" class=\"wpcf7-form-control wpcf7-textarea\" aria-invalid=\"false\" name=\"your-message\"><\/textarea><\/span> <\/label>\n<\/p>\n<p><input class=\"wpcf7-form-control wpcf7-submit has-spinner\" type=\"submit\" value=\"Enviar\" \/>\n<\/p><div class=\"wpcf7-response-output\" aria-hidden=\"true\"><\/div>\n<\/form>\n<\/div>\n<\/p>\t\t\t\t\t\t\t\t<\/div>\n\t\t\t\t<\/div>\n\t\t<div class=\"elementor-element elementor-element-43d0221 e-con-full e-flex e-con e-child\" data-id=\"43d0221\" data-element_type=\"container\" data-e-type=\"container\">\n\t\t\t\t<div class=\"elementor-element elementor-element-0b8b60a elementor-widget elementor-widget-shortcode\" data-id=\"0b8b60a\" data-element_type=\"widget\" data-e-type=\"widget\" data-widget_type=\"shortcode.default\">\n\t\t\t\t\t\t\t<div class=\"elementor-shortcode\"><div data-post-id=\"235\" class=\"insert-page insert-page-235 \"><h4><span style=\"color: #008000;\">Endere\u00e7o<\/span><\/h4>\n<p>Rua 3 esq. com a Rua 23, n\u00ba 63<br \/>\nSetor Central, Goi\u00e2nia\/GO \u2013 CEP: 74.015-120<br \/>\nAtendimento: 07h30 \u00e0s 17h<\/p>\n<h4><span style=\"color: #008000;\">Atendimento ao Cidad\u00e3o<\/span><\/h4>\n<p>E-mail: <a href=\"mailto:atendimento.cee@goias.gov.br\">atendimento.cee@goias.gov.br<\/a><br \/>\nTelefone: (62) 3270-8622 \/ (62) 3270-8627 \/ (62)3270-8640<\/p>\n<h4><span style=\"color: #008000;\">Ouvidoria Setorial<\/span><\/h4>\n<p>E-mail: <a href=\"mailto:ouvidoria.sgg@goias.gov.br\">ouvidoria.sgg@goias.gov.br<\/a><br \/>\nTelefone: (62) 3270-8642<\/p>\n<h4><span style=\"color: #008000;\">Imprensa<\/span><\/h4>\n<p>E-mail: <a href=\"comunicacao.cee@goias.gov.br\">comunicacao.cee@goias.gov.br<\/a><br \/>\nTelefone: (62) 3270-8624<\/p>\n<h4><span style=\"color: #008000;\">Ger\u00eancia de Preparo Processual<\/span><\/h4>\n<p>E-mail: <a href=\"ceegerencia@goias.gov.br\">gerenciacee@goias.gov.br<\/a><br \/>\nTelefone: (62) 3270-8629 \/ (62) 3270-8620<span style=\"color: #008000;\"><br \/>\n<\/span><\/p>\n<h4><span style=\"color: #008000;\">Comiss\u00e3o Verificadora<\/span><\/h4>\n<p>E-mail: <em><a href=\"https:\/\/cee.go.gov.br\/estrutura-tecnico-administrativa\/cv@cee.go.gov.br\">ceecomissao@goias.gov.br<\/a><\/em><br \/>\nTelefone: (62) 3270-8622 \/ (62) 3270-8681<\/p>\n<h4><span style=\"color: #008000;\">Coordena\u00e7\u00e3o Administrativa<\/span><\/h4>\n<p><span style=\"font-size: revert; color: initial;\">E-mail: <\/span><em style=\"font-size: revert; color: initial;\"><a href=\"https:\/\/cee.go.gov.br\/estrutura-tecnico-administrativa\/cv@cee.go.gov.br\">cee.rh@goias.gov.br<\/a><br \/>\n<\/em>Telefone: (62) 3270-8627<\/p>\n<h4><span style=\"color: #008000;\">Protocolo<\/span><\/h4>\n<p>E-mail: <em><a href=\"mailto:presidencia.cee@cee.go.gov.br\">atendimento.cee@goias.gov.br<\/a><\/em><br \/>\nTelefone: (62) 3270-8622<\/p>\n<h4><span style=\"color: #008000;\">Coordena\u00e7\u00e3o da C\u00e2mara de Educa\u00e7\u00e3o B\u00e1sica<\/span><\/h4>\n<p><span style=\"font-size: revert; color: initial;\">E-mail: <\/span><em style=\"font-size: revert; color: initial;\"><a href=\"mailto:ceb.cee@cee.go.gov.br\">cee.ceb@goias.gov.br<\/a><br \/>\n<\/em>Telefone: (62) 3270-8628<\/p>\n<h4><span style=\"color: #008000;\">Coordena\u00e7\u00e3o da C\u00e2mara de Legisla\u00e7\u00e3o e Normas<\/span><\/h4>\n<p>E-mail: <em><a href=\"https:\/\/cee.go.gov.br\/estrutura-tecnico-administrativa\/cln.cee@cee.go.gov.br\">cee.cln@goias.gov.br<\/a><\/em><br \/>\nTelefone: (62) 3270-8681 \/ (62) 3270-8621<\/p>\n<h4><span style=\"color: #008000;\">Coordena\u00e7\u00e3o da C\u00e2mara de Educa\u00e7\u00e3o Profissional<\/span><\/h4>\n<p>E-mail: <em><a href=\"https:\/\/cee.go.gov.br\/estrutura-tecnico-administrativa\/cep@cee.go.gov.br\">cee.cep@goias.gov.br<\/a><\/em><br \/>\nTelefone: (62) 3270-8620<\/p>\n<h4><span style=\"color: #008000;\">Coordena\u00e7\u00e3o da C\u00e2mara de Educa\u00e7\u00e3o Superior<\/span><\/h4>\n<p>E-mail: <em><a href=\"https:\/\/cee.go.gov.br\/estrutura-tecnico-administrativa\/cep@cee.go.gov.br\">cee.ces@goias.gov.br<\/a><\/em><br \/>\nTelefone: (62) 3270-8640<\/p>\n<h4><span style=\"color: #008000;\">Coordena\u00e7\u00e3o do Conselho Pleno<\/span><\/h4>\n<p>E-mail: <em><a href=\"https:\/\/cee.go.gov.br\/estrutura-tecnico-administrativa\/cp@cee.go.gov.br\">cee.cp@goias.gov.br<\/a><br \/>\n<\/em>Telefone: (62) 3270-8620<\/p>\n<\/div><\/div>\n\t\t\t\t\t\t<\/div>\n\t\t\t\t<\/div>\n\t\t\t\t\t<\/div>\n\t\t\t\t<\/div>\n\t\t\t\t<\/div>\n\t\t","protected":false},"excerpt":{"rendered":"","protected":false},"author":7,"featured_media":0,"parent":0,"menu_order":0,"comment_status":"closed","ping_status":"closed","template":"","meta":{"footnotes":""},"class_list":["post-220","page","type-page","status-publish","hentry"],"rttpg_featured_image_url":null,"rttpg_author":{"display_name":"gustavogoncalves","author_link":"https:\/\/goias.gov.br\/cee\/author\/gustavogoncalves\/"},"rttpg_comment":0,"rttpg_category":"","rttpg_excerpt":null,"_links":{"self":[{"href":"https:\/\/goias.gov.br\/cee\/wp-json\/wp\/v2\/pages\/220","targetHints":{"allow":["GET"]}}],"collection":[{"href":"https:\/\/goias.gov.br\/cee\/wp-json\/wp\/v2\/pages"}],"about":[{"href":"https:\/\/goias.gov.br\/cee\/wp-json\/wp\/v2\/types\/page"}],"author":[{"embeddable":true,"href":"https:\/\/goias.gov.br\/cee\/wp-json\/wp\/v2\/users\/7"}],"replies":[{"embeddable":true,"href":"https:\/\/goias.gov.br\/cee\/wp-json\/wp\/v2\/comments?post=220"}],"version-history":[{"count":2,"href":"https:\/\/goias.gov.br\/cee\/wp-json\/wp\/v2\/pages\/220\/revisions"}],"predecessor-version":[{"id":19098,"href":"https:\/\/goias.gov.br\/cee\/wp-json\/wp\/v2\/pages\/220\/revisions\/19098"}],"wp:attachment":[{"href":"https:\/\/goias.gov.br\/cee\/wp-json\/wp\/v2\/media?parent=220"}],"curies":[{"name":"wp","href":"https:\/\/api.w.org\/{rel}","templated":true}]}}