

{"id":212,"date":"2023-09-04T16:55:23","date_gmt":"2023-09-04T19:55:23","guid":{"rendered":"https:\/\/siteshom.goias.gov.br\/cee\/?page_id=212"},"modified":"2024-07-08T21:39:25","modified_gmt":"2024-07-09T00:39:25","slug":"mapa-do-site","status":"publish","type":"page","link":"https:\/\/goias.gov.br\/cee\/mapa-do-site\/","title":{"rendered":"Mapa do Site"},"content":{"rendered":"<div id=\"custom-sitemap\" class=\"sitemap-container\"><div class='sitemap-group'><h3>A<\/h3><ul><li><a href='https:\/\/goias.gov.br\/cee\/acesso-a-informacao-2\/' target='_blank'>ACESSO \u00c0 INFORMA\u00c7\u00c3O<\/a><\/li><li><a href='https:\/\/portal.al.go.leg.br\/' target='_blank'>ASSEMBLEIA LEGISLATIVA DO ESTADO DE GOI\u00c1S<\/a><\/li><li><a href='https:\/\/goias.gov.br\/cee\/agenda-de-autoridades\/' target='_blank'>AGENDA DE AUTORIDADES<\/a><\/li><li><a href='https:\/\/goias.gov.br\/governo\/autoridade-de-monitoramento-da-aplicacao-da-lei\/' target='_blank'>AUTORIDADE DE MONITORAMENTO DE APLICA\u00c7\u00c3O DA LAI<\/a><\/li><li><a href='https:\/\/goias.gov.br\/governo\/acordos-sem-transferencia-de-recursos\/' target='_blank'>ACORDOS SEM TRANSFER\u00caNCIA DE RECURSOS<\/a><\/li><\/ul><\/div><div class='sitemap-group'><h3>B<\/h3><ul><li><a href='https:\/\/www.cee.go.gov.br\/files\/BANCO-DE-DADOS-ESPECIALISTAS-ATUALIAZADO-EM-01-DE-SETEMBRO-DE-2021.pdf' target='_blank'>BANCO DE DADOS DOS ESPECIALISTAS<\/a><\/li><li><a href='https:\/\/goias.gov.br\/governo\/bens-moveis\/' target='_blank'>BENS M\u00d3VEIS<\/a><\/li><li><a href='https:\/\/goias.gov.br\/governo\/bens-imoveis\/' target='_blank'>BENS IM\u00d3VEIS<\/a><\/li><\/ul><\/div><div class='sitemap-group'><h3>C<\/h3><ul><li><a href='https:\/\/goias.gov.br\/cee\/camara-de-educacao-basica\/' target='_blank'>C\u00c2MARA DE EDUCA\u00c7\u00c3O B\u00c1SICA<\/a><\/li><li><a href='https:\/\/goias.gov.br\/cee\/camara-de-educacao-profissional\/' target='_blank'>C\u00c2MARA DE EDUCA\u00c7\u00c3O PROFISSIONAL<\/a><\/li><li><a href='https:\/\/goias.gov.br\/cee\/camara-de-educacao-superior\/' target='_blank'>C\u00c2MARA DE EDUCA\u00c7\u00c3O SUPERIOR<\/a><\/li><li><a href='https:\/\/goias.gov.br\/cee\/camara-de-legislacao-e-normas\/' target='_blank'>C\u00c2MARA DE LEGISLA\u00c7\u00c3O E NORMAS<\/a><\/li><li><a href='https:\/\/goias.gov.br\/cee\/camara-do-conselho-pleno\/' target='_blank'>CONSELHO PLENO<\/a><\/li><li><a href='https:\/\/goias.gov.br\/cee\/cadastro-de-especialista\/' target='_blank'>CADASTRO DE ESPECIALISTA<\/a><\/li><li><a href='https:\/\/www.go.gov.br\/servicos\/servicos-por-orgao\/secretaria-geral-de-governo' target='_blank'>CARTA DE SERVI\u00c7OS<\/a><\/li><li><a href='https:\/\/goias.gov.br\/cee\/cargos-e-seus-ocupantes\/' target='_blank'>CARGOS E SEUS OCUPANTES<\/a><\/li><li><a href='https:\/\/legisla.casacivil.go.gov.br\/pesquisa_legislacao\/103904\/decreto-9837' target='_blank'>C\u00d3DIGO DE \u00c9TICA<\/a><\/li><li><a href='https:\/\/goias.gov.br\/controladoria' target='_blank'>CONTROLADORIA-GERAL DO ESTADO DE GOI\u00c1S<\/a><\/li><li><a href='https:\/\/goias.gov.br\/governo\/cadastro-de-autoridade\/' target='_blank'>CADASTRO DE AUTORIDADES<\/a><\/li><li><a href='https:\/\/goias.gov.br\/governo\/competencias\/' target='_blank'>COMPET\u00caNCIAS<\/a><\/li><li><a href='https:\/\/goias.gov.br\/governo\/cargos-e-seus-ocupantes\/' target='_blank'>CARGOS E SEUS OCUPANTES<\/a><\/li><li><a href='https:\/\/www.go.gov.br\/servicos\/servicos-por-orgao\/secretaria-geral-de-governo' target='_blank'>CARTA DE SERVI\u00c7OS AO USU\u00c1RIO<\/a><\/li><li><a href='https:\/\/goias.gov.br\/governo\/conselhos\/' target='_blank'>CONSELHOS<\/a><\/li><li><a href='https:\/\/goias.gov.br\/governo\/classificacao-das-informacoes-sigilosas-2\/' target='_blank'>CLASSIFICA\u00c7\u00c3O DAS INFORMA\u00c7\u00d5ES SIGILOSAS<\/a><\/li><li><a href='https:\/\/www.transparencia.go.gov.br\/lai.php?painel=contratos_detalhamento&orgao=sgg' target='_blank'>CONTRATOS<\/a><\/li><li><a href='https:\/\/goias.gov.br\/governo\/contratos-de-locacao-de-imoveis\/' target='_blank'>CONTRATOS DE LOCA\u00c7\u00c3O DE IMO\u0301VEIS<\/a><\/li><li><a href='https:\/\/www.comprasnet.go.gov.br\/' target='_blank'>COMPRASNET<\/a><\/li><li><a href='https:\/\/goias.gov.br\/governo\/convenios-2022\/' target='_blank'>CONV\u00caNIOS RECEBIDOS<\/a><\/li><li><a href='https:\/\/goias.gov.br\/governo\/convenios-com-outras-entidades-2026\/' target='_blank'>CONV\u00caNIOS CONCEDIDOS<\/a><\/li><\/ul><\/div><div class='sitemap-group'><h3>D<\/h3><ul><li><a href='https:\/\/dadosabertos.go.gov.br\/' target='_blank'>DADOS ABERTOS<\/a><\/li><li><a href='https:\/\/www.go.gov.br\/servicos-digitais\/cge\/nova-ouvidoria\/nova-manifestacao\/tela-negativo?orgao=44' target='_blank'>DEN\u00daNCIAS CONTRA CORRUP\u00c7\u00c3O<\/a><\/li><li><a href='http:\/\/diariooficial.abc.go.gov.br\/' target='_blank'>DI\u00c1RIO OFICIAL DO ESTADO<\/a><\/li><li><a href='https:\/\/dadosabertos.go.gov.br\/' target='_blank'>DADOS ABERTOS GOI\u00c1S<\/a><\/li><li><a href='https:\/\/www.transparencia.go.gov.br\/lai.php?painel=diarias&orgao=sgg' target='_blank'>DI\u00c1RIAS<\/a><\/li><\/ul><\/div><div class='sitemap-group'><h3>E<\/h3><ul><li><a href='https:\/\/www.go.gov.br\/servicos-digitais\/cge\/nova-ouvidoria\/pedido-informacao-publica?orgao=44&tipo_manifestacao=7' target='_blank'>E-SIC<\/a><\/li><li><a href='https:\/\/www.go.gov.br\/servicos-digitais\/cge\/nova-ouvidoria\/pedido-informacao-publica?orgao=44&tipo_manifestacao=7' target='_blank'>E-SIC - SERVI\u00c7O ELETR\u00d4NICO DE INFORMA\u00c7\u00c3O AO CIDAD\u00c3O<\/a><\/li><li><a href='https:\/\/www.go.gov.br\/' target='_blank'>EXPRESSO GOI\u00c1S<\/a><\/li><li><a href='https:\/\/portal.go.gov.br\/' target='_blank'>EXPRESSO APLICA\u00c7\u00d5ES<\/a><\/li><li><a href='https:\/\/www.go.gov.br\/' target='_blank'>EXPRESSO SERVIDOR<\/a><\/li><li><a href='https:\/\/goias.gov.br\/escoladegoverno\/' target='_blank'>ESCOLA DE GOVERNO<\/a><\/li><li><a href='https:\/\/goias.gov.br\/administracao\/secretaria-geral-da-governadoria-dados-gerais\/' target='_blank'>ESTRUTURA ORGANIZACIONAL<\/a><\/li><li><a href='https:\/\/goias.gov.br\/governo\/canais-de-atendimento\/' target='_blank'>ENDERE\u00c7OS, TELEFONES, E-MAILS E HOR\u00c1RIOS DE ATENDIMENTO<\/a><\/li><li><a href='https:\/\/www.go.gov.br\/servicos-digitais\/cge\/nova-ouvidoria\/nova-manifestacao?orgao=sgg' target='_blank'>E-SIC ELETR\u00d4NICO<\/a><\/li><li><a href='https:\/\/goias.gov.br\/governo\/lei-geral-de-protecao-de-dados\/' target='_blank'>ENCARREGADO PELO TRATAMENTO DE DADOS PESSOAIS<\/a><\/li><li><a href='https:\/\/www.transparencia.go.gov.br\/lai.php?painel=empenhos&orgao=sgg' target='_blank'>EMPENHOS E PAGAMENTOS<\/a><\/li><li><a href='https:\/\/www.transparencia.go.gov.br\/lai.php?painel=execucao_orcamentaria_visao_geral&orgao=sgg' target='_blank'>EXECU\u00c7\u00c3O OR\u00c7AMENT\u00c1RIA<\/a><\/li><\/ul><\/div><div class='sitemap-group'><h3>F<\/h3><ul><li><a href='https:\/\/goias.gov.br\/cee\/fale-conosco\/' target='_blank'>FALE CONOSCO<\/a><\/li><li><a href='https:\/\/www.facebook.com\/ceegoias\/' target='_blank'>FACEBOOK<\/a><\/li><li><a href='https:\/\/www.transparencia.go.gov.br\/lai.php?painel=folha_de_pagamento_salarios_de_servidores_ativos&orgao=sgg' target='_blank'>FOLHA DE PAGAMENTO<\/a><\/li><\/ul><\/div><div class='sitemap-group'><h3>G<\/h3><ul><li><a href='https:\/\/www.gov.br\/' target='_blank'>GOVERNO FEDERAL<\/a><\/li><li><a href='http:\/\/www.transparencia.go.gov.br\/portaldatransparencia\/' target='_blank'>GOI\u00c1S TRANSPAR\u00caNCIA<\/a><\/li><li><a href='https:\/\/www.transparencia.go.gov.br\/lai.php?painel=gastos_governamentais&orgao=sgg' target='_blank'>GASTOS GOVERNAMENTAIS\u00a0<\/a><\/li><li><a href='https:\/\/www.transparencia.go.gov.br\/lai.php?painel=publicidade_propaganda&orgao=sgg' target='_blank'>GASTOS EM PUBLICIDADE E PROPAGANDA<\/a><\/li><\/ul><\/div><div class='sitemap-group'><h3>I<\/h3><ul><li><a href='https:\/\/goias.gov.br\/cee\/documentos-para-estudo\/' target='_blank'>INSTRU\u00c7\u00d5ES NORMATIVAS<\/a><\/li><li><a href='https:\/\/goias.gov.br\/cee\/institucional\/' target='_blank'>INSTITUCIONAL<\/a><\/li><li><a href='https:\/\/www.instagram.com\/ceegoias\/?hl=pt-br' target='_blank'>INSTAGRAM<\/a><\/li><\/ul><\/div><div class='sitemap-group'><h3>J<\/h3><ul><li><a href='https:\/\/goias.gov.br\/governo\/julgamento-das-contas-pelo-tce-go\/' target='_blank'>JULGAMENTO DE CONTAS PELO TCE\/GO<\/a><\/li><\/ul><\/div><div class='sitemap-group'><h3>L<\/h3><ul><li><a href='https:\/\/goias.gov.br\/cee\/leis\/' target='_blank'>LEGISLA\u00c7\u00c3O APLIC\u00c1VEL<\/a><\/li><li><a href='https:\/\/goias.gov.br\/cee\/leis\/' target='_blank'>LEIS<\/a><\/li><li><a href='https:\/\/goias.gov.br\/cee\/lei-geral-de-protecao-de-dados\/' target='_blank'>LGPD<\/a><\/li><li><a href='https:\/\/legisla.casacivil.go.gov.br\/pesquisa_legislacao\/90142\/lei-18025' target='_blank'>LEI DE ACESSO \u00c0 INFORMA\u00c7\u00c3O ESTADUAL<\/a><\/li><li><a href='https:\/\/www.transparencia.go.gov.br\/lai.php?painel=licitacoes_licitacoes_concluidas&orgao=sgg' target='_blank'>LICITA\u00c7\u00d5ES<\/a><\/li><li><a href='https:\/\/transparencia.go.gov.br\/fornecedores-impedidos\/' target='_blank'>LICITANTES SANCIONADOS ADMINISTRATIVAMENTE<\/a><\/li><li><a href='https:\/\/www.transparencia.go.gov.br\/wp-content\/uploads\/sites\/2\/painel\/lai.php?painel=folha_de_pagamento_salarios_de_estagiarios_ativos&orgao=sgg' target='_blank'>LISTA DE ESTAGI\u00c1RIOS<\/a><\/li><li><a href='https:\/\/transparencia.go.gov.br\/orcamento-e-planejamento-pecas\/' target='_blank'>LDO\/LOA<\/a><\/li><\/ul><\/div><div class='sitemap-group'><h3>M<\/h3><ul><li><a href='https:\/\/www.mpgo.mp.br\/portal\/' target='_blank'>MINIST\u00c9RIO P\u00daBLICO DO ESTADO DE GOI\u00c1S<\/a><\/li><\/ul><\/div><div class='sitemap-group'><h3>O<\/h3><ul><li><a href='https:\/\/www.go.gov.br\/servicos-digitais\/cge\/nova-ouvidoria?orgao=44' target='_blank'>OUVIDORIA<\/a><\/li><li><a href='https:\/\/www.go.gov.br\/servicos-digitais\/cge\/nova-ouvidoria?orgao=44' target='_blank'>OUVIDORIA SETORIAL<\/a><\/li><li><a href='https:\/\/goias.gov.br\/governo\/atendimento-presencial-ouvidoria\/' target='_blank'>OUVIDORIA SETORIAL (PRESENCIAL)<\/a><\/li><li><a href='https:\/\/www.transparencia.go.gov.br\/wp-content\/uploads\/sites\/2\/painel\/lai.php?painel=ordem_cronologica_despesas&orgao=sgg' target='_blank'>ORDEM CRONOL\u00d3GICA DE PAGAMENTOS<\/a><\/li><li><a href='https:\/\/app.powerbi.com\/view?r=eyJrIjoiZWVmOTM0NGUtMzI4My00Mjg0LTg2ZmYtOWM0ZDgwMjIyM2ViIiwidCI6IjY3ZmQ0MzFjLWIyYWQtNDg2Ny04MWJjLWQ3NTYyMjBiNTZkNCJ9' target='_blank'>OBRAS<\/a><\/li><li><a href='https:\/\/goias.gov.br\/governo\/obras-paralisadas-2\/' target='_blank'>OBRAS PARALISADAS<\/a><\/li><\/ul><\/div><div class='sitemap-group'><h3>P<\/h3><ul><li><a href='https:\/\/goias.gov.br\/cee\/portarias\/' target='_blank'>PORTARIAS<\/a><\/li><li><a href='https:\/\/goias.gov.br\/cee\/pareceres\/' target='_blank'>PARECERES<\/a><\/li><li><a href='https:\/\/goias.gov.br\/cee\/perguntas-frequentes\/' target='_blank'>PEGUNTAS FREQUENTES<\/a><\/li><li><a href='https:\/\/transparencia.go.gov.br\/' target='_blank'>PORTAL DA TRANSPAR\u00caNCIA<\/a><\/li><li><a href='https:\/\/goias.gov.br\/controladoria\/programa-de-compliance-publico-do-governo-de-goias\/' target='_blank'>PCP<\/a><\/li><li><a href='https:\/\/goias.gov.br\/procuradoria\/' target='_blank'>PROCURADORIA-GERAL DO ESTADO DE GOI\u00c1S<\/a><\/li><li><a href='https:\/\/www.planalto.gov.br\/ccivil_03\/_ato2015-2018\/2018\/lei\/l13709.htm' target='_blank'>POL\u00cdTICA DE PRIVACIDADE E PROTE\u00c7\u00c3O DE DADOS<\/a><\/li><li><a href='https:\/\/sislog.go.gov.br\/pca' target='_blank'>PCA \u2013 PLANO DE CONTRATA\u00c7\u00d5ES ANUAL<\/a><\/li><li><a href='https:\/\/goias.gov.br\/governo\/plano-estrategico-institucional\/' target='_blank'>PLANO ESTRAT\u00c9GICO INSTITUCIONAL<\/a><\/li><li><a href='https:\/\/www.economia.go.gov.br\/planejamento\/plano-plurianual.html' target='_blank'>PLANO PLURIANUAL - PPA<\/a><\/li><li><a href='https:\/\/www.transparencia.go.gov.br\/' target='_blank'>PORTAL GOI\u00c1S TRANSPARENTE<\/a><\/li><li><a href='https:\/\/goias.gov.br\/governo\/projetos-de-participacao-social\/' target='_blank'>PROJETOS DE PARTICIPA\u00c7\u00c3O SOCIAL<\/a><\/li><li><a href='https:\/\/goias.gov.br\/governo\/projetos-de-inovacao-no-servico-publico\/' target='_blank'>PROJETOS DE INOVA\u00c7\u00c3O NO SERVI\u00c7O P\u00daBLICO<\/a><\/li><\/ul><\/div><div class='sitemap-group'><h3>R<\/h3><ul><li><a href='https:\/\/goias.gov.br\/cee\/categoria\/resolucoes\/' target='_blank'>RESOLU\u00c7\u00d5ES<\/a><\/li><li><a href='https:\/\/radardatransparencia.atricon.org.br\/' target='_blank'>RADAR DA TRANSPAR\u00caNCIA<\/a><\/li><li><a href='https:\/\/www.cge.go.gov.br\/ouvidoria\/relatorioGeral.php?tipoManifestacao=7&orgaoEntidade=4' target='_blank'>RELAT\u00d3RIO DE PEDIDOS DE ACESSO A INFORMA\u00c7\u00c3O<\/a><\/li><li><a href='https:\/\/goias.gov.br\/governo\/relacao-de-veiculos\/' target='_blank'>RELA\u00c7\u00d5ES DE VE\u00cdCULOS<\/a><\/li><li><a href='https:\/\/www.transparencia.go.gov.br\/lai.php?painel=receitas_estaduais&orgao=sgg' target='_blank'>RECEITA PREVISTA\/REALIZADA<\/a><\/li><li><a href='https:\/\/www.transparencia.go.gov.br\/wp-content\/uploads\/sites\/2\/painel\/lai.php?painel=contratos_fiscais_e_gestores&orgao=sgg' target='_blank'>RELA\u00c7\u00c3O FISCAIS DOS CONTRATOS<\/a><\/li><li><a href='https:\/\/goias.gov.br\/governo\/relacao-de-terceirizados\/' target='_blank'>RELA\u00c7\u00c3O DE TERCEIRIZADOS<\/a><\/li><li><a href='https:\/\/goias.gov.br\/governo\/relatorio-de-gestao-ou-atividades\/' target='_blank'>RELAT\u00d3RIO DE GEST\u00c3O OU ATIVIDADES<\/a><\/li><li><a href='https:\/\/www.transparencia.go.gov.br\/rreo-e-rgf\/' target='_blank'>RGF\/RREO<\/a><\/li><\/ul><\/div><div class='sitemap-group'><h3>S<\/h3><ul><li><a href='https:\/\/goias.gov.br\/administracao\/siga-eng\/' target='_blank'>SIGA<\/a><\/li><li><a href='https:\/\/www.go.gov.br\/unidadesvaptvupt' target='_blank'>SIC - SERVI\u00c7O DE INFORMA\u00c7\u00c3O AO CIDAD\u00c3O<\/a><\/li><li><a href='https:\/\/sei.go.gov.br\/sei\/modulos\/goias\/login-sei\/MdGoiasLoginSEI.php?acao=md_goias_login_SEI&sigla_orgao_sistema=GOVERNADORIA&sigla_sistema=SEI&infra_url=L3NlaS8=' target='_blank'>SEI GOVERNADORIA<\/a><\/li><li><a href='https:\/\/www.go.gov.br\/servicos-digitais\/vapt-vupt\/unidades-e-filas\/unidades' target='_blank'>SIC F\u00cdSICO - UNIDADES DO VAPT VUPT<\/a><\/li><li><a href='https:\/\/goias.gov.br\/governo\/sobre-a-sgg\/' target='_blank'>SOBRE A SGG<\/a><\/li><li><a href='https:\/\/goias.gov.br\/governo\/imb\/' target='_blank'>SOBRE O IMB<\/a><\/li><li><a href='https:\/\/goias.gov.br\/governo\/cee\/' target='_blank'>SOBRE O CEE<\/a><\/li><li><a href='\/administracao\/duvidas-frequentes-sobre-pericias-medicas\/' target='_blank'>SOBRE PER\u00cdCIAS M\u00c9DICAS<\/a><\/li><li><a href='https:\/\/sislog.go.gov.br\/' target='_blank'>SISLOG<\/a><\/li><\/ul><\/div><div class='sitemap-group'><h3>T<\/h3><ul><li><a href='https:\/\/www.tjgo.jus.br\/' target='_blank'>TRIBUNAL DE JUSTI\u00c7A DO ESTADO DE GOI\u00c1S<\/a><\/li><li><a href='https:\/\/twitter.com\/ceegoias' target='_blank'>TWITTER<\/a><\/li><\/ul><\/div><div class='sitemap-group'><h3>Y<\/h3><ul><li><a href='https:\/\/www.youtube.com\/channel\/UClPacFHxvmFedtn9UvT3QXg' target='_blank'>YOUTUBE<\/a><\/li><\/ul><\/div><\/div>\n","protected":false},"excerpt":{"rendered":"","protected":false},"author":7,"featured_media":0,"parent":0,"menu_order":0,"comment_status":"closed","ping_status":"closed","template":"","meta":{"footnotes":""},"class_list":["post-212","page","type-page","status-publish","hentry"],"rttpg_featured_image_url":null,"rttpg_author":{"display_name":"gustavogoncalves","author_link":"https:\/\/goias.gov.br\/cee\/author\/gustavogoncalves\/"},"rttpg_comment":0,"rttpg_category":null,"rttpg_excerpt":null,"_links":{"self":[{"href":"https:\/\/goias.gov.br\/cee\/wp-json\/wp\/v2\/pages\/212","targetHints":{"allow":["GET"]}}],"collection":[{"href":"https:\/\/goias.gov.br\/cee\/wp-json\/wp\/v2\/pages"}],"about":[{"href":"https:\/\/goias.gov.br\/cee\/wp-json\/wp\/v2\/types\/page"}],"author":[{"embeddable":true,"href":"https:\/\/goias.gov.br\/cee\/wp-json\/wp\/v2\/users\/7"}],"replies":[{"embeddable":true,"href":"https:\/\/goias.gov.br\/cee\/wp-json\/wp\/v2\/comments?post=212"}],"version-history":[{"count":2,"href":"https:\/\/goias.gov.br\/cee\/wp-json\/wp\/v2\/pages\/212\/revisions"}],"predecessor-version":[{"id":16047,"href":"https:\/\/goias.gov.br\/cee\/wp-json\/wp\/v2\/pages\/212\/revisions\/16047"}],"wp:attachment":[{"href":"https:\/\/goias.gov.br\/cee\/wp-json\/wp\/v2\/media?parent=212"}],"curies":[{"name":"wp","href":"https:\/\/api.w.org\/{rel}","templated":true}]}}