

{"id":203,"date":"2023-09-04T16:11:03","date_gmt":"2023-09-04T19:11:03","guid":{"rendered":"https:\/\/siteshom.goias.gov.br\/cee\/?page_id=203"},"modified":"2026-01-20T14:16:10","modified_gmt":"2026-01-20T17:16:10","slug":"institucional","status":"publish","type":"page","link":"https:\/\/goias.gov.br\/cee\/institucional\/","title":{"rendered":"Institucional"},"content":{"rendered":"\t\t<div data-elementor-type=\"wp-page\" data-elementor-id=\"203\" class=\"elementor elementor-203\">\n\t\t\t\t<div class=\"elementor-element elementor-element-e5b7817 e-flex e-con-boxed e-con e-parent\" data-id=\"e5b7817\" data-element_type=\"container\" data-e-type=\"container\">\n\t\t\t\t\t<div class=\"e-con-inner\">\n\t\t<div class=\"elementor-element elementor-element-f3eca97 e-con-full e-flex e-con e-child\" data-id=\"f3eca97\" data-element_type=\"container\" data-e-type=\"container\">\n\t\t\t\t<div class=\"elementor-element elementor-element-999b951 elementor-widget elementor-widget-shortcode\" data-id=\"999b951\" data-element_type=\"widget\" data-e-type=\"widget\" data-widget_type=\"shortcode.default\">\n\t\t\t\t\t\t\t<div class=\"elementor-shortcode\"><div data-post-id=\"245\" class=\"insert-page insert-page-245 \"><h1 class='insert-page-title'>Compet\u00eancias<\/h1><p>Segundo o estabelecido no <a href=\"https:\/\/goias.gov.br\/governo\/wp-content\/uploads\/sites\/11\/2023\/12\/Regulamento_SGG_Decreto-n10355_05-de-Dezembro-de-2023.pdf\">Decreto n\u00ba 10.355, de 5 de Dezembro de 2023<\/a><a href=\"https:\/\/legisla.casacivil.go.gov.br\/pesquisa_legislacao\/106749\/lei-21792\" target=\"_blank\" rel=\"noopener\">,<\/a>\u00a0e seus incisos:<\/p>\n<h4 class=\"artigo\"><span style=\"color: #008000;\">Do Conselho Estadual de Educa\u00e7\u00e3o &#8211; CEE<\/span><\/h4>\n<p style=\"text-align: justify;\"><strong><span style=\"color: #008000;\">Art. 5\u00ba<\/span><\/strong> O Conselho Estadual de Educa\u00e7\u00e3o \u2013 CEE \u00e9 de natureza participativa e representativa, com fun\u00e7\u00f5es de car\u00e1ter normativo, consultivo, orientador, deliberativo e fiscalizador nas quest\u00f5es educacionais, pedag\u00f3gicas e did\u00e1ticas referentes ao Sistema Educativo do Estado de Goi\u00e1s, observados os arts. 10, 14, 15, 35, 62, 76, 82 e 113 da Lei Complementar estadual n\u00ba 26, de 28 de dezembro de 1998, os arts. 160 e 162 da Constitui\u00e7\u00e3o estadual, tamb\u00e9m a Lei federal n\u00ba 9.394, de 20 de dezembro de 1996.<\/p>\n<p><strong><span style=\"color: #008000;\">Art. 6\u00ba Compete ao CEE:<\/span><\/strong><\/p>\n<p>I \u2013 autorizar, avaliar, fiscalizar e reconhecer cursos, programas e institui\u00e7\u00f5es que integram o Sistema Educativo do Estado de Goi\u00e1s na forma da lei;<\/p>\n<p>II \u2013 emitir parecer sobre assuntos de natureza pedag\u00f3gica e educacional que lhe forem submetidos pelo Governador do Estado, pela Secretaria de Estado da Educa\u00e7\u00e3o, pela Assembleia Legislativa do Estado de Goi\u00e1s ou pelas unidades escolares;<\/p>\n<p>III \u2013 interpretar, em sua jurisdi\u00e7\u00e3o, as disposi\u00e7\u00f5es legais que fixem diretrizes e bases da educa\u00e7\u00e3o;<\/p>\n<p>IV \u2013 manter, para a consecu\u00e7\u00e3o dos seus objetivos, interc\u00e2mbio com o Conselho Nacional de Educa\u00e7\u00e3o e com os demais Conselhos Estaduais de Educa\u00e7\u00e3o e Conselhos Municipais de Educa\u00e7\u00e3o;<\/p>\n<p>V \u2013 articular com \u00f3rg\u00e3os e entidades federais, estaduais e municipais para assegurar a coordena\u00e7\u00e3o, a divulga\u00e7\u00e3o e a execu\u00e7\u00e3o de planos e programas educacionais;<\/p>\n<p>VI \u2013 fixar crit\u00e9rios e normas para a elabora\u00e7\u00e3o e a aprova\u00e7\u00e3o dos regimentos dos estabelecimentos de ensino da Educa\u00e7\u00e3o B\u00e1sica;<\/p>\n<p>VII \u2013 estabelecer normas e condi\u00e7\u00f5es para a autoriza\u00e7\u00e3o de funcionamento, renova\u00e7\u00e3o de autoriza\u00e7\u00e3o e inspe\u00e7\u00e3o dos estabelecimentos de ensino da Educa\u00e7\u00e3o B\u00e1sica, superior, t\u00e9cnica e profissional sob sua jurisdi\u00e7\u00e3o;<\/p>\n<p>VIII \u2013 aprovar o calend\u00e1rio escolar dos estabelecimentos de ensino da Educa\u00e7\u00e3o B\u00e1sica;<\/p>\n<p>IX \u2013 baixar normas para a aprova\u00e7\u00e3o e a reprova\u00e7\u00e3o de alunos, observado o disposto no inciso VI do art. 24 da Lei federal n\u00ba 9.394, de 1996;<\/p>\n<p>X \u2013 autorizar estabelecimentos ou unidades de ensino superior mantidos pelo Estado, nos termos da Lei federal n\u00ba 9.394, de 1996, e conhecer, em grau de recurso, das reclama\u00e7\u00f5es contra os atos de seus conselhos universit\u00e1rios;<\/p>\n<p>XI \u2013 elaborar normas que regulamentem a gest\u00e3o democr\u00e1tica na Educa\u00e7\u00e3o B\u00e1sica;<\/p>\n<p>XII \u2013 autorizar a Secretaria de Estado da Educa\u00e7\u00e3o a recolher e guardar o acervo das unidades do Sistema Educativo do Estado de Goi\u00e1s que encerrarem as suas atividades, por ato pr\u00f3prio ou cassa\u00e7\u00e3o de seu ato autorizador;<\/p>\n<p>XIII \u2013 elaborar seu regimento interno, bem como emend\u00e1-lo ou reform\u00e1-lo;<\/p>\n<p>XIV \u2013 fiscalizar o Sistema Educativo do Estado de Goi\u00e1s, com a possibilidade de instaurar sindic\u00e2ncias e processos administrativos em sua compet\u00eancia, bem como estabelecer san\u00e7\u00f5es, respeitado o direito ao contradit\u00f3rio e \u00e0 ampla defesa, nos termos da legisla\u00e7\u00e3o pertinente;<\/p>\n<p>XV \u2013 fixar, em sua compet\u00eancia, conte\u00fados m\u00ednimos da Educa\u00e7\u00e3o B\u00e1sica para o Sistema Educativo do Estado de Goi\u00e1s;<\/p>\n<p>XVI \u2013 deliberar sobre todos os assuntos educacionais, pedag\u00f3gicos e afins, em sua compet\u00eancia e jurisdi\u00e7\u00e3o;<\/p>\n<p>XVII \u2013 orientar, em mat\u00e9ria educacional, pedag\u00f3gica e afim, todo o Sistema Educativo do Estado de Goi\u00e1s;<\/p>\n<p>XVIII \u2013 orientar como \u00f3rg\u00e3o consultivo em mat\u00e9ria educacional e pedag\u00f3gica todos os agentes p\u00fablicos, pais, professores e alunos, que requererem essa orienta\u00e7\u00e3o;<\/p>\n<p>XIX \u2013 decidir por votos, pareceres e resolu\u00e7\u00f5es, aprovados na forma de seu regimento interno e com a observ\u00e2ncia de sua compet\u00eancia e jurisdi\u00e7\u00e3o, tamb\u00e9m fazer cada decis\u00e3o coisa julgada e ato jur\u00eddico perfeito em mat\u00e9ria educacional e pedag\u00f3gica, no Estado de Goi\u00e1s;<\/p>\n<p>XX \u2013 investigar den\u00fancias contra estabelecimentos e mantenedores de ensino do Sistema Educativo do Estado de Goi\u00e1s, com a possibilidade de instaurar processo de investiga\u00e7\u00e3o, respeitado o direito do contradit\u00f3rio e da ampla defesa, inclusive com a conclus\u00e3o pela puni\u00e7\u00e3o dos respons\u00e1veis, em sua compet\u00eancia;<\/p>\n<p>XXI \u2013 realizar audi\u00eancias e consultas p\u00fablicas sempre que for necess\u00e1rio para ouvir a sociedade e os interessados nas mat\u00e9rias em discuss\u00e3o, especialmente para produzir normas e orienta\u00e7\u00f5es para o Sistema Educativo do Estado de Goi\u00e1s;<\/p>\n<p>XXII \u2013 delegar compet\u00eancia, quando julgar pertinente nos estritos par\u00e2metros legais;<\/p>\n<p>XXIII \u2013 participar da elabora\u00e7\u00e3o do Plano Estadual de Educa\u00e7\u00e3o e de sua reformula\u00e7\u00e3o, se for o caso, com o acompanhamento e a avalia\u00e7\u00e3o da sua execu\u00e7\u00e3o, na forma da legisla\u00e7\u00e3o em vigor;<\/p>\n<p>XXIV \u2013 aprovar conte\u00fados b\u00e1sicos obrigat\u00f3rios para o Ensino Fundamental e o Ensino M\u00e9dio, a fim de assegurar a forma\u00e7\u00e3o b\u00e1sica comum e o respeito aos valores culturais e art\u00edsticos, nacionais e regionais, observada a legisla\u00e7\u00e3o federal, conforme o art. 162 da Constitui\u00e7\u00e3o do Estado de Goi\u00e1s, com a reda\u00e7\u00e3o estabelecida pela Emenda Constitucional n\u00ba 46, de 9 de setembro de 2010;<\/p>\n<p>XXV \u2013 definir a sua estrutura organizacional interna e as atribui\u00e7\u00f5es de seus funcion\u00e1rios;<\/p>\n<p>XXVI \u2013 estabelecer diretrizes curriculares complementares, observadas as diversidades e as peculiaridades locais e regionais;<\/p>\n<p>XXVII \u2013 estabelecer crit\u00e9rios para a caracteriza\u00e7\u00e3o das institui\u00e7\u00f5es especializadas sem fins lucrativos, com a atua\u00e7\u00e3o exclusiva em educa\u00e7\u00e3o especial para o apoio t\u00e9cnico e financeiro do poder p\u00fablico;<\/p>\n<p>XXVIII \u2013 controlar, avaliar e autorizar a implanta\u00e7\u00e3o de programas de educa\u00e7\u00e3o a dist\u00e2ncia, observadas as diretrizes do Conselho Nacional de Educa\u00e7\u00e3o;<\/p>\n<p>XXIX \u2013 deliberar sobre os atos administrativos previstos na Lei Complementar estadual n\u00ba 26, de 1998, bem como declarar-lhes a nulidade absoluta caso sejam praticados pela Secretaria de Estado da Educa\u00e7\u00e3o, ou por qualquer de seus \u00f3rg\u00e3os, sem o pr\u00e9vio pronunciamento e a delibera\u00e7\u00e3o do CEE; e<\/p>\n<p>XXX \u2013 encarregar-se de compet\u00eancias correlatas.<\/p>\n<p>Par\u00e1grafo \u00fanico. Al\u00e9m das compet\u00eancias constantes do caput deste artigo, compete ao CEE exercer as fun\u00e7\u00f5es de organiza\u00e7\u00e3o, coordena\u00e7\u00e3o e supervis\u00e3o da Ger\u00eancia de Preparo Processual.<\/p>\n<p>Saiba mais em:<\/p>\n<p>\u2022 <a href=\"https:\/\/goias.gov.br\/cee\/nota\/\">Nota<\/a><\/p>\n<ul class='post-meta'>\n<li><span class='post-meta-key'>tpg-post-view-count:<\/span> 308<\/li>\n<li><span class='post-meta-key'>footnotes:<\/span> <\/li>\n<li><span class='post-meta-key'>rank_math_internal_links_processed:<\/span> 1<\/li>\n<li><span class='post-meta-key'>ao_post_optimize:<\/span> a:6:{s:16:\"ao_post_optimize\";s:2:\"on\";s:19:\"ao_post_js_optimize\";s:2:\"on\";s:20:\"ao_post_css_optimize\";s:2:\"on\";s:12:\"ao_post_ccss\";s:2:\"on\";s:16:\"ao_post_lazyload\";s:2:\"on\";s:15:\"ao_post_preload\";s:0:\"\";}<\/li>\n<\/ul>\n<\/div><\/div>\n\t\t\t\t\t\t<\/div>\n\t\t\t\t<\/div>\n\t\t<div class=\"elementor-element elementor-element-c7c3295 e-con-full e-flex e-con e-child\" data-id=\"c7c3295\" data-element_type=\"container\" data-e-type=\"container\">\n\t\t\t\t<div class=\"elementor-element elementor-element-5b9e760 elementor-widget elementor-widget-shortcode\" data-id=\"5b9e760\" data-element_type=\"widget\" data-e-type=\"widget\" data-widget_type=\"shortcode.default\">\n\t\t\t\t\t\t\t<div class=\"elementor-shortcode\"><div data-post-id=\"310\" class=\"insert-page insert-page-310 \"><h1 class='insert-page-title'>Estrutura Organizacional<\/h1>\n<figure class=\"wp-block-gallery has-nested-images columns-default is-cropped wp-block-gallery-1 is-layout-flex wp-block-gallery-is-layout-flex\">\n<figure class=\"wp-block-image size-large\"><a href=\"https:\/\/goias.gov.br\/administracao\/\"><img fetchpriority=\"high\" fetchpriority=\"high\" decoding=\"async\" width=\"1024\" height=\"724\" data-id=\"498\" src=\"https:\/\/goias.gov.br\/cee\/wp-content\/uploads\/sites\/20\/2023\/10\/SGG10032023-1-1024x724.jpg\" alt=\"\" class=\"wp-image-498\" srcset=\"https:\/\/goias.gov.br\/cee\/wp-content\/uploads\/sites\/20\/2023\/10\/SGG10032023-1-1024x724.jpg 1024w, https:\/\/goias.gov.br\/cee\/wp-content\/uploads\/sites\/20\/2023\/10\/SGG10032023-1-300x212.jpg 300w, https:\/\/goias.gov.br\/cee\/wp-content\/uploads\/sites\/20\/2023\/10\/SGG10032023-1-768x543.jpg 768w, https:\/\/goias.gov.br\/cee\/wp-content\/uploads\/sites\/20\/2023\/10\/SGG10032023-1-1536x1086.jpg 1536w, https:\/\/goias.gov.br\/cee\/wp-content\/uploads\/sites\/20\/2023\/10\/SGG10032023-1-2048x1448.jpg 2048w\" sizes=\"(max-width: 1024px) 100vw, 1024px\" \/><\/a><\/figure>\n<\/figure>\n\n\n<p>Fonte: \u00a0<a href=\"https:\/\/legisla.casacivil.go.gov.br\/pesquisa_legislacao\/106749\/lei-21792\">Lei n\u00ba 21.792, de 16 de fevereiro de 2023<\/a><\/p>\n<p>Saiba quem s\u00e3o nossos servidores e as fun\u00e7\u00f5es que exercem:<\/p>\n<ul>\n<li><a href=\"https:\/\/goias.gov.br\/cee\/cargos-e-seus-ocupantes\/\">Cargos e seus ocupantes<\/a><\/li>\n<li><a href=\"https:\/\/goias.gov.br\/cee\/conselheiros\/\">Conhe\u00e7a os conselheiros<\/a><\/li>\n<\/ul>\n<p>Saiba como funciona o CEE\/GO:<\/p>\n<ul>\n<li><a href=\"https:\/\/goias.gov.br\/cee\/wp-content\/uploads\/sites\/20\/2024\/03\/REGIMENTO2023.pdf\" target=\"_blank\" rel=\"noopener\">Regimento Interno<\/a><\/li>\n<\/ul><ul class='post-meta'>\n<li><span class='post-meta-key'>tpg-post-view-count:<\/span> 340<\/li>\n<li><span class='post-meta-key'>footnotes:<\/span> <\/li>\n<li><span class='post-meta-key'>rank_math_og_content_image:<\/span> a:2:{s:5:\"check\";s:32:\"9cb4ee0d4324fd28fdd0247198873ca2\";s:6:\"images\";a:1:{i:0;s:87:\"https:\/\/goias.gov.br\/cee\/wp-content\/uploads\/sites\/20\/2023\/10\/SGG10032023-1-1024x724.jpg\";}}<\/li>\n<li><span class='post-meta-key'>rank_math_internal_links_processed:<\/span> 1<\/li>\n<li><span class='post-meta-key'>ao_post_optimize:<\/span> a:6:{s:16:\"ao_post_optimize\";s:2:\"on\";s:19:\"ao_post_js_optimize\";s:2:\"on\";s:20:\"ao_post_css_optimize\";s:2:\"on\";s:12:\"ao_post_ccss\";s:2:\"on\";s:16:\"ao_post_lazyload\";s:2:\"on\";s:15:\"ao_post_preload\";s:0:\"\";}<\/li>\n<\/ul>\n<\/div><\/div>\n\t\t\t\t\t\t<\/div>\n\t\t\t\t<div class=\"elementor-element elementor-element-e2a700f elementor-widget elementor-widget-shortcode\" data-id=\"e2a700f\" data-element_type=\"widget\" data-e-type=\"widget\" data-widget_type=\"shortcode.default\">\n\t\t\t\t\t\t\t<div class=\"elementor-shortcode\"><div data-post-id=\"235\" class=\"insert-page insert-page-235 \"><h1 class='insert-page-title'>Canais de Atendimento<\/h1><h4><span style=\"color: #008000;\">Endere\u00e7o<\/span><\/h4>\n<p>Rua 3 esq. com a Rua 23, n\u00ba 63<br \/>\nSetor Central, Goi\u00e2nia\/GO \u2013 CEP: 74.015-120<br \/>\nAtendimento: 07h30 \u00e0s 17h<\/p>\n<h4><span style=\"color: #008000;\">Atendimento ao Cidad\u00e3o<\/span><\/h4>\n<p>E-mail: <a href=\"mailto:atendimento.cee@goias.gov.br\">atendimento.cee@goias.gov.br<\/a><br \/>\nTelefone: (62) 3270-8622 \/ (62) 3270-8627 \/ (62)3270-8640<\/p>\n<h4><span style=\"color: #008000;\">Ouvidoria Setorial<\/span><\/h4>\n<p>E-mail: <a href=\"mailto:ouvidoria.sgg@goias.gov.br\">ouvidoria.sgg@goias.gov.br<\/a><br \/>\nTelefone: (62) 3270-8642<\/p>\n<h4><span style=\"color: #008000;\">Imprensa<\/span><\/h4>\n<p>E-mail: <a href=\"comunicacao.cee@goias.gov.br\">comunicacao.cee@goias.gov.br<\/a><br \/>\nTelefone: (62) 3270-8624<\/p>\n<h4><span style=\"color: #008000;\">Ger\u00eancia de Preparo Processual<\/span><\/h4>\n<p>E-mail: <a href=\"ceegerencia@goias.gov.br\">gerenciacee@goias.gov.br<\/a><br \/>\nTelefone: (62) 3270-8629 \/ (62) 3270-8620<span style=\"color: #008000;\"><br \/>\n<\/span><\/p>\n<h4><span style=\"color: #008000;\">Comiss\u00e3o Verificadora<\/span><\/h4>\n<p>E-mail: <em><a href=\"https:\/\/cee.go.gov.br\/estrutura-tecnico-administrativa\/cv@cee.go.gov.br\">ceecomissao@goias.gov.br<\/a><\/em><br \/>\nTelefone: (62) 3270-8622 \/ (62) 3270-8681<\/p>\n<h4><span style=\"color: #008000;\">Coordena\u00e7\u00e3o Administrativa<\/span><\/h4>\n<p><span style=\"font-size: revert; color: initial;\">E-mail: <\/span><em style=\"font-size: revert; color: initial;\"><a href=\"https:\/\/cee.go.gov.br\/estrutura-tecnico-administrativa\/cv@cee.go.gov.br\">cee.rh@goias.gov.br<\/a><br \/>\n<\/em>Telefone: (62) 3270-8627<\/p>\n<h4><span style=\"color: #008000;\">Protocolo<\/span><\/h4>\n<p>E-mail: <em><a href=\"mailto:presidencia.cee@cee.go.gov.br\">atendimento.cee@goias.gov.br<\/a><\/em><br \/>\nTelefone: (62) 3270-8622<\/p>\n<h4><span style=\"color: #008000;\">Coordena\u00e7\u00e3o da C\u00e2mara de Educa\u00e7\u00e3o B\u00e1sica<\/span><\/h4>\n<p><span style=\"font-size: revert; color: initial;\">E-mail: <\/span><em style=\"font-size: revert; color: initial;\"><a href=\"mailto:ceb.cee@cee.go.gov.br\">cee.ceb@goias.gov.br<\/a><br \/>\n<\/em>Telefone: (62) 3270-8628<\/p>\n<h4><span style=\"color: #008000;\">Coordena\u00e7\u00e3o da C\u00e2mara de Legisla\u00e7\u00e3o e Normas<\/span><\/h4>\n<p>E-mail: <em><a href=\"https:\/\/cee.go.gov.br\/estrutura-tecnico-administrativa\/cln.cee@cee.go.gov.br\">cee.cln@goias.gov.br<\/a><\/em><br \/>\nTelefone: (62) 3270-8681 \/ (62) 3270-8621<\/p>\n<h4><span style=\"color: #008000;\">Coordena\u00e7\u00e3o da C\u00e2mara de Educa\u00e7\u00e3o Profissional<\/span><\/h4>\n<p>E-mail: <em><a href=\"https:\/\/cee.go.gov.br\/estrutura-tecnico-administrativa\/cep@cee.go.gov.br\">cee.cep@goias.gov.br<\/a><\/em><br \/>\nTelefone: (62) 3270-8620<\/p>\n<h4><span style=\"color: #008000;\">Coordena\u00e7\u00e3o da C\u00e2mara de Educa\u00e7\u00e3o Superior<\/span><\/h4>\n<p>E-mail: <em><a href=\"https:\/\/cee.go.gov.br\/estrutura-tecnico-administrativa\/cep@cee.go.gov.br\">cee.ces@goias.gov.br<\/a><\/em><br \/>\nTelefone: (62) 3270-8640<\/p>\n<h4><span style=\"color: #008000;\">Coordena\u00e7\u00e3o do Conselho Pleno<\/span><\/h4>\n<p>E-mail: <em><a href=\"https:\/\/cee.go.gov.br\/estrutura-tecnico-administrativa\/cp@cee.go.gov.br\">cee.cp@goias.gov.br<\/a><br \/>\n<\/em>Telefone: (62) 3270-8620<\/p>\n<ul class='post-meta'>\n<li><span class='post-meta-key'>tpg-post-view-count:<\/span> 1486<\/li>\n<li><span class='post-meta-key'>footnotes:<\/span> <\/li>\n<li><span class='post-meta-key'>ao_post_optimize:<\/span> a:6:{s:16:\"ao_post_optimize\";s:2:\"on\";s:19:\"ao_post_js_optimize\";s:2:\"on\";s:20:\"ao_post_css_optimize\";s:2:\"on\";s:12:\"ao_post_ccss\";s:2:\"on\";s:16:\"ao_post_lazyload\";s:2:\"on\";s:15:\"ao_post_preload\";s:0:\"\";}<\/li>\n<li><span class='post-meta-key'>rank_math_internal_links_processed:<\/span> 1<\/li>\n<li><span class='post-meta-key'>rank_math_seo_score:<\/span> 17<\/li>\n<\/ul>\n<\/div><\/div>\n\t\t\t\t\t\t<\/div>\n\t\t\t\t<\/div>\n\t\t\t\t\t<\/div>\n\t\t\t\t<\/div>\n\t\t\t\t<\/div>\n\t\t","protected":false},"excerpt":{"rendered":"","protected":false},"author":7,"featured_media":0,"parent":0,"menu_order":0,"comment_status":"closed","ping_status":"closed","template":"wppb_theme_template","meta":{"footnotes":""},"class_list":["post-203","page","type-page","status-publish","hentry"],"rttpg_featured_image_url":null,"rttpg_author":{"display_name":"gustavogoncalves","author_link":"https:\/\/goias.gov.br\/cee\/author\/gustavogoncalves\/"},"rttpg_comment":0,"rttpg_category":"","rttpg_excerpt":null,"_links":{"self":[{"href":"https:\/\/goias.gov.br\/cee\/wp-json\/wp\/v2\/pages\/203","targetHints":{"allow":["GET"]}}],"collection":[{"href":"https:\/\/goias.gov.br\/cee\/wp-json\/wp\/v2\/pages"}],"about":[{"href":"https:\/\/goias.gov.br\/cee\/wp-json\/wp\/v2\/types\/page"}],"author":[{"embeddable":true,"href":"https:\/\/goias.gov.br\/cee\/wp-json\/wp\/v2\/users\/7"}],"replies":[{"embeddable":true,"href":"https:\/\/goias.gov.br\/cee\/wp-json\/wp\/v2\/comments?post=203"}],"version-history":[{"count":2,"href":"https:\/\/goias.gov.br\/cee\/wp-json\/wp\/v2\/pages\/203\/revisions"}],"predecessor-version":[{"id":19042,"href":"https:\/\/goias.gov.br\/cee\/wp-json\/wp\/v2\/pages\/203\/revisions\/19042"}],"wp:attachment":[{"href":"https:\/\/goias.gov.br\/cee\/wp-json\/wp\/v2\/media?parent=203"}],"curies":[{"name":"wp","href":"https:\/\/api.w.org\/{rel}","templated":true}]}}