

{"id":8303,"date":"2024-05-02T15:29:47","date_gmt":"2024-05-02T18:29:47","guid":{"rendered":"https:\/\/goias.gov.br\/ceasa\/?page_id=8303"},"modified":"2024-06-03T16:29:35","modified_gmt":"2024-06-03T19:29:35","slug":"cotacoes-diarias-maio-2024","status":"publish","type":"page","link":"https:\/\/goias.gov.br\/ceasa\/cotacoes-diarias-maio-2024\/","title":{"rendered":"Cota\u00e7\u00f5es Di\u00e1rias &#8211; Maio 2024"},"content":{"rendered":"\n<ul class=\"wp-block-list\">\n<li><\/li>\n\n\n\n<li><a href=\"https:\/\/goias.gov.br\/ceasa\/wp-content\/uploads\/sites\/48\/2024\/06\/31-05-2024.pdf\">31 de Maio de 2024, Sexta &#8211; Feira<\/a><\/li>\n\n\n\n<li><a href=\"https:\/\/goias.gov.br\/ceasa\/wp-content\/uploads\/sites\/48\/2024\/06\/30-05-2024.pdf\">30 de Maio de 2024, Quinta &#8211; Feira<\/a><\/li>\n\n\n\n<li><a href=\"https:\/\/goias.gov.br\/ceasa\/wp-content\/uploads\/sites\/48\/2024\/05\/28-05-2024.pdf\">28 de Maio de 2024, Ter\u00e7a &#8211; Feira<\/a><\/li>\n\n\n\n<li><a href=\"https:\/\/goias.gov.br\/ceasa\/wp-content\/uploads\/sites\/48\/2024\/05\/27-05-2024.pdf\">27 de Maio de 2024, Segunda &#8211; Feira<\/a><\/li>\n\n\n\n<li><a href=\"https:\/\/goias.gov.br\/ceasa\/wp-content\/uploads\/sites\/48\/2024\/05\/24-05-2024.pdf\">24 de Maio de 2024, Sexta &#8211; Feira<\/a><\/li>\n\n\n\n<li><a href=\"https:\/\/goias.gov.br\/ceasa\/wp-content\/uploads\/sites\/48\/2024\/05\/23-05-2024.pdf\">23 de Maio de 2024, Quinta &#8211; Feira<\/a><\/li>\n\n\n\n<li><a href=\"https:\/\/goias.gov.br\/ceasa\/wp-content\/uploads\/sites\/48\/2024\/05\/21-05-2024.pdf\">21 de Maio de 2024, Ter\u00e7a &#8211; Feira <\/a><\/li>\n\n\n\n<li><a href=\"https:\/\/goias.gov.br\/ceasa\/wp-content\/uploads\/sites\/48\/2024\/05\/20-05-2024.pdf\">20 de Maio de 2024, Segunda &#8211; Feira <\/a><\/li>\n\n\n\n<li><a href=\"https:\/\/goias.gov.br\/ceasa\/wp-content\/uploads\/sites\/48\/2024\/05\/17-05-2024.pdf\">17 de Maio de 2024, Sexta &#8211; Feira<\/a><\/li>\n\n\n\n<li><a href=\"https:\/\/goias.gov.br\/ceasa\/wp-content\/uploads\/sites\/48\/2024\/05\/16-05-2024.pdf\">16 de Maio de 2024, Quinta &#8211; Feira<\/a><\/li>\n\n\n\n<li><a href=\"https:\/\/goias.gov.br\/ceasa\/wp-content\/uploads\/sites\/48\/2024\/05\/14-05-2024.pdf\">14 de Maio de 2024, Ter\u00e7a &#8211; Feira <\/a><\/li>\n\n\n\n<li><a href=\"https:\/\/goias.gov.br\/ceasa\/wp-content\/uploads\/sites\/48\/2024\/05\/13-05-2024.pdf\">13 de Maio de 2024, Segunda &#8211; Feira<\/a><\/li>\n\n\n\n<li><a href=\"https:\/\/goias.gov.br\/ceasa\/wp-content\/uploads\/sites\/48\/2024\/05\/10-05-2024.pdf\">10 de Maio de 2024, Sexta &#8211; Feira<\/a><\/li>\n\n\n\n<li><a href=\"https:\/\/goias.gov.br\/ceasa\/wp-content\/uploads\/sites\/48\/2024\/05\/09-05-2024.pdf\">09 de Maio de 2024, Quinta &#8211; Feira<\/a><\/li>\n\n\n\n<li><a href=\"https:\/\/goias.gov.br\/ceasa\/wp-content\/uploads\/sites\/48\/2024\/05\/07-05-2024.pdf\">07 de Maio de 2024, Ter\u00e7a &#8211; Feira<\/a><\/li>\n\n\n\n<li><a href=\"https:\/\/goias.gov.br\/ceasa\/wp-content\/uploads\/sites\/48\/2024\/05\/06-05-2024.pdf\">06 de Maio de 2024, Segunda &#8211; Feira<\/a><\/li>\n\n\n\n<li><a href=\"https:\/\/goias.gov.br\/ceasa\/wp-content\/uploads\/sites\/48\/2024\/05\/03-05-2024.pdf\">03 de Maio de 2024, Sexta &#8211; Feira<\/a><\/li>\n\n\n\n<li><a href=\"https:\/\/goias.gov.br\/ceasa\/wp-content\/uploads\/sites\/48\/2024\/05\/02-05-2024.pdf\">02 de Maio de 2024, Quinta &#8211; Feira<\/a><\/li>\n<\/ul>\n","protected":false},"excerpt":{"rendered":"","protected":false},"author":441,"featured_media":0,"parent":0,"menu_order":0,"comment_status":"closed","ping_status":"closed","template":"","meta":{"footnotes":""},"class_list":["post-8303","page","type-page","status-publish","hentry"],"rttpg_featured_image_url":null,"rttpg_author":{"display_name":"aldovasconcelos","author_link":"https:\/\/goias.gov.br\/ceasa\/author\/aldovasconcelos\/"},"rttpg_comment":0,"rttpg_category":null,"rttpg_excerpt":null,"_links":{"self":[{"href":"https:\/\/goias.gov.br\/ceasa\/wp-json\/wp\/v2\/pages\/8303","targetHints":{"allow":["GET"]}}],"collection":[{"href":"https:\/\/goias.gov.br\/ceasa\/wp-json\/wp\/v2\/pages"}],"about":[{"href":"https:\/\/goias.gov.br\/ceasa\/wp-json\/wp\/v2\/types\/page"}],"author":[{"embeddable":true,"href":"https:\/\/goias.gov.br\/ceasa\/wp-json\/wp\/v2\/users\/441"}],"replies":[{"embeddable":true,"href":"https:\/\/goias.gov.br\/ceasa\/wp-json\/wp\/v2\/comments?post=8303"}],"version-history":[{"count":2,"href":"https:\/\/goias.gov.br\/ceasa\/wp-json\/wp\/v2\/pages\/8303\/revisions"}],"predecessor-version":[{"id":8550,"href":"https:\/\/goias.gov.br\/ceasa\/wp-json\/wp\/v2\/pages\/8303\/revisions\/8550"}],"wp:attachment":[{"href":"https:\/\/goias.gov.br\/ceasa\/wp-json\/wp\/v2\/media?parent=8303"}],"curies":[{"name":"wp","href":"https:\/\/api.w.org\/{rel}","templated":true}]}}