

{"id":7836,"date":"2024-02-06T13:56:41","date_gmt":"2024-02-06T16:56:41","guid":{"rendered":"https:\/\/siteshom.goias.gov.br\/ceasa\/agenda-de-autoridades\/"},"modified":"2026-04-27T11:49:49","modified_gmt":"2026-04-27T14:49:49","slug":"agenda-de-autoridades","status":"publish","type":"page","link":"https:\/\/goias.gov.br\/ceasa\/agenda-de-autoridades\/","title":{"rendered":"Agenda de Autoridades"},"content":{"rendered":"<p><strong style='margin-block-end: -1.8rem'><a href='https:\/\/goias.gov.br\/ceasa\/diretor-administrativo\/'>DIRETOR ADMINISTRATIVO<\/a><\/strong><br \/>Paulo de Tarso Rassi Paranhos<\/p>\n<p><strong style='margin-block-end: -1.8rem'><a href='https:\/\/goias.gov.br\/ceasa\/diretor-financeiro\/'>DIRETOR FINANCEIRO<\/a><\/strong><br \/>ELINIS SONIA CONTIS CAIADO<\/p>\n<p><strong style='margin-block-end: -1.8rem'><a href='https:\/\/goias.gov.br\/ceasa\/diretor-de-operacao-e-estrategia-de-mercado\/'>DIRETOR DE OPERA\u00c7\u00c3O E ESTRATEGIA DE MERCADO<\/a><\/strong><br \/>Jo\u00e3o Pedro Batista Prado<\/p>\n<p><strong style='margin-block-end: -1.8rem'><a href='https:\/\/goias.gov.br\/ceasa\/chefe-de-gabinete\/'>CHEFE DE GABINETE<\/a><\/strong><br \/>Nisciana Medeiros<\/p>\n","protected":false},"excerpt":{"rendered":"<p>DIRETOR ADMINISTRATIVOPaulo de Tarso Rassi Paranhos DIRETOR FINANCEIROELINIS SONIA CONTIS CAIADO DIRETOR DE OPERA\u00c7\u00c3O E ESTRATEGIA DE MERCADOJo\u00e3o Pedro Batista Prado CHEFE DE GABINETENisciana Medeiros<\/p>\n","protected":false},"author":7,"featured_media":0,"parent":0,"menu_order":0,"comment_status":"closed","ping_status":"closed","template":"","meta":{"footnotes":""},"class_list":["post-7836","page","type-page","status-publish","hentry"],"rttpg_featured_image_url":null,"rttpg_author":{"display_name":"gustavogoncalves","author_link":"https:\/\/goias.gov.br\/ceasa\/author\/gustavogoncalves\/"},"rttpg_comment":0,"rttpg_category":null,"rttpg_excerpt":"DIRETOR ADMINISTRATIVOPaulo de Tarso Rassi Paranhos DIRETOR FINANCEIROELINIS SONIA CONTIS CAIADO DIRETOR DE OPERA\u00c7\u00c3O E ESTRATEGIA DE MERCADOJo\u00e3o Pedro Batista Prado CHEFE DE GABINETENisciana Medeiros","_links":{"self":[{"href":"https:\/\/goias.gov.br\/ceasa\/wp-json\/wp\/v2\/pages\/7836","targetHints":{"allow":["GET"]}}],"collection":[{"href":"https:\/\/goias.gov.br\/ceasa\/wp-json\/wp\/v2\/pages"}],"about":[{"href":"https:\/\/goias.gov.br\/ceasa\/wp-json\/wp\/v2\/types\/page"}],"author":[{"embeddable":true,"href":"https:\/\/goias.gov.br\/ceasa\/wp-json\/wp\/v2\/users\/7"}],"replies":[{"embeddable":true,"href":"https:\/\/goias.gov.br\/ceasa\/wp-json\/wp\/v2\/comments?post=7836"}],"version-history":[{"count":2,"href":"https:\/\/goias.gov.br\/ceasa\/wp-json\/wp\/v2\/pages\/7836\/revisions"}],"predecessor-version":[{"id":59392,"href":"https:\/\/goias.gov.br\/ceasa\/wp-json\/wp\/v2\/pages\/7836\/revisions\/59392"}],"wp:attachment":[{"href":"https:\/\/goias.gov.br\/ceasa\/wp-json\/wp\/v2\/media?parent=7836"}],"curies":[{"name":"wp","href":"https:\/\/api.w.org\/{rel}","templated":true}]}}