

{"id":7802,"date":"2024-01-27T15:54:10","date_gmt":"2024-01-27T18:54:10","guid":{"rendered":"https:\/\/siteshom.goias.gov.br\/ceasa\/?page_id=7802"},"modified":"2025-06-06T10:41:54","modified_gmt":"2025-06-06T13:41:54","slug":"institucional","status":"publish","type":"page","link":"https:\/\/goias.gov.br\/ceasa\/institucional\/","title":{"rendered":"Institucional"},"content":{"rendered":"\n<h1 class=\"wp-block-heading has-large-font-size\">A Empresa<\/h1>\n\n\n<div class=\"wp-block-image\">\n<figure class=\"alignleft size-full is-resized\"><img fetchpriority=\"high\" decoding=\"async\" width=\"4000\" height=\"2250\" src=\"https:\/\/goias.gov.br\/ceasa\/wp-content\/uploads\/sites\/48\/2024\/03\/DJI_0060.jpg\" alt=\"\" class=\"wp-image-8125\" style=\"width:562px;height:auto\"\/><\/figure>\n<\/div>\n\n<p>A <b>Centrais de Abastecimento de Goi\u00e1s (Ceasa Goi\u00e1s)<\/b> \u00e9 uma empresa de economia mista inaugurada em\u00a0 mar\u00e7o de 1975. Constitu\u00edda nos termos da lei n\u00ba 7.490, de 26\/04\/72, e regulamentada pelo Decreto n\u00ba 70.502 de 11\/05\/72, a<strong> Ceasa Goi\u00e1s<\/strong> faz parte do <b>Programa Brasileiro de Moderniza\u00e7\u00e3o das\u00a0 Centrais de Abastecimento<\/b> (<b>PROHORT<\/b>), antigo \u00a0<strong>Sistema Nacional de Centrais Abastecimento (SINAC), <\/strong><strong><span style=\"font-weight: normal;\">cujo objetivo \u00e9 a interlocu\u00e7\u00e3o entre todas as centrais do Brasil e que, al\u00e9m de acompanhar as cota\u00e7\u00f5es de pre\u00e7os em tempo real em todo territ\u00f3rio nacional, det\u00e9m um banco de dados de comercializa\u00e7\u00e3o do hortifrutigranjeiros em todo o pa\u00eds.<\/span><\/strong><\/p>\n<p>\u00a0A necessidade da cria\u00e7\u00e3o do complexo em Goi\u00e1s se deu\u00a0 em decorr\u00eancia da precariedade da comercializa\u00e7\u00e3o dos hortifrutigranjeiros que se verificava no estado at\u00e9 a d\u00e9cada de 1970, quando n\u00e3o havia uma norma oficialmente institu\u00edda e condi\u00e7\u00f5es adequadas de operacionaliza\u00e7\u00e3o da comercializa\u00e7\u00e3o. Com isso, havia o preju\u00edzo na qualidade e boa classifica\u00e7\u00e3o e pre\u00e7o regulamentado do produto que chegava \u00e0 mesa do consumidor.<\/p>\n<p><!-- \/wp:post-content --><!-- wp:paragraph --><\/p>\n<p>Organizada de acordo com as normas do\u00a0<strong>Conselho Nacional de Abastecimento (CONAB)<\/strong>, desde 1987 a gest\u00e3o da empresa passou \u00e0 compet\u00eancia do Governo do Estado de Goi\u00e1s, nos termos do Decreto Federal n\u00ba 70.502 de 11\/05\/72, conforme decretos n\u00ba 65.750 de 26\/11\/69 e n\u00ba 66.332 de 17\/03\/70 e Lei n\u00ba 8.987\/95. Na ocasi\u00e3o foi efetuada, por parte da Uni\u00e3o, doa\u00e7\u00e3o das a\u00e7\u00f5es federais ao Governo de Goi\u00e1s, que passou ent\u00e3o, com 99,9%, a ser o acionista majorit\u00e1rio da empresa.<\/p>\n<p>A Ceasa\/GO est\u00e1 localizada no Km 5,5 da BR-153,\u00a0 no Jardim Guanabara, sa\u00edda para An\u00e1polis, de onde partem mercadorias para todo o Brasil, em especial para a regi\u00e3o que compreende o Centro-norte brasileiro, de onde \u00e9 o maior e mais competitivo entreposto.<\/p>\n<h2><strong>PRINC\u00cdPIOS, MISS\u00c3O, VIS\u00c3O E VALORES<\/strong><\/h2>\n<h3 data-start=\"305\" data-end=\"345\"><strong data-start=\"309\" data-end=\"345\">Art. 5\u00ba \u2013 Princ\u00edpios Norteadores<\/strong><\/h3>\n<p data-start=\"347\" data-end=\"488\">A Centrais de Abastecimento de Goi\u00e1s S\/A \u2013 <strong data-start=\"390\" data-end=\"402\">Ceasa-GO<\/strong> pauta sua atua\u00e7\u00e3o pelos princ\u00edpios fundamentais da administra\u00e7\u00e3o p\u00fablica, sendo eles:<\/p>\n<ul>\n<li data-start=\"492\" data-end=\"559\"><strong data-start=\"492\" data-end=\"506\">Legalidade<\/strong>: atua\u00e7\u00e3o estritamente conforme a legisla\u00e7\u00e3o vigente;<\/li>\n<li data-start=\"562\" data-end=\"658\"><strong data-start=\"562\" data-end=\"580\">Impessoalidade<\/strong>: decis\u00f5es e a\u00e7\u00f5es baseadas em crit\u00e9rios objetivos, sem favorecimento pessoal;<\/li>\n<li data-start=\"661\" data-end=\"734\"><strong data-start=\"661\" data-end=\"675\">Moralidade<\/strong>: conduta \u00e9tica, honesta e coerente com os valores sociais;<\/li>\n<li data-start=\"737\" data-end=\"826\"><strong data-start=\"737\" data-end=\"752\">Publicidade<\/strong>: transpar\u00eancia nos atos administrativos, com acesso \u00e0 informa\u00e7\u00e3o p\u00fablica;<\/li>\n<li data-start=\"829\" data-end=\"930\"><strong data-start=\"829\" data-end=\"843\">Efici\u00eancia<\/strong>: uso racional e otimizado dos recursos para alcan\u00e7ar os melhores resultados poss\u00edveis.<\/li>\n<\/ul>\n<hr data-start=\"932\" data-end=\"935\" \/>\n<h3 data-start=\"937\" data-end=\"975\"><strong data-start=\"941\" data-end=\"975\">Art. 6\u00ba \u2013 Miss\u00e3o Institucional<\/strong><\/h3>\n<p data-start=\"977\" data-end=\"1099\">A miss\u00e3o da Ceasa-GO \u00e9 <strong data-start=\"1000\" data-end=\"1086\">operar com excel\u00eancia no mercado de hortigranjeiros e demais produtos aliment\u00edcios<\/strong>, promovendo:<\/p>\n<ul>\n<li data-start=\"1103\" data-end=\"1183\"><strong data-start=\"1103\" data-end=\"1146\">O ordenamento da cadeia de distribui\u00e7\u00e3o<\/strong>, por meio de normas e boas pr\u00e1ticas;<\/li>\n<li data-start=\"1186\" data-end=\"1276\"><strong data-start=\"1186\" data-end=\"1275\">O suporte log\u00edstico necess\u00e1rio ao escoamento da produ\u00e7\u00e3o agr\u00edcola regional e nacional<\/strong>;<\/li>\n<li data-start=\"1279\" data-end=\"1391\"><strong data-start=\"1279\" data-end=\"1322\">O fortalecimento da seguran\u00e7a alimentar<\/strong>, garantindo o acesso da popula\u00e7\u00e3o a produtos frescos e de qualidade;<\/li>\n<li data-start=\"1394\" data-end=\"1528\"><strong data-start=\"1394\" data-end=\"1480\">A atua\u00e7\u00e3o como elo entre produtores, atacadistas, varejistas e consumidores finais<\/strong>, promovendo desenvolvimento econ\u00f4mico e social.<\/li>\n<\/ul>\n<hr data-start=\"1530\" data-end=\"1533\" \/>\n<h3 data-start=\"1535\" data-end=\"1568\"><strong data-start=\"1539\" data-end=\"1568\">Art. 7\u00ba \u2013 Vis\u00e3o de Futuro<\/strong><\/h3>\n<p data-start=\"1570\" data-end=\"1613\">A vis\u00e3o da Ceasa-GO \u00e9 ser reconhecida como:<\/p>\n<ul>\n<li data-start=\"1617\" data-end=\"1797\"><strong data-start=\"1617\" data-end=\"1693\">O mais eficiente e moderno entreposto log\u00edstico de abastecimento do pa\u00eds<\/strong>, destacando-se pelo uso de tecnologia, pela gest\u00e3o integrada e pelo compromisso com a sustentabilidade;<\/li>\n<li data-start=\"1800\" data-end=\"1946\"><strong data-start=\"1800\" data-end=\"1881\">Refer\u00eancia nacional na comercializa\u00e7\u00e3o e distribui\u00e7\u00e3o de hortifrutigranjeiros<\/strong>, agregando valor \u00e0 produ\u00e7\u00e3o e impulsionando a economia regional.<\/li>\n<\/ul>\n<hr data-start=\"1948\" data-end=\"1951\" \/>\n<h3 data-start=\"1953\" data-end=\"1994\"><strong data-start=\"1957\" data-end=\"1994\">Art. 8\u00ba \u2013 Valores Organizacionais<\/strong><\/h3>\n<p data-start=\"1996\" data-end=\"2037\">A Ceasa-GO adota como valores essenciais:<\/p>\n<ul>\n<li data-start=\"2042\" data-end=\"2128\"><strong data-start=\"2042\" data-end=\"2057\">Integridade<\/strong>: agir com \u00e9tica e transpar\u00eancia em todas as inst\u00e2ncias da organiza\u00e7\u00e3o;<\/li>\n<li data-start=\"2132\" data-end=\"2205\"><strong data-start=\"2132\" data-end=\"2171\">Compromisso com o interesse p\u00fablico<\/strong>: priorizar sempre o bem coletivo;<\/li>\n<li data-start=\"2209\" data-end=\"2296\"><strong data-start=\"2209\" data-end=\"2244\">Responsabilidade socioambiental<\/strong>: pr\u00e1ticas sustent\u00e1veis e respeito ao meio ambiente;<\/li>\n<li data-start=\"2300\" data-end=\"2384\"><strong data-start=\"2300\" data-end=\"2337\">Respeito \u00e0 diversidade e inclus\u00e3o<\/strong>: valoriza\u00e7\u00e3o do ser humano em sua pluralidade;<\/li>\n<li data-start=\"2388\" data-end=\"2487\"><strong data-start=\"2388\" data-end=\"2420\">Excel\u00eancia na gest\u00e3o p\u00fablica<\/strong>: busca cont\u00ednua pela melhoria da qualidade dos servi\u00e7os prestados;<\/li>\n<li data-start=\"2491\" data-end=\"2585\"><strong data-start=\"2491\" data-end=\"2536\">Responsabilidade com os recursos p\u00fablicos<\/strong>: zelo e boa administra\u00e7\u00e3o do patrim\u00f4nio p\u00fablico.<\/li>\n<\/ul>\n<hr data-start=\"2587\" data-end=\"2590\" \/>\n<h3 data-start=\"2592\" data-end=\"2643\"><strong data-start=\"2596\" data-end=\"2643\">Art. 9\u00ba \u2013 Comprometimento com a Integridade<\/strong><\/h3>\n<p data-start=\"2645\" data-end=\"2925\">A Ceasa-GO declara seu compromisso com a <strong data-start=\"2686\" data-end=\"2735\">observ\u00e2ncia integral dos princ\u00edpios e valores<\/strong> contidos neste documento. A organiza\u00e7\u00e3o <strong data-start=\"2776\" data-end=\"2890\">assume a responsabilidade de garantir que a cultura de integridade esteja enraizada em todos os seus processos<\/strong>, rela\u00e7\u00f5es e inst\u00e2ncias de decis\u00e3o.<\/p>\n<hr data-start=\"2927\" data-end=\"2930\" \/>\n<h3 data-start=\"2932\" data-end=\"2971\"><strong data-start=\"2936\" data-end=\"2971\">Art. 10\u00ba \u2013 Conduta da Lideran\u00e7a<\/strong><\/h3>\n<p data-start=\"2973\" data-end=\"3025\">Os gestores e dirigentes da Ceasa-GO t\u00eam o dever de:<\/p>\n<ul>\n<li data-start=\"3029\" data-end=\"3074\"><strong data-start=\"3029\" data-end=\"3073\">Agir como exemplo de integridade e \u00e9tica<\/strong>;<\/li>\n<li data-start=\"3077\" data-end=\"3165\"><strong data-start=\"3077\" data-end=\"3164\">Comunicar, por palavras e atitudes, que a organiza\u00e7\u00e3o n\u00e3o tolera desvios de conduta<\/strong>;<\/li>\n<li data-start=\"3168\" data-end=\"3265\"><strong data-start=\"3168\" data-end=\"3264\">Refor\u00e7ar continuamente o compromisso com os princ\u00edpios do presente C\u00f3digo de \u00c9tica e Conduta<\/strong>;<\/li>\n<li data-start=\"3268\" data-end=\"3352\"><strong data-start=\"3268\" data-end=\"3351\">Fomentar uma cultura organizacional baseada na responsabilidade e na legalidade<\/strong>.<\/li>\n<\/ul>\n<hr data-start=\"3354\" data-end=\"3357\" \/>\n<h3 data-start=\"3359\" data-end=\"3409\"><strong data-start=\"3363\" data-end=\"3409\">Art. 11\u00ba \u2013 Compromissos \u00c9ticos da Ceasa-GO<\/strong><\/h3>\n<p data-start=\"3411\" data-end=\"3467\">S\u00e3o compromissos institucionais permanentes da Ceasa-GO:<\/p>\n<ol style=\"list-style-type: lower-roman;\">\n<li><strong data-start=\"3472\" data-end=\"3497\">Cumprir integralmente<\/strong> todas as leis, normas e regulamenta\u00e7\u00f5es aplic\u00e1veis \u00e0s suas atividades;<\/li>\n<li><strong data-start=\"3574\" data-end=\"3624\">Atuar de forma rigorosa no combate \u00e0 corrup\u00e7\u00e3o<\/strong>, ao cartel, \u00e0s fraudes, \u00e0 lavagem de dinheiro e a qualquer pr\u00e1tica il\u00edcita em processos administrativos, licitat\u00f3rios ou concorrenciais, praticados por empregados ou terceiros;<\/li>\n<li><strong data-start=\"3808\" data-end=\"3847\">Coibir qualquer forma de retalia\u00e7\u00e3o<\/strong>, inclusive contra pessoas que utilizarem os canais de den\u00fancia disponibilizados pela empresa;<\/li>\n<li><strong data-start=\"3947\" data-end=\"4008\">Prevenir e gerenciar adequadamente conflitos de interesse<\/strong>, adotando mecanismos de controle e transpar\u00eancia;<\/li>\n<li><strong data-start=\"4063\" data-end=\"4116\">Proibir terminantemente pagamentos de facilita\u00e7\u00e3o<\/strong>, independentemente da justificativa apresentada;<\/li>\n<li><strong data-start=\"4171\" data-end=\"4247\">Assegurar o anonimato, a confidencialidade e a prote\u00e7\u00e3o dos denunciantes<\/strong>, respeitando os princ\u00edpios do devido processo;<\/li>\n<li><strong data-start=\"4301\" data-end=\"4338\">Incentivar a den\u00fancia respons\u00e1vel<\/strong>, garantindo que colaboradores e terceiros se sintam seguros ao reportar inconformidades;<\/li>\n<li><strong data-start=\"4435\" data-end=\"4487\">Promover a equidade e o respeito \u00e0s diversidades<\/strong>, assegurando um ambiente de trabalho inclusivo e livre de discrimina\u00e7\u00f5es;<\/li>\n<li><strong data-start=\"4567\" data-end=\"4657\">Manter canais acess\u00edveis e eficazes para recebimento, registro e apura\u00e7\u00e3o de den\u00fancias<\/strong>, com retorno transparente \u00e0s partes envolvidas;<\/li>\n<li><strong data-start=\"4710\" data-end=\"4778\">Assegurar a gest\u00e3o eficiente e sustent\u00e1vel dos recursos p\u00fablicos<\/strong>, com foco na economicidade, efic\u00e1cia e interesse coletivo.<\/li>\n<\/ol>\n<p><!-- \/wp:paragraph --><\/p>\n<p><!-- wp:heading {\"fontSize\":\"large\"} --><\/p>\n<h2 class=\"wp-block-heading has-large-font-size\">Compet\u00eancias<\/h2>\n<p><!-- \/wp:heading --><\/p>\n<p><!-- wp:image {\"align\":\"right\",\"id\":8123,\"width\":\"397px\",\"height\":\"auto\",\"sizeSlug\":\"full\",\"linkDestination\":\"none\"} --><\/p>\n<figure class=\"wp-block-image alignright size-full is-resized\"><img decoding=\"async\" width=\"1080\" height=\"1080\" class=\"wp-image-8123\" style=\"width: 397px; height: auto;\" src=\"https:\/\/goias.gov.br\/ceasa\/wp-content\/uploads\/sites\/48\/2024\/03\/3.png\" alt=\"\" \/><\/figure>\n<p><!-- \/wp:image --><\/p>\n<p><!-- wp:list --><\/p>\n<ul><!-- wp:list-item -->\n<li>\n<p class=\"western\" align=\"JUSTIFY\"><b>A Centrais de Abastecimento de Goi\u00e1s S\/A (CEASA-GO), sociedade an\u00f4nima de economia mista, de capital fechado, tem suas compet\u00eancias descritas em seu Regulamento de Mercado,T\u00edtulo I, Cap\u00edtulo II, artigo 2\u00ba .<\/b><\/p>\n<p class=\"western\" align=\"JUSTIFY\">[\u2026]<\/p>\n<p class=\"western\" align=\"JUSTIFY\"><b>Art. 2\u00ba \u2013<\/b>\u00a0S\u00e3o princ\u00edpios fundamentais do Regulamento de Mercado da CEASA\/GO:<\/p>\n<p class=\"western\" align=\"JUSTIFY\">1 \u2013 Tratamento ison\u00f4mico aos Usu\u00e1rios;<\/p>\n<p class=\"western\" align=\"JUSTIFY\">2 \u2013 Destina\u00e7\u00e3o das \u00e1reas com base em crit\u00e9rios de viabilidade t\u00e9cnica, melhor aproveitamento, economicidade e adequa\u00e7\u00e3o log\u00edstica;<\/p>\n<p class=\"western\" align=\"JUSTIFY\">3 \u2013 Motiva\u00e7\u00e3o dos atos administrativos;<\/p>\n<p class=\"western\" align=\"JUSTIFY\">4 \u2013 Expans\u00e3o da capacidade de distribui\u00e7\u00e3o do sistema de comercializa\u00e7\u00e3o de modo proporcional ao aumento da produ\u00e7\u00e3o;<\/p>\n<p class=\"western\" align=\"JUSTIFY\">5 \u2013 Efici\u00eancia do uso dos recursos;<\/p>\n<p class=\"western\" align=\"JUSTIFY\">6 \u2013 Facilita\u00e7\u00e3o da mobiliza\u00e7\u00e3o e o uso dos recursos para produzir servi\u00e7os que est\u00e3o em demanda;<\/p>\n<p class=\"western\" align=\"JUSTIFY\"><b>Art. 3\u00ba \u2013<\/b>\u00a0A CEASA\/GO, com a institui\u00e7\u00e3o do presente Regulamento, estar\u00e1 cumprindo com seus objetivos societ\u00e1rios conforme preconizado em seu Estatuto Social.<\/p>\n<p class=\"western\" align=\"JUSTIFY\">Conforme Regulamento de Mercado,T\u00edtulo XII, artigo 140\u00ba data do inicio da vig\u00eancia<\/p>\n<p class=\"western\" align=\"JUSTIFY\"><b>Art. 140 \u2013\u00a0<\/b>Este Regulamento foi aprovado nos termos do Estatuto Social da CEASA\/GO, aos 30 de outubro de 2009, e entrar\u00e1 em vigor a partir de 1\u00ba de novembro de 2009, revogando- se todas as disposi\u00e7\u00f5es em contr\u00e1rio.<\/p>\n<p class=\"western\" align=\"JUSTIFY\">Fonte: Regulamento de Mercado da Centrais de Abastecimento de Goi\u00e1s S\/A, de 30 de Outubro de 2009.<\/p>\n<p class=\"western\" align=\"JUSTIFY\"><b>Os seus objetivos e descritas conforme Estatuto Social, Artigo 3\u00ba. Aprovado na Ata da Assembl\u00e9ia Geral Extraordin\u00e1ria de 02 de outubro de 2023<\/b><\/p>\n<p class=\"western\" align=\"JUSTIFY\">[\u2026]<\/p>\n<p class=\"western\" align=\"JUSTIFY\"><b>Art. 3\u00b0<\/b>\u00a0\u2013 A Sociedade ter\u00e1 por objetivo:<\/p>\n<p class=\"western\" align=\"JUSTIFY\"><b>a)<\/b>\u00a0Instalar, implantar, administrar Centrais de Abastecimento e Mercados destinados a orientar e disciplinar a distribui\u00e7\u00e3o e coloca\u00e7\u00e3o de hortigranjeiros e outros produtos aliment\u00edcios ou servi\u00e7os at\u00edpicos do com\u00e9rcio atacadista de hortigranjeiros.<\/p>\n<p class=\"western\" align=\"JUSTIFY\"><b>b)<\/b>\u00a0Participar dos planos e programas de Governo para a produ\u00e7\u00e3o e abastecimento, a n\u00edvel regional e nacional, promovendo e facilitando interc\u00e2mbio de mercado com as demais Unidades do Sistema e entidades vinculadas ao setor, atrav\u00e9s, inclusive, de participa\u00e7\u00e3o acion\u00e1ria.<\/p>\n<p class=\"western\" align=\"JUSTIFY\"><b>c)<\/b>\u00a0Firmar conv\u00eanios, acordos, contratos com pessoas f\u00edsicas ou jur\u00eddicas. de direito p\u00fablico ou privado, nacionais e pesquisas dos processos, condi\u00e7\u00f5es e ve\u00edculos de comercializa\u00e7\u00e3o de g\u00eaneros aliment\u00edcios, abrangidos por sua compet\u00eancia operacional.<\/p>\n<p class=\"western\" align=\"JUSTIFY\">Fonte: Estatuto Social da Centrais de Abastecimento de Goi\u00e1s S\/A, de 22 de Outubro de 2023.<\/p>\n<\/li>\n<\/ul>\n<p><!-- \/wp:list-item --><\/p>\n<p><!-- \/wp:list --><\/p>\n<p><!-- wp:heading {\"fontSize\":\"large\"} --><\/p>\n<h2 class=\"wp-block-heading has-large-font-size\">Canais de Atendimento<\/h2>\n<p><!-- \/wp:heading --><\/p>\n<p><!-- wp:paragraph --><\/p>\n<p>O atendimento presencial acontece das\u00a0<strong>08h\u00a0\u00e0s 17h<\/strong>.<br \/>Endere\u00e7o: Rodovia BR &#8211; 153 KM 5,5 &#8211; Jardim Guanabara, Goi\u00e2nia-GO, Cep: 74675-090<br \/><strong>Telefone:<\/strong>\u00a0(62) 3522-9000<br \/><strong>E-mail: ceasa@ceasa.go.gov.br<\/strong><\/p>\n<p><!-- \/wp:paragraph --><\/p>\n<p><!-- wp:separator --><\/p>\n<hr class=\"wp-block-separator has-alpha-channel-opacity\" \/>\n<p><!-- \/wp:separator --><\/p>\n<p><!-- wp:heading {\"fontSize\":\"large\"} --><\/p>\n<p><!-- \/wp:heading --><\/p>\n<p><!-- wp:image {\"align\":\"left\",\"width\":\"288px\",\"height\":\"auto\",\"sizeSlug\":\"large\"} --><\/p>\n<p><!-- \/wp:image --><\/p>\n<p><!-- wp:separator --><\/p>\n<h2 class=\"wp-block-heading has-large-font-size\">Presidente<\/h2>\n<p><strong>Carlos Alberto Andrade Oliveira<\/strong><\/p>\n<p><!-- wp:image {\"id\":26202,\"width\":\"245px\",\"height\":\"auto\",\"sizeSlug\":\"large\",\"linkDestination\":\"none\"} --><\/p>\n<figure class=\"wp-block-image size-large is-resized\"><img decoding=\"async\" class=\"wp-image-26202 alignleft\" src=\"https:\/\/goias.gov.br\/ceasa\/wp-content\/uploads\/sites\/48\/2025\/03\/IMG_9680111-2-714x1024.jpg\" alt=\"\" width=\"229\" height=\"329\" srcset=\"https:\/\/goias.gov.br\/ceasa\/wp-content\/uploads\/sites\/48\/2025\/03\/IMG_9680111-2-714x1024.jpg 714w, https:\/\/goias.gov.br\/ceasa\/wp-content\/uploads\/sites\/48\/2025\/03\/IMG_9680111-2-209x300.jpg 209w, https:\/\/goias.gov.br\/ceasa\/wp-content\/uploads\/sites\/48\/2025\/03\/IMG_9680111-2-768x1102.jpg 768w, https:\/\/goias.gov.br\/ceasa\/wp-content\/uploads\/sites\/48\/2025\/03\/IMG_9680111-2-1071x1536.jpg 1071w, https:\/\/goias.gov.br\/ceasa\/wp-content\/uploads\/sites\/48\/2025\/03\/IMG_9680111-2-1428x2048.jpg 1428w\" sizes=\"(max-width: 229px) 100vw, 229px\" \/>\n<p>Com uma carreira marcada por <strong>resultados e compromisso com o desenvolvimento de Goi\u00e1s,<\/strong> o empres\u00e1rio Carlos Alberto Andrade Oliveira, tamb\u00e9m conhecido como Carl\u00e3o da Fox, assumiu a <strong>Ceasa-GO no dia 12 de mar\u00e7o de 2025.<\/strong> Bacharel em Administra\u00e7\u00e3o, se destaca como um profissional que alia experi\u00eancia pol\u00edtica, administrativa e empresarial. Construiu sua trajet\u00f3ria <strong>ocupando cargos estrat\u00e9gicos<\/strong> onde sempre priorizou a<strong> efici\u00eancia na gest\u00e3o p\u00fablica e o crescimento regional<\/strong>.<\/p>\n<p>Na Ceasa-GO, chega com a <strong>miss\u00e3o de modernizar o entreposto e implementar o Cons\u00f3rcio Intermunicipal,<\/strong> medidas que v\u00e3o revolucionar a log\u00edstica e o abastecimento regional, beneficiando produtores e consumidores.<\/p>\n<p>Carlos Alberto iniciou sua proje\u00e7\u00e3o pol\u00edtica como <strong>prefeito de Goianira<\/strong>, onde exerceu quatro mandatos, sendo<strong> reconhecido pela implementa\u00e7\u00e3o de pol\u00edticas p\u00fablicas<\/strong> voltadas ao crescimento urbano e \u00e0 qualidade de vida no munic\u00edpio. Foi <strong>presidente da Ag\u00eancia Goiana de Munic\u00edpios (AGM)<\/strong> de 2021 a 2025, trabalhou para fortalecer a integra\u00e7\u00e3o entre os munic\u00edpios, promovendo uma gest\u00e3o mais eficiente e colaborativa em todo o estado.<\/p>\n<p>Carlos foi tamb\u00e9m <strong>presidente da Metrobus<\/strong>, quando liderou a gest\u00e3o do sistema de transporte p\u00fablico, promovendo melhorias na mobilidade regional. Reconhecido por suas <strong>habilidades em gest\u00e3o administrativa e pol\u00edtica<\/strong>, Caros Alberto possui ampla <strong>experi\u00eancia no planejamento e execu\u00e7\u00e3o de pol\u00edticas p\u00fablicas.<\/strong><\/p>\n<\/figure>\n<hr class=\"wp-block-separator has-alpha-channel-opacity\" \/><!-- \/wp:image -->\n<p><!-- wp:heading {\"fontSize\":\"large\"} --><\/p>\n<h2 class=\"wp-block-heading has-large-font-size\"><strong>Saiba mais sobre a Ceasa-GO<\/strong><\/h2>\n<p><!-- \/wp:heading --><\/p>\n<p><!-- wp:image {\"align\":\"right\",\"id\":8121,\"width\":\"452px\",\"height\":\"auto\",\"sizeSlug\":\"full\",\"linkDestination\":\"none\"} --><\/p>\n<figure class=\"wp-block-image alignright size-full is-resized\"><img loading=\"lazy\" decoding=\"async\" width=\"1080\" height=\"1080\" class=\"wp-image-8121\" style=\"width: 452px; height: auto;\" src=\"https:\/\/goias.gov.br\/ceasa\/wp-content\/uploads\/sites\/48\/2024\/03\/diretrizes.png\" alt=\"\" \/><\/figure>\n<p><!-- \/wp:image --><\/p>\n<p><!-- wp:paragraph --><\/p>\n<p><strong>DESCRI\u00c7\u00c3O<\/strong><br \/>As Centrais de Abastecimento de Goi\u00e1s S\/A &#8211; CEASA-GO, inscrita no CNPJ sob n\u00ba 01.098.797\/0001-74 foi criada pela LEI\u00a0N\u00ba 7.490 de 26 de abril de 1972 e\u00a0inaugurada no dia 12 de mar\u00e7o\u00a0\u00a0de 1975. \u00c9 uma sociedade de economia mista de direito privado onde o Estado de Goi\u00e1s \u00e9 o acionista majorit\u00e1rio, detentor de 99 % das a\u00e7\u00f5es com direito a voto.<\/p>\n<p><!-- \/wp:paragraph --><\/p>\n<p><!-- wp:paragraph --><\/p>\n<p><strong>CAPITAL SOCIAL<\/strong><br \/>O capital da Sociedade \u00e9 de R$ 19.435.690,02 (dezenove milh\u00f5es, quatrocentos e trinta e cinco mil, seiscentos e noventa e dois centavos), representado por 1.943.569,002 (um milh\u00e3o, novecentos e quarenta e tr\u00eas mil, quinhentos e sessenta e nove, e dois centavos) a\u00e7\u00f5es nominativas, no valor de R$ 0,01 (um centavo) cada uma.<\/p>\n<p><!-- \/wp:paragraph --><\/p>\n<p><!-- wp:paragraph --><\/p>\n<p><strong>OBJETIVO<\/strong><br \/>A Centrais de Abastecimento de Goi\u00e1s (Ceasa-GO) tem como principais metas incentivar a produ\u00e7\u00e3o, programar mercados, orientar e disciplinar a distribui\u00e7\u00e3o de hortifrutigranjeiros e outros produtos aliment\u00edcios de forma a atender a demanda do mercado e as pol\u00edticas sociais do governo;\u00a0participar dos programas de governo para produ\u00e7\u00e3o e abastecimento a n\u00edvel regional e nacional, promovendo e facilitando o interc\u00e2mbio de mercado com as demais unidades do sistema e entidades vinculadas ao setor, atrav\u00e9s, inclusive de participa\u00e7\u00e3o acion\u00e1ria. Firmar conv\u00eanios, acordos e contratos, com pessoas f\u00edsicas ou jur\u00eddicas de direito p\u00fablico ou privado, auxiliar nas pol\u00edticas de pre\u00e7os do Governo, estudos e processos, para comercializa\u00e7\u00e3o de g\u00eaneros aliment\u00edcios.<\/p>\n<p><!-- \/wp:paragraph --><\/p>\n<p><!-- wp:separator --><\/p>\n<hr class=\"wp-block-separator has-alpha-channel-opacity\" \/><!-- \/wp:separator -->\n<p><!-- wp:heading {\"fontSize\":\"large\"} --><\/p>\n<h2 class=\"wp-block-heading has-large-font-size\"><a href=\"https:\/\/goias.gov.br\/ceasa\/organograma-geral\/\">Estrutura Organizacional<\/a><\/h2>\n<p><!-- \/wp:heading --><\/p>\n<p><!-- wp:paragraph --><\/p>\n<h2 class=\"wp-block-heading has-large-font-size\"><a href=\"https:\/\/goias.gov.br\/ceasa\/cargos-e-seus-ocupantes-cease\/\">Cargos e seus ocupantes<\/a><\/h2>\n<p><!-- \/wp:paragraph --><\/p>\n<p><!-- wp:list-item --><\/p>\n<p><!-- \/wp:list-item --><\/p>\n<p><!-- \/wp:separator --><\/p>\n<p><!-- wp:heading --><\/p>\n<ul>\n<li style=\"list-style-type: none;\">\u00a0<\/li>\n<\/ul>\n<p><!-- \/wp:heading --><\/p>\n<p><!-- \/wp:list --><\/p>\n<p><!-- wp:heading --><\/p>\n<ul>\n<li style=\"list-style-type: none;\">\n<ul>\n<li style=\"list-style-type: none;\">\n<p><!-- \/wp:list-item --><\/p>\n<p><!-- \/wp:list --><\/p>\n<\/li>\n<\/ul>\n<\/li>\n<\/ul>\n<p><!-- \/wp:list-item --><\/p>\n<p><!-- \/wp:list --><\/p>\n<p><!-- wp:heading --><\/p>\n<p><!-- \/wp:heading --><\/p>\n<p><!-- wp:paragraph --><\/p>\n<p><!-- \/wp:paragraph --><\/p>","protected":false},"excerpt":{"rendered":"<p>A Empresa A Centrais de Abastecimento de Goi\u00e1s (Ceasa Goi\u00e1s) \u00e9 uma empresa de economia mista inaugurada em\u00a0 mar\u00e7o de 1975. Constitu\u00edda nos termos da lei n\u00ba 7.490, de 26\/04\/72, e regulamentada pelo Decreto n\u00ba 70.502 de 11\/05\/72, a Ceasa Goi\u00e1s faz parte do Programa Brasileiro de Moderniza\u00e7\u00e3o das\u00a0 Centrais de Abastecimento (PROHORT), antigo \u00a0Sistema [&hellip;]<\/p>\n","protected":false},"author":7,"featured_media":0,"parent":0,"menu_order":0,"comment_status":"closed","ping_status":"closed","template":"wppb_theme_template","meta":{"footnotes":""},"class_list":["post-7802","page","type-page","status-publish","hentry"],"rttpg_featured_image_url":null,"rttpg_author":{"display_name":"gustavogoncalves","author_link":"https:\/\/goias.gov.br\/ceasa\/author\/gustavogoncalves\/"},"rttpg_comment":0,"rttpg_category":null,"rttpg_excerpt":"A Empresa A Centrais de Abastecimento de Goi\u00e1s (Ceasa Goi\u00e1s) \u00e9 uma empresa de economia mista inaugurada em\u00a0 mar\u00e7o de 1975. Constitu\u00edda nos termos da lei n\u00ba 7.490, de 26\/04\/72, e regulamentada pelo Decreto n\u00ba 70.502 de 11\/05\/72, a Ceasa Goi\u00e1s faz parte do Programa Brasileiro de Moderniza\u00e7\u00e3o das\u00a0 Centrais de Abastecimento (PROHORT), antigo \u00a0Sistema&hellip;","_links":{"self":[{"href":"https:\/\/goias.gov.br\/ceasa\/wp-json\/wp\/v2\/pages\/7802","targetHints":{"allow":["GET"]}}],"collection":[{"href":"https:\/\/goias.gov.br\/ceasa\/wp-json\/wp\/v2\/pages"}],"about":[{"href":"https:\/\/goias.gov.br\/ceasa\/wp-json\/wp\/v2\/types\/page"}],"author":[{"embeddable":true,"href":"https:\/\/goias.gov.br\/ceasa\/wp-json\/wp\/v2\/users\/7"}],"replies":[{"embeddable":true,"href":"https:\/\/goias.gov.br\/ceasa\/wp-json\/wp\/v2\/comments?post=7802"}],"version-history":[{"count":2,"href":"https:\/\/goias.gov.br\/ceasa\/wp-json\/wp\/v2\/pages\/7802\/revisions"}],"predecessor-version":[{"id":30816,"href":"https:\/\/goias.gov.br\/ceasa\/wp-json\/wp\/v2\/pages\/7802\/revisions\/30816"}],"wp:attachment":[{"href":"https:\/\/goias.gov.br\/ceasa\/wp-json\/wp\/v2\/media?parent=7802"}],"curies":[{"name":"wp","href":"https:\/\/api.w.org\/{rel}","templated":true}]}}