

{"id":7798,"date":"2024-01-27T15:52:41","date_gmt":"2024-01-27T18:52:41","guid":{"rendered":"https:\/\/siteshom.goias.gov.br\/ceasa\/?page_id=7798"},"modified":"2024-07-16T09:53:29","modified_gmt":"2024-07-16T12:53:29","slug":"mapa-do-site","status":"publish","type":"page","link":"https:\/\/goias.gov.br\/ceasa\/mapa-do-site\/","title":{"rendered":"Mapa do Site"},"content":{"rendered":"<div id=\"custom-sitemap\" class=\"sitemap-container\"><div class='sitemap-group'><h3>A<\/h3><ul><li><a href='https:\/\/goias.gov.br\/ceasa\/horario-funcionamento-atendimento\/' target='_blank'>ATENDIMENTO<\/a><\/li><li><a href='https:\/\/goias.gov.br\/ceasa\/acesso-a-informacao\/' target='_blank'>ACESSO \u00c0 INFORMA\u00c7\u00c3O<\/a><\/li><li><a href='https:\/\/portal.al.go.leg.br\/' target='_blank'>ASSEMBLEIA LEGISLATIVA DO ESTADO DE GOI\u00c1S<\/a><\/li><li><a href='https:\/\/goias.gov.br\/ceasa\/agenda-de-autoridades\/' target='_blank'>AGENDA DE AUTORIDADES<\/a><\/li><li><a href='https:\/\/goias.gov.br\/ceasa\/\/agenda-de-autoridades' target='_blank'>AGENDA DE AUTORIDADES<\/a><\/li><li><a href='https:\/\/goias.gov.br\/ceasa\/\/acordos-sem-transferencia-de-recursos\/' target='_blank'>ACORDOS SEM TRANSFER\u00caNCIA DE RECURSOS<\/a><\/li><li><a href='https:\/\/goias.gov.br\/ceasa\/\/autoridade-de-monitoramento-da-aplicacao-da-lei\/' target='_blank'>AUTORIDADE DE MONITORAMENTO DE APLICA\u00c7\u00c3O DA LAI<\/a><\/li><li><a href='https:\/\/goias.gov.br\/ceasa\/audiencias-publicas-3\/' target='_blank'>AUDI\u00caNCIAS PUBLICAS<\/a><\/li><\/ul><\/div><div class='sitemap-group'><h3>B<\/h3><ul><li><a href='\/ceasa\/banco-de-alimentos\/' target='_blank'>BANCO DE ALIMENTOS<\/a><\/li><li><a href='https:\/\/goias.gov.br\/ceasa\/\/bens-moveis\/' target='_blank'>BENS M\u00d3VEIS<\/a><\/li><li><a href='https:\/\/goias.gov.br\/ceasa\/\/bens-imoveis\/' target='_blank'>BENS IM\u00d3VEIS<\/a><\/li><li><a href='https:\/\/goias.gov.br\/economia\/prestacao-de-contas-de-governo\/' target='_blank'>BALAN\u00c7O GERAL DO ESTADO<\/a><\/li><\/ul><\/div><div class='sitemap-group'><h3>C<\/h3><ul><li><a href='https:\/\/www.go.gov.br\/servicos\/todos-os-servicos?descUrlAmigavelOrgao=centrais-de-abastecimento-de-goias-sa&govBr=N' target='_blank'>CARTA DE SERVI\u00c7OS<\/a><\/li><li><a href='https:\/\/goias.gov.br\/ceasa\/calendario-de-comercializacao1\/' target='_blank'>CALEND\u00c1RIO DE COMERCIALIZA\u00c7\u00c3O<\/a><\/li><li><a href='https:\/\/goias.gov.br\/ceasa\/cotacoes-diarias\/' target='_blank'>COTA\u00c7\u00d5ES<\/a><\/li><li><a href='https:\/\/legisla.casacivil.go.gov.br\/pesquisa_legislacao\/103904\/decreto-9837' target='_blank'>C\u00d3DIGO DE \u00c9TICA<\/a><\/li><li><a href='https:\/\/goias.gov.br\/controladoria' target='_blank'>CONTROLADORIA-GERAL DO ESTADO DE GOI\u00c1S<\/a><\/li><li><a href='https:\/\/goias.gov.br\/governo\/cadastro-de-autoridade\/' target='_blank'>CADASTRO DE AUTORIDADES<\/a><\/li><li><a href='https:\/\/goias.gov.br\/ceasa\/as-competencias\/' target='_blank'>COMPET\u00caNCIAS<\/a><\/li><li><a href='https:\/\/goias.gov.br\/ceasa\/\/cargos-e-seus-ocupantes-cease\/' target='_blank'>CARGOS E SEUS OCUPANTES<\/a><\/li><li><a href='https:\/\/goias.gov.br\/ceasa\/\/comites\/' target='_blank'>COMIT\u00ca DE AUDITORIA ESTATUT\u00c1RIO<\/a><\/li><li><a href='https:\/\/goias.gov.br\/ceasa\/comite-de-elegibilidade\/' target='_blank'>COMIT\u00ca DE ELEGIBILIDADE<\/a><\/li><li><a href='https:\/\/goias.gov.br\/ceasa\/\/convenios-recebidos\/' target='_blank'>CONV\u00caNIOS RECEBIDOS<\/a><\/li><li><a href='https:\/\/goias.gov.br\/ceasa\/\/convenios-concedidos\/' target='_blank'>CONV\u00caNIOS CONCEDIDOS<\/a><\/li><li><a href='https:\/\/goias.gov.br\/ceasa\/convenio-para-exploracao-de-atividades-economica\/' target='_blank'>CONV\u00caNIOS PARA EXPLORA\u00c7\u00c3O DE ATIVIDADES ECON\u00d4MICA<\/a><\/li><li><a href='https:\/\/goias.gov.br\/ceasa\/concursos-publicos-e-selecoes\/' target='_blank'>CONCURSOS P\u00daBLICOS E SELE\u00c7\u00d5ES<\/a><\/li><li><a href='https:\/\/goias.gov.br\/ceasa\/contratos\/' target='_blank'>\n CONTRATOS<\/a><\/li><li><a href='https:\/\/goias.gov.br\/ceasa\/contratos-emergenciais\/' target='_blank'>\n CONTRATOS EMERGENCIAIS<\/a><\/li><li><a href='https:\/\/goias.gov.br\/ceasa\/contratos-para-exploracao-de-atividades-economica\/' target='_blank'>\n CONTRATOS PARA EXPLORA\u00c7\u00c3O DE ATIVIDADE ECON\u00d4MICA<\/a><\/li><li><a href='https:\/\/goias.gov.br\/ceasa\/\/contratos-de-locacao-de-imoveis\/' target='_blank'>\n CONTRATOS DE LOCA\u00c7\u00c3O DE IM\u00d3VEIS<\/a><\/li><li><a href='https:\/\/goias.gov.br\/ceasa\/\/contratos-de-concessao\/' target='_blank'>\n CONTRATOS DE CONCESS\u00c3O<\/a><\/li><li><a href='https:\/\/goias.gov.br\/ceasa\/contratos\/' target='_blank'>CONTRATOS<\/a><\/li><li><a href='https:\/\/goias.gov.br\/ceasa\/contratos-emergenciais\/' target='_blank'>CONTRATOS EMERGENCIAIS<\/a><\/li><li><a href='https:\/\/goias.gov.br\/ceasa\/contratos-para-exploracao-de-atividades-economica\/' target='_blank'>CONTRATOS PARA EXPLORA\u00c7\u00c3O DE ATIVIDADE ECON\u00d4MICA<\/a><\/li><li><a href='https:\/\/goias.gov.br\/ceasa\/\/contratos-de-locacao-de-imoveis\/' target='_blank'>CONTRATOS DE LOCA\u00c7\u00c3O DE IM\u00d3VEIS<\/a><\/li><li><a href='https:\/\/goias.gov.br\/ceasa\/\/contratos-de-concessao\/' target='_blank'>CONTRATOS DE CONCESS\u00c3O<\/a><\/li><li><a href='https:\/\/goias.gov.br\/ceasa\/\/classificacao-das-informacoes-sigilosas\/' target='_blank'>CLASSIFICA\u00c7\u00c3O DAS INFORMA\u00c7\u00d5ES SIGILOSAS<\/a><\/li><li><a href='https:\/\/goias.gov.br\/ceasa\/\/carta-anual-de-governanca-corporativa\/' target='_blank'>CARTA ANUAL DE GOVERNAN\u00c7A<\/a><\/li><li><a href='https:\/\/goias.gov.br\/ceasa\/wp-content\/uploads\/sites\/48\/2024\/07\/CODIGO_DE_ETICA_E_CONDUTA_2024.pdf' target='_blank'>C\u00d3DIGO DE CONDUTA E INTEGRIDADE<\/a><\/li><li><a href='https:\/\/goias.gov.br\/ceasa\/consulta-publica\/' target='_blank'>CONSULTA PUBLICA<\/a><\/li><\/ul><\/div><div class='sitemap-group'><h3>D<\/h3><ul><li><a href='https:\/\/dadosabertos.go.gov.br\/' target='_blank'>DADOS ABERTOS<\/a><\/li><li><a href='https:\/\/www.go.gov.br\/servicos-digitais\/cge\/nova-ouvidoria\/nova-manifestacao\/tela-negativo?orgao=5' target='_blank'>DENUNCIAS CONTRA CORRUP\u00c7\u00c3O<\/a><\/li><li><a href='http:\/\/diariooficial.abc.go.gov.br\/' target='_blank'>DI\u00c1RIO OFICIAL<\/a><\/li><li><a href='https:\/\/dadosabertos.go.gov.br\/' target='_blank'>DADOS ABERTOS GOI\u00c1S<\/a><\/li><li><a href='https:\/\/goias.gov.br\/ceasa\/doacoes\/' target='_blank'>DOA\u00c7\u00d5ES<\/a><\/li><li><a href='https:\/\/goias.gov.br\/ceasa\/despesas\/' target='_blank'>DESPESAS<\/a><\/li><li><a href='https:\/\/goias.gov.br\/ceasa\/\/diarias2\/' target='_blank'>DI\u00c1RIAS<\/a><\/li><li><a href='https:\/\/goias.gov.br\/ceasa\/\/demonstracoes-contabeis-2\/' target='_blank'>DEMONSTRA\u00c7\u00d5ES FINANCEIRAS<\/a><\/li><\/ul><\/div><div class='sitemap-group'><h3>E<\/h3><ul><li><a href='https:\/\/goias.gov.br\/ceasa\/menu-empresas\/' target='_blank'>EMPRESAS<\/a><\/li><li><a href='https:\/\/goias.gov.br\/ceasa\/estatisticas\/' target='_blank'>ESTAT\u00cdSTICAS<\/a><\/li><li><a href='https:\/\/www.go.gov.br\/servicos-digitais\/cge\/nova-ouvidoria\/pedido-informacao-publica?orgao=5&tipo_manifestacao=7' target='_blank'>E-SIC<\/a><\/li><li><a href='https:\/\/www.go.gov.br\/servicos-digitais\/cge\/nova-ouvidoria\/pedido-informacao-publica?orgao=5&tipo_manifestacao=7' target='_blank'>E-SIC - SERVI\u00c7O ELETR\u00d4NICO DE INFORMA\u00c7\u00c3O AO CIDAD\u00c3O<\/a><\/li><li><a href='https:\/\/www.go.gov.br\/' target='_blank'>EXPRESSO GOI\u00c1S<\/a><\/li><li><a href='https:\/\/portal.go.gov.br\/' target='_blank'>EXPRESSO APLICA\u00c7\u00d5ES<\/a><\/li><li><a href='https:\/\/www.go.gov.br\/' target='_blank'>EXPRESSO SERVIDOR<\/a><\/li><li><a href='https:\/\/goias.gov.br\/escoladegoverno\/' target='_blank'>ESCOLA DE GOVERNO<\/a><\/li><li><a href='https:\/\/goias.gov.br\/ceasa\/organograma-geral\/' target='_blank'>ESTRUTURA ORGANIZACIONAL<\/a><\/li><li><a href='https:\/\/goias.gov.br\/ceasa\/\/horario-funcionamento-atendimento\/' target='_blank'>ENDERE\u00c7OS, TELEFONES, E-MAILS E HOR\u00c1RIOS DE ATENDIMENTO<\/a><\/li><li><a href='https:\/\/goias.gov.br\/ceasa\/\/lei-geral-de-protecao-de-dados-2\/' target='_blank'>ENCARREGADO PELE TRATAMENTO DOS DADOS PESSOAIS<\/a><\/li><\/ul><\/div><div class='sitemap-group'><h3>F<\/h3><ul><li><a href='https:\/\/goias.gov.br\/ceasa\/festa-do-pequi\/' target='_blank'>FESTA DO PEQUI<\/a><\/li><li><a href='\/ceasa\/formularios\/' target='_blank'>FORMUL\u00c1RIOS<\/a><\/li><li><a href='https:\/\/goias.gov.br\/ceasa\/fale-conosco\/' target='_blank'>FALE CONOSCO<\/a><\/li><li><a href='https:\/\/www.facebook.com\/ceasagoias\/' target='_blank'>FACEBOOK<\/a><\/li><li><a href='https:\/\/goias.gov.br\/ceasa\/\/folhas-de-pagamentos\/' target='_blank'>FOLHA DE PAGAMENTO<\/a><\/li><li><a href='https:\/\/goias.gov.br\/ceasa\/fatos-relevantes\/' target='_blank'>FATOS RELEVANTES<\/a><\/li><\/ul><\/div><div class='sitemap-group'><h3>G<\/h3><ul><li><a href='https:\/\/www.gov.br\/' target='_blank'>GOVERNO FEDERAL<\/a><\/li><li><a href='https:\/\/transparencia.go.gov.br\/' target='_blank'>GOI\u00c1S TRANSPAR\u00caNCIA<\/a><\/li><li><a href='https:\/\/goias.gov.br\/ceasa\/gastos-com-publicidade-e-propaganda-2\/' target='_blank'>GASTOS COM PUBLICIDADE E PROPAGANDA<\/a><\/li><li><a href='https:\/\/goias.gov.br\/ceasa\/gastos-com-patrocinio\/' target='_blank'>GASTOS COM PATROC\u00cdNIO<\/a><\/li><\/ul><\/div><div class='sitemap-group'><h3>I<\/h3><ul><li><a href='https:\/\/goias.gov.br\/ceasa\/institucional\/' target='_blank'>INSTITUCIONAL<\/a><\/li><li><a href='https:\/\/www.instagram.com\/ceasagoias\/' target='_blank'>INSTAGRAM<\/a><\/li><li><a href='https:\/\/www.transparencia.go.gov.br\/wp-content\/uploads\/sites\/2\/painel\/lai.php?painel=pda&orgao=ceasa' target='_blank'>INVENTARIO DE DADOS<\/a><\/li><\/ul><\/div><div class='sitemap-group'><h3>J<\/h3><ul><li><a href='https:\/\/goias.gov.br\/ceasa\/\/julgamentos-das-contas-pelo-tce-go\/' target='_blank'>JULGAMENTOS DAS CONTAS PELO TCE-GO<\/a><\/li><\/ul><\/div><div class='sitemap-group'><h3>L<\/h3><ul><li><a href='https:\/\/goias.gov.br\/ceasa\/lei-geral-de-protecao-de-dados-2\/' target='_blank'>LGPD<\/a><\/li><li><a href='https:\/\/lgpd.go.gov.br\/' target='_blank'>LGPD<\/a><\/li><li><a href='https:\/\/goias.gov.br\/ceasa\/legislacao-aplicavel\/' target='_blank'>LEGISLA\u00c7\u00c3O APLIC\u00c1VEL<\/a><\/li><li><a href='https:\/\/goias.gov.br\/ceasa\/\/lista-de-estagiarios\/' target='_blank'>LISTA DE ESTAGI\u00c1RIOS<\/a><\/li><li><a href='https:\/\/goias.gov.br\/ceasa\/licitacoes-2\/' target='_blank'>LICITA\u00c7\u00d5ES<\/a><\/li><li><a href='https:\/\/goias.gov.br\/ceasa\/licitantes-sancionados-administrativamente\/' target='_blank'>LICITANTES SANCIONADOS ADMINISTRATIVAMENTE<\/a><\/li><li><a href='https:\/\/transparencia.go.gov.br\/orcamento-e-planejamento-pecas\/' target='_blank'>LDO E LOA<\/a><\/li><li><a href='https:\/\/legisla.casacivil.go.gov.br\/pesquisa_legislacao\/90142\/lei-18025' target='_blank'>LEI DE ACESSO \u00c0 INFORMA\u00c7\u00c3O ESTADUAL<\/a><\/li><\/ul><\/div><div class='sitemap-group'><h3>M<\/h3><ul><li><a href='https:\/\/www.mpgo.mp.br\/portal\/' target='_blank'>MINIST\u00c9RIO P\u00daBLICO DO ESTADO DE GOI\u00c1S<\/a><\/li><li><a href='https:\/\/goias.gov.br\/ceasa\/institucional\/' target='_blank'>MISS\u00c3O, PRINC\u00cdPIOS E VALORES<\/a><\/li><li><a href='https:\/\/goias.gov.br\/ceasa\/monitoramento-de-programas-projetos-acoes-e-atividades\/' target='_blank'>MONITORAMENTO DE PROGRAMAS, PROJETOS, A\u00c7\u00d5ES E ATIVIDADES<\/a><\/li><\/ul><\/div><div class='sitemap-group'><h3>O<\/h3><ul><li><a href='https:\/\/www.go.gov.br\/servicos-digitais\/cge\/nova-ouvidoria?orgao=5' target='_blank'>OUVIDORIA<\/a><\/li><li><a href='https:\/\/www.go.gov.br\/servicos-digitais\/cge\/nova-ouvidoria?orgao=5' target='_blank'>OUVIDORIA SETORIAL (EXPRESSO)<\/a><\/li><li><a href='https:\/\/goias.gov.br\/ceasa\/ouvidoria-setorial\/' target='_blank'>OUVIDORIA SETORIAL (PRESENCIAL)<\/a><\/li><li><a href='https:\/\/app.powerbi.com\/view?r=eyJrIjoiYzRlY2IxYTItY2IxYi00NTRmLWFlMTEtZGNhZjlhMjlkMWQ3IiwidCI6IjY3ZmQ0MzFjLWIyYWQtNDg2Ny04MWJjLWQ3NTYyMjBiNTZkNCJ9&pageName=ReportSectiond755217298c2706b71dc' target='_blank'>\n OBRAS<\/a><\/li><li><a href='https:\/\/app.powerbi.com\/view?r=eyJrIjoiYzRlY2IxYTItY2IxYi00NTRmLWFlMTEtZGNhZjlhMjlkMWQ3IiwidCI6IjY3ZmQ0MzFjLWIyYWQtNDg2Ny04MWJjLWQ3NTYyMjBiNTZkNCJ9&pageName=ReportSection8f435ccde7de8820eb54' target='_blank'>\n OBRAS PARALISADAS<\/a><\/li><li><a href='https:\/\/app.powerbi.com\/view?r=eyJrIjoiYzRlY2IxYTItY2IxYi00NTRmLWFlMTEtZGNhZjlhMjlkMWQ3IiwidCI6IjY3ZmQ0MzFjLWIyYWQtNDg2Ny04MWJjLWQ3NTYyMjBiNTZkNCJ9&pageName=ReportSectiond755217298c2706b71dc' target='_blank'>OBRAS<\/a><\/li><li><a href='https:\/\/app.powerbi.com\/view?r=eyJrIjoiYzRlY2IxYTItY2IxYi00NTRmLWFlMTEtZGNhZjlhMjlkMWQ3IiwidCI6IjY3ZmQ0MzFjLWIyYWQtNDg2Ny04MWJjLWQ3NTYyMjBiNTZkNCJ9&pageName=ReportSection8f435ccde7de8820eb54' target='_blank'>OBRAS PARALISADAS<\/a><\/li><li><a href='https:\/\/goias.gov.br\/ceasa\/orcamento-de-investimento-2\/' target='_blank'>OR\u00c7AMENTO DE INVESTIMENTO<\/a><\/li><li><a href='https:\/\/goias.gov.br\/ceasa\/\/ouvidoria\/' target='_blank'>OUVIDORIA - ATENDIMENTO PRESENCIAL<\/a><\/li><li><a href='https:\/\/www.go.gov.br\/servicos-digitais\/cge\/nova-ouvidoria\/nova-manifestacao?orgao=5' target='_blank'>OUVIDORIA ELETR\u00d4NICO\/E-SIC<\/a><\/li><\/ul><\/div><div class='sitemap-group'><h3>P<\/h3><ul><li><a href='https:\/\/goias.gov.br\/ceasa\/plano-de-gestao-ambiental\/' target='_blank'>PLANO DE GEST\u00c3O AMBIENTAL<\/a><\/li><li><a href='https:\/\/transparencia.go.gov.br\/' target='_blank'>PORTAL DA TRANSPAR\u00caNCIA<\/a><\/li><li><a href='https:\/\/goias.gov.br\/controladoria\/programa-de-compliance-publico-do-governo-de-goias\/' target='_blank'>PCP<\/a><\/li><li><a href='https:\/\/goias.gov.br\/procuradoria\/' target='_blank'>PROCURADORIA-GERAL DO ESTADO DE GOI\u00c1S<\/a><\/li><li><a href='https:\/\/app.powerbi.com\/view?r=eyJrIjoiYzBiOTRmYjYtM2NmOC00OGVhLWFmZmUtMWQxNmVlMmU2NzE5IiwidCI6IjY3ZmQ0MzFjLWIyYWQtNDg2Ny04MWJjLWQ3NTYyMjBiNTZkNCJ9&pageName=ReportSection7765beba28765a9ded12' target='_blank'>PAINEL DAS ESTATAIS<\/a><\/li><li><a href='https:\/\/goias.gov.br\/ceasa\/perguntas-frequentes\/' target='_blank'>PERGUNTAS E RESPOSTAS FREQUENTES<\/a><\/li><li><a href='https:\/\/goias.gov.br\/ceasa\/politica-de-remuneracao\/' target='_blank'>POL\u00cdTICA DE REMUNERA\u00c7\u00c3O<\/a><\/li><li><a href='https:\/\/goias.gov.br\/ceasa\/formento\/' target='_blank'>\n PARCERIAS COM OSCS<\/a><\/li><li><a href='https:\/\/goias.gov.br\/ceasa\/formento\/' target='_blank'>PARCERIAS COM OSCS<\/a><\/li><li><a href='https:\/\/goias.gov.br\/ceasa\/relatorio-do-conselho-fiscal\/' target='_blank'>PARECER DO CONSELHO FISCAL<\/a><\/li><li><a href='https:\/\/goias.gov.br\/ceasa\/\/plano-estrategia-institucional\/' target='_blank'>PLANO DE ESTRAT\u00c9GICO INSTITUCIONAL<\/a><\/li><li><a href='https:\/\/goias.gov.br\/ceasa\/\/plano-estrategia-institucional\/' target='_blank'>PLANO DE NEG\u00d3CIOS<\/a><\/li><li><a href='https:\/\/ppa.go.gov.br\/' target='_blank'>PPA<\/a><\/li><li><a href='https:\/\/goias.gov.br\/ceasa\/\/plano-de-negocios-e-projetos\/' target='_blank'>PLANO DE GEST\u00c3O AMBIENTAL E PROJETOS<\/a><\/li><li><a href='https:\/\/goias.gov.br\/ceasa\/wp-content\/uploads\/sites\/48\/2025\/07\/SEI_77378748_Politica.pdf' target='_blank'>POL\u00cdTICA DE PRIVACIDADE E PROTE\u00c7\u00c3O DE DADOS<\/a><\/li><li><a href='https:\/\/app.powerbi.com\/view?r=eyJrIjoiNmRhN2MzZmYtMWZkMi00ODdmLWJhNGQtYTJkODcwNDJlMTU4IiwidCI6IjY3ZmQ0MzFjLWIyYWQtNDg2Ny04MWJjLWQ3NTYyMjBiNTZkNCJ9' target='_blank'>PESQUISAS DE SATISFA\u00c7\u00c3O<\/a><\/li><li><a href='https:\/\/goias.gov.br\/ceasa\/\/politica-de-divulgacao-de-informacoes\/' target='_blank'>POL\u00cdTICA DE DIVULGA\u00c7\u00c3O DE INFORMA\u00c7\u00d5ES<\/a><\/li><li><a href='https:\/\/goias.gov.br\/ceasa\/\/politica-de-distribuicao-de-dividendos\/' target='_blank'>POL\u00cdTICA DE DISTRIBUI\u00c7\u00c3O DE DIVIDENDOS<\/a><\/li><li><a href='https:\/\/goias.gov.br\/ceasa\/\/politica-de-transacoes-com-partes-relacionadas\/' target='_blank'>POL\u00cdTICA DE TRANSA\u00c7\u00d5ES COM PARTES RELACIONADAS<\/a><\/li><li><a href='https:\/\/goias.gov.br\/ceasa\/\/projetos-de-participacao-social\/' target='_blank'>PROJETOS DE PARTICIPA\u00c7\u00c3O SOCIAL<\/a><\/li><li><a href='https:\/\/goias.gov.br\/ceasa\/projetos-de-inovacao-no-servico-publico\/' target='_blank'>PROJETOS DE INOVA\u00c7\u00c3O NO SERVI\u00c7O P\u00daBLICO<\/a><\/li><\/ul><\/div><div class='sitemap-group'><h3>R<\/h3><ul><li><a href='https:\/\/goias.gov.br\/ceasa\/relatorio-de-gestao\/' target='_blank'>RELAT\u00d3RIO DE ADMINISTRA\u00c7\u00c3O<\/a><\/li><li><a href='https:\/\/radardatransparencia.atricon.org.br\/' target='_blank'>RADAR DA TRANSPAR\u00caNCIA<\/a><\/li><li><a href='https:\/\/goias.gov.br\/ceasa\/\/receita-prevista-x-realizada1\/' target='_blank'>RECEITA PREVIS\u00c3O E REALIZA\u00c7\u00c3O<\/a><\/li><li><a href='https:\/\/goias.gov.br\/ceasa\/relacao-de-terceirizados\/' target='_blank'>RELA\u00c7\u00c3O DE TERCEIRIZADOS<\/a><\/li><li><a href='https:\/\/goias.gov.br\/ceasa\/regulamento-interno-de-licitacoes-e-contratos-licitacoes\/' target='_blank'>REGULAMENTO INTERNO DE LICITA\u00c7\u00d5ES E CONTRATOS<\/a><\/li><li><a href='https:\/\/goias.gov.br\/ceasa\/renovacao-de-concessoes-onerosas-no-001-2024\/' target='_blank'>RENOVA\u00c7\u00c3O DE CONCESS\u00d5ES<\/a><\/li><li><a href='https:\/\/goias.gov.br\/ceasa\/contratos\/' target='_blank'>\n RELA\u00c7\u00c3O DOS FISCAIS DOS CONTRATOS<\/a><\/li><li><a href='https:\/\/goias.gov.br\/ceasa\/contratos\/' target='_blank'>RELA\u00c7\u00c3O DOS FISCAIS DOS CONTRATOS<\/a><\/li><li><a href='https:\/\/goias.gov.br\/ceasa\/\/relatorio-de-auditoria-independente\/' target='_blank'>RELAT\u00d3RIO DE AUDITORIA INDEPENDENTE<\/a><\/li><li><a href='https:\/\/goias.gov.br\/ceasa\/\/relatorio-integrado-ou-de-sustentabilidade-2\/' target='_blank'>RELAT\u00d3RIO INTEGRADO OU DE SUSTENTABILIDADE<\/a><\/li><li><a href='https:\/\/www.ouvidoriageral.go.gov.br\/api\/relatorio_gestao.php?tipo=7&orgao=5' target='_blank'>RELAT\u00d3RIO DE PEDIDOS DE ACESSO \u00c0 INFORMA\u00c7\u00c3O\u00a0<\/a><\/li><li><a href='https:\/\/goias.gov.br\/ceasa\/relatorio-de-gestao-da-ouvidoria\/' target='_blank'>RELAT\u00d3RIO DE GEST\u00c3O DA OUVIDORIA<\/a><\/li><li><a href='https:\/\/transparencia.go.gov.br\/governo-digital\/' target='_blank'>REGULAMENTA\u00c7\u00c3O DA LEI DO GOVERNO DIGITAL<\/a><\/li><\/ul><\/div><div class='sitemap-group'><h3>S<\/h3><ul><li><a href='https:\/\/goias.gov.br\/administracao\/siga-eng\/' target='_blank'>SIGA<\/a><\/li><li><a href='https:\/\/www.go.gov.br\/unidadesvaptvupt' target='_blank'>SIC - SERVI\u00c7O DE INFORMA\u00c7\u00c3O AO CIDAD\u00c3O<\/a><\/li><li><a href='https:\/\/sei.go.gov.br\/sei\/modulos\/goias\/login-sei\/MdGoiasLoginSEI.php?acao=md_goias_login_SEI&sigla_orgao_sistema=GOVERNADORIA&sigla_sistema=SEI&infra_url=L3NlaS8=' target='_blank'>SEI GOVERNADORIA<\/a><\/li><li><a href='https:\/\/vaptvupt.go.gov.br\/unidades' target='_blank'>SIC F\u00cdSICO\u00a0 - UNIDADES DO VAPT-VUPT<\/a><\/li><\/ul><\/div><div class='sitemap-group'><h3>T<\/h3><ul><li><a href='https:\/\/www.tjgo.jus.br\/' target='_blank'>TRIBUNAL DE JUSTI\u00c7A DO ESTADO DE GOI\u00c1S<\/a><\/li><li><a href='https:\/\/twitter.com\/ceasagoias' target='_blank'>TWITTER<\/a><\/li><li><a href='https:\/\/goias.gov.br\/ceasa\/\/estrutura-remuneratoria-de-cargos\/' target='_blank'>TABELA REMUNERAT\u00d3RIA<\/a><\/li><\/ul><\/div><\/div>\n","protected":false},"excerpt":{"rendered":"","protected":false},"author":7,"featured_media":0,"parent":0,"menu_order":0,"comment_status":"closed","ping_status":"closed","template":"","meta":{"footnotes":""},"class_list":["post-7798","page","type-page","status-publish","hentry"],"rttpg_featured_image_url":null,"rttpg_author":{"display_name":"gustavogoncalves","author_link":"https:\/\/goias.gov.br\/ceasa\/author\/gustavogoncalves\/"},"rttpg_comment":0,"rttpg_category":null,"rttpg_excerpt":null,"_links":{"self":[{"href":"https:\/\/goias.gov.br\/ceasa\/wp-json\/wp\/v2\/pages\/7798","targetHints":{"allow":["GET"]}}],"collection":[{"href":"https:\/\/goias.gov.br\/ceasa\/wp-json\/wp\/v2\/pages"}],"about":[{"href":"https:\/\/goias.gov.br\/ceasa\/wp-json\/wp\/v2\/types\/page"}],"author":[{"embeddable":true,"href":"https:\/\/goias.gov.br\/ceasa\/wp-json\/wp\/v2\/users\/7"}],"replies":[{"embeddable":true,"href":"https:\/\/goias.gov.br\/ceasa\/wp-json\/wp\/v2\/comments?post=7798"}],"version-history":[{"count":2,"href":"https:\/\/goias.gov.br\/ceasa\/wp-json\/wp\/v2\/pages\/7798\/revisions"}],"predecessor-version":[{"id":10505,"href":"https:\/\/goias.gov.br\/ceasa\/wp-json\/wp\/v2\/pages\/7798\/revisions\/10505"}],"wp:attachment":[{"href":"https:\/\/goias.gov.br\/ceasa\/wp-json\/wp\/v2\/media?parent=7798"}],"curies":[{"name":"wp","href":"https:\/\/api.w.org\/{rel}","templated":true}]}}