

{"id":1911,"date":"2024-02-26T14:28:40","date_gmt":"2024-02-26T17:28:40","guid":{"rendered":"https:\/\/siteshom.goias.gov.br\/casamilitar\/?page_id=1911"},"modified":"2026-03-23T14:05:25","modified_gmt":"2026-03-23T17:05:25","slug":"home","status":"publish","type":"page","link":"https:\/\/goias.gov.br\/casamilitar\/","title":{"rendered":"Home"},"content":{"rendered":"\t\t<div data-elementor-type=\"wp-page\" data-elementor-id=\"1911\" class=\"elementor elementor-1911\">\n\t\t\t\t<div class=\"elementor-element elementor-element-1e2b2b0 e-flex e-con-boxed e-con e-parent\" data-id=\"1e2b2b0\" data-element_type=\"container\" data-e-type=\"container\">\n\t\t\t\t\t<div class=\"e-con-inner\">\n\t\t\t\t<div class=\"elementor-element elementor-element-587101e elementor-widget elementor-widget-image\" data-id=\"587101e\" data-element_type=\"widget\" data-e-type=\"widget\" data-widget_type=\"image.default\">\n\t\t\t\t<div class=\"elementor-widget-container\">\n\t\t\t\t\t\t\t\t\t\t\t\t\t\t\t<img decoding=\"async\" src=\"https:\/\/goias.gov.br\/casamilitar\/wp-content\/uploads\/sites\/52\/2024\/02\/compliance-2022-sem-o-logo.png\" title=\"\" alt=\"\" loading=\"lazy\" \/>\t\t\t\t\t\t\t\t\t\t\t\t\t\t\t<\/div>\n\t\t\t\t<\/div>\n\t\t\t\t\t<\/div>\n\t\t\t\t<\/div>\n\t\t<div class=\"elementor-element elementor-element-83a8c05 e-flex e-con-boxed e-con e-parent\" data-id=\"83a8c05\" data-element_type=\"container\" data-e-type=\"container\">\n\t\t\t\t\t<div class=\"e-con-inner\">\n\t\t<div class=\"elementor-element elementor-element-a9f6b5b e-con-full e-flex e-con e-child\" data-id=\"a9f6b5b\" data-element_type=\"container\" data-e-type=\"container\" data-settings=\"{&quot;background_background&quot;:&quot;classic&quot;}\">\n\t\t\t\t<div class=\"elementor-element elementor-element-1cfe566 elementor-widget elementor-widget-text-editor\" data-id=\"1cfe566\" data-element_type=\"widget\" data-e-type=\"widget\" data-widget_type=\"text-editor.default\">\n\t\t\t\t<div class=\"elementor-widget-container\">\n\t\t\t\t\t\t\t\t\t<h3 style=\"text-align: right;\"><span style=\"color: #ffffff;\"><a style=\"color: #ffffff;\" href=\"\/casamilitar\/relacao-de-secretarias-do-pplt\/\">Conhe\u00e7a a Rela\u00e7\u00e3o de \u00d3rg\u00e3os do Pal\u00e1cio Pedro Ludovico Teixeira<\/a><\/span><\/h3>\t\t\t\t\t\t\t\t<\/div>\n\t\t\t\t<\/div>\n\t\t\t\t<\/div>\n\t\t<div class=\"elementor-element elementor-element-d57d8ec e-con-full e-flex e-con e-child\" data-id=\"d57d8ec\" data-element_type=\"container\" data-e-type=\"container\" data-settings=\"{&quot;background_background&quot;:&quot;classic&quot;}\">\n\t\t\t\t<div class=\"elementor-element elementor-element-a39d1ad elementor-widget elementor-widget-text-editor\" data-id=\"a39d1ad\" data-element_type=\"widget\" data-e-type=\"widget\" data-widget_type=\"text-editor.default\">\n\t\t\t\t<div class=\"elementor-widget-container\">\n\t\t\t\t\t\t\t\t\t<h3><a href=\"\/casamilitar\/palacio-das-esmeraldas\/\"><br \/><span style=\"color: #ffffff;\">Conhe\u00e7a o Pal\u00e1cio das Esmeraldas<\/span><\/a><\/h3>\t\t\t\t\t\t\t\t<\/div>\n\t\t\t\t<\/div>\n\t\t\t\t<\/div>\n\t\t\t\t\t<\/div>\n\t\t\t\t<\/div>\n\t\t\t\t<\/div>\n\t\t","protected":false},"excerpt":{"rendered":"<p>Conhe\u00e7a a Rela\u00e7\u00e3o de \u00d3rg\u00e3os do Pal\u00e1cio Pedro Ludovico Teixeira Conhe\u00e7a o Pal\u00e1cio das Esmeraldas<\/p>\n","protected":false},"author":7,"featured_media":0,"parent":0,"menu_order":0,"comment_status":"closed","ping_status":"closed","template":"elementor_header_footer","meta":{"footnotes":""},"class_list":["post-1911","page","type-page","status-publish","hentry"],"rttpg_featured_image_url":null,"rttpg_author":{"display_name":"gustavogoncalves","author_link":"https:\/\/goias.gov.br\/casamilitar\/author\/gustavogoncalves\/"},"rttpg_comment":0,"rttpg_category":null,"rttpg_excerpt":"Conhe\u00e7a a Rela\u00e7\u00e3o de \u00d3rg\u00e3os do Pal\u00e1cio Pedro Ludovico Teixeira Conhe\u00e7a o Pal\u00e1cio das Esmeraldas","_links":{"self":[{"href":"https:\/\/goias.gov.br\/casamilitar\/wp-json\/wp\/v2\/pages\/1911","targetHints":{"allow":["GET"]}}],"collection":[{"href":"https:\/\/goias.gov.br\/casamilitar\/wp-json\/wp\/v2\/pages"}],"about":[{"href":"https:\/\/goias.gov.br\/casamilitar\/wp-json\/wp\/v2\/types\/page"}],"author":[{"embeddable":true,"href":"https:\/\/goias.gov.br\/casamilitar\/wp-json\/wp\/v2\/users\/7"}],"replies":[{"embeddable":true,"href":"https:\/\/goias.gov.br\/casamilitar\/wp-json\/wp\/v2\/comments?post=1911"}],"version-history":[{"count":2,"href":"https:\/\/goias.gov.br\/casamilitar\/wp-json\/wp\/v2\/pages\/1911\/revisions"}],"predecessor-version":[{"id":25620,"href":"https:\/\/goias.gov.br\/casamilitar\/wp-json\/wp\/v2\/pages\/1911\/revisions\/25620"}],"wp:attachment":[{"href":"https:\/\/goias.gov.br\/casamilitar\/wp-json\/wp\/v2\/media?parent=1911"}],"curies":[{"name":"wp","href":"https:\/\/api.w.org\/{rel}","templated":true}]}}