

{"id":1905,"date":"2024-02-26T14:25:07","date_gmt":"2024-02-26T17:25:07","guid":{"rendered":"https:\/\/siteshom.goias.gov.br\/casamilitar\/?page_id=1905"},"modified":"2024-07-08T23:49:03","modified_gmt":"2024-07-09T02:49:03","slug":"mapa-do-site","status":"publish","type":"page","link":"https:\/\/goias.gov.br\/casamilitar\/mapa-do-site\/","title":{"rendered":"Mapa do Site"},"content":{"rendered":"<div id=\"custom-sitemap\" class=\"sitemap-container\"><div class='sitemap-group'><h3>A<\/h3><ul><li><a href='https:\/\/goias.gov.br\/casamilitar\/a-secretaria\/' target='_blank'>A SECRETARIA<\/a><\/li><li><a href='https:\/\/goias.gov.br\/casamilitar\/acesso-a-informacao\/' target='_blank'>ACESSO \u00c0 INFORMA\u00c7\u00c3O<\/a><\/li><li><a href='https:\/\/portal.al.go.leg.br\/' target='_blank'>ASSEMBL\u00c9IA LEGISLATIVA DO ESTADO DE GOI\u00c1S<\/a><\/li><li><a href='\/casamilitar\/agenda-de-autoridades\/' target='_blank'>AGENDA DE AUTORIDADE<\/a><\/li><li><a href='https:\/\/goias.gov.br\/casamilitar\/acordos-sem-transferencia-de-recursos\/' target='_blank'>ACORDOS SEM TRANSFER\u00caNCIA DE RECURSO<\/a><\/li><li><a href='https:\/\/goias.gov.br\/casamilitar\/autoridade-de-monitoramento-de-pedidos-de-acesso-a-informacao\/' target='_blank'>AUTORIDADE DE MONITORAMENTO DA APLICA\u00c7\u00c3O DA LAI<\/a><\/li><li><a href='https:\/\/goias.gov.br\/casamilitar\/audiencias-publicas\/' target='_blank'>AUDI\u00caNCIA P\u00daBLICAS<\/a><\/li><\/ul><\/div><div class='sitemap-group'><h3>B<\/h3><ul><li><a href='https:\/\/goias.gov.br\/casamilitar\/wp-content\/uploads\/sites\/52\/2018\/06\/bens-permanentes-SECAMI-1.pdf' target='_blank'>BENS M\u00d3VEIS<\/a><\/li><li><a href='https:\/\/www.transparencia.go.gov.br\/wp-content\/uploads\/sites\/2\/painel\/lai.php?painel=bens_imoveis&orgao=cm' target='_blank'>BENS IM\u00d3VEIS<\/a><\/li><li><a href='https:\/\/goias.gov.br\/economia\/prestacao-de-contas-de-governo\/' target='_blank'>BALAN\u00c7O GERAL DO\u00a0ESTADO<\/a><\/li><\/ul><\/div><div class='sitemap-group'><h3>C<\/h3><ul><li><a href='https:\/\/www.go.gov.br\/servicos\/servicos-por-orgao\/secretaria-de-estado-da-casa-militar' target='_blank'>CARTA DE SERVI\u00c7OS<\/a><\/li><li><a href='https:\/\/goias.gov.br\/casamilitar\/competencias\/' target='_blank'>COMPET\u00caNCIAS<\/a><\/li><li><a href='https:\/\/goias.gov.br\/casamilitar\/quem-e-quem-na-secretaria-de-estado-da-casa-militaroria\/' target='_blank'>CARGOS E SEUS OCUPANTES<\/a><\/li><li><a href='https:\/\/www.go.gov.br\/servicos\/servicos-por-orgao\/secretaria-de-estado-da-casa-militar' target='_blank'>CARTA DE SERVI\u00c7OS<\/a><\/li><li><a href='https:\/\/goias.gov.br\/casamilitar\/conselhos\/' target='_blank'>CONSELHOS<\/a><\/li><li><a href='https:\/\/goias.gov.br\/casamilitar\/convenios-recebidos\/' target='_blank'>CONV\u00caNIO RECEBIDOS<\/a><\/li><li><a href='https:\/\/goias.gov.br\/casamilitar\/convenios-concedidos-2\/' target='_blank'>CONV\u00caNIO CONCEDIDOS\u00a0<\/a><\/li><li><a href='https:\/\/www.comprasnet.go.gov.br\/' target='_blank'>COMPRASNET<\/a><\/li><li><a href='https:\/\/www.transparencia.go.gov.br\/lai.php?painel=contratos_detalhamento&orgao=cm' target='_blank'>CONTRATOS<\/a><\/li><li><a href='https:\/\/www.transparencia.go.gov.br\/wp-content\/uploads\/sites\/2\/painel\/lai.php?painel=contratos_emergenciais&orgao=cm' target='_blank'>CONTRATOS EMERGENCIAIS<\/a><\/li><li><a href='https:\/\/goias.gov.br\/casamilitar\/contratos-de-locacao-de-imoveis\/' target='_blank'>CONTRATOS DE LOCA\u00c7\u00c3O DE IM\u00d3VEIS<\/a><\/li><li><a href='https:\/\/goias.gov.br\/casamilitar\/classificacao-das-informacoes-sigilosas\/' target='_blank'>CLASSIFICA\u00c7\u00c3O DAS INFORMA\u00c7\u00d5ES SIGILOSAS<\/a><\/li><li><a href='https:\/\/goias.gov.br\/casamilitar\/consultas-publicas\/' target='_blank'>CONSULTAS P\u00daBLICAS<\/a><\/li><\/ul><\/div><div class='sitemap-group'><h3>D<\/h3><ul><li><a href='https:\/\/goias.gov.br\/casamilitar\/dados-abertos-goias\/' target='_blank'>DADOS ABERTOS GOI\u00c1S<\/a><\/li><li><a href='https:\/\/goias.gov.br\/casamilitar\/doacoes\/' target='_blank'>DOA\u00c7\u00d5ES<\/a><\/li><li><a href='https:\/\/www.transparencia.go.gov.br\/lai.php?painel=diarias&orgao=cm' target='_blank'>DI\u00c1RIAS<\/a><\/li><\/ul><\/div><div class='sitemap-group'><h3>E<\/h3><ul><li><a href='https:\/\/www.go.gov.br\/servicos-digitais\/cge\/nova-ouvidoria\/nova-manifestacao?orgao=32&tipo_manifestacao=7' target='_blank'>E-SIC - SERVI\u00c7O ELETR\u00d4NICO DE INFORMA\u00c7\u00c3O AO CIDAD\u00c3O<\/a><\/li><li><a href='https:\/\/goias.gov.br\/administracao\/casa-militar-dados-gerais\/' target='_blank'>ESTRUTURA ORGANIZACIONAL<\/a><\/li><li><a href='https:\/\/goias.gov.br\/casamilitar\/telefones-enderecos-e-horarios-de-atendimento\/' target='_blank'>ENDERE\u00c7OS, TEFONES, EMAILS\u00a0E HOR\u00c1RIOS DE ATENDIMENTO<\/a><\/li><li><a href='https:\/\/www.transparencia.go.gov.br\/lai.php?painel=empenhos&orgao=cm' target='_blank'>EMPENHOS E PAGAMENTOS<\/a><\/li><li><a href='https:\/\/www.transparencia.go.gov.br\/lai.php?painel=execucao_orcamentaria_visao_geral&orgao=cm' target='_blank'>EXECU\u00c7\u00c3O OR\u00c7AMENT\u00c1RIA<\/a><\/li><li><a href='https:\/\/goias.gov.br\/casamilitar\/emendas-parlamentares-estaduais\/' target='_blank'>EMENDAS PARLAMENTARES ESTADUAIS<\/a><\/li><li><a href='https:\/\/goias.gov.br\/casamilitar\/emendas-parlamentares-federais\/' target='_blank'>EMENDAS PARLAMENTARES FEDERAIS<\/a><\/li><li><a href='https:\/\/www.go.gov.br\/servicos-digitais\/cge\/nova-ouvidoria\/nova-manifestacao?orgao=32' target='_blank'>E-SIC ELETR\u00d4NICO<\/a><\/li><li><a href='https:\/\/goias.gov.br\/casamilitar\/encarregado-pelo-tratamento-de-dados-pessoais\/' target='_blank'>ENCARREGADO PELO TRATAMENTO DE DADOS PESSOAIS<\/a><\/li><li><a href='https:\/\/www.go.gov.br\/' target='_blank'>EXPRESSO GOI\u00c1S<\/a><\/li><\/ul><\/div><div class='sitemap-group'><h3>F<\/h3><ul><li><a href='https:\/\/goias.gov.br\/casamilitar\/fale-conosco\/' target='_blank'>FALE CONOSCO<\/a><\/li><li><a href='https:\/\/www.transparencia.go.gov.br\/lai.php?painel=folha_de_pagamento_salarios_de_servidores_ativos&orgao=cm' target='_blank'>FOLHA DE PAGAMENTO<\/a><\/li><\/ul><\/div><div class='sitemap-group'><h3>G<\/h3><ul><li><a href='https:\/\/goias.gov.br\/casamilitar\/gestao-de-pessoas\/' target='_blank'>GEST\u00c3O DE PESSOAS<\/a><\/li><li><a href='https:\/\/www.brasil.gov.br\/' target='_blank'>GOVERNO FEDERAL<\/a><\/li><li><a href='https:\/\/www.transparencia.go.gov.br\/' target='_blank'>GOI\u00c1S TRANSPAR\u00caNCIA<\/a><\/li><li><a href='https:\/\/www.transparencia.go.gov.br\/lai.php?painel=gastos_governamentais&orgao=cm' target='_blank'>GASTOS GOVERNAMENTAIS<\/a><\/li><li><a href='https:\/\/www.transparencia.go.gov.br\/lai.php?painel=publicidade_propaganda&orgao=cm' target='_blank'>GASTOS COM PUBLICIDADE E PROPAGANDA: SECAMI<\/a><\/li><\/ul><\/div><div class='sitemap-group'><h3>I<\/h3><ul><li><a href='https:\/\/www.transparencia.go.gov.br\/wp-content\/uploads\/sites\/2\/painel\/lai.php?painel=pda&orgao=cm' target='_blank'>INVENT\u00c1RIO DE DADOS<\/a><\/li><\/ul><\/div><div class='sitemap-group'><h3>J<\/h3><ul><li><a href='https:\/\/goias.gov.br\/casamilitar\/julgamento-das-contas-pelo-tribunal-de-contas-do-estado\/' target='_blank'>JULGAMENTO DAS CONTAS PELO TCE-GO<\/a><\/li><\/ul><\/div><div class='sitemap-group'><h3>L<\/h3><ul><li><a href='https:\/\/goias.gov.br\/casamilitar\/encarregado-pelo-tratamento-de-dados-pessoais-secami\/' target='_blank'>LPGD<\/a><\/li><li><a href='https:\/\/goias.gov.br\/casamilitar\/lgpd\/' target='_blank'>LGPD<\/a><\/li><li><a href='https:\/\/goias.gov.br\/casamilitar\/legislacao-aplicavel\/' target='_blank'>LEGISLA\u00c7\u00c3O APLIC\u00c1VEL\u00a0<\/a><\/li><li><a href='https:\/\/goias.gov.br\/casamilitar\/lista-de-estagiarios\/' target='_blank'>LISTA DE ESTAGI\u00c1RIOS<\/a><\/li><li><a href='https:\/\/www.transparencia.go.gov.br\/lai.php?painel=licitacoes_licitacoes_concluidas&orgao=cm' target='_blank'>LICITA\u00c7\u00d5ES  LICITA\u00c7\u00d5ES <\/a><\/li><li><a href='https:\/\/www.transparencia.go.gov.br\/lai.php?painel=licitacoes_licitacoes_concluidas&orgao=cm' target='_blank'>LICITA\u00c7\u00d5ES  \u2013 COMPRASNET<\/a><\/li><li><a href='https:\/\/www.transparencia.go.gov.br\/wp-content\/uploads\/sites\/2\/painel\/lai.php?painel=licitacoes_concluidas_sislog&orgao=cm' target='_blank'>LICITA\u00c7\u00d5ES \u2013 SISLOG<\/a><\/li><li><a href='https:\/\/transparencia.go.gov.br\/fornecedores-impedidos\/' target='_blank'>LICITANTES SANCIONADOS ADMINISTRATIVAMENTE<\/a><\/li><li><a href='https:\/\/transparencia.go.gov.br\/orcamento-e-planejamento-pecas\/' target='_blank'>LDO\/LOA<\/a><\/li><li><a href='https:\/\/legisla.casacivil.go.gov.br\/pesquisa_legislacao\/90142\/lei-18025' target='_blank'>LEI DE ACESSO \u00c0 INFORMA\u00c7\u00c3O ESTADUAL<\/a><\/li><\/ul><\/div><div class='sitemap-group'><h3>O<\/h3><ul><li><a href='https:\/\/www.go.gov.br\/servicos-digitais\/cge\/nova-ouvidoria?orgao=32' target='_blank'>OUVIDORIA SETORIAL<\/a><\/li><li><a href='https:\/\/goias.gov.br\/casamilitar\/ouvidoria-setorial-expresso\/' target='_blank'>OUVIDORIA SETORIAL (EXPRESSO)<\/a><\/li><li><a href='https:\/\/www.transparencia.go.gov.br\/wp-content\/uploads\/sites\/2\/painel\/lai.php?painel=ordem_cronologica_despesas&orgao=cm' target='_blank'>ORDEM CRONOL\u00d3GICA DE PAGAMENTO<\/a><\/li><li><a href='https:\/\/goias.gov.br\/casamilitar\/obras\/' target='_blank'>OBRAS<\/a><\/li><li><a href='https:\/\/goias.gov.br\/casamilitar\/obras-paralisadas\/' target='_blank'>OBRAS PARALISADAS<\/a><\/li><li><a href='https:\/\/goias.gov.br\/casamilitar\/obras-audiencias-consultas-publicas\/' target='_blank'>OBRAS - AUDI\u00caNCIA\/CONSULTAS P\u00daBLICAS\u00a0<\/a><\/li><li><a href='https:\/\/goias.gov.br\/casamilitar\/?p=1505' target='_blank'>OUVIDORIA - ATENDIMENTO PRESENCIAL <\/a><\/li><\/ul><\/div><div class='sitemap-group'><h3>P<\/h3><ul><li><a href='https:\/\/goias.gov.br\/casamilitar\/\/index.php?option=com_content&view=article&layout=edit&id=485' target='_blank'>PROGRAMA DE COMPLIANCE P\u00daBLICO (PCP)<\/a><\/li><li><a href='https:\/\/goias.gov.br\/casamilitar\/programa-de-compliance-publico-pcp-2\/' target='_blank'>PROGRAMA DE COMPLIANCE P\u00daBLICO - PCP<\/a><\/li><li><a href='https:\/\/goias.gov.br\/casamilitar\/?p=627' target='_blank'>PERGUNTAS E RESPOSTAS FREQUENTES<\/a><\/li><li><a href='https:\/\/sislog.go.gov.br\/Pca' target='_blank'>PCA PLANO DE CONTRATA\u00c7\u00c3O ANUAL<\/a><\/li><li><a href='https:\/\/www.gov.br\/pncp\/pt-br\/acesso-a-informacao\/painel-pncp-em-numeros\/pncp-em-numeros-contratacoes\/pncp-em-numeros-municipio' target='_blank'>PNCP<\/a><\/li><li><a href='https:\/\/goias.gov.br\/casamilitar\/parcerias-com-oscs\/' target='_blank'>PARCERIAS COM OSCS<\/a><\/li><li><a href='https:\/\/goias.gov.br\/casamilitar\/wp-content\/uploads\/sites\/52\/2025\/09\/PLANO-ESTRATEGICO-1.pdf' target='_blank'>PLANO ESTRAT\u00c9GICO INSTITUCIONAL<\/a><\/li><li><a href='https:\/\/ppa.go.gov.br\/' target='_blank'>PPA<\/a><\/li><li><a href='https:\/\/www.planalto.gov.br\/ccivil_03\/_ato2015-2018\/2018\/lei\/l13709.htm' target='_blank'>POL\u00cdTICA DE PRIVACIDADE E PROTE\u00c7\u00c3O DE DADOS<\/a><\/li><li><a href='https:\/\/app.powerbi.com\/view?r=eyJrIjoiNmRhN2MzZmYtMWZkMi00ODdmLWJhNGQtYTJkODcwNDJlMTU4IiwidCI6IjY3ZmQ0MzFjLWIyYWQtNDg2Ny04MWJjLWQ3NTYyMjBiNTZkNCJ9' target='_blank'>PESQUISA DE SATISFA\u00c7\u00c3O<\/a><\/li><li><a href='https:\/\/transparencia.go.gov.br\/' target='_blank'>PORTAL GOI\u00c1S TRANSPARENTE<\/a><\/li><li><a href='https:\/\/goias.gov.br\/casamilitar\/projetos-de-participacao-social\/' target='_blank'>PROJETOS DE PARTICIPA\u00c7\u00c3O SOCIAL<\/a><\/li><li><a href='https:\/\/goias.gov.br\/casamilitar\/projetos-de-inovacao-no-servico-publico-2\/' target='_blank'>PROJETOS DE INOVA\u00c7\u00c3O NO SERVI\u00c7O P\u00daBLICO<\/a><\/li><\/ul><\/div><div class='sitemap-group'><h3>R<\/h3><ul><li><a href='https:\/\/www.transparencia.go.gov.br\/wp-content\/uploads\/sites\/2\/painel\/lai.php?painel=receitas_estaduais&orgao=cm' target='_blank'>RECEITA ESTADUAL SECAMI<\/a><\/li><li><a href='https:\/\/goias.gov.br\/casamilitar\/relacao-de-terceirizados-acesso-a-informacao\/' target='_blank'>RELA\u00c7\u00c3O DE TERCEIRIZADOS<\/a><\/li><li><a href='https:\/\/www.transparencia.go.gov.br\/wp-content\/uploads\/sites\/2\/painel\/lai.php?painel=contratos_fiscais_e_gestores&orgao=cm' target='_blank'>RELA\u00c7\u00c3O DOS FISCAIS DOS CONTRATOS<\/a><\/li><li><a href='https:\/\/goias.gov.br\/casamilitar\/frota-de-veiculos\/' target='_blank'>RELA\u00c7\u00c3O DE VE\u00cdCULOS<\/a><\/li><li><a href='https:\/\/goias.gov.br\/casamilitar\/relatorio-de-gestao-ou-atividades\/' target='_blank'>RELAT\u00d3RIO DE GEST\u00c3O OU ATIVIDADES<\/a><\/li><li><a href='https:\/\/transparencia.go.gov.br\/gestao-fiscal-e-governamental-rgf\/' target='_blank'>RGF<\/a><\/li><li><a href='https:\/\/transparencia.go.gov.br\/rreo\/' target='_blank'>RREO<\/a><\/li><li><a href='https:\/\/goias.gov.br\/casamilitar\/wp-content\/uploads\/sites\/52\/2018\/06\/Relatorio-de-Monitoramento-Comparativo-2024-2025.pdf' target='_blank'>RELAT\u00d3RIO DE MONITORAMENTO DE PROGRAMAS, PROJETOS, A\u00c7\u00d5ES E ATIVIDADES<\/a><\/li><li><a href='https:\/\/www.ouvidoriageral.go.gov.br\/api\/relatorio_gestao.php?tipo=7&orgao=32' target='_blank'>RELAT\u00d3RIOS DE PEDIDOS DE ACESSO \u00c0\u00a0INFORMA\u00c7\u00c3O<\/a><\/li><\/ul><\/div><div class='sitemap-group'><h3>S<\/h3><ul><li><a href='https:\/\/www.gabinetecivil.go.gov.br\/' target='_blank'>SECRETARIA DE ESTADO DA CASA CIVIL<\/a><\/li><li><a href='https:\/\/www.go.gov.br\/unidadesvaptvupt' target='_blank'>SIC - SERVI\u00c7O DE INFORMA\u00c7\u00c3O AO CIDAD\u00c3O<\/a><\/li><li><a href='https:\/\/goias.gov.br\/casamilitar\/sobre-a-ouvidoria\/' target='_blank'>SOBRE A OUVIDORIA<\/a><\/li><li><a href='https:\/\/sislog.go.gov.br\/' target='_blank'>SISLOG<\/a><\/li><li><a href='https:\/\/vaptvupt.go.gov.br\/unidades' target='_blank'>SIC F\u00cdSICO - UNIDADES DO VAPT VUPT<\/a><\/li><li><a href='https:\/\/www.segplan.go.gov.br\/index.php?option=com_content&view=article&id=19100' target='_blank'>16000 - SECRETARIA DE ESTADO DA CASA MILITAR (CM)<\/a><\/li><\/ul><\/div><\/div>\n","protected":false},"excerpt":{"rendered":"","protected":false},"author":7,"featured_media":0,"parent":0,"menu_order":0,"comment_status":"closed","ping_status":"closed","template":"","meta":{"footnotes":""},"class_list":["post-1905","page","type-page","status-publish","hentry"],"rttpg_featured_image_url":null,"rttpg_author":{"display_name":"gustavogoncalves","author_link":"https:\/\/goias.gov.br\/casamilitar\/author\/gustavogoncalves\/"},"rttpg_comment":0,"rttpg_category":null,"rttpg_excerpt":null,"_links":{"self":[{"href":"https:\/\/goias.gov.br\/casamilitar\/wp-json\/wp\/v2\/pages\/1905","targetHints":{"allow":["GET"]}}],"collection":[{"href":"https:\/\/goias.gov.br\/casamilitar\/wp-json\/wp\/v2\/pages"}],"about":[{"href":"https:\/\/goias.gov.br\/casamilitar\/wp-json\/wp\/v2\/types\/page"}],"author":[{"embeddable":true,"href":"https:\/\/goias.gov.br\/casamilitar\/wp-json\/wp\/v2\/users\/7"}],"replies":[{"embeddable":true,"href":"https:\/\/goias.gov.br\/casamilitar\/wp-json\/wp\/v2\/comments?post=1905"}],"version-history":[{"count":2,"href":"https:\/\/goias.gov.br\/casamilitar\/wp-json\/wp\/v2\/pages\/1905\/revisions"}],"predecessor-version":[{"id":2134,"href":"https:\/\/goias.gov.br\/casamilitar\/wp-json\/wp\/v2\/pages\/1905\/revisions\/2134"}],"wp:attachment":[{"href":"https:\/\/goias.gov.br\/casamilitar\/wp-json\/wp\/v2\/media?parent=1905"}],"curies":[{"name":"wp","href":"https:\/\/api.w.org\/{rel}","templated":true}]}}