

{"id":13570,"date":"2025-06-27T10:06:40","date_gmt":"2025-06-27T13:06:40","guid":{"rendered":"https:\/\/goias.gov.br\/casamilitar\/?page_id=13570"},"modified":"2025-06-27T11:55:12","modified_gmt":"2025-06-27T14:55:12","slug":"lgpd","status":"publish","type":"page","link":"https:\/\/goias.gov.br\/casamilitar\/lgpd\/","title":{"rendered":"LGPD"},"content":{"rendered":"\n<p>O Encarregado \u00e9 a pessoa indicada pelo controlador e operador para atuar como canal de comunica\u00e7\u00e3o entre o controlador, os titulares dos dados e a Autoridade Nacional de Prote\u00e7\u00e3o de Dados (ANPD) (<a href=\"http:\/\/www.planalto.gov.br\/ccivil_03\/_ato2015-2018\/2018\/lei\/l13709.htm\"><u>art. 5\u00b0, VIII, Lei n\u00ba 13.709\/2018 \u2013 LGPD<\/u><\/a>).<\/p>\n\n\n\n<p><strong>Encarregado pelo Tratamento de Dados Pessoais da Secretaria de Estado de Comunica\u00e7\u00e3o<\/strong><\/p>\n\n\n\n<p><strong>Geraldo Henrique de Oliveira Brand\u00e3o<\/strong><\/p>\n\n\n\n<p><a href=\"file:\/\/\/C:\/Users\/fabio.arocha\/Downloads\/SEI_75902264_Portaria_66.pdf\">Portaria n\u00ba 066\/2025<\/a><\/p>\n\n\n\n<p><\/p>\n\n\n\n<p><strong>Telefone<\/strong><\/p>\n\n\n\n<p>62-3201-5011<\/p>\n\n\n\n<p><strong>E-mail<\/strong><\/p>\n\n\n\n<p><a href=\"mailto:wesley.gcosta@goias.gov.br\">geraldo.henrique@goias.gov.br<\/a><\/p>\n\n\n\n<p>Este e-mail n\u00e3o substitui os demais canais de atendimento regulares do Governo de Goi\u00e1s e n\u00e3o deve ser utilizado para o exerc\u00edcio de Direitos dos Titulares, os quais est\u00e3o acess\u00edveis pelo&nbsp;<a href=\"https:\/\/www.go.gov.br\/servicos-digitais\/cge\/nova-ouvidoria\/pedido-informacao-publica\"><u>Portal Expresso<\/u><\/a>.<\/p>\n\n\n\n<p><strong>Endere\u00e7o<\/strong><\/p>\n\n\n\n<p>Secretaria de Estado de Comunica\u00e7\u00e3o<\/p>\n\n\n\n<p>Rua 82, n\u00ba 400 Ed. Pal\u00e1cio Pedro Ludovico Teixeira, 9\u00ba andar, Setor Central \u2013<\/p>\n\n\n\n<p>CEP: 74.015-908 \u2013 Goi\u00e2nia-GO<\/p>\n\n\n\n<p><strong>Previs\u00e3o legal<\/strong><\/p>\n\n\n\n<p>Artigo 41, \u00a71\u00ba, LGPD<\/p>\n\n\n\n<p>\u201c<em>A identidade e as informa\u00e7\u00f5es de contato do encarregado dever\u00e3o ser divulgadas publicamente, de forma clara e objetiva, preferencialmente no s\u00edtio eletr\u00f4nico do controlador.\u201d<\/em><\/p>\n\n\n\n<p><strong>Atribui\u00e7\u00f5es<\/strong><\/p>\n\n\n\n<p>Artigo 41, \u00a72\u00ba, LGPD<\/p>\n\n\n\n<p>\u2013 aceitar reclama\u00e7\u00f5es e comunica\u00e7\u00f5es dos titulares, prestar esclarecimentos e adotar provid\u00eancias;<\/p>\n\n\n\n<p>\u2013 receber comunica\u00e7\u00f5es da autoridade nacional e adotar provid\u00eancias;<\/p>\n\n\n\n<p>\u2013 orientar os funcion\u00e1rios e os contratados da entidade a respeito das pr\u00e1ticas a serem tomadas em rela\u00e7\u00e3o \u00e0 prote\u00e7\u00e3o de dados pessoais; e<\/p>\n\n\n\n<p>\u2013 executar as demais atribui\u00e7\u00f5es determinadas pelo controlador ou estabelecidas em normas complementares.<\/p>\n","protected":false},"excerpt":{"rendered":"<p>O Encarregado \u00e9 a pessoa indicada pelo controlador e operador para atuar como canal de comunica\u00e7\u00e3o entre o controlador, os titulares dos dados e a Autoridade Nacional de Prote\u00e7\u00e3o de Dados (ANPD) (art. 5\u00b0, VIII, Lei n\u00ba 13.709\/2018 \u2013 LGPD). Encarregado pelo Tratamento de Dados Pessoais da Secretaria de Estado de Comunica\u00e7\u00e3o Geraldo Henrique de [&hellip;]<\/p>\n","protected":false},"author":417,"featured_media":0,"parent":0,"menu_order":0,"comment_status":"closed","ping_status":"closed","template":"","meta":{"footnotes":""},"class_list":["post-13570","page","type-page","status-publish","hentry"],"rttpg_featured_image_url":null,"rttpg_author":{"display_name":"fabioarocha","author_link":"https:\/\/goias.gov.br\/casamilitar\/author\/fabioarocha\/"},"rttpg_comment":0,"rttpg_category":null,"rttpg_excerpt":"O Encarregado \u00e9 a pessoa indicada pelo controlador e operador para atuar como canal de comunica\u00e7\u00e3o entre o controlador, os titulares dos dados e a Autoridade Nacional de Prote\u00e7\u00e3o de Dados (ANPD) (art. 5\u00b0, VIII, Lei n\u00ba 13.709\/2018 \u2013 LGPD). Encarregado pelo Tratamento de Dados Pessoais da Secretaria de Estado de Comunica\u00e7\u00e3o Geraldo Henrique de&hellip;","_links":{"self":[{"href":"https:\/\/goias.gov.br\/casamilitar\/wp-json\/wp\/v2\/pages\/13570","targetHints":{"allow":["GET"]}}],"collection":[{"href":"https:\/\/goias.gov.br\/casamilitar\/wp-json\/wp\/v2\/pages"}],"about":[{"href":"https:\/\/goias.gov.br\/casamilitar\/wp-json\/wp\/v2\/types\/page"}],"author":[{"embeddable":true,"href":"https:\/\/goias.gov.br\/casamilitar\/wp-json\/wp\/v2\/users\/417"}],"replies":[{"embeddable":true,"href":"https:\/\/goias.gov.br\/casamilitar\/wp-json\/wp\/v2\/comments?post=13570"}],"version-history":[{"count":2,"href":"https:\/\/goias.gov.br\/casamilitar\/wp-json\/wp\/v2\/pages\/13570\/revisions"}],"predecessor-version":[{"id":13828,"href":"https:\/\/goias.gov.br\/casamilitar\/wp-json\/wp\/v2\/pages\/13570\/revisions\/13828"}],"wp:attachment":[{"href":"https:\/\/goias.gov.br\/casamilitar\/wp-json\/wp\/v2\/media?parent=13570"}],"curies":[{"name":"wp","href":"https:\/\/api.w.org\/{rel}","templated":true}]}}