

{"id":61127,"date":"2026-02-09T09:31:10","date_gmt":"2026-02-09T12:31:10","guid":{"rendered":"https:\/\/goias.gov.br\/casacivil\/?page_id=61127"},"modified":"2026-02-09T13:48:22","modified_gmt":"2026-02-09T16:48:22","slug":"termo-de-cooperacao-tecnica-convenio","status":"publish","type":"page","link":"https:\/\/goias.gov.br\/casacivil\/termo-de-cooperacao-tecnica-convenio\/","title":{"rendered":"Termo de Coopera\u00e7\u00e3o T\u00e9cnica\/Conv\u00eanio"},"content":{"rendered":"\n<p class=\"has-text-align-center\"><strong>EXTRATO DE PUBLICA\u00c7\u00c3O<\/strong><strong><\/strong><\/p>\n\n\n\n<p class=\"has-text-align-center\"><strong>TERMO DE COOPERA\u00c7\u00c3O N\u00ba 003\/2026\/MUNIC\u00cdPIO DE RIO VERDE &#8211; GO<\/strong>&nbsp;<\/p>\n\n\n\n<p><strong>Processo n\u00ba: 202500013001558<\/strong><\/p>\n\n\n\n<p><strong>Objeto:&nbsp;<\/strong>O presente termo tem por objeto estabelecer a m\u00fatua coopera\u00e7\u00e3o, entre a SECRETARIA DE ESTADO DA CASA CIVIL \u2013 CASA CIVIL e o MUNIC\u00cdPIO DE RIO VERDE &#8211; GO visando \u00e0 concess\u00e3o tempor\u00e1ria de perfil de acesso \u00e0 plataforma LEGISLA GOI\u00c1S, mediante a disponibiliza\u00e7\u00e3o de usu\u00e1rio e senha, para a publica\u00e7\u00e3o de atos normativos, sem a transfer\u00eancia de recursos financeiros.<\/p>\n\n\n\n<p><strong>Concedente:<\/strong> SECRETARIA DE ESTADO DA CASA CIVIL, CNPJ n\u00ba25.108.457\/0001-45.<\/p>\n\n\n\n<p><strong>Convenente:<\/strong> MUNIC\u00cdPIO DE RIO VERDE &#8211; GO, CNPJ n\u00ba 02.056.729\/0001-05<\/p>\n\n\n\n<p><strong>Fundamento Legal:<\/strong> Lei Federal n\u00ba 14.133\/2021, Lei Estadual n\u00ba 17.928\/2012, Decreto Estadual n\u00ba 10.248\/2023.<\/p>\n\n\n\n<p><strong>Valor Total:<\/strong> Sem a transfer\u00eancia de recursos financeiros.<br><strong>Data da Assinatura:<\/strong> 03\/02\/2026.<br><strong>Vig\u00eancia:<\/strong> Prazo indeterminado.<br><strong>Assinaturas:<\/strong><br><strong>Pelo Concedente:<\/strong><br>Jorge Lu\u00eds Pinchemel \u2013 Secret\u00e1rio de Estado da Casa Civil<br><strong>Pelo Convenente:<\/strong><br>Wellington Soares Carrijo Filho \u2013 Prefeito Municipal de Rio Verde \u2013 GO<\/p>\n\n\n\n<p><\/p>\n\n\n\n<p><a href=\"https:\/\/goias.gov.br\/casacivil\/wp-content\/uploads\/sites\/47\/2026\/02\/TCRV-1.pdf\">TERMO DE COOPERA\u00c7\u00c3O N\u00ba 003\/2026\/MUNIC\u00cdPIO DE RIO VERDE &#8211; GO\u00a0<\/a><\/p>\n\n\n\n<p><a href=\"https:\/\/goias.gov.br\/casacivil\/wp-content\/uploads\/sites\/47\/2026\/02\/DOE-1.pdf\">D.O.E.<\/a><\/p>\n\n\n\n<p><\/p>\n","protected":false},"excerpt":{"rendered":"<p>EXTRATO DE PUBLICA\u00c7\u00c3O TERMO DE COOPERA\u00c7\u00c3O N\u00ba 003\/2026\/MUNIC\u00cdPIO DE RIO VERDE &#8211; GO&nbsp; Processo n\u00ba: 202500013001558 Objeto:&nbsp;O presente termo tem por objeto estabelecer a m\u00fatua coopera\u00e7\u00e3o, entre a SECRETARIA DE ESTADO DA CASA CIVIL \u2013 CASA CIVIL e o MUNIC\u00cdPIO DE RIO VERDE &#8211; GO visando \u00e0 concess\u00e3o tempor\u00e1ria de perfil de acesso \u00e0 plataforma [&hellip;]<\/p>\n","protected":false},"author":385,"featured_media":0,"parent":0,"menu_order":0,"comment_status":"closed","ping_status":"closed","template":"","meta":{"footnotes":""},"class_list":["post-61127","page","type-page","status-publish","hentry"],"rttpg_featured_image_url":null,"rttpg_author":{"display_name":"lucianavitorino","author_link":"https:\/\/goias.gov.br\/casacivil\/author\/lucianavitorino\/"},"rttpg_comment":0,"rttpg_category":null,"rttpg_excerpt":"EXTRATO DE PUBLICA\u00c7\u00c3O TERMO DE COOPERA\u00c7\u00c3O N\u00ba 003\/2026\/MUNIC\u00cdPIO DE RIO VERDE &#8211; GO&nbsp; Processo n\u00ba: 202500013001558 Objeto:&nbsp;O presente termo tem por objeto estabelecer a m\u00fatua coopera\u00e7\u00e3o, entre a SECRETARIA DE ESTADO DA CASA CIVIL \u2013 CASA CIVIL e o MUNIC\u00cdPIO DE RIO VERDE &#8211; GO visando \u00e0 concess\u00e3o tempor\u00e1ria de perfil de acesso \u00e0 plataforma&hellip;","_links":{"self":[{"href":"https:\/\/goias.gov.br\/casacivil\/wp-json\/wp\/v2\/pages\/61127","targetHints":{"allow":["GET"]}}],"collection":[{"href":"https:\/\/goias.gov.br\/casacivil\/wp-json\/wp\/v2\/pages"}],"about":[{"href":"https:\/\/goias.gov.br\/casacivil\/wp-json\/wp\/v2\/types\/page"}],"author":[{"embeddable":true,"href":"https:\/\/goias.gov.br\/casacivil\/wp-json\/wp\/v2\/users\/385"}],"replies":[{"embeddable":true,"href":"https:\/\/goias.gov.br\/casacivil\/wp-json\/wp\/v2\/comments?post=61127"}],"version-history":[{"count":2,"href":"https:\/\/goias.gov.br\/casacivil\/wp-json\/wp\/v2\/pages\/61127\/revisions"}],"predecessor-version":[{"id":61360,"href":"https:\/\/goias.gov.br\/casacivil\/wp-json\/wp\/v2\/pages\/61127\/revisions\/61360"}],"wp:attachment":[{"href":"https:\/\/goias.gov.br\/casacivil\/wp-json\/wp\/v2\/media?parent=61127"}],"curies":[{"name":"wp","href":"https:\/\/api.w.org\/{rel}","templated":true}]}}