

{"id":60075,"date":"2026-01-23T15:16:16","date_gmt":"2026-01-23T18:16:16","guid":{"rendered":"https:\/\/goias.gov.br\/casacivil\/?page_id=60075"},"modified":"2026-04-15T07:06:45","modified_gmt":"2026-04-15T10:06:45","slug":"contrato-2026","status":"publish","type":"page","link":"https:\/\/goias.gov.br\/casacivil\/contrato-2026\/","title":{"rendered":"Contrato 2026"},"content":{"rendered":"\n<hr class=\"wp-block-separator has-alpha-channel-opacity\"\/>\n\n\n\n<p class=\"has-text-align-center\"><strong>EXTRATO DE PUBLICA\u00c7\u00c3O<\/strong><strong><\/strong><\/p>\n\n\n\n<p class=\"has-text-align-center\"><strong>CONTRATO N\u00ba 2\/2026\/CASA CIVIL<\/strong><strong><\/strong><\/p>\n\n\n\n<p><strong>Processos n\u00ba 202600013000569 e n\u00ba 202500005031182<\/strong><strong><\/strong><\/p>\n\n\n\n<p><strong>Objeto:&nbsp;<\/strong>contrata\u00e7\u00e3o de empresa para o fornecimento de 1 (uma) assinatura do jornal \u201cO Popular\u201d, vers\u00e3o digital, pelo per\u00edodo de 24 (vinte e quatro) meses, visando atender \u00e0s necessidades da Secretaria de Estado da Casa Civil&nbsp;\u2013 CASA CIVIL.<\/p>\n\n\n\n<p><strong>Contratante:<\/strong>&nbsp;<strong>SECRETARIA DE ESTADO DA CASA CIVIL \u2013 CASA CIVIL.<\/strong><\/p>\n\n\n\n<p><strong>Contratada:<\/strong>&nbsp;<strong>J C\u00c2MARA &amp; IRM\u00c3OS S\/A, CNPJ n\u00ba 01.536.754\/0001-23<\/strong><strong>.<\/strong><\/p>\n\n\n\n<p><strong>Fundamento Legal<\/strong>: Lei federal n\u00ba 14.133, de 1\u00ba de abril de 2021, e do Decreto estadual n\u00ba 10.207, de 27 de janeiro de 2023.<\/p>\n\n\n\n<p><strong>Valor Total<\/strong>: R$ 399,80 (trezentos e noventa e nove reais e oitenta centavos).<\/p>\n\n\n\n<p><strong>Data da <\/strong><strong>Assinatura<\/strong>: 13 de abril de 2026.<\/p>\n\n\n\n<p><strong>Vig\u00eancia:&nbsp;<\/strong>24&nbsp;(vinte e quatro) meses,&nbsp;de 15\/04\/2026 a 14\/04\/2028.<\/p>\n\n\n\n<p><strong>Data de publica\u00e7\u00e3o no Portal Nacional de Contrata\u00e7\u00f5es P\u00fablicas \u2013 PNCP:<\/strong>&nbsp;14\/04\/2026.<\/p>\n\n\n\n<p><strong>Dota\u00e7\u00e3o Or\u00e7ament\u00e1ria<\/strong>:<strong> <\/strong>Dota\u00e7\u00e3o Or\u00e7ament\u00e1ria n\u00ba 2026.1101.04.122.4200.4243.03 \u2013 natureza de despesa n\u00ba 3.3.90.39.02, com o valor devidamente empenhado por meio da Nota de Empenho n\u00ba 2026.1101.006.00053, datada de 10 de abril de 2026.<\/p>\n\n\n\n<p><strong>Assinaturas:<\/strong><\/p>\n\n\n\n<p><strong>Contratante:\u00a0Bruno Moraes Faria Monteiro Belem\u00a0<\/strong>&#8211;\u00a0Secret\u00e1rio de Estado da Casa Civil.<\/p>\n\n\n\n<p><strong>Contratada:\u00a0<\/strong><strong>Ronaldo Borges Ferrante e Breno Machado<\/strong> &#8211; Representantes Legais.<\/p>\n\n\n\n<p><a href=\"https:\/\/goias.gov.br\/casacivil\/wp-content\/uploads\/sites\/47\/2026\/04\/CONTRATO-2.pdf\" data-type=\"link\" data-id=\"https:\/\/goias.gov.br\/casacivil\/wp-content\/uploads\/sites\/47\/2026\/04\/CONTRATO-2.pdf\">CONTRATO N\u00ba 2\/2026\/CASA CIVIL<\/a><\/p>\n\n\n\n<p><a href=\"https:\/\/goias.gov.br\/casacivil\/wp-content\/uploads\/sites\/47\/2026\/04\/Portal-Nacional-de-Contratacoes-Publicas-1.pdf\" data-type=\"link\" data-id=\"https:\/\/goias.gov.br\/casacivil\/wp-content\/uploads\/sites\/47\/2026\/04\/Portal-Nacional-de-Contratacoes-Publicas-1.pdf\">PUBLICA\u00c7\u00c3O NO PNCP<\/a><\/p>\n\n\n\n<p><a href=\"https:\/\/goias.gov.br\/casacivil\/wp-content\/uploads\/sites\/47\/2026\/04\/DOE.pdf\" data-type=\"link\" data-id=\"https:\/\/goias.gov.br\/casacivil\/wp-content\/uploads\/sites\/47\/2026\/04\/DOE.pdf\">D.O.E.<\/a><\/p>\n\n\n\n<hr class=\"wp-block-separator has-alpha-channel-opacity\"\/>\n\n\n\n<p class=\"has-text-align-center\"><strong><strong>EXTRATO DE PUBLICA\u00c7\u00c3O<\/strong><\/strong><\/p>\n\n\n\n<p class=\"has-text-align-center\"><strong>EMPENHO N\u00ba&nbsp;<\/strong><strong>2026.1101.007.00002<\/strong><\/p>\n\n\n\n<p><strong>Processo n\u00ba: 202600005004762 e 202600013000491<\/strong><\/p>\n\n\n\n<p><strong>Objeto:<\/strong>&nbsp;Aquisi\u00e7\u00e3o de itens de m\u00f3veis, para integrar a sala do Secret\u00e1rio, a Chefia de Gabinete e a recep\u00e7\u00e3o, em conformidade com o padr\u00e3o estabelecido no projeto de reforma da Secretaria de Estado da Casa Civil.<\/p>\n\n\n\n<p><strong>Contratante: SECRETARIA DE ESTADO DA CASA CIVIL<\/strong><\/p>\n\n\n\n<p><strong>Contratada: G TEK VENDAS E SERVI\u00c7OS LTDA, CNPJ n\u00ba 55.249.483\/0001-54<\/strong><\/p>\n\n\n\n<p><strong>Fundamento Legal:<\/strong>&nbsp;O presente contrato decorre da<strong>&nbsp;Dispensa n\u00ba 118586\/2026\/CASA CIVIL<\/strong>, devidamente homologada em 04\/03\/2026, nos termos da Lei federal n\u00ba 14.133, de 01 de abril de 2021.<\/p>\n\n\n\n<p><strong>Valor Total:&nbsp;<\/strong>R$ 34.500,00 ( trinta e quatro mil e quinhentos reais ).<\/p>\n\n\n\n<p><strong>Data da Assinatura:<\/strong>&nbsp;04\/03\/2026<\/p>\n\n\n\n<p><strong>Vig\u00eancia:<\/strong>&nbsp;1 (um) m\u00eas,&nbsp;contado de&nbsp;05\/03\/2026&nbsp;a&nbsp;05\/04\/2026.<\/p>\n\n\n\n<p><strong>Dota\u00e7\u00e3o Or\u00e7ament\u00e1ria n\u00ba: &nbsp;<\/strong>2026.1101.04.122.4200.4243.04, elementos de despesa n\u00ba 4.4.90.52.24, empenhado na nota de n\u00ba 00002, de 5 de mar\u00e7o de 2026.<\/p>\n\n\n\n<p><strong>Assinaturas:<\/strong><\/p>\n\n\n\n<p><strong>Pela Contratante:&nbsp;<\/strong><\/p>\n\n\n\n<p>Jorge Lu\u00eds Pinchemel &#8211;&nbsp;Secret\u00e1rio de Estado da Casa Civil<\/p>\n\n\n\n<p><strong>Pela Contratada:<\/strong>&nbsp;<\/p>\n\n\n\n<p>J\u00fanio Cesar de Souza &#8211; Representante Legal<\/p>\n\n\n\n<p><a href=\"https:\/\/goias.gov.br\/casacivil\/wp-content\/uploads\/sites\/47\/2026\/03\/Nota-de-Empenho-0002.pdf\">EMPENHO N\u00ba&nbsp;2026.1101.007.00002<\/a><\/p>\n\n\n\n<p><a href=\"https:\/\/goias.gov.br\/casacivil\/wp-content\/uploads\/sites\/47\/2026\/03\/Publicacao-PNCP-moveis.pdf\">PNCP<\/a><\/p>\n\n\n\n<p><a href=\"https:\/\/goias.gov.br\/casacivil\/wp-content\/uploads\/sites\/47\/2026\/03\/D.O.E-moveis.pdf\">D.O.E<\/a><\/p>\n\n\n\n<hr class=\"wp-block-separator has-alpha-channel-opacity\"\/>\n\n\n\n<p class=\"has-text-align-center\"><strong><strong>EXTRATO DE PUBLICA\u00c7\u00c3O<\/strong><\/strong><\/p>\n\n\n\n<p class=\"has-text-align-center\"><strong>EMPENHO N\u00ba&nbsp;<\/strong><strong>2026.1101.007.00001<\/strong><\/p>\n\n\n\n<p><strong>Processo n\u00ba: 202600005004762 e 202600013000491<\/strong><\/p>\n\n\n\n<p><strong>Objeto:<\/strong>&nbsp;Aquisi\u00e7\u00e3o de itens de ilumina\u00e7\u00e3o e eletrodom\u00e9sticos, para integrar a sala do Secret\u00e1rio, a Chefia de Gabinete e a recep\u00e7\u00e3o, em conformidade com o padr\u00e3o estabelecido no projeto de reforma da Secretaria de Estado da Casa Civil.<\/p>\n\n\n\n<p><strong>Contratante: SECRETARIA DE ESTADO DA CASA CIVIL<\/strong><\/p>\n\n\n\n<p><strong>Contratada: HENRIQUE DE MEDEIROS GARCEZ, CNPJ n\u00ba 60.268.434\/0001-07<\/strong><\/p>\n\n\n\n<p><strong>Fundamento Legal:<\/strong>&nbsp;O presente contrato decorre da<strong>&nbsp;Dispensa n\u00ba 118586\/2026\/CASA CIVIL<\/strong>, devidamente homologada em 04\/03\/2026, nos termos da Lei federal n\u00ba 14.133, de 01 de abril de 2021.<\/p>\n\n\n\n<p><strong>Valor Total:&nbsp;<\/strong>R$ 5.740,00 ( cinco mil e setecentos e quarenta reais ).<\/p>\n\n\n\n<p><strong>Data da Assinatura:<\/strong>&nbsp;04\/03\/2026<\/p>\n\n\n\n<p><strong>Vig\u00eancia:<\/strong>&nbsp;1 (um) m\u00eas,&nbsp;contado de&nbsp;05\/03\/2026 a 05\/04\/2026.<\/p>\n\n\n\n<p><strong>Dota\u00e7\u00e3o Or\u00e7ament\u00e1ria n\u00ba:<\/strong>&nbsp;2026.1101.04.122.4200.4243.04, elementos de despesa n\u00ba 4.4.90.52.22, empenhado na nota de n\u00ba 00001, de 5 de mar\u00e7o de 2026.<\/p>\n\n\n\n<p><strong>Assinaturas:<\/strong><\/p>\n\n\n\n<p><strong>Pela Contratante:&nbsp;<\/strong><\/p>\n\n\n\n<p>Jorge Lu\u00eds Pinchemel &#8211;&nbsp;Secret\u00e1rio de Estado da Casa Civil<\/p>\n\n\n\n<p><strong>Pela Contratada:<\/strong>&nbsp;<\/p>\n\n\n\n<p>Henrique de Medeiros Garcez &#8211; Representante Legal<\/p>\n\n\n\n<p><a href=\"https:\/\/goias.gov.br\/casacivil\/wp-content\/uploads\/sites\/47\/2026\/03\/Nota-de-Empenho-0001.pdf\">EMPENHO N\u00ba&nbsp;2026.1101.007.00001<\/a><\/p>\n\n\n\n<p><a href=\"https:\/\/goias.gov.br\/casacivil\/wp-content\/uploads\/sites\/47\/2026\/03\/Publicacao-PNCP-moveis.pdf\">PNCP<\/a><\/p>\n\n\n\n<p><a href=\"https:\/\/goias.gov.br\/casacivil\/wp-content\/uploads\/sites\/47\/2026\/03\/D.O.E-moveis.pdf\">D.O.E<\/a><\/p>\n\n\n\n<hr class=\"wp-block-separator has-alpha-channel-opacity\"\/>\n\n\n\n<p class=\"has-text-align-center\"><strong>EXTRATO DE PUBLICA\u00c7\u00c3O<\/strong><strong><\/strong><\/p>\n\n\n\n<p class=\"has-text-align-center\"><strong>PRIMEIRO TERMO ADITIVO AO CONTRATO N\u00ba 001\/2025\/CASA CIVIL<\/strong>&nbsp;<strong><\/strong><\/p>\n\n\n\n<p><strong>Processo n\u00ba <\/strong><strong>202500013000482<\/strong><\/p>\n\n\n\n<p><strong>Objeto:&nbsp;<\/strong>prorroga\u00e7\u00e3o do prazo de vig\u00eancia do Contrato n\u00ba 001\/2025\/CASA CIVIL por mais 12 (doze) meses, a contar de 12 de mar\u00e7o de 2026.<\/p>\n\n\n\n<p><strong>Contratante:<\/strong>&nbsp;<strong>SECRETARIA DE ESTADO DA CASA CIVIL \u2013 CASA CIVIL.<\/strong><\/p>\n\n\n\n<p><strong>Contratada:<\/strong>&nbsp;<strong>NP TECNOLOGIA E GEST\u00c3O DE DADOS LTDA<\/strong><strong>, CNPJ n\u00ba 07.797.967\/0001-95<\/strong><strong>.<\/strong><\/p>\n\n\n\n<p><strong>Fundamento Legal<\/strong>: Lei federal n\u00ba 14.133, de 1\u00ba de abril de 2021.<\/p>\n\n\n\n<p><strong>Valor Total<\/strong>: R$ 11.960,00 (onze mil, novecentos e sessenta reais).<\/p>\n\n\n\n<p><strong>Data da Assinatura<\/strong>: 9 de mar\u00e7o de 2026.<\/p>\n\n\n\n<p><strong>Vig\u00eancia:&nbsp;<\/strong>12&nbsp;(doze) meses,&nbsp;de 12\/03\/2026 a 12\/03\/2027.<\/p>\n\n\n\n<p><strong>Dota\u00e7\u00e3o Or\u00e7ament\u00e1ria:<\/strong>&nbsp;a despesa correr\u00e1 \u00e0 conta da dota\u00e7\u00e3o or\u00e7ament\u00e1ria n\u00ba 2026.1101.04.122.4200.4243.03, elemento de despesa n\u00ba 3.3.90.40.14, conforme Nota de Empenho n\u00ba 2026.1101.006.00049, emitida em 9 de mar\u00e7o de 2026.<\/p>\n\n\n\n<p><strong>Assinaturas:<\/strong><\/p>\n\n\n\n<p><strong>Contratante:&nbsp;Jorge Lu\u00eds Pinchemel&nbsp;<\/strong>&#8211;<strong>&nbsp;<\/strong>Secret\u00e1rio de Estado da Casa Civil.<\/p>\n\n\n\n<p><strong>Contratada:&nbsp;<\/strong><strong>Rudimar Barbosa dos Reis<\/strong> &#8211; Representante Legal.<\/p>\n\n\n\n<p><a href=\"https:\/\/goias.gov.br\/casacivil\/wp-content\/uploads\/sites\/47\/2026\/03\/ADITIVO.pdf\" data-type=\"link\" data-id=\"https:\/\/goias.gov.br\/casacivil\/wp-content\/uploads\/sites\/47\/2026\/03\/ADITIVO.pdf\">PRIMEIRO TERMO ADITIVO AO CONTRATO N\u00ba 001\/2025\/CASA CIVIL<\/a><\/p>\n\n\n\n<p><a href=\"https:\/\/goias.gov.br\/casacivil\/wp-content\/uploads\/sites\/47\/2026\/03\/PUBLICACAO-NO-PNCP.pdf\" data-type=\"link\" data-id=\"https:\/\/goias.gov.br\/casacivil\/wp-content\/uploads\/sites\/47\/2026\/03\/PUBLICACAO-NO-PNCP.pdf\">PNCP<\/a><\/p>\n\n\n\n<p><a href=\"https:\/\/goias.gov.br\/casacivil\/wp-content\/uploads\/sites\/47\/2026\/03\/DOE.pdf\" data-type=\"link\" data-id=\"https:\/\/goias.gov.br\/casacivil\/wp-content\/uploads\/sites\/47\/2026\/03\/DOE.pdf\">D.O.E.<\/a><\/p>\n\n\n\n<hr class=\"wp-block-separator has-alpha-channel-opacity\"\/>\n\n\n\n<p class=\"has-text-align-center\"><strong>EXTRATO DE PUBLICA\u00c7\u00c3O<\/strong><\/p>\n\n\n\n<p class=\"has-text-align-center\"><strong>EMPENHOS N\u00ba 2026.1101.006.00047 E N\u00ba 2026.1101.006.00048<\/strong><\/p>\n\n\n\n<p><strong>Processos n\u00ba&nbsp;<\/strong><strong>202600013000401 e n\u00ba 202600005004716<\/strong><\/p>\n\n\n\n<p><strong>Objeto:&nbsp;<\/strong>contrata\u00e7\u00e3o de empresa para o fornecimento de bens e materiais &#8211; aquisi\u00e7\u00e3o de kit\/brindes para acompanhar o Manual de Reda\u00e7\u00e3o.<\/p>\n\n\n\n<p><strong>Contratante:<\/strong>&nbsp;<strong>SECRETARIA DE ESTADO DA CASA CIVIL \u2013 CASA CIVIL.<\/strong><\/p>\n\n\n\n<p><strong>Contratada:<\/strong>&nbsp;<strong>MALC IMPORTA\u00c7\u00c3O E COM\u00c9RCIO LTDA, CNPJ n\u00ba&nbsp;48.485.167\/0001-16<\/strong><strong>.<\/strong><\/p>\n\n\n\n<p><strong>Fundamento Legal<\/strong>: Lei federal n\u00ba 14.133, de 1\u00ba de abril de 2021, e&nbsp;Decreto estadual n\u00ba 10.207, de 27 de janeiro de 2023.<\/p>\n\n\n\n<p><strong>Valor Total<\/strong>:&nbsp;R$ 8.589,09 (oito mil, quinhentos e oitenta e nove reais e nove centavos).<\/p>\n\n\n\n<p><strong>Data das Notas de Empenho<\/strong>: 24 de fevereiro de 2026.<\/p>\n\n\n\n<p><strong>Vig\u00eancia:&nbsp;<\/strong>1&nbsp;(um) m\u00eas,&nbsp;de 25\/02\/2026 a 25\/03\/2026.<\/p>\n\n\n\n<p><strong>Data de publica\u00e7\u00e3o no Portal Nacional de Contrata\u00e7\u00f5es P\u00fablicas \u2013 PNCP:<\/strong>&nbsp;25\/02\/2026.<\/p>\n\n\n\n<p><strong>Dota\u00e7\u00e3o Or\u00e7ament\u00e1ria:&nbsp;<\/strong>2026.1101.04.122.4200.4243.03 \u2013&nbsp;naturezas de despesa n\u00ba&nbsp;3.3.90.30.32 e n\u00ba 3.3.90.32.11, com o valor devidamente empenhado por meio das&nbsp;Notas de Empenho n\u00ba 2026.1101.006.00047 e n\u00ba 2026.1101.006.00048,&nbsp;ambas de 24 de fevereiro de 2026.<\/p>\n\n\n\n<p><strong>Assinaturas:<\/strong><\/p>\n\n\n\n<p><strong>Contratante:&nbsp;Jorge Lu\u00eds Pinchemel&nbsp;<\/strong>&#8211;<strong>&nbsp;<\/strong>Secret\u00e1rio de Estado da Casa Civil.<\/p>\n\n\n\n<p><strong>Contratada:&nbsp;<\/strong><strong>Marco Aur\u00e9lio Cunha Correa<\/strong>&nbsp;&#8211; Representante Legal.<\/p>\n\n\n\n<p><a href=\"https:\/\/goias.gov.br\/casacivil\/wp-content\/uploads\/sites\/47\/2026\/02\/EMPENHOS.pdf\" data-type=\"link\" data-id=\"https:\/\/goias.gov.br\/casacivil\/wp-content\/uploads\/sites\/47\/2026\/02\/EMPENHOS.pdf\">EMPENHOS N\u00ba 2026.1101.006.00047 E N\u00ba 2026.1101.006.00048<\/a><\/p>\n\n\n\n<p><a href=\"https:\/\/goias.gov.br\/casacivil\/wp-content\/uploads\/sites\/47\/2026\/02\/DOE-2.pdf\" data-type=\"link\" data-id=\"https:\/\/goias.gov.br\/casacivil\/wp-content\/uploads\/sites\/47\/2026\/02\/DOE-2.pdf\">D.O.E.<\/a><\/p>\n\n\n\n<hr class=\"wp-block-separator has-alpha-channel-opacity\"\/>\n\n\n\n<p class=\"has-text-align-center\"><strong>EXTRATO DE PUBLICA\u00c7\u00c3O<\/strong><\/p>\n\n\n\n<p class=\"has-text-align-center\"><strong>CONTRATO N\u00ba 001\/2026\/CASA CIVIL<\/strong>&nbsp;<\/p>\n\n\n\n<p><strong>Processo n\u00ba 202500013001451<\/strong><\/p>\n\n\n\n<p><strong>Objeto:&nbsp;<\/strong>Contrata\u00e7\u00e3o de empresa especializada na presta\u00e7\u00e3o de servi\u00e7os continuados de gerenciamento e controle de fornecimento de combust\u00edvel em ve\u00edculos, por meio de sistema informatizado, em rede de postos credenciados, com pagamento por meio de cart\u00e3o microprocessador (com chip ou magn\u00e9tico), para o atendimento da frota do Poder Executivo do Estado de Goi\u00e1s.<\/p>\n\n\n\n<p><strong>Contratante:<\/strong>&nbsp;<strong>SECRETARIA DE ESTADO DA CASA CIVIL \u2013 CASA CIVIL.<\/strong><\/p>\n\n\n\n<p><strong>Contratada:<\/strong>&nbsp;<strong>NEO CONSULTORIA E ADMINISTRA\u00c7\u00c3O DE BENEF\u00cdCIOS LTDA<\/strong><strong>, CNPJ n\u00ba&nbsp;<\/strong>25.165.749\/0001-10<strong>.<\/strong><\/p>\n\n\n\n<p><strong>Fundamento Legal<\/strong>:&nbsp;Lei federal n\u00ba 14.133, de 1\u00ba de abril de 2021,e suas altera\u00e7\u00f5es posteriores, especialmente nos casos omissos, pelo Decreto estadual n\u00ba 10.247, de 30 de mar\u00e7o de 2023, e demais normas regulamentares aplic\u00e1veis, conforme cl\u00e1usulas e condi\u00e7\u00f5es seguintes que&nbsp;decorre do&nbsp;Preg\u00e3o Eletr\u00f4nico &#8211; SRP n\u00ba 62\/2024 SEAD,&nbsp;devidamente homologado em&nbsp;16\/12\/2024&nbsp;pelo Secret\u00e1rio de Estado da Administra\u00e7\u00e3o, e&nbsp;ata de registro de pre\u00e7os n\u00ba 02\/2025&nbsp;tudo constante dos Processos de &nbsp;n\u00bas. 202400005006735 e 202500013001451.<\/p>\n\n\n\n<p><strong>Valor Total<\/strong>:&nbsp;R$ 45.718,31(quarenta e cinco mil, setecentos e dezoito reais e trinta e um centavos).<\/p>\n\n\n\n<p><strong>Data da Assinatura<\/strong>: 3 de fevereiro de 2026.<\/p>\n\n\n\n<p><strong>Data de Publica\u00e7\u00e3o no PNCP:&nbsp;<\/strong>05\/02\/2026.<\/p>\n\n\n\n<p><strong>Vig\u00eancia:&nbsp;<\/strong>24&nbsp;(vinte e quatro) meses,&nbsp;de 21\/05\/2026 a 21\/05\/2028.<\/p>\n\n\n\n<p><strong>Dota\u00e7\u00e3o Or\u00e7ament\u00e1ria:&nbsp;<\/strong>2026.1101.04.122.4200.4243.03, elemento de despesa n\u00ba 3.3.90.30.04 e n\u00ba 3.3.90.30.06, tendo o valor sido empenhado nas Notas de Empenho n\u00ba 2026.1101.006.00044 e n\u00ba 2026.1101.006.00045, ambas de 2 de fevereiro de 2026.<\/p>\n\n\n\n<p><strong>Assinaturas:<\/strong><\/p>\n\n\n\n<p><strong>Contratante:&nbsp;Jorge Lu\u00eds Pinchemel&nbsp;&#8211;&nbsp;<\/strong>Secret\u00e1rio de Estado da Casa Civil.<\/p>\n\n\n\n<p><strong>Contratada:&nbsp;V<\/strong><strong>icente Barbosa Duarte Neto<\/strong>&nbsp;-Representante Legal.<\/p>\n\n\n\n<p><a href=\"https:\/\/goias.gov.br\/casacivil\/wp-content\/uploads\/sites\/47\/2026\/02\/SEI-Contrato.pdf\">CONTRATO N\u00ba 001\/2026\/CASA CIVIL<\/a><\/p>\n\n\n\n<p><a href=\"https:\/\/goias.gov.br\/casacivil\/wp-content\/uploads\/sites\/47\/2026\/02\/SEI-diario-oficial.pdf\">D.O.E<\/a><\/p>\n\n\n\n<hr class=\"wp-block-separator has-alpha-channel-opacity\"\/>\n\n\n\n<p class=\"has-text-align-center\"><strong>EXTRATO DE PUBLICA\u00c7\u00c3O<\/strong><strong><\/strong><\/p>\n\n\n\n<p class=\"has-text-align-center\"><strong>PRIMEIRO TERMO ADITIVO AO CONTRATO N\u00ba 007\/2023\/CASA CIVIL<\/strong>&nbsp;<strong><\/strong><\/p>\n\n\n\n<p><strong>Processo n\u00ba <\/strong><strong>202300013000971<\/strong><\/p>\n\n\n\n<p><strong>Objeto:&nbsp;<\/strong>prorroga\u00e7\u00e3o do prazo de vig\u00eancia do Contrato n\u00ba 007\/2023\/CASACIVIL por mais 24 (vinte e quatro) meses, a contar de 28 de janeiro de 2026.<\/p>\n\n\n\n<p><strong>Contratante:<\/strong>&nbsp;<strong>SECRETARIA DE ESTADO DA CASA CIVIL \u2013 CASA CIVIL.<\/strong><\/p>\n\n\n\n<p><strong>Contratada:<\/strong>&nbsp;<strong>METDATA TECNOLOGIA DA INFORMA\u00c7\u00c3O EIRELI, CNPJ n\u00ba 28.584.157\/0003-92.<\/strong><\/p>\n\n\n\n<p><strong>Fundamento Legal<\/strong>: Lei federal n\u00ba 8.666, de 21 de junho de 1993, e Lei estadual n\u00ba 17.928, de 27 de dezembro de 2012.<\/p>\n\n\n\n<p><strong>Valor Total<\/strong>: R$ 11.520,00 (onze mil, quinhentos e vinte reais).<\/p>\n\n\n\n<p><strong>Data da Assinatura<\/strong>: 21 de janeiro de 2026.<\/p>\n\n\n\n<p><strong>Vig\u00eancia:&nbsp;<\/strong>24&nbsp;(vinte e quatro) meses,&nbsp;de 28\/01\/2026 a 28\/01\/2028.<\/p>\n\n\n\n<p><strong>Dota\u00e7\u00e3o Or\u00e7ament\u00e1ria:<\/strong>&nbsp;2026.1101.04.122.4200.4243.03, elemento de despesa n\u00ba&nbsp;3.3.90.40.13, tendo o valor sido empenhado nas Notas de Empenho n\u00ba 2026.1101.006.00001 e n\u00ba 2026.1101.006.00002, ambas de 20 de janeiro de 2026.<\/p>\n\n\n\n<p><strong>Assinaturas:<\/strong><\/p>\n\n\n\n<p><strong>Contratante:&nbsp;Jorge Lu\u00eds Pinchemel&nbsp;<\/strong>&#8211;<strong>&nbsp;<\/strong>Secret\u00e1rio de Estado da Casa Civil.<\/p>\n\n\n\n<p><strong>Contratada:&nbsp;<\/strong><strong>Carlos Eduardo Santos Pereira<\/strong> &#8211; Representante Legal.<\/p>\n\n\n\n<p><a href=\"https:\/\/goias.gov.br\/casacivil\/wp-content\/uploads\/sites\/47\/2026\/01\/ADITIVO-METDATA.pdf\" data-type=\"link\" data-id=\"https:\/\/goias.gov.br\/casacivil\/wp-content\/uploads\/sites\/47\/2026\/01\/ADITIVO-METDATA.pdf\">PRIMEIRO TERMO ADITIVO AO CONTRATO N\u00ba 007\/2023\/CASA CIVIL&nbsp;<\/a><\/p>\n\n\n\n<p><a href=\"https:\/\/goias.gov.br\/casacivil\/wp-content\/uploads\/sites\/47\/2026\/01\/DOE.pdf\" data-type=\"link\" data-id=\"https:\/\/goias.gov.br\/casacivil\/wp-content\/uploads\/sites\/47\/2026\/01\/DOE.pdf\">D.O.E.<\/a><\/p>\n\n\n\n<p><\/p>\n","protected":false},"excerpt":{"rendered":"<p>EXTRATO DE PUBLICA\u00c7\u00c3O CONTRATO N\u00ba 2\/2026\/CASA CIVIL Processos n\u00ba 202600013000569 e n\u00ba 202500005031182 Objeto:&nbsp;contrata\u00e7\u00e3o de empresa para o fornecimento de 1 (uma) assinatura do jornal \u201cO Popular\u201d, vers\u00e3o digital, pelo per\u00edodo de 24 (vinte e quatro) meses, visando atender \u00e0s necessidades da Secretaria de Estado da Casa Civil&nbsp;\u2013 CASA CIVIL. Contratante:&nbsp;SECRETARIA DE ESTADO DA CASA [&hellip;]<\/p>\n","protected":false},"author":385,"featured_media":0,"parent":0,"menu_order":0,"comment_status":"closed","ping_status":"closed","template":"","meta":{"footnotes":""},"class_list":["post-60075","page","type-page","status-publish","hentry"],"rttpg_featured_image_url":null,"rttpg_author":{"display_name":"lucianavitorino","author_link":"https:\/\/goias.gov.br\/casacivil\/author\/lucianavitorino\/"},"rttpg_comment":0,"rttpg_category":null,"rttpg_excerpt":"EXTRATO DE PUBLICA\u00c7\u00c3O CONTRATO N\u00ba 2\/2026\/CASA CIVIL Processos n\u00ba 202600013000569 e n\u00ba 202500005031182 Objeto:&nbsp;contrata\u00e7\u00e3o de empresa para o fornecimento de 1 (uma) assinatura do jornal \u201cO Popular\u201d, vers\u00e3o digital, pelo per\u00edodo de 24 (vinte e quatro) meses, visando atender \u00e0s necessidades da Secretaria de Estado da Casa Civil&nbsp;\u2013 CASA CIVIL. Contratante:&nbsp;SECRETARIA DE ESTADO DA CASA&hellip;","_links":{"self":[{"href":"https:\/\/goias.gov.br\/casacivil\/wp-json\/wp\/v2\/pages\/60075","targetHints":{"allow":["GET"]}}],"collection":[{"href":"https:\/\/goias.gov.br\/casacivil\/wp-json\/wp\/v2\/pages"}],"about":[{"href":"https:\/\/goias.gov.br\/casacivil\/wp-json\/wp\/v2\/types\/page"}],"author":[{"embeddable":true,"href":"https:\/\/goias.gov.br\/casacivil\/wp-json\/wp\/v2\/users\/385"}],"replies":[{"embeddable":true,"href":"https:\/\/goias.gov.br\/casacivil\/wp-json\/wp\/v2\/comments?post=60075"}],"version-history":[{"count":2,"href":"https:\/\/goias.gov.br\/casacivil\/wp-json\/wp\/v2\/pages\/60075\/revisions"}],"predecessor-version":[{"id":66559,"href":"https:\/\/goias.gov.br\/casacivil\/wp-json\/wp\/v2\/pages\/60075\/revisions\/66559"}],"wp:attachment":[{"href":"https:\/\/goias.gov.br\/casacivil\/wp-json\/wp\/v2\/media?parent=60075"}],"curies":[{"name":"wp","href":"https:\/\/api.w.org\/{rel}","templated":true}]}}