

{"id":29784,"date":"2024-10-04T14:34:47","date_gmt":"2024-10-04T17:34:47","guid":{"rendered":"https:\/\/goias.gov.br\/casacivil\/?page_id=29784"},"modified":"2024-10-09T11:56:29","modified_gmt":"2024-10-09T14:56:29","slug":"ouvidoria-setorial","status":"publish","type":"page","link":"https:\/\/goias.gov.br\/casacivil\/ouvidoria-setorial\/","title":{"rendered":"Ouvidoria Setorial"},"content":{"rendered":"\n<h4 class=\"wp-block-heading\"><span style=\"color: #008000;\">Atendimento Presencial<\/span><\/h4>\n\n\n\n<p><span style=\"color: #000000;\">Ouvidora Setorial: <strong>L\u00caNIA MACHADO<\/strong><\/span><\/p>\n\n\n\n<div class=\"wp-block-group\"><div class=\"wp-block-group__inner-container is-layout-constrained wp-block-group-is-layout-constrained\">\n<p><span style=\"color: #000000;\">Endere\u00e7o: Rua 82, n\u00ba 400, Ed. Pal\u00e1cio Pedro Ludovico Teixeira 8\u00ba andar<\/span><br \/><span style=\"color: #000000;\">Ala Leste, Setor Central, Goi\u00e2nia-GO \u2013 CEP: 74.015-908<\/span><br \/><span style=\"color: #000000;\">Hor\u00e1rio de Atendimento: 08h \u00e0s 12h e das 14h \u00e0s 18h<\/span><br \/><span style=\"color: #000000;\">E-mail:<\/span> <a href=\"mailto:ouvidoria.casacivil@goias.gov.br\">ouvidoria.casacivil@goias.gov.br<\/a><br \/><span style=\"color: #000000;\">Telefone: (62) 3201-5877<\/span><br \/><span style=\"color: #000000;\">Unidade SEI: 20542<\/span><\/p>\n<\/div><\/div>\n\n\n\n<p><\/p>\n","protected":false},"excerpt":{"rendered":"<p>Atendimento Presencial Ouvidora Setorial: L\u00caNIA MACHADO Endere\u00e7o: Rua 82, n\u00ba 400, Ed. Pal\u00e1cio Pedro Ludovico Teixeira 8\u00ba andarAla Leste, Setor Central, Goi\u00e2nia-GO \u2013 CEP: 74.015-908Hor\u00e1rio de Atendimento: 08h \u00e0s 12h e das 14h \u00e0s 18hE-mail: ouvidoria.casacivil@goias.gov.brTelefone: (62) 3201-5877Unidade SEI: 20542<\/p>\n","protected":false},"author":62,"featured_media":0,"parent":0,"menu_order":0,"comment_status":"closed","ping_status":"closed","template":"","meta":{"footnotes":""},"class_list":["post-29784","page","type-page","status-publish","hentry"],"rttpg_featured_image_url":null,"rttpg_author":{"display_name":"italoreis","author_link":"https:\/\/goias.gov.br\/casacivil\/author\/italoreis\/"},"rttpg_comment":0,"rttpg_category":null,"rttpg_excerpt":"Atendimento Presencial Ouvidora Setorial: L\u00caNIA MACHADO Endere\u00e7o: Rua 82, n\u00ba 400, Ed. Pal\u00e1cio Pedro Ludovico Teixeira 8\u00ba andarAla Leste, Setor Central, Goi\u00e2nia-GO \u2013 CEP: 74.015-908Hor\u00e1rio de Atendimento: 08h \u00e0s 12h e das 14h \u00e0s 18hE-mail: ouvidoria.casacivil@goias.gov.brTelefone: (62) 3201-5877Unidade SEI: 20542","_links":{"self":[{"href":"https:\/\/goias.gov.br\/casacivil\/wp-json\/wp\/v2\/pages\/29784","targetHints":{"allow":["GET"]}}],"collection":[{"href":"https:\/\/goias.gov.br\/casacivil\/wp-json\/wp\/v2\/pages"}],"about":[{"href":"https:\/\/goias.gov.br\/casacivil\/wp-json\/wp\/v2\/types\/page"}],"author":[{"embeddable":true,"href":"https:\/\/goias.gov.br\/casacivil\/wp-json\/wp\/v2\/users\/62"}],"replies":[{"embeddable":true,"href":"https:\/\/goias.gov.br\/casacivil\/wp-json\/wp\/v2\/comments?post=29784"}],"version-history":[{"count":2,"href":"https:\/\/goias.gov.br\/casacivil\/wp-json\/wp\/v2\/pages\/29784\/revisions"}],"predecessor-version":[{"id":29902,"href":"https:\/\/goias.gov.br\/casacivil\/wp-json\/wp\/v2\/pages\/29784\/revisions\/29902"}],"wp:attachment":[{"href":"https:\/\/goias.gov.br\/casacivil\/wp-json\/wp\/v2\/media?parent=29784"}],"curies":[{"name":"wp","href":"https:\/\/api.w.org\/{rel}","templated":true}]}}