

{"id":27533,"date":"2024-06-07T11:15:14","date_gmt":"2024-06-07T14:15:14","guid":{"rendered":"https:\/\/goias.gov.br\/casacivil\/?page_id=27533"},"modified":"2024-06-07T11:18:20","modified_gmt":"2024-06-07T14:18:20","slug":"legislacao-aplicavel","status":"publish","type":"page","link":"https:\/\/goias.gov.br\/casacivil\/legislacao-aplicavel\/","title":{"rendered":"Legisla\u00e7\u00e3o Aplic\u00e1vel"},"content":{"rendered":"\n<ul>\n<li><a href=\"https:\/\/legisla.casacivil.go.gov.br\/pesquisa_legislacao\/106749\/lei-21792\">Lei n\u00ba 21.792, de 16 de Fevereiro de 2023<\/a><br \/>Estabelece a organiza\u00e7\u00e3o administrativa b\u00e1sica do Poder Executivo e d\u00e1 outras provid\u00eancias<br \/><br \/><\/li>\n<li><a href=\"https:\/\/legisla.casacivil.go.gov.br\/pesquisa_legislacao\/106750\/decreto-10218\">Decreto n\u00ba 10.218, de 16 de Fevereiro de 2024<\/a><br \/>Regulamenta a Lei n\u00ba 21.792, de 16 de fevereiro de 2023, que estabelece a organiza\u00e7\u00e3o administrativa b\u00e1sica do Poder Executivo e d\u00e1 outras provid\u00eancias<br \/><br \/><\/li>\n<li><a href=\"https:\/\/legisla.casacivil.go.gov.br\/pesquisa_legislacao\/108400\/decreto-10389\">Decreto n\u00ba 10.389, de 12 de Janeiro de 2024<\/a><br \/>Aprova o Regulamento da Secretaria de Estado da Casa Civil<\/li>\n<\/ul>\n","protected":false},"excerpt":{"rendered":"<p>Lei n\u00ba 21.792, de 16 de Fevereiro de 2023Estabelece a organiza\u00e7\u00e3o administrativa b\u00e1sica do Poder Executivo e d\u00e1 outras provid\u00eancias Decreto n\u00ba 10.218, de 16 de Fevereiro de 2024Regulamenta a Lei n\u00ba 21.792, de 16 de fevereiro de 2023, que estabelece a organiza\u00e7\u00e3o administrativa b\u00e1sica do Poder Executivo e d\u00e1 outras provid\u00eancias Decreto n\u00ba 10.389, [&hellip;]<\/p>\n","protected":false},"author":62,"featured_media":0,"parent":0,"menu_order":0,"comment_status":"closed","ping_status":"closed","template":"","meta":{"footnotes":""},"class_list":["post-27533","page","type-page","status-publish","hentry"],"rttpg_featured_image_url":null,"rttpg_author":{"display_name":"italoreis","author_link":"https:\/\/goias.gov.br\/casacivil\/author\/italoreis\/"},"rttpg_comment":0,"rttpg_category":null,"rttpg_excerpt":"Lei n\u00ba 21.792, de 16 de Fevereiro de 2023Estabelece a organiza\u00e7\u00e3o administrativa b\u00e1sica do Poder Executivo e d\u00e1 outras provid\u00eancias Decreto n\u00ba 10.218, de 16 de Fevereiro de 2024Regulamenta a Lei n\u00ba 21.792, de 16 de fevereiro de 2023, que estabelece a organiza\u00e7\u00e3o administrativa b\u00e1sica do Poder Executivo e d\u00e1 outras provid\u00eancias Decreto n\u00ba 10.389,&hellip;","_links":{"self":[{"href":"https:\/\/goias.gov.br\/casacivil\/wp-json\/wp\/v2\/pages\/27533","targetHints":{"allow":["GET"]}}],"collection":[{"href":"https:\/\/goias.gov.br\/casacivil\/wp-json\/wp\/v2\/pages"}],"about":[{"href":"https:\/\/goias.gov.br\/casacivil\/wp-json\/wp\/v2\/types\/page"}],"author":[{"embeddable":true,"href":"https:\/\/goias.gov.br\/casacivil\/wp-json\/wp\/v2\/users\/62"}],"replies":[{"embeddable":true,"href":"https:\/\/goias.gov.br\/casacivil\/wp-json\/wp\/v2\/comments?post=27533"}],"version-history":[{"count":1,"href":"https:\/\/goias.gov.br\/casacivil\/wp-json\/wp\/v2\/pages\/27533\/revisions"}],"predecessor-version":[{"id":27534,"href":"https:\/\/goias.gov.br\/casacivil\/wp-json\/wp\/v2\/pages\/27533\/revisions\/27534"}],"wp:attachment":[{"href":"https:\/\/goias.gov.br\/casacivil\/wp-json\/wp\/v2\/media?parent=27533"}],"curies":[{"name":"wp","href":"https:\/\/api.w.org\/{rel}","templated":true}]}}