

{"id":27517,"date":"2024-06-07T10:31:05","date_gmt":"2024-06-07T13:31:05","guid":{"rendered":"https:\/\/goias.gov.br\/casacivil\/?page_id=27517"},"modified":"2025-09-08T14:51:36","modified_gmt":"2025-09-08T17:51:36","slug":"estrutura-organizacional","status":"publish","type":"page","link":"https:\/\/goias.gov.br\/casacivil\/estrutura-organizacional\/","title":{"rendered":"Estrutura Organizacional"},"content":{"rendered":"\n<figure class=\"wp-block-image size-large\"><a href=\"https:\/\/goias.gov.br\/casacivil\/wp-content\/uploads\/sites\/47\/2025\/09\/ORGANOGRAMA-CORRETO.pdf\" target=\"_blank\" rel=\" noreferrer noopener\"><img fetchpriority=\"high\" decoding=\"async\" width=\"1024\" height=\"724\" src=\"https:\/\/goias.gov.br\/casacivil\/wp-content\/uploads\/sites\/47\/2025\/09\/ORGANOGRAMA-CORRETO-1024x724.png\" alt=\"\" class=\"wp-image-48717\" srcset=\"https:\/\/goias.gov.br\/casacivil\/wp-content\/uploads\/sites\/47\/2025\/09\/ORGANOGRAMA-CORRETO-1024x724.png 1024w, https:\/\/goias.gov.br\/casacivil\/wp-content\/uploads\/sites\/47\/2025\/09\/ORGANOGRAMA-CORRETO-300x212.png 300w, https:\/\/goias.gov.br\/casacivil\/wp-content\/uploads\/sites\/47\/2025\/09\/ORGANOGRAMA-CORRETO-768x543.png 768w, https:\/\/goias.gov.br\/casacivil\/wp-content\/uploads\/sites\/47\/2025\/09\/ORGANOGRAMA-CORRETO-1536x1086.png 1536w, https:\/\/goias.gov.br\/casacivil\/wp-content\/uploads\/sites\/47\/2025\/09\/ORGANOGRAMA-CORRETO-2048x1448.png 2048w\" sizes=\"(max-width: 1024px) 100vw, 1024px\" \/><\/a><\/figure>\n\n\n\n<p>Fonte: \u00a0<a class=\"\" href=\"https:\/\/legisla.casacivil.go.gov.br\/pesquisa_legislacao\/106749\/lei-21792\" target=\"_blank\" rel=\"noreferrer noopener\">Lei n\u00ba 21.792, de 16 de fevereiro de 2023<\/a><br \/>Saiba quem s\u00e3o nossos servidores e as fun\u00e7\u00f5es que exercem:<\/p>\n<ul>\n<li><a href=\"https:\/\/goias.gov.br\/casacivil\/cargos-e-seus-ocupantes\/\">Cargos e Seus Ocupantes<\/a><\/li>\n<li><a href=\"https:\/\/legisla.casacivil.go.gov.br\/pesquisa_legislacao\/108400\/decreto-10389\">Regulamento Casa Civil<\/a><\/li>\n<li><a href=\"https:\/\/goias.gov.br\/casacivil\/plano-de-comunicacao-institucional\/\">Plano de Comunica\u00e7\u00e3o Institucional 2024-2026<\/a><\/li>\n<li><a href=\"https:\/\/legisla.casacivil.go.gov.br\/pesquisa_ato_infralegal\/532\/portaria-987\">Pol\u00edtica de Comunica\u00e7\u00e3o da Secretaria de Estado da Casa Civil\u2013 CASA CIVIL<\/a><\/li>\n<\/ul>\n","protected":false},"excerpt":{"rendered":"<p>Fonte: \u00a0Lei n\u00ba 21.792, de 16 de fevereiro de 2023Saiba quem s\u00e3o nossos servidores e as fun\u00e7\u00f5es que exercem: Cargos e Seus Ocupantes Regulamento Casa Civil Plano de Comunica\u00e7\u00e3o Institucional 2024-2026 Pol\u00edtica de Comunica\u00e7\u00e3o da Secretaria de Estado da Casa Civil\u2013 CASA CIVIL<\/p>\n","protected":false},"author":62,"featured_media":0,"parent":0,"menu_order":0,"comment_status":"closed","ping_status":"closed","template":"","meta":{"footnotes":""},"class_list":["post-27517","page","type-page","status-publish","hentry"],"rttpg_featured_image_url":null,"rttpg_author":{"display_name":"italoreis","author_link":"https:\/\/goias.gov.br\/casacivil\/author\/italoreis\/"},"rttpg_comment":0,"rttpg_category":null,"rttpg_excerpt":"Fonte: \u00a0Lei n\u00ba 21.792, de 16 de fevereiro de 2023Saiba quem s\u00e3o nossos servidores e as fun\u00e7\u00f5es que exercem: Cargos e Seus Ocupantes Regulamento Casa Civil Plano de Comunica\u00e7\u00e3o Institucional 2024-2026 Pol\u00edtica de Comunica\u00e7\u00e3o da Secretaria de Estado da Casa Civil\u2013 CASA CIVIL","_links":{"self":[{"href":"https:\/\/goias.gov.br\/casacivil\/wp-json\/wp\/v2\/pages\/27517","targetHints":{"allow":["GET"]}}],"collection":[{"href":"https:\/\/goias.gov.br\/casacivil\/wp-json\/wp\/v2\/pages"}],"about":[{"href":"https:\/\/goias.gov.br\/casacivil\/wp-json\/wp\/v2\/types\/page"}],"author":[{"embeddable":true,"href":"https:\/\/goias.gov.br\/casacivil\/wp-json\/wp\/v2\/users\/62"}],"replies":[{"embeddable":true,"href":"https:\/\/goias.gov.br\/casacivil\/wp-json\/wp\/v2\/comments?post=27517"}],"version-history":[{"count":2,"href":"https:\/\/goias.gov.br\/casacivil\/wp-json\/wp\/v2\/pages\/27517\/revisions"}],"predecessor-version":[{"id":48738,"href":"https:\/\/goias.gov.br\/casacivil\/wp-json\/wp\/v2\/pages\/27517\/revisions\/48738"}],"wp:attachment":[{"href":"https:\/\/goias.gov.br\/casacivil\/wp-json\/wp\/v2\/media?parent=27517"}],"curies":[{"name":"wp","href":"https:\/\/api.w.org\/{rel}","templated":true}]}}