

{"id":27515,"date":"2024-06-07T10:29:50","date_gmt":"2024-06-07T13:29:50","guid":{"rendered":"https:\/\/goias.gov.br\/casacivil\/?page_id=27515"},"modified":"2026-04-06T12:29:14","modified_gmt":"2026-04-06T15:29:14","slug":"canais-de-atendimento","status":"publish","type":"page","link":"https:\/\/goias.gov.br\/casacivil\/canais-de-atendimento\/","title":{"rendered":"Endere\u00e7os, Telefones, e-mails e Hor\u00e1rios de Atendimento"},"content":{"rendered":"\n<p>Rua 82, n\u00ba 400 Ed. Pal\u00e1cio Pedro Ludovico Teixeira, 8\u00ba andar<br>Setor Central, Goi\u00e2nia\/GO \u2013 CEP: 74.015-908<br>Atendimento: 08h \u00e0s 12h e 14h \u00e0s 18h<\/p>\n\n\n\n<h4 class=\"wp-block-heading\">Gabinete do Secret\u00e1rio de Estado da Casa Civil<\/h4>\n\n\n\n<p>Secret\u00e1rio:\u00a0<strong>BRUNO BELEM<\/strong><br>E-mail: secretario.casacivil@goias.gov.br<br>Telefone: (62) 3201-5802<\/p>\n\n\n\n<p>Chefe de Gabinete:&nbsp;<strong>BEATRIZ DUARTE FLEURY FLORENTINO<\/strong><br>E-mail: gabinete.casacivil@goias.gov.br<br>Telefone: (62) 3201-5802<\/p>\n\n\n\n<h4 class=\"wp-block-heading\">Subsecretaria de Legisla\u00e7\u00e3o e Atos Oficiais<\/h4>\n\n\n\n<p>Subsecret\u00e1ria:&nbsp;<strong>EM\u00cdLIA MUNHOZ GAIVA<\/strong><br>E-mail: slat.casacivil@goias.gov.br<br>Telefone: (62) 3201-5827<\/p>\n\n\n\n<h4 class=\"wp-block-heading\">Procuradoria Setorial<\/h4>\n\n\n\n<p>Procurador-Chefe:&nbsp;<strong>RODRIGO CARVALHO CURVO<\/strong><br>E-mail: procuradoriasetorial.casacivil@goias.gov.br<br>Telefone: (62) 3201-5862<\/p>\n\n\n\n<h4 class=\"wp-block-heading\">Comunica\u00e7\u00e3o Setorial<\/h4>\n\n\n\n<p>Chefe:<strong>&nbsp;LUCIANA FONTOURA VITORINO<\/strong><br>E-mail: luciana.vitorino@goias.gov.br<br>Telefone: (62) 3201-5833<\/p>\n\n\n\n<h4 class=\"wp-block-heading\">Superintend\u00eancia de Gest\u00e3o Integrada<\/h4>\n\n\n\n<p>Superintendente:<strong>&nbsp;PEDRO TIAGO ANDRADE CHAGAS FREITAS<\/strong><br>E-mail: pedro.freitas@goias.gov.br<br>Telefone: (62) 3201-5801\/5874<\/p>\n\n\n\n<h4 class=\"wp-block-heading\">Assessoria T\u00e9cnica<\/h4>\n\n\n\n<p>Procurador-Chefe<strong>:&nbsp;RAFAEL CARVALHO DA ROCHA LIMA<\/strong><br>E-mail: rafael.rlima@goias.gov.br<br>Telefone: (62) 3201-5850<\/p>\n\n\n\n<hr class=\"wp-block-separator has-alpha-channel-opacity\" \/>\n\n\n\n<p><strong>Atendimento ao Cidad\u00e3o<\/strong><br>E-mail: protocolo.casacivil@goias.gov.br<br>Telefone: (62) 3201-5875 \/ <a href=\"https:\/\/wa.me\/5562996860673\" target=\"_blank\" rel=\"noreferrer noopener\">Atendimento via Whatsapp<\/a><br><br><strong>Ouvidoria Setorial<\/strong><br>E-mail: ouvidoria.casacivil@goias.gov.br<br>Telefone: (62) 3201-5877<br><br><strong>Imprensa<\/strong><br>E-mail: comunicacao.casacivil@goias.gov.br<br>Telefone: (62) 3201-5833<\/p>\n","protected":false},"excerpt":{"rendered":"<p>Rua 82, n\u00ba 400 Ed. Pal\u00e1cio Pedro Ludovico Teixeira, 8\u00ba andarSetor Central, Goi\u00e2nia\/GO \u2013 CEP: 74.015-908Atendimento: 08h \u00e0s 12h e 14h \u00e0s 18h Gabinete do Secret\u00e1rio de Estado da Casa Civil Secret\u00e1rio:\u00a0BRUNO BELEME-mail: secretario.casacivil@goias.gov.brTelefone: (62) 3201-5802 Chefe de Gabinete:&nbsp;BEATRIZ DUARTE FLEURY FLORENTINOE-mail: gabinete.casacivil@goias.gov.brTelefone: (62) 3201-5802 Subsecretaria de Legisla\u00e7\u00e3o e Atos Oficiais Subsecret\u00e1ria:&nbsp;EM\u00cdLIA MUNHOZ GAIVAE-mail: slat.casacivil@goias.gov.brTelefone: [&hellip;]<\/p>\n","protected":false},"author":62,"featured_media":0,"parent":0,"menu_order":0,"comment_status":"closed","ping_status":"closed","template":"","meta":{"footnotes":""},"class_list":["post-27515","page","type-page","status-publish","hentry"],"rttpg_featured_image_url":null,"rttpg_author":{"display_name":"italoreis","author_link":"https:\/\/goias.gov.br\/casacivil\/author\/italoreis\/"},"rttpg_comment":0,"rttpg_category":null,"rttpg_excerpt":"Rua 82, n\u00ba 400 Ed. Pal\u00e1cio Pedro Ludovico Teixeira, 8\u00ba andarSetor Central, Goi\u00e2nia\/GO \u2013 CEP: 74.015-908Atendimento: 08h \u00e0s 12h e 14h \u00e0s 18h Gabinete do Secret\u00e1rio de Estado da Casa Civil Secret\u00e1rio:\u00a0BRUNO BELEME-mail: secretario.casacivil@goias.gov.brTelefone: (62) 3201-5802 Chefe de Gabinete:&nbsp;BEATRIZ DUARTE FLEURY FLORENTINOE-mail: gabinete.casacivil@goias.gov.brTelefone: (62) 3201-5802 Subsecretaria de Legisla\u00e7\u00e3o e Atos Oficiais Subsecret\u00e1ria:&nbsp;EM\u00cdLIA MUNHOZ GAIVAE-mail: slat.casacivil@goias.gov.brTelefone:&hellip;","_links":{"self":[{"href":"https:\/\/goias.gov.br\/casacivil\/wp-json\/wp\/v2\/pages\/27515","targetHints":{"allow":["GET"]}}],"collection":[{"href":"https:\/\/goias.gov.br\/casacivil\/wp-json\/wp\/v2\/pages"}],"about":[{"href":"https:\/\/goias.gov.br\/casacivil\/wp-json\/wp\/v2\/types\/page"}],"author":[{"embeddable":true,"href":"https:\/\/goias.gov.br\/casacivil\/wp-json\/wp\/v2\/users\/62"}],"replies":[{"embeddable":true,"href":"https:\/\/goias.gov.br\/casacivil\/wp-json\/wp\/v2\/comments?post=27515"}],"version-history":[{"count":2,"href":"https:\/\/goias.gov.br\/casacivil\/wp-json\/wp\/v2\/pages\/27515\/revisions"}],"predecessor-version":[{"id":64953,"href":"https:\/\/goias.gov.br\/casacivil\/wp-json\/wp\/v2\/pages\/27515\/revisions\/64953"}],"wp:attachment":[{"href":"https:\/\/goias.gov.br\/casacivil\/wp-json\/wp\/v2\/media?parent=27515"}],"curies":[{"name":"wp","href":"https:\/\/api.w.org\/{rel}","templated":true}]}}