

{"id":27511,"date":"2024-06-07T10:28:17","date_gmt":"2024-06-07T13:28:17","guid":{"rendered":"https:\/\/goias.gov.br\/casacivil\/?page_id=27511"},"modified":"2025-09-16T10:10:03","modified_gmt":"2025-09-16T13:10:03","slug":"competencias","status":"publish","type":"page","link":"https:\/\/goias.gov.br\/casacivil\/competencias\/","title":{"rendered":"Compet\u00eancias"},"content":{"rendered":"\n<div class='wppb-builder-addon wppb-widget-1748005433101 wppb-addon-1748005433101'  data-addon-id='1748005433101'><div class='wppb-widget'><div class=\"textwidget custom-html-widget\"><script>\n  document.addEventListener(\"DOMContentLoaded\", function() {\n    var lastMod = new Date(document.lastModified);\n    document.getElementById(\"last-updated\").innerHTML = \n      \"\u00daltima atualiza\u00e7\u00e3o: \" + lastMod.toLocaleDateString(\"pt-BR\");\n  });\n<\/script>\n<p id=\"last-updated\"><\/p><\/div><\/div><\/div>\n\n\n\n<p><br \/>Segundo o estabelecido na\u00a0<a href=\"https:\/\/legisla.casacivil.go.gov.br\/pesquisa_legislacao\/106749\/lei-21792\" target=\"_blank\" rel=\"noreferrer noopener\">Lei n\u00ba 21.792, de 16 de fevereiro de 2023,<\/a> e seus incisos:<\/p>\n<h4 class=\"artigo\"><span style=\"color: #008000;\">Art. 3\u00ba \u00c0 CASA CIVIL competem:<\/span><\/h4>\n<p class=\"inciso\">I \u2013 a assist\u00eancia e o assessoramento ao Chefe do Poder Executivo no desempenho das seguintes atribui\u00e7\u00f5es constitucionais e legais:<\/p>\n<p class=\"alinea\">a) o relacionamento com as entidades da sociedade civil;<\/p>\n<p class=\"alinea\">b) a cria\u00e7\u00e3o e a implementa\u00e7\u00e3o de instrumentos de consulta e participa\u00e7\u00e3o popular;<\/p>\n<p class=\"alinea\">c) a an\u00e1lise do m\u00e9rito e da compatibilidade das propostas com as diretrizes governamentais, inclusive das que tramitam na Assembleia Legislativa do Estado de Goi\u00e1s \u2013 ALEGO, bem como a an\u00e1lise pr\u00e9via de constitucionalidade e da legalidade dos atos do Governador, para subsidiar suas decis\u00f5es; e<\/p>\n<p class=\"alinea\">d) a prospec\u00e7\u00e3o de informa\u00e7\u00f5es estrat\u00e9gicas ao Governador para apoiar o processo decis\u00f3rio e o desempenho das compet\u00eancias do Governo do Estado;<\/p>\n<p class=\"inciso\">II \u2013 a elabora\u00e7\u00e3o de of\u00edcios, decretos, despachos e projetos de lei, com o acompanhamento do respectivo processo legislativo, tamb\u00e9m de outros atos normativos ou administrativos da compet\u00eancia do Governador do Estado, bem como a ado\u00e7\u00e3o das provid\u00eancias necess\u00e1rias \u00e0 sua publica\u00e7\u00e3o, quando ela for exigida;<\/p>\n<p class=\"inciso\">&#8211;\u00a0<a href=\"https:\/\/legisla.casacivil.go.gov.br\/api\/v1\/arquivos\/17817\" target=\"_blank\" rel=\"noopener\">Vide Despacho PGE n\u00ba 1722\/2022<\/a>\u00a0&#8211; Ementa: Administrativo. Reforma previdenci\u00e1ria. Sistema de prote\u00e7\u00e3o social dos militares. Decreto estadual n\u00ba 9.590\/2020. Pens\u00e3o por morte. Interpreta\u00e7\u00e3o dos arts. 24-b e 26 da lei federal n\u00ba 13.954\/2019. Pleito de entidades de classes militares para revoga\u00e7\u00e3o do decreto estadual n\u00ba 9.590\/2020. Conflito negativo de atribui\u00e7\u00f5es entre as procuradorias setoriais da Casa Civil e da Seguran\u00e7a P\u00fablica. An\u00e1lise do tema de m\u00e9rito como elemento preambular \u00e0 decis\u00e3o acerca da edi\u00e7\u00e3o de novo ato normativo. Quest\u00f5es afetas \u00e0 Secretaria de Estado da Seguran\u00e7a P\u00fablica e \u00e0 Goiasprev. Atribui\u00e7\u00e3o conjunta das respectivas procuradorias setoriais. Mat\u00e9ria orientada.\u00a0<\/p>\n<p class=\"inciso\">III \u2013 a manuten\u00e7\u00e3o das publica\u00e7\u00f5es de atos normativos e documentos oficiais em reposit\u00f3rios digitais seguros, bem como o provimento de mecanismos de processamento, armazenamento, disponibiliza\u00e7\u00e3o e consulta para os usu\u00e1rios, com o uso de tecnologias de informa\u00e7\u00e3o e comunica\u00e7\u00e3o apropriadas; e<\/p>\n<p class=\"inciso\">IV \u2013 a avalia\u00e7\u00e3o dos atos normativos legais e infralegais por meio de sistema de gest\u00e3o normativa.<\/p>\n<p class=\"paragrafo\"><em>Par\u00e1grafo \u00fanico. A tramita\u00e7\u00e3o de processos, o fornecimento de informa\u00e7\u00f5es e a resposta \u00e0s dilig\u00eancias da CASA CIVIL, considerada a natureza das atribui\u00e7\u00f5es institucionais dela, ter\u00e3o car\u00e1ter priorit\u00e1rio nos \u00f3rg\u00e3os e nas entidades da administra\u00e7\u00e3o direta, aut\u00e1rquica e fundacional do Poder Executivo estadual.<\/em><\/p>\n<h4 class=\"paragrafo\"><span style=\"color: #008000;\">Confira o regulamento da Casa Civil:<\/span><\/h4>\n<ul>\n<li><a href=\"https:\/\/legisla.casacivil.go.gov.br\/pesquisa_legislacao\/108400\/decreto-10389\">Regulamento &#8211; Decreto n\u00ba 10.389, de 12 de Janeiro de 2024<\/a><\/li>\n<\/ul>\n\n\n\n<p><\/p>\n\n\n\n<h2 class=\"wp-block-heading\"><\/h2>\n\n\n\n<p><\/p>\n","protected":false},"excerpt":{"rendered":"<p>Segundo o estabelecido na\u00a0Lei n\u00ba 21.792, de 16 de fevereiro de 2023, e seus incisos: Art. 3\u00ba \u00c0 CASA CIVIL competem: I \u2013 a assist\u00eancia e o assessoramento ao Chefe do Poder Executivo no desempenho das seguintes atribui\u00e7\u00f5es constitucionais e legais: a) o relacionamento com as entidades da sociedade civil; b) a cria\u00e7\u00e3o e a [&hellip;]<\/p>\n","protected":false},"author":62,"featured_media":0,"parent":0,"menu_order":0,"comment_status":"closed","ping_status":"closed","template":"","meta":{"footnotes":""},"class_list":["post-27511","page","type-page","status-publish","hentry"],"rttpg_featured_image_url":null,"rttpg_author":{"display_name":"italoreis","author_link":"https:\/\/goias.gov.br\/casacivil\/author\/italoreis\/"},"rttpg_comment":0,"rttpg_category":null,"rttpg_excerpt":"Segundo o estabelecido na\u00a0Lei n\u00ba 21.792, de 16 de fevereiro de 2023, e seus incisos: Art. 3\u00ba \u00c0 CASA CIVIL competem: I \u2013 a assist\u00eancia e o assessoramento ao Chefe do Poder Executivo no desempenho das seguintes atribui\u00e7\u00f5es constitucionais e legais: a) o relacionamento com as entidades da sociedade civil; b) a cria\u00e7\u00e3o e a&hellip;","_links":{"self":[{"href":"https:\/\/goias.gov.br\/casacivil\/wp-json\/wp\/v2\/pages\/27511","targetHints":{"allow":["GET"]}}],"collection":[{"href":"https:\/\/goias.gov.br\/casacivil\/wp-json\/wp\/v2\/pages"}],"about":[{"href":"https:\/\/goias.gov.br\/casacivil\/wp-json\/wp\/v2\/types\/page"}],"author":[{"embeddable":true,"href":"https:\/\/goias.gov.br\/casacivil\/wp-json\/wp\/v2\/users\/62"}],"replies":[{"embeddable":true,"href":"https:\/\/goias.gov.br\/casacivil\/wp-json\/wp\/v2\/comments?post=27511"}],"version-history":[{"count":2,"href":"https:\/\/goias.gov.br\/casacivil\/wp-json\/wp\/v2\/pages\/27511\/revisions"}],"predecessor-version":[{"id":49381,"href":"https:\/\/goias.gov.br\/casacivil\/wp-json\/wp\/v2\/pages\/27511\/revisions\/49381"}],"wp:attachment":[{"href":"https:\/\/goias.gov.br\/casacivil\/wp-json\/wp\/v2\/media?parent=27511"}],"curies":[{"name":"wp","href":"https:\/\/api.w.org\/{rel}","templated":true}]}}