

{"id":12998,"date":"2024-02-05T15:54:25","date_gmt":"2024-02-05T18:54:25","guid":{"rendered":"https:\/\/siteshom.goias.gov.br\/casacivil\/agenda-de-autoridades\/"},"modified":"2026-04-24T09:00:00","modified_gmt":"2026-04-24T12:00:00","slug":"agenda-de-autoridades","status":"publish","type":"page","link":"https:\/\/goias.gov.br\/casacivil\/agenda-de-autoridades\/","title":{"rendered":"Agenda de Autoridades"},"content":{"rendered":"\t\t<div data-elementor-type=\"wp-page\" data-elementor-id=\"12998\" class=\"elementor elementor-12998\">\n\t\t\t\t<div class=\"elementor-element elementor-element-56575fff e-flex e-con-boxed e-con e-parent\" data-id=\"56575fff\" data-element_type=\"container\" data-e-type=\"container\">\n\t\t\t\t\t<div class=\"e-con-inner\">\n\t\t\t\t<div class=\"elementor-element elementor-element-68b00092 elementor-widget elementor-widget-text-editor\" data-id=\"68b00092\" data-element_type=\"widget\" data-e-type=\"widget\" data-widget_type=\"text-editor.default\">\n\t\t\t\t<div class=\"elementor-widget-container\">\n\t\t\t\t\t\t\t\t\t<p><strong style=\"margin-block-end: -1.8rem;\"><a href=\"https:\/\/goias.gov.br\/casacivil\/secretario-de-estado-da-casa-civil\/\">Secret\u00e1rio de Estado da Casa Civil<\/a><\/strong><br \/>BRUNO MORAES FARIA MONTEIRO BELEM<\/p><p><strong style=\"margin-block-end: -1.8rem;\"><a href=\"https:\/\/goias.gov.br\/casacivil\/subsecretaria-de-legislacao-e-atos-oficiais\/\">Subsecret\u00e1ria de Legisla\u00e7\u00e3o e Atos Oficiais<\/a><\/strong><br \/>EMILIA MUNHOZ GAIVA<\/p><p><strong style=\"margin-block-end: -1.8rem;\"><a href=\"https:\/\/goias.gov.br\/casacivil\/chefe-de-gabinete\/\">Chefe de Gabinete<\/a><\/strong><br \/>R\u00d4MULO MENDON\u00c7A BAIL\u00c3O<\/p><p><strong style=\"margin-block-end: -1.8rem;\"><a href=\"https:\/\/goias.gov.br\/casacivil\/chefe-da-procuradoria-setorial\/\">Chefe da Procuradoria Setorial<\/a><\/strong><br \/>RODRIGO CARVALHO CURVO<\/p><p><strong style=\"margin-block-end: -1.8rem;\"><a href=\"https:\/\/goias.gov.br\/casacivil\/chefe-da-comunicacao-setorial\/\">Chefe da Comunica\u00e7\u00e3o Setorial<\/a><\/strong><br \/>LUCIANA FONTOURA VITORINO<\/p><p><strong style=\"margin-block-end: -1.8rem;\"><a href=\"https:\/\/goias.gov.br\/casacivil\/superintendente-de-gestao-integrada\/\">Superintendente de Gest\u00e3o Integrada<\/a><\/strong><br \/>PEDRO TIAGO ANDRADE CHAGAS FREITAS<\/p><p><strong style=\"margin-block-end: -1.8rem;\"><a href=\"https:\/\/goias.gov.br\/casacivil\/assessor-tecnico\/\">Assessor T\u00e9cnico<\/a><\/strong><br \/>RAFAEL CARVALHO DA ROCHA LIMA<\/p>\t\t\t\t\t\t\t\t<\/div>\n\t\t\t\t<\/div>\n\t\t\t\t\t<\/div>\n\t\t\t\t<\/div>\n\t\t\t\t<\/div>\n\t\t","protected":false},"excerpt":{"rendered":"<p>Secret\u00e1rio de Estado da Casa CivilJORGE LU\u00cdS PINCHEMEL Subsecret\u00e1ria de Legisla\u00e7\u00e3o e Atos OficiaisEMILIA MUNHOZ GAIVA Chefe de GabineteBEATRIZ DUARTE FLEURY FLORENTINO Chefe da Procuradoria SetorialRODRIGO CARVALHO CURVO Chefe da Comunica\u00e7\u00e3o SetorialLUCIANA FONTOURA VITORINO Superintendente de Gest\u00e3o IntegradaPEDRO TIAGO ANDRADE CHAGAS FREITAS Assessor T\u00e9cnicoRAFAEL CARVALHO DA ROCHA LIMA<\/p>\n","protected":false},"author":386,"featured_media":0,"parent":0,"menu_order":0,"comment_status":"closed","ping_status":"closed","template":"","meta":{"footnotes":""},"class_list":["post-12998","page","type-page","status-publish","hentry"],"rttpg_featured_image_url":null,"rttpg_author":{"display_name":"marilialobo","author_link":"https:\/\/goias.gov.br\/casacivil\/author\/marilialobo\/"},"rttpg_comment":0,"rttpg_category":null,"rttpg_excerpt":"Secret\u00e1rio de Estado da Casa CivilJORGE LU\u00cdS PINCHEMEL Subsecret\u00e1ria de Legisla\u00e7\u00e3o e Atos OficiaisEMILIA MUNHOZ GAIVA Chefe de GabineteBEATRIZ DUARTE FLEURY FLORENTINO Chefe da Procuradoria SetorialRODRIGO CARVALHO CURVO Chefe da Comunica\u00e7\u00e3o SetorialLUCIANA FONTOURA VITORINO Superintendente de Gest\u00e3o IntegradaPEDRO TIAGO ANDRADE CHAGAS FREITAS Assessor T\u00e9cnicoRAFAEL CARVALHO DA ROCHA LIMA","_links":{"self":[{"href":"https:\/\/goias.gov.br\/casacivil\/wp-json\/wp\/v2\/pages\/12998","targetHints":{"allow":["GET"]}}],"collection":[{"href":"https:\/\/goias.gov.br\/casacivil\/wp-json\/wp\/v2\/pages"}],"about":[{"href":"https:\/\/goias.gov.br\/casacivil\/wp-json\/wp\/v2\/types\/page"}],"author":[{"embeddable":true,"href":"https:\/\/goias.gov.br\/casacivil\/wp-json\/wp\/v2\/users\/386"}],"replies":[{"embeddable":true,"href":"https:\/\/goias.gov.br\/casacivil\/wp-json\/wp\/v2\/comments?post=12998"}],"version-history":[{"count":2,"href":"https:\/\/goias.gov.br\/casacivil\/wp-json\/wp\/v2\/pages\/12998\/revisions"}],"predecessor-version":[{"id":67273,"href":"https:\/\/goias.gov.br\/casacivil\/wp-json\/wp\/v2\/pages\/12998\/revisions\/67273"}],"wp:attachment":[{"href":"https:\/\/goias.gov.br\/casacivil\/wp-json\/wp\/v2\/media?parent=12998"}],"curies":[{"name":"wp","href":"https:\/\/api.w.org\/{rel}","templated":true}]}}