

{"id":12966,"date":"2025-10-01T21:38:00","date_gmt":"2025-10-02T00:38:00","guid":{"rendered":"https:\/\/siteshom.goias.gov.br\/casacivil\/?page_id=12966"},"modified":"2026-03-31T09:33:48","modified_gmt":"2026-03-31T12:33:48","slug":"institucional","status":"publish","type":"page","link":"https:\/\/goias.gov.br\/casacivil\/institucional\/","title":{"rendered":"Institucional"},"content":{"rendered":"\t\t<div data-elementor-type=\"wp-page\" data-elementor-id=\"12966\" class=\"elementor elementor-12966\">\n\t\t\t\t<div class=\"elementor-element elementor-element-6a810e5 e-flex e-con-boxed e-con e-parent\" data-id=\"6a810e5\" data-element_type=\"container\" data-e-type=\"container\">\n\t\t\t\t\t<div class=\"e-con-inner\">\n\t\t<div class=\"elementor-element elementor-element-ce944e9 e-con-full e-flex e-con e-child\" data-id=\"ce944e9\" data-element_type=\"container\" data-e-type=\"container\">\n\t\t\t\t<div class=\"elementor-element elementor-element-61ee59f elementor-widget elementor-widget-shortcode\" data-id=\"61ee59f\" data-element_type=\"widget\" data-e-type=\"widget\" data-widget_type=\"shortcode.default\">\n\t\t\t\t<div class=\"elementor-widget-container\">\n\t\t\t\t\t\t\t<div class=\"elementor-shortcode\"><div data-post-id=\"27511\" class=\"insert-page insert-page-27511 \"><h1 class='insert-page-title'>Compet\u00eancias<\/h1>\n<div class='wppb-builder-addon wppb-widget-1748005433101 wppb-addon-1748005433101'  data-addon-id='1748005433101'><div class='wppb-widget'><div class=\"textwidget custom-html-widget\"><script>\n  document.addEventListener(\"DOMContentLoaded\", function() {\n    var lastMod = new Date(document.lastModified);\n    document.getElementById(\"last-updated\").innerHTML = \n      \"\u00daltima atualiza\u00e7\u00e3o: \" + lastMod.toLocaleDateString(\"pt-BR\");\n  });\n<\/script>\n<p id=\"last-updated\"><\/p><\/div><\/div><\/div>\n\n\n\n<p><br \/>Segundo o estabelecido na\u00a0<a href=\"https:\/\/legisla.casacivil.go.gov.br\/pesquisa_legislacao\/106749\/lei-21792\" target=\"_blank\" rel=\"noreferrer noopener\">Lei n\u00ba 21.792, de 16 de fevereiro de 2023,<\/a> e seus incisos:<\/p>\n<h4 class=\"artigo\"><span style=\"color: #008000;\">Art. 3\u00ba \u00c0 CASA CIVIL competem:<\/span><\/h4>\n<p class=\"inciso\">I \u2013 a assist\u00eancia e o assessoramento ao Chefe do Poder Executivo no desempenho das seguintes atribui\u00e7\u00f5es constitucionais e legais:<\/p>\n<p class=\"alinea\">a) o relacionamento com as entidades da sociedade civil;<\/p>\n<p class=\"alinea\">b) a cria\u00e7\u00e3o e a implementa\u00e7\u00e3o de instrumentos de consulta e participa\u00e7\u00e3o popular;<\/p>\n<p class=\"alinea\">c) a an\u00e1lise do m\u00e9rito e da compatibilidade das propostas com as diretrizes governamentais, inclusive das que tramitam na Assembleia Legislativa do Estado de Goi\u00e1s \u2013 ALEGO, bem como a an\u00e1lise pr\u00e9via de constitucionalidade e da legalidade dos atos do Governador, para subsidiar suas decis\u00f5es; e<\/p>\n<p class=\"alinea\">d) a prospec\u00e7\u00e3o de informa\u00e7\u00f5es estrat\u00e9gicas ao Governador para apoiar o processo decis\u00f3rio e o desempenho das compet\u00eancias do Governo do Estado;<\/p>\n<p class=\"inciso\">II \u2013 a elabora\u00e7\u00e3o de of\u00edcios, decretos, despachos e projetos de lei, com o acompanhamento do respectivo processo legislativo, tamb\u00e9m de outros atos normativos ou administrativos da compet\u00eancia do Governador do Estado, bem como a ado\u00e7\u00e3o das provid\u00eancias necess\u00e1rias \u00e0 sua publica\u00e7\u00e3o, quando ela for exigida;<\/p>\n<p class=\"inciso\">&#8211;\u00a0<a href=\"https:\/\/legisla.casacivil.go.gov.br\/api\/v1\/arquivos\/17817\" target=\"_blank\" rel=\"noopener\">Vide Despacho PGE n\u00ba 1722\/2022<\/a>\u00a0&#8211; Ementa: Administrativo. Reforma previdenci\u00e1ria. Sistema de prote\u00e7\u00e3o social dos militares. Decreto estadual n\u00ba 9.590\/2020. Pens\u00e3o por morte. Interpreta\u00e7\u00e3o dos arts. 24-b e 26 da lei federal n\u00ba 13.954\/2019. Pleito de entidades de classes militares para revoga\u00e7\u00e3o do decreto estadual n\u00ba 9.590\/2020. Conflito negativo de atribui\u00e7\u00f5es entre as procuradorias setoriais da Casa Civil e da Seguran\u00e7a P\u00fablica. An\u00e1lise do tema de m\u00e9rito como elemento preambular \u00e0 decis\u00e3o acerca da edi\u00e7\u00e3o de novo ato normativo. Quest\u00f5es afetas \u00e0 Secretaria de Estado da Seguran\u00e7a P\u00fablica e \u00e0 Goiasprev. Atribui\u00e7\u00e3o conjunta das respectivas procuradorias setoriais. Mat\u00e9ria orientada.\u00a0<\/p>\n<p class=\"inciso\">III \u2013 a manuten\u00e7\u00e3o das publica\u00e7\u00f5es de atos normativos e documentos oficiais em reposit\u00f3rios digitais seguros, bem como o provimento de mecanismos de processamento, armazenamento, disponibiliza\u00e7\u00e3o e consulta para os usu\u00e1rios, com o uso de tecnologias de informa\u00e7\u00e3o e comunica\u00e7\u00e3o apropriadas; e<\/p>\n<p class=\"inciso\">IV \u2013 a avalia\u00e7\u00e3o dos atos normativos legais e infralegais por meio de sistema de gest\u00e3o normativa.<\/p>\n<p class=\"paragrafo\"><em>Par\u00e1grafo \u00fanico. A tramita\u00e7\u00e3o de processos, o fornecimento de informa\u00e7\u00f5es e a resposta \u00e0s dilig\u00eancias da CASA CIVIL, considerada a natureza das atribui\u00e7\u00f5es institucionais dela, ter\u00e3o car\u00e1ter priorit\u00e1rio nos \u00f3rg\u00e3os e nas entidades da administra\u00e7\u00e3o direta, aut\u00e1rquica e fundacional do Poder Executivo estadual.<\/em><\/p>\n<h4 class=\"paragrafo\"><span style=\"color: #008000;\">Confira o regulamento da Casa Civil:<\/span><\/h4>\n<ul>\n<li><a href=\"https:\/\/legisla.casacivil.go.gov.br\/pesquisa_legislacao\/108400\/decreto-10389\">Regulamento &#8211; Decreto n\u00ba 10.389, de 12 de Janeiro de 2024<\/a><\/li>\n<\/ul>\n\n\n\n<p><\/p>\n\n\n\n<h2 class=\"wp-block-heading\"><\/h2>\n\n\n\n<p><\/p>\n<ul class='post-meta'>\n<li><span class='post-meta-key'>rank_math_internal_links_processed:<\/span> 1<\/li>\n<li><span class='post-meta-key'>rank_math_seo_score:<\/span> 12<\/li>\n<\/ul>\n<\/div><\/div>\n\t\t\t\t\t\t<\/div>\n\t\t\t\t<\/div>\n\t\t\t\t<div class=\"elementor-element elementor-element-24f7c74 elementor-widget elementor-widget-shortcode\" data-id=\"24f7c74\" data-element_type=\"widget\" data-e-type=\"widget\" data-widget_type=\"shortcode.default\">\n\t\t\t\t<div class=\"elementor-widget-container\">\n\t\t\t\t\t\t\t<div class=\"elementor-shortcode\"><div data-post-id=\"27515\" class=\"insert-page insert-page-27515 \"><h1 class='insert-page-title'>Endere\u00e7os, Telefones, e-mails e Hor\u00e1rios de Atendimento<\/h1>\n<p>Rua 82, n\u00ba 400 Ed. Pal\u00e1cio Pedro Ludovico Teixeira, 8\u00ba andar<br>Setor Central, Goi\u00e2nia\/GO \u2013 CEP: 74.015-908<br>Atendimento: 08h \u00e0s 12h e 14h \u00e0s 18h<\/p>\n\n\n\n<h4 class=\"wp-block-heading\">Gabinete do Secret\u00e1rio de Estado da Casa Civil<\/h4>\n\n\n\n<p>Secret\u00e1rio:\u00a0<strong>JORGE LU\u00cdS PINCHEMEL<\/strong><br>E-mail: secretario.casacivil@goias.gov.br<br>Telefone: (62) 3201-5802<\/p>\n\n\n\n<p>Chefe de Gabinete:\u00a0<strong>BEATRIZ DUARTE FLEURY FLORENTINO<\/strong><br>E-mail: gabinete.casacivil@goias.gov.br<br>Telefone: (62) 3201-5802<\/p>\n\n\n\n<h4 class=\"wp-block-heading\">Subsecretaria de Legisla\u00e7\u00e3o e Atos Oficiais<\/h4>\n\n\n\n<p>Subsecret\u00e1ria:\u00a0<strong>EM\u00cdLIA MUNHOZ GAIVA<\/strong><br>E-mail: slat.casacivil@goias.gov.br<br>Telefone: (62) 3201-5827<\/p>\n\n\n\n<h4 class=\"wp-block-heading\">Procuradoria Setorial<\/h4>\n\n\n\n<p>Procurador-Chefe:\u00a0<strong>RODRIGO CARVALHO CURVO<\/strong><br>E-mail: procuradoriasetorial.casacivil@goias.gov.br<br>Telefone: (62) 3201-5862<\/p>\n\n\n\n<h4 class=\"wp-block-heading\">Comunica\u00e7\u00e3o Setorial<\/h4>\n\n\n\n<p>Chefe:<strong>\u00a0LUCIANA FONTOURA VITORINO<\/strong><br>E-mail: luciana.vitorino@goias.gov.br<br>Telefone: (62) 3201-5833<\/p>\n\n\n\n<h4 class=\"wp-block-heading\">Superintend\u00eancia de Gest\u00e3o Integrada<\/h4>\n\n\n\n<p>Superintendente:<strong>\u00a0PEDRO TIAGO ANDRADE CHAGAS FREITAS<\/strong><br>E-mail: pedro.freitas@goias.gov.br<br>Telefone: (62) 3201-5801\/5874<\/p>\n\n\n\n<h4 class=\"wp-block-heading\">Assessoria T\u00e9cnica<\/h4>\n\n\n\n<p>Procurador-Chefe<strong>:\u00a0RAFAEL CARVALHO DA ROCHA LIMA<\/strong><br>E-mail: rafael.rlima@goias.gov.br<br>Telefone: (62) 3201-5850<\/p>\n\n\n\n<hr class=\"wp-block-separator has-alpha-channel-opacity\"\/>\n\n\n\n<p><strong>Atendimento ao Cidad\u00e3o<\/strong><br>E-mail: protocolo.casacivil@goias.gov.br<br>Telefone: (62) 3201-5875 \/ <a href=\"https:\/\/wa.me\/5562996860673\" target=\"_blank\" rel=\"noreferrer noopener\">Atendimento via Whatsapp<\/a><br><br><strong>Ouvidoria Setorial<\/strong><br>E-mail: ouvidoria.casacivil@goias.gov.br<br>Telefone: (62) 3201-5877<br><br><strong>Imprensa<\/strong><br>E-mail: comunicacao.casacivil@goias.gov.br<br>Telefone: (62) 3201-5833<\/p>\n<ul class='post-meta'>\n<li><span class='post-meta-key'>rank_math_internal_links_processed:<\/span> 1<\/li>\n<li><span class='post-meta-key'>rank_math_seo_score:<\/span> 12<\/li>\n<\/ul>\n<\/div><\/div>\n\t\t\t\t\t\t<\/div>\n\t\t\t\t<\/div>\n\t\t\t\t<\/div>\n\t\t<div class=\"elementor-element elementor-element-698629c e-con-full e-flex e-con e-child\" data-id=\"698629c\" data-element_type=\"container\" data-e-type=\"container\">\n\t\t\t\t<div class=\"elementor-element elementor-element-5dd883d elementor-widget elementor-widget-shortcode\" data-id=\"5dd883d\" data-element_type=\"widget\" data-e-type=\"widget\" data-widget_type=\"shortcode.default\">\n\t\t\t\t<div class=\"elementor-widget-container\">\n\t\t\t\t\t\t\t<div class=\"elementor-shortcode\"><div data-post-id=\"27513\" class=\"insert-page insert-page-27513 \"><h1 class='insert-page-title'>Secret\u00e1rio<\/h1>\n<h3><span style=\"color: #008000;\">Jorge Lu\u00eds Pinchemel<\/span><br \/><strong><span style=\"color: #999999;\">Secret\u00e1rio de Estado da Casa Civil<\/span><\/strong><\/h3>\n<h3><img fetchpriority=\"high\" fetchpriority=\"high\" decoding=\"async\" class=\"alignnone  wp-image-42135\" src=\"https:\/\/goias.gov.br\/casacivil\/wp-content\/uploads\/sites\/47\/2025\/06\/WhatsApp-Image-2025-06-25-at-10.46.18-225x300.jpeg\" alt=\"\" width=\"357\" height=\"476\" srcset=\"https:\/\/goias.gov.br\/casacivil\/wp-content\/uploads\/sites\/47\/2025\/06\/WhatsApp-Image-2025-06-25-at-10.46.18-225x300.jpeg 225w, https:\/\/goias.gov.br\/casacivil\/wp-content\/uploads\/sites\/47\/2025\/06\/WhatsApp-Image-2025-06-25-at-10.46.18-768x1024.jpeg 768w, https:\/\/goias.gov.br\/casacivil\/wp-content\/uploads\/sites\/47\/2025\/06\/WhatsApp-Image-2025-06-25-at-10.46.18-1152x1536.jpeg 1152w, https:\/\/goias.gov.br\/casacivil\/wp-content\/uploads\/sites\/47\/2025\/06\/WhatsApp-Image-2025-06-25-at-10.46.18-1536x2048.jpeg 1536w\" sizes=\"(max-width: 357px) 100vw, 357px\" \/><\/h3>\n<p><strong>Curr\u00edculo\u00a0<\/strong><\/p>\n\n\n\n<p><strong>FORMA\u00c7\u00c3O ACAD\u00caMICA:<br><\/strong>Bacharelado em Direito \u2013 Universidade Federal de Goi\u00e1s \u2013 1998\/2003;<br>Especialista em Direito Civil \u2013 2013\/2014;<br>Especialista em Processo Civil \u2013 2008\/2009;<br>Especialista em Direito P\u00fablico com \u00eanfase em licita\u00e7\u00f5es e contratos<br>administrativos \u2013 2017\/2018; e<br>Especialista em Intelig\u00eancia Policial e Penitenci\u00e1ria \u2013 2021\/2022.<br>Especializando em Direito de Infraestrutura, Regula\u00e7\u00e3o e Governan\u00e7a.<\/p>\n\n\n\n<p>P\u00f3s-graduando em Legal Operations (Intelig\u00eancia Artificial e Alta Performance Jur\u00eddica).<\/p>\n\n\n\n<hr class=\"wp-block-separator has-alpha-channel-opacity\"\/>\n\n\n\n<p><strong>EXPERI\u00caNCIA PROFISSIONAL:<br><\/strong>Procurador do Estado desde 2006;<br>Gerente de Execu\u00e7\u00e3o Fiscal \u2013 2009;<br>Procurador-Chefe da Procuradoria Tribut\u00e1ria \u2013 2009\/2010;<br>Procurador-Chefe da Advocacia Setorial da Secretaria de Estado do Meio<br>Ambiente e Recursos H\u00eddricos \u2013 2013\/2014;<br>Procurador-Chefe da Assessoria de Gabinete do Procurador-Geral do Estado \u2013<br>2018;<br>Subprocurador-Geral do Estado para Assuntos Administrativos \u2013 2019;<br>Gerente de Reda\u00e7\u00e3o e Revis\u00e3o de Atos Oficiais na Casa Civil \u2013 2019\/2020;<br>Superintendente de Legisla\u00e7\u00e3o, Atos Oficiais e Assuntos T\u00e9cnicos da Casa Civil \u2013<br>2020\/2021;<br>Membro da C\u00e2mara de Gest\u00e3o de Gastos \u2013 2019\/2020;<br>Membro da C\u00e2mara Deliberativa de Transporte Coletivo \u2013 2022\/2024;<\/p>\n\n\n\n<p>Membro do Conselho de Administra\u00e7\u00e3o do Ipasgo Sa\u00fade &#8211; 12\/2025;<br>Membro do Conselho de Governo \u2013 2021\/atual; <br>Secret\u00e1rio de Estado da Casa Civil \u2013 2021\/cargo atual; e<\/p>\n\n\n\n<p>Membro da AMIC (Autoridade de Minerais Cr\u00edticos do Estado de Goi\u00e1s) &#8211; 2026.<\/p>\n\n\n\n<p><\/p>\n<ul class='post-meta'>\n<li><span class='post-meta-key'>rank_math_internal_links_processed:<\/span> 1<\/li>\n<li><span class='post-meta-key'>rank_math_seo_score:<\/span> 8<\/li>\n<li><span class='post-meta-key'>rank_math_og_content_image:<\/span> a:2:{s:5:\"check\";s:32:\"28703388840d9e0c4071d4101a1f4bc7\";s:6:\"images\";a:1:{i:0;s:118:\"https:\/\/goias.gov.br\/casacivil\/wp-content\/uploads\/sites\/47\/2024\/11\/816cb1b0-c28a-49e3-a7f5-e677368d55fa-1-768x1024.jpg\";}}<\/li>\n<\/ul>\n<\/div><\/div>\n\t\t\t\t\t\t<\/div>\n\t\t\t\t<\/div>\n\t\t\t\t<div class=\"elementor-element elementor-element-4032a1e elementor-widget elementor-widget-shortcode\" data-id=\"4032a1e\" data-element_type=\"widget\" data-e-type=\"widget\" data-widget_type=\"shortcode.default\">\n\t\t\t\t<div class=\"elementor-widget-container\">\n\t\t\t\t\t\t\t<div class=\"elementor-shortcode\"><div data-post-id=\"27517\" class=\"insert-page insert-page-27517 \"><h1 class='insert-page-title'>Estrutura Organizacional<\/h1>\n<figure class=\"wp-block-image size-large\"><a href=\"https:\/\/goias.gov.br\/casacivil\/wp-content\/uploads\/sites\/47\/2025\/09\/ORGANOGRAMA-CORRETO.pdf\" target=\"_blank\" rel=\" noreferrer noopener\"><img decoding=\"async\" width=\"1024\" height=\"724\" src=\"https:\/\/goias.gov.br\/casacivil\/wp-content\/uploads\/sites\/47\/2025\/09\/ORGANOGRAMA-CORRETO-1024x724.png\" alt=\"\" class=\"wp-image-48717\" srcset=\"https:\/\/goias.gov.br\/casacivil\/wp-content\/uploads\/sites\/47\/2025\/09\/ORGANOGRAMA-CORRETO-1024x724.png 1024w, https:\/\/goias.gov.br\/casacivil\/wp-content\/uploads\/sites\/47\/2025\/09\/ORGANOGRAMA-CORRETO-300x212.png 300w, https:\/\/goias.gov.br\/casacivil\/wp-content\/uploads\/sites\/47\/2025\/09\/ORGANOGRAMA-CORRETO-768x543.png 768w, https:\/\/goias.gov.br\/casacivil\/wp-content\/uploads\/sites\/47\/2025\/09\/ORGANOGRAMA-CORRETO-1536x1086.png 1536w, https:\/\/goias.gov.br\/casacivil\/wp-content\/uploads\/sites\/47\/2025\/09\/ORGANOGRAMA-CORRETO-2048x1448.png 2048w\" sizes=\"(max-width: 1024px) 100vw, 1024px\" \/><\/a><\/figure>\n\n\n\n<p>Fonte: \u00a0<a class=\"\" href=\"https:\/\/legisla.casacivil.go.gov.br\/pesquisa_legislacao\/106749\/lei-21792\" target=\"_blank\" rel=\"noreferrer noopener\">Lei n\u00ba 21.792, de 16 de fevereiro de 2023<\/a><br \/>Saiba quem s\u00e3o nossos servidores e as fun\u00e7\u00f5es que exercem:<\/p>\n<ul>\n<li><a href=\"https:\/\/goias.gov.br\/casacivil\/cargos-e-seus-ocupantes\/\">Cargos e Seus Ocupantes<\/a><\/li>\n<li><a href=\"https:\/\/legisla.casacivil.go.gov.br\/pesquisa_legislacao\/108400\/decreto-10389\">Regulamento Casa Civil<\/a><\/li>\n<li><a href=\"https:\/\/goias.gov.br\/casacivil\/plano-de-comunicacao-institucional\/\">Plano de Comunica\u00e7\u00e3o Institucional 2024-2026<\/a><\/li>\n<li><a href=\"https:\/\/legisla.casacivil.go.gov.br\/pesquisa_ato_infralegal\/532\/portaria-987\">Pol\u00edtica de Comunica\u00e7\u00e3o da Secretaria de Estado da Casa Civil\u2013 CASA CIVIL<\/a><\/li>\n<\/ul>\n<ul class='post-meta'>\n<li><span class='post-meta-key'>rank_math_internal_links_processed:<\/span> 1<\/li>\n<li><span class='post-meta-key'>rank_math_seo_score:<\/span> 18<\/li>\n<li><span class='post-meta-key'>rank_math_og_content_image:<\/span> a:2:{s:5:\"check\";s:32:\"657e29295fd3bb12b8256d46788076e9\";s:6:\"images\";a:1:{i:0;i:27523;}}<\/li>\n<\/ul>\n<\/div><\/div>\n\t\t\t\t\t\t<\/div>\n\t\t\t\t<\/div>\n\t\t\t\t<\/div>\n\t\t\t\t\t<\/div>\n\t\t\t\t<\/div>\n\t\t\t\t<\/div>\n\t\t","protected":false},"excerpt":{"rendered":"","protected":false},"author":7,"featured_media":0,"parent":0,"menu_order":0,"comment_status":"closed","ping_status":"closed","template":"","meta":{"footnotes":""},"class_list":["post-12966","page","type-page","status-publish","hentry"],"rttpg_featured_image_url":null,"rttpg_author":{"display_name":"gustavogoncalves","author_link":"https:\/\/goias.gov.br\/casacivil\/author\/gustavogoncalves\/"},"rttpg_comment":0,"rttpg_category":null,"rttpg_excerpt":null,"_links":{"self":[{"href":"https:\/\/goias.gov.br\/casacivil\/wp-json\/wp\/v2\/pages\/12966","targetHints":{"allow":["GET"]}}],"collection":[{"href":"https:\/\/goias.gov.br\/casacivil\/wp-json\/wp\/v2\/pages"}],"about":[{"href":"https:\/\/goias.gov.br\/casacivil\/wp-json\/wp\/v2\/types\/page"}],"author":[{"embeddable":true,"href":"https:\/\/goias.gov.br\/casacivil\/wp-json\/wp\/v2\/users\/7"}],"replies":[{"embeddable":true,"href":"https:\/\/goias.gov.br\/casacivil\/wp-json\/wp\/v2\/comments?post=12966"}],"version-history":[{"count":3,"href":"https:\/\/goias.gov.br\/casacivil\/wp-json\/wp\/v2\/pages\/12966\/revisions"}],"predecessor-version":[{"id":64733,"href":"https:\/\/goias.gov.br\/casacivil\/wp-json\/wp\/v2\/pages\/12966\/revisions\/64733"}],"wp:attachment":[{"href":"https:\/\/goias.gov.br\/casacivil\/wp-json\/wp\/v2\/media?parent=12966"}],"curies":[{"name":"wp","href":"https:\/\/api.w.org\/{rel}","templated":true}]}}