

{"id":4597,"date":"2024-02-26T16:28:44","date_gmt":"2024-02-26T19:28:44","guid":{"rendered":"https:\/\/siteshom.goias.gov.br\/agrodefesa\/?page_id=4597"},"modified":"2025-11-10T14:52:58","modified_gmt":"2025-11-10T17:52:58","slug":"inspecao-de-produtos-de-origem-animal","status":"publish","type":"page","link":"https:\/\/goias.gov.br\/agrodefesa\/inspecao-de-produtos-de-origem-animal\/","title":{"rendered":"Inspe\u00e7\u00e3o de Produtos de Origem Animal"},"content":{"rendered":"\n<figure class=\"wp-block-image\"><img decoding=\"async\" width=\"175\" height=\"176\" src=\"https:\/\/goias.gov.br\/agrodefesa\/wp-content\/uploads\/sites\/49\/2014\/06\/SIE-ae2.PNG\" alt=\"\" class=\"wp-image-1376\" title=\"\" srcset=\"https:\/\/goias.gov.br\/agrodefesa\/wp-content\/uploads\/sites\/49\/2014\/06\/SIE-ae2.PNG 175w, https:\/\/goias.gov.br\/agrodefesa\/wp-content\/uploads\/sites\/49\/2014\/06\/SIE-ae2-150x150.png 150w\" sizes=\"(max-width: 175px) 100vw, 175px\" \/><\/figure>\n\n\n\n<p>A Ger\u00eancia de Inspe\u00e7\u00e3o de Produtos de Origem Animal da Agrodefesa atua na inspe\u00e7\u00e3o industrial, sanit\u00e1ria e tecnol\u00f3gica de toda a cadeia produtiva, desde a produ\u00e7\u00e3o da mat\u00e9ria-prima at\u00e9 o produto final, visando garantir a inocuidade e qualidade dos alimentos de origem animal manipulados e\/ou fabricados no estado de Goi\u00e1s para a prote\u00e7\u00e3o \u00e0 Sa\u00fade P\u00fablica.<\/p>\n\n\n\n<h3 class=\"wp-block-heading\">\u00c1reas de Atua\u00e7\u00e3o<\/h3>\n\n\n\n<p>As a\u00e7\u00f5es de inspe\u00e7\u00e3o higi\u00eanico-sanit\u00e1ria, industrial e tecnol\u00f3gica dos produtos e subprodutos de origem animal, seus derivados e res\u00edduos de valor econ\u00f4mico incidem:<\/p>\n\n\n\n<ol start=\"1\" class=\"wp-block-list\">\n<li>Nos estabelecimentos industriais de abate de animais e seus entrepostos de derivados c\u00e1rneos;<\/li>\n\n\n\n<li>Nos estabelecimentos industriais de latic\u00ednios e seus entrepostos de recebimento, refrigera\u00e7\u00e3o e distribui\u00e7\u00e3o de leite;<\/li>\n\n\n\n<li>Nos estabelecimentos industriais de pescados, seus entrepostos de produtos e subprodutos;<\/li>\n\n\n\n<li>Nos estabelecimentos industriais de mel e produtos relacionados e seus entrepostos;<\/li>\n\n\n\n<li>Nos estabelecimentos industriais de ovos e derivados e seus entrepostos;<\/li>\n\n\n\n<li>Nos estabelecimentos industriais de transforma\u00e7\u00e3o e manipula\u00e7\u00e3o de produtos e subprodutos de origem animal e seus res\u00edduos de valor econ\u00f4mico;<\/li>\n\n\n\n<li>Nas agroind\u00fastrias da agricultura familiar;<\/li>\n\n\n\n<li>Nas queijarias artesanais.<\/li>\n<\/ol>\n\n\n\n<h3 class=\"wp-block-heading\">Normativas<\/h3>\n\n\n\n<ul class=\"wp-block-list\">\n<li><a href=\"https:\/\/legisla.casacivil.go.gov.br\/pesquisa_legislacao\/83302\/lei-11904\" target=\"_blank\" rel=\"noreferrer noopener\">Lei 11.904\/1993<\/a>&#8211; Disp\u00f5e sobre a inspe\u00e7\u00e3o dos produtos de origem animal<\/li>\n\n\n\n<li><a href=\"https:\/\/legisla.casacivil.go.gov.br\/pesquisa_legislacao\/63493\/decreto-4019\" target=\"_blank\" rel=\"noreferrer noopener\">Decreto 4.019\/1993<\/a> &#8211; Regulamenta a Inspe\u00e7\u00e3o<\/li>\n\n\n\n<li><a href=\"https:\/\/goias.gov.br\/agrodefesa\/wp-content\/uploads\/sites\/49\/2014\/06\/Decreto-Numerado-10.404.pdf\" target=\"_blank\" rel=\"noreferrer noopener\">Decreto 10.404\/2024<\/a>&#8211; Altera o Regulamento da Inspe\u00e7\u00e3o Sanit\u00e1ria e Industrial dos Produtos de Origem Animal no Estado de Goi\u00e1s <\/li>\n\n\n\n<li><a href=\"https:\/\/goias.gov.br\/agrodefesa\/wp-content\/uploads\/sites\/49\/2014\/06\/IN05_2006-6fc.pdf\">Instru\u00e7\u00e3o Normativa 05\/2006<\/a> &#8211; Disp\u00f5e sobre an\u00e1lises mensais dos produtos<\/li>\n\n\n\n<li><a href=\"https:\/\/goias.gov.br\/agrodefesa\/wp-content\/uploads\/sites\/49\/2014\/06\/IN03_2012-5c0.pdf\">Instru\u00e7\u00e3o Normativa 03\/2012<\/a> &#8211; Disp\u00f5e sobre registro agroind\u00fastria familiar<\/li>\n\n\n\n<li><a href=\"https:\/\/goias.gov.br\/agrodefesa\/wp-content\/uploads\/sites\/49\/2014\/06\/154485-80f.pdf\">Instru\u00e7\u00e3o Normativa 04\/2013<\/a> &#8211; Disp\u00f5e sobre preven\u00e7\u00e3o ETT em ruminantes<\/li>\n\n\n\n<li><a href=\"https:\/\/goias.gov.br\/agrodefesa\/wp-content\/uploads\/sites\/49\/2014\/06\/154952-ef9.pdf\">Instru\u00e7\u00e3o Normativa 12\/2013<\/a> &#8211; Disp\u00f5e sobre tr\u00e2nsito de pescado fresco<\/li>\n\n\n\n<li><a href=\"https:\/\/goias.gov.br\/agrodefesa\/wp-content\/uploads\/sites\/49\/2014\/06\/IN07_2019-223.pdf\">Instru\u00e7\u00e3o Normativa 07\/2019<\/a> &#8211; Disp\u00f5e sobre procedimentos de rotulagem<\/li>\n\n\n\n<li><a href=\"https:\/\/goias.gov.br\/agrodefesa\/wp-content\/uploads\/sites\/49\/2014\/06\/IN03_2020-a05.pdf\">Instru\u00e7\u00e3o Normativa 03\/2020<\/a> &#8211; Disp\u00f5e sobre concess\u00e3o de login e senha SIDAGO<\/li>\n\n\n\n<li><a href=\"https:\/\/www.normasbrasil.com.br\/norma\/portaria-180-2014-go_268908.html\">Portaria 180\/2014<\/a> &#8211; Fixa multas de inspe\u00e7\u00e3o<\/li>\n\n\n\n<li><a href=\"https:\/\/sidago.agrodefesa.go.gov.br\/site\/adicionaisproprios\/protocolo\/arquivos\/3387780.pdf\" target=\"_blank\" rel=\"noreferrer noopener\">Instru\u00e7\u00e3o Normativa 03\/2025<\/a> &#8211; Disp\u00f5e sobre as instala\u00e7\u00f5es, equipamentos e as normas t\u00e9cnicas de estabelecimento agroindustrial de pequeno porte elaborador de produtos de origem animal<\/li>\n<\/ul>\n\n\n\n<h3 class=\"wp-block-heading\">Equipe<\/h3>\n\n\n\n<ul class=\"wp-block-list\">\n<li><strong>Estabelecimentos de Carne e Derivados: <\/strong>Juliana Flor de Aguiar<\/li>\n\n\n\n<li><strong>Estabelecimentos de Leite e Derivados: <\/strong>Fernanda Pacheco Balestra<\/li>\n\n\n\n<li><strong>Estabelecimentos de Ovos, Mel e Pescados:&nbsp;<\/strong>Fl\u00e1via Ribeiro Resende Borges Feliciano<\/li>\n\n\n\n<li><strong>Estabelecimentos Artesanais: <\/strong>Fl\u00e1via Ribeiro Resende Borges Feliciano<\/li>\n\n\n\n<li><strong>Frigor\u00edficos de Aves: <\/strong>Marta Ferreira Correia Viana<\/li>\n\n\n\n<li><strong>Frigor\u00edficos de Bovinos e Su\u00ednos:<\/strong> Marta Ferreira Correia Viana<\/li>\n\n\n\n<li><strong>Auditoria e Estat\u00edstica:<\/strong> F\u00e1bio Alves de Oliveira Silva<\/li>\n\n\n\n<li><strong>Cadastros: <\/strong>Poliana de Souza Ferreira Junqueira do Val<\/li>\n\n\n\n<li><strong>Educa\u00e7\u00e3o Sanit\u00e1ria e Processos Administrativos: <\/strong>Coraci de Paula<\/li>\n\n\n\n<li><strong>Normatiza\u00e7\u00e3o e Autos de Infra\u00e7\u00e3o: <\/strong>Eur\u00edpedes Divino Amorim<\/li>\n\n\n\n<li><strong>Agente de Inspe\u00e7\u00e3o:<\/strong> Adhemar Bueno Sardinha da Costa<\/li>\n\n\n\n<li><strong>Gerente de Inspe\u00e7\u00e3o:<\/strong> Paulo Roberto Lucas Viana Filho<\/li>\n<\/ul>\n\n\n\n<p class=\"has-large-font-size\"><strong>Registro SIE<\/strong><\/p>\n\n\n\n<p>O registro no Servi\u00e7o de Inspe\u00e7\u00e3o Estadual (SIE) inicia-se com a aprova\u00e7\u00e3o do Requerimento Geral, Projetos Industriais e Memorial Descritivo Econ\u00f4mico e Sanit\u00e1rio SIE do estabelecimento, pela Ger\u00eancia de Inspe\u00e7\u00e3o &#8211; GEINSP. Ap\u00f3s aprova\u00e7\u00e3o, os outros documentos s\u00e3o enviados para an\u00e1lise e libera\u00e7\u00e3o de taxa e acesso ao SIDAGO. Com o laudo de vistoria inicial favor\u00e1vel e rotulagem aprovada, o estabelecimento receber\u00e1 a autoriza\u00e7\u00e3o para iniciar suas atividades.<\/p>\n\n\n\n<p>1 &#8211; <a href=\"https:\/\/goias.gov.br\/agrodefesa\/wp-content\/uploads\/sites\/49\/2025\/08\/Documentos_Registro_SIE_Word.pdf\" target=\"_blank\" rel=\"noreferrer noopener\">Rela\u00e7\u00e3o de Documentos para Registro SIE<\/a><\/p>\n\n\n\n<p>2 &#8211;&nbsp;<a id=\"\" href=\"https:\/\/goias.gov.br\/agrodefesa\/wp-content\/uploads\/sites\/49\/2016\/07\/ModeloRequerimentoGeral2023-72a.doc\">Requerimento Geral<\/a><\/p>\n\n\n\n<p>3 &#8211; <a href=\"https:\/\/goias.gov.br\/agrodefesa\/wp-content\/uploads\/sites\/49\/2016\/07\/MemorialDescritivoEconomicoSanitario-SIE2024-1.doc\">Memorial Descritivo Economico Sanitario SIE 2024<\/a><\/p>\n\n\n\n<p>4 &#8211; <a id=\"\" href=\"https:\/\/goias.gov.br\/agrodefesa\/wp-content\/uploads\/sites\/49\/2016\/07\/Anexo3_Portaria472_21-0c0.pdf\">Termo de Responsabilidade de Uso do Sistema (SIDAGO)<\/a><\/p>\n\n\n\n<p>5 &#8211; <a id=\"\" href=\"https:\/\/goias.gov.br\/agrodefesa\/wp-content\/uploads\/sites\/49\/2016\/07\/declaracao-de-licenca-ambiental-anexo-I-2023-eba.doc\">Declara\u00e7\u00e3o de Licen\u00e7a Ambiental<\/a> (somente para empresas que ainda n\u00e3o possuem licen\u00e7a ambiental emitida)<\/p>\n\n\n\n<p><\/p>\n\n\n\n<h2 class=\"wp-block-heading\"><a href=\"https:\/\/goias.gov.br\/agrodefesa\/habilitacoes\/\">Habilita\u00e7\u00f5es<\/a><\/h2>\n\n\n\n<p>&nbsp;\u00daltima Atualiza\u00e7\u00e3o em&nbsp;<a href=\"https:\/\/goias.gov.br\/agrodefesa\/habilitacoes\/\">29 de julho de 2025<\/a><\/p>\n\n\n\n<p>&nbsp;Categoria&nbsp;<a href=\"https:\/\/goias.gov.br\/agrodefesa\/categoria\/inspecao-animal\/\">Inspe\u00e7\u00e3o<\/a><\/p>\n\n\n\n<p>Considerando o reconhecimento de equival\u00eancia do Servi\u00e7o de Inspe\u00e7\u00e3o de Goi\u00e1s junto ao SISBI-POA, publicado pela Portaria&nbsp;SDA n\u00ba38\/2014, \u00e9 poss\u00edvel, para os empres\u00e1rios detentores de registro junto ao SIE, solicitar ades\u00e3o ao SISBI, a fim de realizar com\u00e9rcio em \u00e2mbito nacional.<\/p>\n\n\n\n<p>\u2013&nbsp;<strong>SUSAF\/GO<\/strong><\/p>\n\n\n\n<ul class=\"wp-block-list\">\n<li><strong><a href=\"http:\/\/xn--dispe%20sobre%20o%20sistema%20unificado%20estadual%20de%20sanidade%20agroindustrial%20familiar,%20artesanal%20e%20de%20pequeno%20porte%20%20susaf-g7n49911g\/GO%20e%20d%C3%A1%20outras%20provid%C3%AAncias.\" target=\"_blank\" rel=\"noreferrer noopener\">Lei&nbsp; n\u00ba 22.933\/2024<\/a>&nbsp;<\/strong>\u2013 Disp\u00f5e sobre o Sistema Unificado Estadual de Sanidade Agroindustrial Familiar, Artesanal e de Pequeno Porte \u2013 SUSAF\/GO e d\u00e1 outras provid\u00eancias.&nbsp;<\/li>\n\n\n\n<li><a href=\"http:\/\/legisla.casacivil.go.gov.br\/pesquisa_legislacao\/109394\/decreto-10530\" target=\"_blank\" rel=\"noreferrer noopener\"><strong>Decreto 10.530\/2024<\/strong><\/a>&nbsp;\u2013 Regulamenta a Lei n\u00ba 22.933, de 21 de agosto de 2024, que disp\u00f5e sobre o Sistema Unificado Estadual de Sanidade Agroindustrial Familiar, Artesanal e de Pequeno Porte \u2013 SUSAF\/GO.<\/li>\n<\/ul>\n\n\n\n<p><strong>\u2013 SISBI \u2013 POA<\/strong><\/p>\n\n\n\n<ul class=\"wp-block-list\">\n<li><a href=\"https:\/\/sidago.agrodefesa.go.gov.br\/site\/adicionaisproprios\/protocolo\/arquivos\/3387652.pdf\" target=\"_blank\" rel=\"noreferrer noopener\"><strong>Instru\u00e7\u00e3o Normativa n\u00ba 004\/2025<\/strong><\/a>&nbsp;-Estabelece procedimentos para habilita\u00e7\u00e3o e desabilita\u00e7\u00e3o dos estabelecimentos registrados junto ao Servi\u00e7o de Inspe\u00e7\u00e3o Estadual do Estado de Goi\u00e1s \u2013 SIE, ao Sistema Brasileiro de Inspe\u00e7\u00e3o de Produtos de Origem Animal \u2013 SISBI-POA (Revoga a IN 008\/2020).&nbsp;<\/li>\n\n\n\n<li><a href=\"https:\/\/goias.gov.br\/agrodefesa\/wp-content\/uploads\/sites\/49\/2016\/07\/Of.Circular1.213_2018-4df.pdf\"><strong>Of\u00edcio Circular 1.213\/2018<\/strong><\/a>&nbsp;\u2013 Disp\u00f5e sobre o recebimento de mat\u00e9rias primas por estabelecimento SISBI<\/li>\n<\/ul>\n\n\n\n<ol class=\"wp-block-list\">\n<li><a href=\"https:\/\/goias.gov.br\/agrodefesa\/wp-content\/uploads\/sites\/49\/2016\/07\/REQUERIMENTOSISBI-POA-55b.docx\">Requerimento SISBI<\/a><\/li>\n\n\n\n<li><a href=\"https:\/\/goias.gov.br\/agrodefesa\/wp-content\/uploads\/sites\/49\/2016\/07\/manual-de-identidade-visual-da-marca-sisbi-b47.pdf\">Manual de identidade da marca SISBI<\/a><\/li>\n<\/ol>\n\n\n\n<p><strong>\u2013 Selo ARTE:<\/strong><\/p>\n\n\n\n<ul class=\"wp-block-list\">\n<li><strong><a href=\"https:\/\/goias.gov.br\/agrodefesa\/wp-content\/uploads\/sites\/49\/2016\/07\/lei_20361-be2.pdf\">Lei n\u00ba 20.361, de 05 de Dezembro de 2018<\/a>&nbsp;\u2013&nbsp;<\/strong>Estabelece normas sanit\u00e1rias para produtos artesanais<\/li>\n\n\n\n<li><strong><a href=\"https:\/\/goias.gov.br\/agrodefesa\/wp-content\/uploads\/sites\/49\/2016\/07\/DEC9551-7b4.pdf\" id=\"\">Decreto n\u00ba 9.551, de 12 Novembro de 2019<\/a>&nbsp;\u2013&nbsp;<\/strong>Regulamenta a Lei 20.361\/2018<\/li>\n\n\n\n<li><strong><a href=\"https:\/\/goias.gov.br\/agrodefesa\/wp-content\/uploads\/sites\/49\/2016\/07\/DEC9551-7b4.pdf\" id=\"\">I<\/a><a href=\"https:\/\/goias.gov.br\/agrodefesa\/wp-content\/uploads\/sites\/49\/2016\/07\/IN006de2019SeloArtesanal-91d.pdf\" id=\"\">nstru\u00e7\u00e3o Normativa n\u00ba 006\/2019<\/a>&nbsp;\u2013&nbsp;<\/strong>Normatiza o registro de queijarias artesanais<\/li>\n\n\n\n<li><strong><a href=\"https:\/\/goias.gov.br\/agrodefesa\/wp-content\/uploads\/sites\/49\/2016\/07\/IN09.2023-170.pdf\">Instru\u00e7\u00e3o Normativa n\u00ba 9\/2023<\/a>&nbsp;\u2013&nbsp;<\/strong>Estabelece procedimentos para concess\u00e3o de Selo Arte e Selo Queijo Artesanal<\/li>\n<\/ul>\n\n\n\n<ol class=\"wp-block-list\">\n<li><a href=\"https:\/\/goias.gov.br\/agrodefesa\/wp-content\/uploads\/sites\/49\/2016\/07\/ManualconstrucaoArte-6fa.pdf\">Manual de Identidade do Selo ARTE<\/a><\/li>\n<\/ol>\n\n\n\n<h3 class=\"wp-block-heading\"><strong>CONTATOS<\/strong><\/h3>\n\n\n\n<p>Sede da Agrodefesa, Bloco I.<\/p>\n\n\n\n<p>Telefones Inspe\u00e7\u00e3o: (062) 3201-8578\/ 8669\/ 3531\/ 3532<\/p>\n\n\n\n<p>E-mail para d\u00favidas relacionadas ao Servi\u00e7o de Inspe\u00e7\u00e3o:  geinsp.agrodefesa@goias.gov.br<\/p>\n\n\n\n<p>E-mail para envio de projetos para an\u00e1lise: gecci.agrodefesa@goias.gov.br<\/p>\n\n\n\n<p>Disk Den\u00fancia AGRODEFESA: 0800 646 1122<\/p>\n\n\n\n<p><\/p>\n","protected":false},"excerpt":{"rendered":"<p>A Ger\u00eancia de Inspe\u00e7\u00e3o de Produtos de Origem Animal da Agrodefesa atua na inspe\u00e7\u00e3o industrial, sanit\u00e1ria e tecnol\u00f3gica de toda a cadeia produtiva, desde a produ\u00e7\u00e3o da mat\u00e9ria-prima at\u00e9 o produto final, visando garantir a inocuidade e qualidade dos alimentos de origem animal manipulados e\/ou fabricados no estado de Goi\u00e1s para a prote\u00e7\u00e3o \u00e0 Sa\u00fade [&hellip;]<\/p>\n","protected":false},"author":7,"featured_media":0,"parent":0,"menu_order":0,"comment_status":"closed","ping_status":"closed","template":"","meta":{"footnotes":""},"class_list":["post-4597","page","type-page","status-publish","hentry"],"rttpg_featured_image_url":null,"rttpg_author":{"display_name":"gustavogoncalves","author_link":"https:\/\/goias.gov.br\/agrodefesa\/author\/gustavogoncalves\/"},"rttpg_comment":0,"rttpg_category":null,"rttpg_excerpt":"A Ger\u00eancia de Inspe\u00e7\u00e3o de Produtos de Origem Animal da Agrodefesa atua na inspe\u00e7\u00e3o industrial, sanit\u00e1ria e tecnol\u00f3gica de toda a cadeia produtiva, desde a produ\u00e7\u00e3o da mat\u00e9ria-prima at\u00e9 o produto final, visando garantir a inocuidade e qualidade dos alimentos de origem animal manipulados e\/ou fabricados no estado de Goi\u00e1s para a prote\u00e7\u00e3o \u00e0 Sa\u00fade&hellip;","_links":{"self":[{"href":"https:\/\/goias.gov.br\/agrodefesa\/wp-json\/wp\/v2\/pages\/4597","targetHints":{"allow":["GET"]}}],"collection":[{"href":"https:\/\/goias.gov.br\/agrodefesa\/wp-json\/wp\/v2\/pages"}],"about":[{"href":"https:\/\/goias.gov.br\/agrodefesa\/wp-json\/wp\/v2\/types\/page"}],"author":[{"embeddable":true,"href":"https:\/\/goias.gov.br\/agrodefesa\/wp-json\/wp\/v2\/users\/7"}],"replies":[{"embeddable":true,"href":"https:\/\/goias.gov.br\/agrodefesa\/wp-json\/wp\/v2\/comments?post=4597"}],"version-history":[{"count":2,"href":"https:\/\/goias.gov.br\/agrodefesa\/wp-json\/wp\/v2\/pages\/4597\/revisions"}],"predecessor-version":[{"id":38717,"href":"https:\/\/goias.gov.br\/agrodefesa\/wp-json\/wp\/v2\/pages\/4597\/revisions\/38717"}],"wp:attachment":[{"href":"https:\/\/goias.gov.br\/agrodefesa\/wp-json\/wp\/v2\/media?parent=4597"}],"curies":[{"name":"wp","href":"https:\/\/api.w.org\/{rel}","templated":true}]}}