

{"id":40317,"date":"2026-01-12T16:22:47","date_gmt":"2026-01-12T19:22:47","guid":{"rendered":"https:\/\/goias.gov.br\/agrodefesa\/?page_id=40317"},"modified":"2026-03-02T07:56:34","modified_gmt":"2026-03-02T10:56:34","slug":"legislacao-aplicavel","status":"publish","type":"page","link":"https:\/\/goias.gov.br\/agrodefesa\/legislacao-aplicavel\/","title":{"rendered":"Legisla\u00e7\u00e3o Aplic\u00e1vel"},"content":{"rendered":"\n<p>1. Legisla\u00e7\u00e3o Estadual<\/p>\n\n\n\n<ul class=\"wp-block-list\">\n<li><a href=\"https:\/\/goias.gov.br\/agrodefesa\/leis-estaduais-aplicaveis-a-defesa-agropecuaria\/\" target=\"_blank\" rel=\"noreferrer noopener\">Leis<\/a><\/li>\n\n\n\n<li><a href=\"https:\/\/goias.gov.br\/agrodefesa\/decretos-estaduais-aplicaveis-a-defesa-agropecuaria\/\" target=\"_blank\" rel=\"noreferrer noopener\">Decretos<\/a><\/li>\n\n\n\n<li><a href=\"https:\/\/legisla.casacivil.go.gov.br\/pesquisa_ato_infralegal\/agrodefesa?orgao_emissor=24&amp;ano&amp;pagina=1&amp;busca_avancada=1\" target=\"_blank\" rel=\"noreferrer noopener\">Legisla\u00e7\u00e3o Infralegal (Portarias, Instru\u00e7\u00f5es Normativas, etc) 2024\/2026<\/a><\/li>\n\n\n\n<li><a href=\"https:\/\/sidago.agrodefesa.go.gov.br\/site\/adicionaisproprios\/protocolo\/consultadocumento.php?tp_documento=legislacao_estadual_anterior\" target=\"_blank\" rel=\"noreferrer noopener\">Legisla\u00e7\u00e3o Infralegal (Portarias, Instru\u00e7\u00f5es Normativas, etc) anteriores a 2024<\/a><\/li>\n\n\n\n<li><a href=\"https:\/\/goias.gov.br\/agrodefesa\/legislacao-infralegal-de-outros-unidades-do-estado-de-goias\/\" target=\"_blank\" rel=\"noreferrer noopener\">Legisla\u00e7\u00e3o Infralegal de outras unidades do Estado de Goi\u00e1s<\/a><\/li>\n<\/ul>\n\n\n\n<p>2. <a href=\"https:\/\/sidago.agrodefesa.go.gov.br\/site\/adicionaisproprios\/protocolo\/consultadocumento.php?tp_documento=legislacao_federal\" target=\"_blank\" rel=\"noreferrer noopener\">Legisla\u00e7\u00e3o Federal<\/a><\/p>\n\n\n\n<p><\/p>\n","protected":false},"excerpt":{"rendered":"<p>1. Legisla\u00e7\u00e3o Estadual 2. Legisla\u00e7\u00e3o Federal<\/p>\n","protected":false},"author":275,"featured_media":0,"parent":0,"menu_order":0,"comment_status":"closed","ping_status":"closed","template":"","meta":{"footnotes":""},"class_list":["post-40317","page","type-page","status-publish","hentry"],"rttpg_featured_image_url":null,"rttpg_author":{"display_name":"gabrielcarneiro","author_link":"https:\/\/goias.gov.br\/agrodefesa\/author\/gabrielcarneiro\/"},"rttpg_comment":0,"rttpg_category":null,"rttpg_excerpt":"1. Legisla\u00e7\u00e3o Estadual 2. Legisla\u00e7\u00e3o Federal","_links":{"self":[{"href":"https:\/\/goias.gov.br\/agrodefesa\/wp-json\/wp\/v2\/pages\/40317","targetHints":{"allow":["GET"]}}],"collection":[{"href":"https:\/\/goias.gov.br\/agrodefesa\/wp-json\/wp\/v2\/pages"}],"about":[{"href":"https:\/\/goias.gov.br\/agrodefesa\/wp-json\/wp\/v2\/types\/page"}],"author":[{"embeddable":true,"href":"https:\/\/goias.gov.br\/agrodefesa\/wp-json\/wp\/v2\/users\/275"}],"replies":[{"embeddable":true,"href":"https:\/\/goias.gov.br\/agrodefesa\/wp-json\/wp\/v2\/comments?post=40317"}],"version-history":[{"count":2,"href":"https:\/\/goias.gov.br\/agrodefesa\/wp-json\/wp\/v2\/pages\/40317\/revisions"}],"predecessor-version":[{"id":42074,"href":"https:\/\/goias.gov.br\/agrodefesa\/wp-json\/wp\/v2\/pages\/40317\/revisions\/42074"}],"wp:attachment":[{"href":"https:\/\/goias.gov.br\/agrodefesa\/wp-json\/wp\/v2\/media?parent=40317"}],"curies":[{"name":"wp","href":"https:\/\/api.w.org\/{rel}","templated":true}]}}