

{"id":30750,"date":"2025-07-03T16:24:50","date_gmt":"2025-07-03T19:24:50","guid":{"rendered":"https:\/\/goias.gov.br\/agrodefesa\/?page_id=30750"},"modified":"2025-07-08T16:03:29","modified_gmt":"2025-07-08T19:03:29","slug":"aquisicoes-contratacoes","status":"publish","type":"page","link":"https:\/\/goias.gov.br\/agrodefesa\/aquisicoes-contratacoes\/","title":{"rendered":"Aquisi\u00e7\u00f5es \/ Contrata\u00e7\u00f5es"},"content":{"rendered":"<table class=\"table table-bordered table-responsible-lg\" style=\"width: 100%; height: 1109px;\">\n<tbody>\n<tr style=\"height: 23px;\">\n<td style=\"width: 100%; background-color: #c8c9cf; height: 23px;\" colspan=\"2\"><b>ADES\u00c3O \u00c0 ATA \u2013 SRP<\/b><\/td>\n<\/tr>\n<tr style=\"height: 142px;\">\n<td style=\"width: 77%; height: 142px;\">\u00a0<\/td>\n<td style=\"text-align: center; width: 23%; height: 142px;\"><a href=\"https:\/\/goias.gov.br\/agrodefesa\/adesao-a-ata-2025\/\">2025<\/a>\n<p><a href=\"https:\/\/goias.gov.br\/agrodefesa\/adesao-a-ata-2024\/\">2024<\/a><\/p>\n<p><a href=\"https:\/\/goias.gov.br\/agrodefesa\/adesao-a-ata-2023\/\">2023<\/a><\/p>\n<\/td>\n<\/tr>\n<\/tbody>\n<thead><\/thead>\n<tbody>\n<tr style=\"height: 23px;\">\n<td style=\"width: 100%; background-color: #c8c9cf; height: 23px;\" colspan=\"2\"><strong>DISPENSA ELETR\u00d4NICA\/COMPRA DIRETA<\/strong><\/td>\n<\/tr>\n<tr style=\"height: 142px;\">\n<td style=\"width: 77%; height: 142px;\">\u00a0<\/td>\n<td style=\"text-align: center; width: 23%; height: 142px;\"><a href=\"https:\/\/goias.gov.br\/agrodefesa\/dispensa-eletronica-compra-direta-2025\/\">2025<\/a>\n<p><a href=\"https:\/\/goias.gov.br\/agrodefesa\/dispensa-eletronica-compra-direta-2024\/\">2024<\/a><\/p>\n<p><a href=\"https:\/\/goias.gov.br\/agrodefesa\/dispensa-eletronica-compra-direta-2023\/\">2023<\/a><\/p>\n<\/td>\n<\/tr>\n<\/tbody>\n<thead><\/thead>\n<tbody>\n<tr style=\"height: 23px;\">\n<td style=\"width: 100%; background-color: #c8c9cf; height: 23px;\" colspan=\"2\"><strong>DISPENSA DE LICITA\u00c7\u00c3O<\/strong><\/td>\n<\/tr>\n<tr style=\"height: 142px;\">\n<td style=\"width: 77%; height: 142px;\">\u00a0<\/td>\n<td style=\"text-align: center; width: 23%; height: 142px;\"><a href=\"https:\/\/goias.gov.br\/agrodefesa\/dispensa-de-licitacao-2025\/\">2025<\/a>\n<p><a href=\"https:\/\/goias.gov.br\/agrodefesa\/dispensa-de-licitacao-2024\/\">2024<\/a><\/p>\n<p><a href=\"https:\/\/goias.gov.br\/agrodefesa\/dispensa-de-licitacao-2023\/\">2023<\/a><\/p>\n<\/td>\n<\/tr>\n<\/tbody>\n<thead><\/thead>\n<tbody>\n<tr style=\"height: 23px;\">\n<td style=\"width: 77%; background-color: #c8c9cf; height: 23px;\" colspan=\"2\"><strong>INEXIGIBILIDADE DE LICITA\u00c7\u00c3O<\/strong><\/td>\n<\/tr>\n<tr style=\"height: 142px;\">\n<td style=\"width: 77%; height: 142px;\">\u00a0<\/td>\n<td style=\"text-align: center; width: 23%; height: 142px;\"><a href=\"https:\/\/goias.gov.br\/agrodefesa\/inexigibilidade-de-licitacao-2025\/\">2025<\/a>\n<p><a href=\"https:\/\/goias.gov.br\/agrodefesa\/inexigibilidade-de-licitacao-2024\/\">2024<\/a><\/p>\n<p><a href=\"https:\/\/goias.gov.br\/agrodefesa\/inexigibilidade-de-licitacao-2023\/\">2023<\/a><\/p>\n<\/td>\n<\/tr>\n<\/tbody>\n<thead><\/thead>\n<thead>\n<tr style=\"height: 23px;\">\n<td style=\"background-color: #c8c9cf; height: 23px;\" colspan=\"2\"><strong>LICITA\u00c7\u00d5ES<\/strong><\/td>\n<\/tr>\n<\/thead>\n<tbody>\n<tr style=\"height: 142px;\">\n<td style=\"height: 142px;\">Preg\u00e3o Eletr\u00f4nico<\/td>\n<td style=\"text-align: center; height: 142px;\"><a href=\"https:\/\/goias.gov.br\/agrodefesa\/pregao-eletronico-2025\/\">2025<\/a>\n<p><a href=\"https:\/\/goias.gov.br\/agrodefesa\/pregao-eletronico-2024\/\">2024<\/a><\/p>\n<p><a href=\"https:\/\/goias.gov.br\/agrodefesa\/pregao-eletronico-2023\/\">2023<\/a><\/p>\n<\/td>\n<\/tr>\n<tr style=\"height: 142px;\">\n<td style=\"height: 142px;\">Preg\u00e3o Eletr\u00f4nico \u2013 SRP<\/td>\n<td style=\"text-align: center; height: 142px;\"><a href=\"https:\/\/goias.gov.br\/agrodefesa\/pregao-eletronico-srp-2025\/\">2025<\/a>\n<p><a href=\"https:\/\/goias.gov.br\/agrodefesa\/pregao-eletronico-srp-2024\/\">2024<\/a><\/p>\n<p><a href=\"https:\/\/goias.gov.br\/agrodefesa\/pregao-eletronico-srp-2023\/\">2023<\/a><\/p>\n<\/td>\n<\/tr>\n<tr style=\"height: 142px;\">\n<td style=\"height: 142px;\">Registro de Pre\u00e7os<\/td>\n<td style=\"text-align: center; height: 142px;\"><a href=\"https:\/\/goias.gov.br\/agrodefesa\/registro-de-precos-2025\/\">2025<\/a>\n<p><a href=\"https:\/\/goias.gov.br\/agrodefesa\/registro-de-precos-2024\/\">2024<\/a><\/p>\n<p><a href=\"https:\/\/goias.gov.br\/agrodefesa\/registro-de-precos-2023\/\">2023<\/a><\/p>\n<\/td>\n<\/tr>\n<\/tbody>\n<thead><\/thead>\n<\/table>\n\n\n<p><\/p>\n","protected":false},"excerpt":{"rendered":"<p>ADES\u00c3O \u00c0 ATA \u2013 SRP \u00a0 2025 2024 2023 DISPENSA ELETR\u00d4NICA\/COMPRA DIRETA \u00a0 2025 2024 2023 DISPENSA DE LICITA\u00c7\u00c3O \u00a0 2025 2024 2023 INEXIGIBILIDADE DE LICITA\u00c7\u00c3O \u00a0 2025 2024 2023 LICITA\u00c7\u00d5ES Preg\u00e3o Eletr\u00f4nico 2025 2024 2023 Preg\u00e3o Eletr\u00f4nico \u2013 SRP 2025 2024 2023 Registro de Pre\u00e7os 2025 2024 2023<\/p>\n","protected":false},"author":275,"featured_media":0,"parent":0,"menu_order":0,"comment_status":"closed","ping_status":"closed","template":"","meta":{"footnotes":""},"class_list":["post-30750","page","type-page","status-publish","hentry"],"rttpg_featured_image_url":null,"rttpg_author":{"display_name":"gabrielcarneiro","author_link":"https:\/\/goias.gov.br\/agrodefesa\/author\/gabrielcarneiro\/"},"rttpg_comment":0,"rttpg_category":null,"rttpg_excerpt":"ADES\u00c3O \u00c0 ATA \u2013 SRP \u00a0 2025 2024 2023 DISPENSA ELETR\u00d4NICA\/COMPRA DIRETA \u00a0 2025 2024 2023 DISPENSA DE LICITA\u00c7\u00c3O \u00a0 2025 2024 2023 INEXIGIBILIDADE DE LICITA\u00c7\u00c3O \u00a0 2025 2024 2023 LICITA\u00c7\u00d5ES Preg\u00e3o Eletr\u00f4nico 2025 2024 2023 Preg\u00e3o Eletr\u00f4nico \u2013 SRP 2025 2024 2023 Registro de Pre\u00e7os 2025 2024 2023","_links":{"self":[{"href":"https:\/\/goias.gov.br\/agrodefesa\/wp-json\/wp\/v2\/pages\/30750","targetHints":{"allow":["GET"]}}],"collection":[{"href":"https:\/\/goias.gov.br\/agrodefesa\/wp-json\/wp\/v2\/pages"}],"about":[{"href":"https:\/\/goias.gov.br\/agrodefesa\/wp-json\/wp\/v2\/types\/page"}],"author":[{"embeddable":true,"href":"https:\/\/goias.gov.br\/agrodefesa\/wp-json\/wp\/v2\/users\/275"}],"replies":[{"embeddable":true,"href":"https:\/\/goias.gov.br\/agrodefesa\/wp-json\/wp\/v2\/comments?post=30750"}],"version-history":[{"count":2,"href":"https:\/\/goias.gov.br\/agrodefesa\/wp-json\/wp\/v2\/pages\/30750\/revisions"}],"predecessor-version":[{"id":31422,"href":"https:\/\/goias.gov.br\/agrodefesa\/wp-json\/wp\/v2\/pages\/30750\/revisions\/31422"}],"wp:attachment":[{"href":"https:\/\/goias.gov.br\/agrodefesa\/wp-json\/wp\/v2\/media?parent=30750"}],"curies":[{"name":"wp","href":"https:\/\/api.w.org\/{rel}","templated":true}]}}