

{"id":13918,"date":"2024-10-04T13:56:27","date_gmt":"2024-10-04T16:56:27","guid":{"rendered":"https:\/\/goias.gov.br\/agrodefesa\/?page_id=13918"},"modified":"2026-03-23T14:40:51","modified_gmt":"2026-03-23T17:40:51","slug":"ouvidoria-setorial","status":"publish","type":"page","link":"https:\/\/goias.gov.br\/agrodefesa\/ouvidoria-setorial\/","title":{"rendered":"Ouvidoria Setorial"},"content":{"rendered":"\t\t<div data-elementor-type=\"wp-page\" data-elementor-id=\"13918\" class=\"elementor elementor-13918\">\n\t\t\t\t<div class=\"elementor-element elementor-element-82cd5c8 e-flex e-con-boxed e-con e-parent\" data-id=\"82cd5c8\" data-element_type=\"container\" data-e-type=\"container\">\n\t\t\t\t\t<div class=\"e-con-inner\">\n\t\t\t\t<div class=\"elementor-element elementor-element-540f35d4 elementor-widget elementor-widget-text-editor\" data-id=\"540f35d4\" data-element_type=\"widget\" data-e-type=\"widget\" data-widget_type=\"text-editor.default\">\n\t\t\t\t\t\t\t\t\t\n<figure class=\"wp-block-gallery has-nested-images columns-default is-cropped wp-block-gallery-2 is-layout-flex wp-block-gallery-is-layout-flex\">\n<figure class=\"wp-block-image size-large\"><img fetchpriority=\"high\" decoding=\"async\" width=\"1024\" height=\"576\" data-id=\"23970\" class=\"wp-image-23970\" src=\"https:\/\/goias.gov.br\/agrodefesa\/wp-content\/uploads\/sites\/49\/2025\/04\/Design-sem-nome-2-1024x576.jpg\" alt=\"\" srcset=\"https:\/\/goias.gov.br\/agrodefesa\/wp-content\/uploads\/sites\/49\/2025\/04\/Design-sem-nome-2-1024x576.jpg 1024w, https:\/\/goias.gov.br\/agrodefesa\/wp-content\/uploads\/sites\/49\/2025\/04\/Design-sem-nome-2-300x169.jpg 300w, https:\/\/goias.gov.br\/agrodefesa\/wp-content\/uploads\/sites\/49\/2025\/04\/Design-sem-nome-2-768x432.jpg 768w, https:\/\/goias.gov.br\/agrodefesa\/wp-content\/uploads\/sites\/49\/2025\/04\/Design-sem-nome-2-1536x864.jpg 1536w, https:\/\/goias.gov.br\/agrodefesa\/wp-content\/uploads\/sites\/49\/2025\/04\/Design-sem-nome-2.jpg 1920w\" sizes=\"(max-width: 1024px) 100vw, 1024px\" \/><\/figure>\n<\/figure>\n\n<h4 class=\"wp-block-heading\"><span style=\"color: #008000;\">Atendimento Presencial<\/span><\/h4>\n\n<p>Ouvidora Adjunta: <strong>KARLA CAETANO FERNANDES<\/strong><\/p>\n\n<div class=\"wp-block-group\"><div class=\"wp-block-group__inner-container is-layout-constrained wp-block-group-is-layout-constrained\">\n<p>Endere\u00e7o: Av. Laur\u00edcio Pedro Rasmussem, n\u00ba 2535<br \/>Setor Vila Yate, Bloco 1 \u2013 Goi\u00e2nia-GO, CEP: 74.621-005<br \/>Hor\u00e1rio de Atendimento: 08h \u00e0s 12h e das 14h \u00e0s 18h<br \/>E-mail: <a href=\"mailto:ouvidoria.agrodefesa@goias.gov.br\">ouvidoria.agrodefesa@goias.gov.br<\/a><br \/>Telefone: (62) 3201-2320<br \/>Unidade SEI: 17449<\/p>\n<\/div><\/div>\n\n<p>\u00a0<\/p>\n\t\t\t\t\t\t\t\t<\/div>\n\t\t\t\t\t<\/div>\n\t\t\t\t<\/div>\n\t\t\t\t<\/div>\n\t\t","protected":false},"excerpt":{"rendered":"<p>Atendimento Presencial Ouvidora Adjunta: KARLA CAETANO FERNANDES Endere\u00e7o: Av. Laur\u00edcio Pedro Rasmussem, n\u00ba 2535Setor Vila Yate, Bloco 1 \u2013 Goi\u00e2nia-GO, CEP: 74.621-005Hor\u00e1rio de Atendimento: 08h \u00e0s 12h e das 14h \u00e0s 18hE-mail: ouvidoria.agrodefesa@goias.gov.brTelefone: (62) 3201-2320Unidade SEI: 17449 \u00a0<\/p>\n","protected":false},"author":62,"featured_media":0,"parent":0,"menu_order":0,"comment_status":"closed","ping_status":"closed","template":"","meta":{"footnotes":""},"class_list":["post-13918","page","type-page","status-publish","hentry"],"rttpg_featured_image_url":null,"rttpg_author":{"display_name":"italoreis","author_link":"https:\/\/goias.gov.br\/agrodefesa\/author\/italoreis\/"},"rttpg_comment":0,"rttpg_category":null,"rttpg_excerpt":"Atendimento Presencial Ouvidora Adjunta: KARLA CAETANO FERNANDES Endere\u00e7o: Av. Laur\u00edcio Pedro Rasmussem, n\u00ba 2535Setor Vila Yate, Bloco 1 \u2013 Goi\u00e2nia-GO, CEP: 74.621-005Hor\u00e1rio de Atendimento: 08h \u00e0s 12h e das 14h \u00e0s 18hE-mail: ouvidoria.agrodefesa@goias.gov.brTelefone: (62) 3201-2320Unidade SEI: 17449 \u00a0","_links":{"self":[{"href":"https:\/\/goias.gov.br\/agrodefesa\/wp-json\/wp\/v2\/pages\/13918","targetHints":{"allow":["GET"]}}],"collection":[{"href":"https:\/\/goias.gov.br\/agrodefesa\/wp-json\/wp\/v2\/pages"}],"about":[{"href":"https:\/\/goias.gov.br\/agrodefesa\/wp-json\/wp\/v2\/types\/page"}],"author":[{"embeddable":true,"href":"https:\/\/goias.gov.br\/agrodefesa\/wp-json\/wp\/v2\/users\/62"}],"replies":[{"embeddable":true,"href":"https:\/\/goias.gov.br\/agrodefesa\/wp-json\/wp\/v2\/comments?post=13918"}],"version-history":[{"count":2,"href":"https:\/\/goias.gov.br\/agrodefesa\/wp-json\/wp\/v2\/pages\/13918\/revisions"}],"predecessor-version":[{"id":44340,"href":"https:\/\/goias.gov.br\/agrodefesa\/wp-json\/wp\/v2\/pages\/13918\/revisions\/44340"}],"wp:attachment":[{"href":"https:\/\/goias.gov.br\/agrodefesa\/wp-json\/wp\/v2\/media?parent=13918"}],"curies":[{"name":"wp","href":"https:\/\/api.w.org\/{rel}","templated":true}]}}