

{"id":74981,"date":"2026-03-19T15:26:19","date_gmt":"2026-03-19T18:26:19","guid":{"rendered":"https:\/\/goias.gov.br\/agricultura\/?page_id=74981"},"modified":"2026-03-19T15:26:19","modified_gmt":"2026-03-19T18:26:19","slug":"plano-de-desenvolvimento-do-setor-florestal-em-goias","status":"publish","type":"page","link":"https:\/\/goias.gov.br\/agricultura\/plano-de-desenvolvimento-do-setor-florestal-em-goias\/","title":{"rendered":"Plano de Desenvolvimento do Setor Florestal em Goi\u00e1s"},"content":{"rendered":"\n<figure class=\"wp-block-image size-large\"><img fetchpriority=\"high\" decoding=\"async\" width=\"5712\" height=\"3213\" src=\"https:\/\/goias.gov.br\/agricultura\/wp-content\/uploads\/sites\/50\/2026\/03\/20260106_100535-edited.jpg\" alt=\"\" class=\"wp-image-75001\" srcset=\"https:\/\/goias.gov.br\/agricultura\/wp-content\/uploads\/sites\/50\/2026\/03\/20260106_100535-edited.jpg 5712w, https:\/\/goias.gov.br\/agricultura\/wp-content\/uploads\/sites\/50\/2026\/03\/20260106_100535-edited-300x169.jpg 300w, https:\/\/goias.gov.br\/agricultura\/wp-content\/uploads\/sites\/50\/2026\/03\/20260106_100535-edited-1024x576.jpg 1024w, https:\/\/goias.gov.br\/agricultura\/wp-content\/uploads\/sites\/50\/2026\/03\/20260106_100535-edited-768x432.jpg 768w, https:\/\/goias.gov.br\/agricultura\/wp-content\/uploads\/sites\/50\/2026\/03\/20260106_100535-edited-1536x864.jpg 1536w, https:\/\/goias.gov.br\/agricultura\/wp-content\/uploads\/sites\/50\/2026\/03\/20260106_100535-edited-2048x1152.jpg 2048w\" sizes=\"(max-width: 5712px) 100vw, 5712px\" \/><\/figure>\n\n\n\n<p>O Plano de Desenvolvimento do Setor Florestal em Goi\u00e1s \u00e9 uma iniciativa estrat\u00e9gica coordenada pela Seapa para fortalecer a silvicultura, ampliar a base de florestas plantadas e posicionar o Estado como nova \u00e1rea para investimentos no setor florestal. A proposta organiza a\u00e7\u00f5es de m\u00e9dio e longo prazo voltadas ao crescimento sustent\u00e1vel da produ\u00e7\u00e3o de madeira, biomassa e demais produtos florestais, alinhando desenvolvimento econ\u00f4mico, seguran\u00e7a jur\u00eddica, desburocratiza\u00e7\u00e3o e sustentabilidade ambiental.<\/p>\n\n\n\n<p>Fazem parte do grupo de trabalho para viabilidade do Plano o Servi\u00e7o Brasileiro de Apoio \u00e0s Micro e Pequenas Empresas (Sebrae Goi\u00e1s), a Federa\u00e7\u00e3o da Agricultura e Pecu\u00e1ria de Goi\u00e1s (Faeg), a Companhia de Desenvolvimento Econ\u00f4mico de Goi\u00e1s (Codego), e a Secretaria de Ind\u00fastria, Com\u00e9rcio e Servi\u00e7os do Estado de Goi\u00e1s (SIC).<\/p>\n\n\n\n<p>O Plano reunir\u00e1 estudos t\u00e9cnicos sobre solo, clima, log\u00edstica, legisla\u00e7\u00e3o, normas fiscais e viabilidade econ\u00f4mica para identificar \u00e1reas com maior potencial produtivo, orientar investimentos e estruturar zoneamento referencial para investimentos de base florestal em Goi\u00e1s. Tamb\u00e9m prev\u00ea integra\u00e7\u00e3o entre poder p\u00fablico, universidades, centros de pesquisa e setor produtivo, criando uma base s\u00f3lida para decis\u00f5es estrat\u00e9gicas e para a expans\u00e3o ordenada da atividade no estado.<\/p>\n\n\n\n<p>Entre os objetivos centrais est\u00e3o o aproveitamento de \u00e1reas, como pastagens degradadas, a amplia\u00e7\u00e3o da oferta de mat\u00e9ria-prima para cadeias produtivas j\u00e1 consolidadas e a atra\u00e7\u00e3o de novas ind\u00fastrias, especialmente nos segmentos de papel, celulose, biomassa, pain\u00e9is e energia renov\u00e1vel. Goi\u00e1s re\u00fane vantagens competitivas importantes, como localiza\u00e7\u00e3o central, infraestrutura log\u00edstica e demanda crescente por produtos de base florestal, o que amplia o potencial de gera\u00e7\u00e3o de emprego, renda e novos neg\u00f3cios no campo e na ind\u00fastria.<\/p>\n\n\n\n<p>Al\u00e9m do foco produtivo, o Plano Florestal refor\u00e7a o compromisso de Goi\u00e1s com uma agropecu\u00e1ria cada vez mais sustent\u00e1vel, estimulando modelos de produ\u00e7\u00e3o que conciliam competitividade, conserva\u00e7\u00e3o ambiental e uso inteligente do territ\u00f3rio. A iniciativa contribui para diversificar a economia rural e abrir novas oportunidades para produtores, investidores e munic\u00edpios goianos.<\/p>\n","protected":false},"excerpt":{"rendered":"<p>O Plano de Desenvolvimento do Setor Florestal em Goi\u00e1s \u00e9 uma iniciativa estrat\u00e9gica coordenada pela Seapa para fortalecer a silvicultura, ampliar a base de florestas plantadas e posicionar o Estado como nova \u00e1rea para investimentos no setor florestal. A proposta organiza a\u00e7\u00f5es de m\u00e9dio e longo prazo voltadas ao crescimento sustent\u00e1vel da produ\u00e7\u00e3o de madeira, [&hellip;]<\/p>\n","protected":false},"author":295,"featured_media":0,"parent":0,"menu_order":0,"comment_status":"closed","ping_status":"closed","template":"","meta":{"footnotes":""},"class_list":["post-74981","page","type-page","status-publish","hentry"],"rttpg_featured_image_url":null,"rttpg_author":{"display_name":"rafaelcorreia","author_link":"https:\/\/goias.gov.br\/agricultura\/author\/rafaelcorreia\/"},"rttpg_comment":0,"rttpg_category":null,"rttpg_excerpt":"O Plano de Desenvolvimento do Setor Florestal em Goi\u00e1s \u00e9 uma iniciativa estrat\u00e9gica coordenada pela Seapa para fortalecer a silvicultura, ampliar a base de florestas plantadas e posicionar o Estado como nova \u00e1rea para investimentos no setor florestal. A proposta organiza a\u00e7\u00f5es de m\u00e9dio e longo prazo voltadas ao crescimento sustent\u00e1vel da produ\u00e7\u00e3o de madeira,&hellip;","_links":{"self":[{"href":"https:\/\/goias.gov.br\/agricultura\/wp-json\/wp\/v2\/pages\/74981","targetHints":{"allow":["GET"]}}],"collection":[{"href":"https:\/\/goias.gov.br\/agricultura\/wp-json\/wp\/v2\/pages"}],"about":[{"href":"https:\/\/goias.gov.br\/agricultura\/wp-json\/wp\/v2\/types\/page"}],"author":[{"embeddable":true,"href":"https:\/\/goias.gov.br\/agricultura\/wp-json\/wp\/v2\/users\/295"}],"replies":[{"embeddable":true,"href":"https:\/\/goias.gov.br\/agricultura\/wp-json\/wp\/v2\/comments?post=74981"}],"version-history":[{"count":1,"href":"https:\/\/goias.gov.br\/agricultura\/wp-json\/wp\/v2\/pages\/74981\/revisions"}],"predecessor-version":[{"id":75020,"href":"https:\/\/goias.gov.br\/agricultura\/wp-json\/wp\/v2\/pages\/74981\/revisions\/75020"}],"wp:attachment":[{"href":"https:\/\/goias.gov.br\/agricultura\/wp-json\/wp\/v2\/media?parent=74981"}],"curies":[{"name":"wp","href":"https:\/\/api.w.org\/{rel}","templated":true}]}}