

{"id":16565,"date":"2024-06-07T12:06:32","date_gmt":"2024-06-07T15:06:32","guid":{"rendered":"https:\/\/goias.gov.br\/agricultura\/?page_id=16565"},"modified":"2024-06-07T12:06:33","modified_gmt":"2024-06-07T15:06:33","slug":"competencias","status":"publish","type":"page","link":"https:\/\/goias.gov.br\/agricultura\/competencias\/","title":{"rendered":"Compet\u00eancias"},"content":{"rendered":"\n<p>Segundo o estabelecido na\u00a0<a class=\"\" href=\"https:\/\/legisla.casacivil.go.gov.br\/pesquisa_legislacao\/106749\/lei-21792\" target=\"_blank\" rel=\"noreferrer noopener\">Lei n\u00ba 21.792, de 16 de fevereiro de 2023,<\/a>\u00a0e seus incisos:<\/p>\n<h4 class=\"artigo\"><span style=\"color: #008000;\">Art. 38. \u00c0 SEAPA competem:<\/span><\/h4>\n<p class=\"inciso\">I \u2013 a formula\u00e7\u00e3o e a execu\u00e7\u00e3o das pol\u00edticas estaduais agr\u00edcola, pecu\u00e1ria, aqu\u00edcola e pesqueira;<\/p>\n<p class=\"inciso\">II \u2013 a regulariza\u00e7\u00e3o fundi\u00e1ria de \u00e1reas rurais de terras devolutas;<\/p>\n<p class=\"inciso\">III \u2013 a formula\u00e7\u00e3o e a execu\u00e7\u00e3o das pol\u00edticas de assist\u00eancia t\u00e9cnica, extens\u00e3o rural, pesquisa agropecu\u00e1ria, sanidade animal e vegetal, tamb\u00e9m de abastecimento;<\/p>\n<p class=\"inciso\">IV \u2013 o fomento aos desenvolvimentos rural e fundi\u00e1rio; e<\/p>\n<p class=\"inciso\">V \u2013 o planejamento, a supervis\u00e3o e a execu\u00e7\u00e3o de projetos de irriga\u00e7\u00e3o de interesse do Estado de Goi\u00e1s.<\/p>\n<p class=\"artigo\">Art. 39. Integram a SEAPA, como \u00f3rg\u00e3os colegiados:<\/p>\n<p class=\"inciso\">I \u2013 o Conselho Estadual de Desenvolvimento Rural e Agropecu\u00e1rio;<\/p>\n<p class=\"inciso\">II \u2013 o Conselho Estadual de Seguran\u00e7a Alimentar Nutricional; e<\/p>\n<p class=\"inciso\">III \u2013 o Conselho Estadual de Irriga\u00e7\u00e3o.<\/p>\n<h4 class=\"paragrafo\"><span style=\"color: #008000;\">Confira o regulamento da Seapa:<\/span><\/h4>\n<ul>\n<li><a href=\"https:\/\/legisla.casacivil.go.gov.br\/api\/v2\/pesquisa\/legislacoes\/107714\/pdf\" target=\"_blank\" rel=\"noopener\">Regulamento \u2013 Decreto n\u00ba 10.318, de 12 de Setembro de 2023<\/a><br \/>Aprova o Regulamento da Secretaria de Estado de Agricultura, Pecu\u00e1ria e Abastecimento<\/li>\n<\/ul>\n","protected":false},"excerpt":{"rendered":"<p>Segundo o estabelecido na\u00a0Lei n\u00ba 21.792, de 16 de fevereiro de 2023,\u00a0e seus incisos: Art. 38. \u00c0 SEAPA competem: I \u2013 a formula\u00e7\u00e3o e a execu\u00e7\u00e3o das pol\u00edticas estaduais agr\u00edcola, pecu\u00e1ria, aqu\u00edcola e pesqueira; II \u2013 a regulariza\u00e7\u00e3o fundi\u00e1ria de \u00e1reas rurais de terras devolutas; III \u2013 a formula\u00e7\u00e3o e a execu\u00e7\u00e3o das pol\u00edticas de [&hellip;]<\/p>\n","protected":false},"author":62,"featured_media":0,"parent":0,"menu_order":0,"comment_status":"closed","ping_status":"closed","template":"","meta":{"footnotes":""},"class_list":["post-16565","page","type-page","status-publish","hentry"],"rttpg_featured_image_url":null,"rttpg_author":{"display_name":"italoreis","author_link":"https:\/\/goias.gov.br\/agricultura\/author\/italoreis\/"},"rttpg_comment":0,"rttpg_category":null,"rttpg_excerpt":"Segundo o estabelecido na\u00a0Lei n\u00ba 21.792, de 16 de fevereiro de 2023,\u00a0e seus incisos: Art. 38. \u00c0 SEAPA competem: I \u2013 a formula\u00e7\u00e3o e a execu\u00e7\u00e3o das pol\u00edticas estaduais agr\u00edcola, pecu\u00e1ria, aqu\u00edcola e pesqueira; II \u2013 a regulariza\u00e7\u00e3o fundi\u00e1ria de \u00e1reas rurais de terras devolutas; III \u2013 a formula\u00e7\u00e3o e a execu\u00e7\u00e3o das pol\u00edticas de&hellip;","_links":{"self":[{"href":"https:\/\/goias.gov.br\/agricultura\/wp-json\/wp\/v2\/pages\/16565","targetHints":{"allow":["GET"]}}],"collection":[{"href":"https:\/\/goias.gov.br\/agricultura\/wp-json\/wp\/v2\/pages"}],"about":[{"href":"https:\/\/goias.gov.br\/agricultura\/wp-json\/wp\/v2\/types\/page"}],"author":[{"embeddable":true,"href":"https:\/\/goias.gov.br\/agricultura\/wp-json\/wp\/v2\/users\/62"}],"replies":[{"embeddable":true,"href":"https:\/\/goias.gov.br\/agricultura\/wp-json\/wp\/v2\/comments?post=16565"}],"version-history":[{"count":1,"href":"https:\/\/goias.gov.br\/agricultura\/wp-json\/wp\/v2\/pages\/16565\/revisions"}],"predecessor-version":[{"id":16566,"href":"https:\/\/goias.gov.br\/agricultura\/wp-json\/wp\/v2\/pages\/16565\/revisions\/16566"}],"wp:attachment":[{"href":"https:\/\/goias.gov.br\/agricultura\/wp-json\/wp\/v2\/media?parent=16565"}],"curies":[{"name":"wp","href":"https:\/\/api.w.org\/{rel}","templated":true}]}}