

{"id":14989,"date":"2024-04-29T09:00:16","date_gmt":"2024-04-29T12:00:16","guid":{"rendered":"https:\/\/goias.gov.br\/agricultura\/?page_id=14989"},"modified":"2025-06-04T10:52:38","modified_gmt":"2025-06-04T13:52:38","slug":"portifolio-seapa","status":"publish","type":"page","link":"https:\/\/goias.gov.br\/agricultura\/portifolio-seapa\/","title":{"rendered":"Portf\u00f3lio Seapa"},"content":{"rendered":"\n<p><strong>A\u00e7\u00f5es e projetos para o desenvolvimento sustent\u00e1vel da agropecu\u00e1ria goiana<\/strong><\/p>\n\n\n\n<p>O portf\u00f3lio da Secretaria de Estado de Agricultura, Pecu\u00e1ria e Abastecimento de Goi\u00e1s (Seapa) apresenta uma s\u00e9rie de a\u00e7\u00f5es e projetos voltados para impulsionar o setor agropecu\u00e1rio e promover o desenvolvimento sustent\u00e1vel do estado. Ele reflete o compromisso do Governo de Goi\u00e1s com a transpar\u00eancia, o compliance p\u00fablico, a \u00e9tica e a responsabilidade na gest\u00e3o das pol\u00edticas p\u00fablicas para o agroneg\u00f3cio local.<\/p>\n\n\n\n<p>A abordagem adotada pela Seapa \u00e9 integrada e hol\u00edstica, buscando n\u00e3o apenas o crescimento econ\u00f4mico, mas tamb\u00e9m o equil\u00edbrio ambiental e o bem-estar social. Isso se traduz em iniciativas que visam fomentar a produ\u00e7\u00e3o agropecu\u00e1ria, apoiar a agricultura familiar e fortalecer a infraestrutura rural. Tais medidas incluem o aumento da produtividade, o desenvolvimento socioecon\u00f4mico das fam\u00edlias rurais e investimentos em infraestrutura b\u00e1sica, como estradas e armazenamento.<\/p>\n\n\n\n<p>Al\u00e9m disso, as a\u00e7\u00f5es da Seapa s\u00e3o orientadas pelo princ\u00edpio do desenvolvimento sustent\u00e1vel. Isso significa n\u00e3o apenas proteger o meio ambiente atrav\u00e9s da implementa\u00e7\u00e3o de pr\u00e1ticas agr\u00edcolas sustent\u00e1veis e conserva\u00e7\u00e3o dos recursos naturais, mas tamb\u00e9m promover o bem-estar social. Isso \u00e9 feito atrav\u00e9s da gera\u00e7\u00e3o de emprego e renda, garantia de acesso \u00e0 educa\u00e7\u00e3o e sa\u00fade e melhoria da qualidade de vida das comunidades rurais.<\/p>\n\n\n\n<p>Cada projeto inclu\u00eddo no portf\u00f3lio busca gerar um impacto social e econ\u00f4mico duradouro no estado de Goi\u00e1s, assegurando um futuro sustent\u00e1vel para as pr\u00f3ximas gera\u00e7\u00f5es. Em \u00faltima an\u00e1lise, a miss\u00e3o da Seapa \u00e9 servir o povo goiano com integridade, transpar\u00eancia e dedica\u00e7\u00e3o, impulsionando o bem-estar de todos os cidad\u00e3os atrav\u00e9s do desenvolvimento sustent\u00e1vel da agropecu\u00e1ria. O portf\u00f3lio da Seapa \u00e9 uma prova tang\u00edvel desse compromisso, demonstrando a busca pelo futuro pr\u00f3spero e sustent\u00e1vel do agroneg\u00f3cio e das comunidades rurais em Goi\u00e1s.<\/p>\n\n\n\n<p class=\"has-text-align-center\"><strong><a href=\"https:\/\/goias.gov.br\/agricultura\/wp-content\/uploads\/sites\/50\/2025\/04\/PORTFOLIO-SEAPA.pdf\" target=\"_blank\" data-type=\"link\" data-id=\"https:\/\/goias.gov.br\/agricultura\/wp-content\/uploads\/sites\/50\/2024\/04\/PORTFOLIO-SEAPA-Acoes-e-projetos-para-o-desenvolvimento-sustentavel-da-agropecuaria-goiana.pdf\" rel=\"noreferrer noopener\">Portif\u00f3lio de A\u00e7\u00f5es da Seapa na \u00edntegra<\/a><\/strong><\/p>\n\n\n<div class=\"wp-block-image\">\n<figure class=\"aligncenter size-full is-resized\"><a href=\"https:\/\/goias.gov.br\/agricultura\/wp-content\/uploads\/sites\/50\/2025\/04\/PORTFOLIO-SEAPA.pdf\" target=\"_blank\" rel=\"noreferrer noopener\"><img fetchpriority=\"high\" decoding=\"async\" width=\"668\" height=\"945\" src=\"https:\/\/goias.gov.br\/agricultura\/wp-content\/uploads\/sites\/50\/2025\/04\/Captura-de-tela-2025-04-03-104317.jpg\" alt=\"\" class=\"wp-image-47524\" style=\"width:415px;height:auto\" srcset=\"https:\/\/goias.gov.br\/agricultura\/wp-content\/uploads\/sites\/50\/2025\/04\/Captura-de-tela-2025-04-03-104317.jpg 668w, https:\/\/goias.gov.br\/agricultura\/wp-content\/uploads\/sites\/50\/2025\/04\/Captura-de-tela-2025-04-03-104317-212x300.jpg 212w\" sizes=\"(max-width: 668px) 100vw, 668px\" \/><\/a><\/figure>\n<\/div>\n\n\n<p><\/p>\n","protected":false},"excerpt":{"rendered":"<p>A\u00e7\u00f5es e projetos para o desenvolvimento sustent\u00e1vel da agropecu\u00e1ria goiana O portf\u00f3lio da Secretaria de Estado de Agricultura, Pecu\u00e1ria e Abastecimento de Goi\u00e1s (Seapa) apresenta uma s\u00e9rie de a\u00e7\u00f5es e projetos voltados para impulsionar o setor agropecu\u00e1rio e promover o desenvolvimento sustent\u00e1vel do estado. Ele reflete o compromisso do Governo de Goi\u00e1s com a transpar\u00eancia, [&hellip;]<\/p>\n","protected":false},"author":292,"featured_media":0,"parent":0,"menu_order":0,"comment_status":"closed","ping_status":"closed","template":"","meta":{"footnotes":""},"class_list":["post-14989","page","type-page","status-publish","hentry"],"rttpg_featured_image_url":null,"rttpg_author":{"display_name":"lucaselima","author_link":"https:\/\/goias.gov.br\/agricultura\/author\/lucaselima\/"},"rttpg_comment":0,"rttpg_category":null,"rttpg_excerpt":"A\u00e7\u00f5es e projetos para o desenvolvimento sustent\u00e1vel da agropecu\u00e1ria goiana O portf\u00f3lio da Secretaria de Estado de Agricultura, Pecu\u00e1ria e Abastecimento de Goi\u00e1s (Seapa) apresenta uma s\u00e9rie de a\u00e7\u00f5es e projetos voltados para impulsionar o setor agropecu\u00e1rio e promover o desenvolvimento sustent\u00e1vel do estado. Ele reflete o compromisso do Governo de Goi\u00e1s com a transpar\u00eancia,&hellip;","_links":{"self":[{"href":"https:\/\/goias.gov.br\/agricultura\/wp-json\/wp\/v2\/pages\/14989","targetHints":{"allow":["GET"]}}],"collection":[{"href":"https:\/\/goias.gov.br\/agricultura\/wp-json\/wp\/v2\/pages"}],"about":[{"href":"https:\/\/goias.gov.br\/agricultura\/wp-json\/wp\/v2\/types\/page"}],"author":[{"embeddable":true,"href":"https:\/\/goias.gov.br\/agricultura\/wp-json\/wp\/v2\/users\/292"}],"replies":[{"embeddable":true,"href":"https:\/\/goias.gov.br\/agricultura\/wp-json\/wp\/v2\/comments?post=14989"}],"version-history":[{"count":2,"href":"https:\/\/goias.gov.br\/agricultura\/wp-json\/wp\/v2\/pages\/14989\/revisions"}],"predecessor-version":[{"id":55698,"href":"https:\/\/goias.gov.br\/agricultura\/wp-json\/wp\/v2\/pages\/14989\/revisions\/55698"}],"wp:attachment":[{"href":"https:\/\/goias.gov.br\/agricultura\/wp-json\/wp\/v2\/media?parent=14989"}],"curies":[{"name":"wp","href":"https:\/\/api.w.org\/{rel}","templated":true}]}}